{"id":78109,"date":"2018-06-22T10:34:32","date_gmt":"2018-06-22T08:34:32","guid":{"rendered":"https:\/\/www.kleinegoehre.de\/scrap\/?post_type=product&#038;p=78109"},"modified":"2023-02-18T10:18:35","modified_gmt":"2023-02-18T09:18:35","slug":"plotterdatei-sprueche-beziehungsweise","status":"publish","type":"product","link":"https:\/\/www.kleinegoehre.de\/scrap\/product\/plotterdatei-sprueche-beziehungsweise\/","title":{"rendered":"Plotterdatei &#8220;Spr\u00fcche Beziehungsweise&#8221; + Papiere"},"content":{"rendered":"<p>Mit diesem Set lassen sich Gru\u00dfkarten der besonderen Art zaubern.<\/p>\n<p>Mit dazu gibt es wie immer passende digitale Papiere.<\/p>\n<p>&#8211; Papiere_Spr\u00fcche Beziehungsweise<br \/>\n&#8211; Papiere_Spr\u00fcche Beziehungsweise Kakteen<\/p>\n<p>Die digitalen Papiere sind im Format .JPG (30cmx30cm in 300dpi).<\/p>\n<p>Beim Kauf der Plotterdatei erh\u00e4ltst Du die Grafik in den Dateiformaten .DXF, .SVG, .PNG in einem .ZIP-Ordner verpackt. Die Dateiformate .DXF und .SVG kannst Du, je nach Plotter und Software, direkt in deinem Programm \u00f6ffnen.<\/p>\n","protected":false},"excerpt":{"rendered":"<p>Mit diesem Set lassen sich Gru\u00dfkarten der besonderen Art zaubern. Mit dazu gibt es wie immer passende digitale Papiere. &#8211; Papiere_Spr\u00fcche Beziehungsweise &#8211; Papiere_Spr\u00fcche Beziehungsweise Kakteen Die digitalen Papiere sind im Format .JPG (30cmx30cm in 300dpi). Beim Kauf der Plotterdatei erh\u00e4ltst Du die Grafik in den Dateiformaten .DXF, .SVG, .PNG in einem .ZIP-Ordner verpackt. Die [&hellip;]<\/p>\n","protected":false},"featured_media":78116,"comment_status":"open","ping_status":"closed","template":"","meta":[],"product_brand":[],"product_cat":[13],"product_tag":[134,490,988,512],"class_list":{"0":"post-78109","1":"product","2":"type-product","3":"status-publish","4":"has-post-thumbnail","6":"product_cat-plotterdateien","7":"product_tag-einladung","8":"product_tag-karte","9":"product_tag-nurspass","10":"product_tag-sprueche","12":"first","13":"instock","14":"taxable","15":"shipping-taxable","16":"purchasable","17":"product-type-variable","18":"has-default-attributes"},"yoast_head":"<!-- This site is optimized with the Yoast SEO plugin v26.4 - https:\/\/yoast.com\/wordpress\/plugins\/seo\/ -->\n<title>Plotterdatei &quot;Spr\u00fcche Beziehungsweise&quot; + Papiere - kleine g\u00f6hr.e design<\/title>\n<meta name=\"robots\" content=\"index, follow, max-snippet:-1, max-image-preview:large, max-video-preview:-1\" \/>\n<link rel=\"canonical\" href=\"https:\/\/www.kleinegoehre.de\/scrap\/product\/plotterdatei-sprueche-beziehungsweise\/\" \/>\n<meta property=\"og:locale\" content=\"de_DE\" \/>\n<meta property=\"og:type\" content=\"article\" \/>\n<meta property=\"og:title\" content=\"Plotterdatei &quot;Spr\u00fcche Beziehungsweise&quot; + Papiere - kleine g\u00f6hr.e design\" \/>\n<meta property=\"og:description\" content=\"Mit diesem Set lassen sich Gru\u00dfkarten der besonderen Art zaubern. Mit dazu gibt es wie immer passende digitale Papiere. &#8211; Papiere_Spr\u00fcche Beziehungsweise &#8211; Papiere_Spr\u00fcche Beziehungsweise Kakteen Die digitalen Papiere sind im Format .JPG (30cmx30cm in 300dpi). Beim Kauf der Plotterdatei erh\u00e4ltst Du die Grafik in den Dateiformaten .DXF, .SVG, .PNG in einem .ZIP-Ordner verpackt. Die [&hellip;]\" \/>\n<meta property=\"og:url\" content=\"https:\/\/www.kleinegoehre.de\/scrap\/product\/plotterdatei-sprueche-beziehungsweise\/\" \/>\n<meta property=\"og:site_name\" content=\"kleine g\u00f6hr.e design\" \/>\n<meta property=\"article:publisher\" content=\"https:\/\/www.facebook.com\/kleinegoehredesign\/\" \/>\n<meta property=\"article:modified_time\" content=\"2023-02-18T09:18:35+00:00\" \/>\n<meta property=\"og:image\" content=\"https:\/\/www.kleinegoehre.de\/scrap\/wp-content\/uploads\/2018\/06\/Vorschau_Spr\u00fcche-Beziehungsweise.jpg\" \/>\n\t<meta property=\"og:image:width\" content=\"800\" \/>\n\t<meta property=\"og:image:height\" content=\"836\" \/>\n\t<meta property=\"og:image:type\" content=\"image\/jpeg\" \/>\n<meta name=\"twitter:card\" content=\"summary_large_image\" \/>\n<script type=\"application\/ld+json\" class=\"yoast-schema-graph\">{\"@context\":\"https:\/\/schema.org\",\"@graph\":[{\"@type\":\"WebPage\",\"@id\":\"https:\/\/www.kleinegoehre.de\/scrap\/product\/plotterdatei-sprueche-beziehungsweise\/\",\"url\":\"https:\/\/www.kleinegoehre.de\/scrap\/product\/plotterdatei-sprueche-beziehungsweise\/\",\"name\":\"Plotterdatei \\\"Spr\u00fcche Beziehungsweise\\\" + Papiere - kleine g\u00f6hr.e design\",\"isPartOf\":{\"@id\":\"https:\/\/www.kleinegoehre.de\/scrap\/#website\"},\"primaryImageOfPage\":{\"@id\":\"https:\/\/www.kleinegoehre.de\/scrap\/product\/plotterdatei-sprueche-beziehungsweise\/#primaryimage\"},\"image\":{\"@id\":\"https:\/\/www.kleinegoehre.de\/scrap\/product\/plotterdatei-sprueche-beziehungsweise\/#primaryimage\"},\"thumbnailUrl\":\"https:\/\/www.kleinegoehre.de\/scrap\/wp-content\/uploads\/2018\/06\/Vorschau_Spr\u00fcche-Beziehungsweise.jpg\",\"datePublished\":\"2018-06-22T08:34:32+00:00\",\"dateModified\":\"2023-02-18T09:18:35+00:00\",\"breadcrumb\":{\"@id\":\"https:\/\/www.kleinegoehre.de\/scrap\/product\/plotterdatei-sprueche-beziehungsweise\/#breadcrumb\"},\"inLanguage\":\"de\",\"potentialAction\":[{\"@type\":\"ReadAction\",\"target\":[\"https:\/\/www.kleinegoehre.de\/scrap\/product\/plotterdatei-sprueche-beziehungsweise\/\"]}]},{\"@type\":\"ImageObject\",\"inLanguage\":\"de\",\"@id\":\"https:\/\/www.kleinegoehre.de\/scrap\/product\/plotterdatei-sprueche-beziehungsweise\/#primaryimage\",\"url\":\"https:\/\/www.kleinegoehre.de\/scrap\/wp-content\/uploads\/2018\/06\/Vorschau_Spr\u00fcche-Beziehungsweise.jpg\",\"contentUrl\":\"https:\/\/www.kleinegoehre.de\/scrap\/wp-content\/uploads\/2018\/06\/Vorschau_Spr\u00fcche-Beziehungsweise.jpg\",\"width\":800,\"height\":836},{\"@type\":\"BreadcrumbList\",\"@id\":\"https:\/\/www.kleinegoehre.de\/scrap\/product\/plotterdatei-sprueche-beziehungsweise\/#breadcrumb\",\"itemListElement\":[{\"@type\":\"ListItem\",\"position\":1,\"name\":\"Startseite\",\"item\":\"https:\/\/www.kleinegoehre.de\/scrap\/\"},{\"@type\":\"ListItem\",\"position\":2,\"name\":\"Shop\",\"item\":\"https:\/\/www.kleinegoehre.de\/scrap\/shop\/\"},{\"@type\":\"ListItem\",\"position\":3,\"name\":\"Plotterdatei &#8220;Spr\u00fcche Beziehungsweise&#8221; + Papiere\"}]},{\"@type\":\"WebSite\",\"@id\":\"https:\/\/www.kleinegoehre.de\/scrap\/#website\",\"url\":\"https:\/\/www.kleinegoehre.de\/scrap\/\",\"name\":\"kleine g\u00f6hr.e design\",\"description\":\"In unser Shop auf kleinegoehre.de findet ihr Plotterdateien zu vielen verschiedenen Themen. Dazu bieten wir euch eine riesen Auswahl an digitalen Papieren.\",\"publisher\":{\"@id\":\"https:\/\/www.kleinegoehre.de\/scrap\/#organization\"},\"potentialAction\":[{\"@type\":\"SearchAction\",\"target\":{\"@type\":\"EntryPoint\",\"urlTemplate\":\"https:\/\/www.kleinegoehre.de\/scrap\/?s={search_term_string}\"},\"query-input\":{\"@type\":\"PropertyValueSpecification\",\"valueRequired\":true,\"valueName\":\"search_term_string\"}}],\"inLanguage\":\"de\"},{\"@type\":\"Organization\",\"@id\":\"https:\/\/www.kleinegoehre.de\/scrap\/#organization\",\"name\":\"kleine g\u00f6hre design\",\"url\":\"https:\/\/www.kleinegoehre.de\/scrap\/\",\"logo\":{\"@type\":\"ImageObject\",\"inLanguage\":\"de\",\"@id\":\"https:\/\/www.kleinegoehre.de\/scrap\/#\/schema\/logo\/image\/\",\"url\":\"https:\/\/www.kleinegoehre.de\/scrap\/wp-content\/uploads\/2018\/06\/14859829_1423290007698523_869036772071302726_o.jpg\",\"contentUrl\":\"https:\/\/www.kleinegoehre.de\/scrap\/wp-content\/uploads\/2018\/06\/14859829_1423290007698523_869036772071302726_o.jpg\",\"width\":1181,\"height\":1181,\"caption\":\"kleine g\u00f6hre design\"},\"image\":{\"@id\":\"https:\/\/www.kleinegoehre.de\/scrap\/#\/schema\/logo\/image\/\"},\"sameAs\":[\"https:\/\/www.facebook.com\/kleinegoehredesign\/\",\"https:\/\/www.youtube.com\/channel\/UCZa4qAhMHSp7-gsPt9Hoy2w\"]}]}<\/script>\n<!-- \/ Yoast SEO plugin. -->","yoast_head_json":{"title":"Plotterdatei \"Spr\u00fcche Beziehungsweise\" + Papiere - kleine g\u00f6hr.e design","robots":{"index":"index","follow":"follow","max-snippet":"max-snippet:-1","max-image-preview":"max-image-preview:large","max-video-preview":"max-video-preview:-1"},"canonical":"https:\/\/www.kleinegoehre.de\/scrap\/product\/plotterdatei-sprueche-beziehungsweise\/","og_locale":"de_DE","og_type":"article","og_title":"Plotterdatei \"Spr\u00fcche Beziehungsweise\" + Papiere - kleine g\u00f6hr.e design","og_description":"Mit diesem Set lassen sich Gru\u00dfkarten der besonderen Art zaubern. Mit dazu gibt es wie immer passende digitale Papiere. &#8211; Papiere_Spr\u00fcche Beziehungsweise &#8211; Papiere_Spr\u00fcche Beziehungsweise Kakteen Die digitalen Papiere sind im Format .JPG (30cmx30cm in 300dpi). Beim Kauf der Plotterdatei erh\u00e4ltst Du die Grafik in den Dateiformaten .DXF, .SVG, .PNG in einem .ZIP-Ordner verpackt. Die [&hellip;]","og_url":"https:\/\/www.kleinegoehre.de\/scrap\/product\/plotterdatei-sprueche-beziehungsweise\/","og_site_name":"kleine g\u00f6hr.e design","article_publisher":"https:\/\/www.facebook.com\/kleinegoehredesign\/","article_modified_time":"2023-02-18T09:18:35+00:00","og_image":[{"width":800,"height":836,"url":"https:\/\/www.kleinegoehre.de\/scrap\/wp-content\/uploads\/2018\/06\/Vorschau_Spr\u00fcche-Beziehungsweise.jpg","type":"image\/jpeg"}],"twitter_card":"summary_large_image","schema":{"@context":"https:\/\/schema.org","@graph":[{"@type":"WebPage","@id":"https:\/\/www.kleinegoehre.de\/scrap\/product\/plotterdatei-sprueche-beziehungsweise\/","url":"https:\/\/www.kleinegoehre.de\/scrap\/product\/plotterdatei-sprueche-beziehungsweise\/","name":"Plotterdatei \"Spr\u00fcche Beziehungsweise\" + Papiere - kleine g\u00f6hr.e design","isPartOf":{"@id":"https:\/\/www.kleinegoehre.de\/scrap\/#website"},"primaryImageOfPage":{"@id":"https:\/\/www.kleinegoehre.de\/scrap\/product\/plotterdatei-sprueche-beziehungsweise\/#primaryimage"},"image":{"@id":"https:\/\/www.kleinegoehre.de\/scrap\/product\/plotterdatei-sprueche-beziehungsweise\/#primaryimage"},"thumbnailUrl":"https:\/\/www.kleinegoehre.de\/scrap\/wp-content\/uploads\/2018\/06\/Vorschau_Spr\u00fcche-Beziehungsweise.jpg","datePublished":"2018-06-22T08:34:32+00:00","dateModified":"2023-02-18T09:18:35+00:00","breadcrumb":{"@id":"https:\/\/www.kleinegoehre.de\/scrap\/product\/plotterdatei-sprueche-beziehungsweise\/#breadcrumb"},"inLanguage":"de","potentialAction":[{"@type":"ReadAction","target":["https:\/\/www.kleinegoehre.de\/scrap\/product\/plotterdatei-sprueche-beziehungsweise\/"]}]},{"@type":"ImageObject","inLanguage":"de","@id":"https:\/\/www.kleinegoehre.de\/scrap\/product\/plotterdatei-sprueche-beziehungsweise\/#primaryimage","url":"https:\/\/www.kleinegoehre.de\/scrap\/wp-content\/uploads\/2018\/06\/Vorschau_Spr\u00fcche-Beziehungsweise.jpg","contentUrl":"https:\/\/www.kleinegoehre.de\/scrap\/wp-content\/uploads\/2018\/06\/Vorschau_Spr\u00fcche-Beziehungsweise.jpg","width":800,"height":836},{"@type":"BreadcrumbList","@id":"https:\/\/www.kleinegoehre.de\/scrap\/product\/plotterdatei-sprueche-beziehungsweise\/#breadcrumb","itemListElement":[{"@type":"ListItem","position":1,"name":"Startseite","item":"https:\/\/www.kleinegoehre.de\/scrap\/"},{"@type":"ListItem","position":2,"name":"Shop","item":"https:\/\/www.kleinegoehre.de\/scrap\/shop\/"},{"@type":"ListItem","position":3,"name":"Plotterdatei &#8220;Spr\u00fcche Beziehungsweise&#8221; + Papiere"}]},{"@type":"WebSite","@id":"https:\/\/www.kleinegoehre.de\/scrap\/#website","url":"https:\/\/www.kleinegoehre.de\/scrap\/","name":"kleine g\u00f6hr.e design","description":"In unser Shop auf kleinegoehre.de findet ihr Plotterdateien zu vielen verschiedenen Themen. Dazu bieten wir euch eine riesen Auswahl an digitalen Papieren.","publisher":{"@id":"https:\/\/www.kleinegoehre.de\/scrap\/#organization"},"potentialAction":[{"@type":"SearchAction","target":{"@type":"EntryPoint","urlTemplate":"https:\/\/www.kleinegoehre.de\/scrap\/?s={search_term_string}"},"query-input":{"@type":"PropertyValueSpecification","valueRequired":true,"valueName":"search_term_string"}}],"inLanguage":"de"},{"@type":"Organization","@id":"https:\/\/www.kleinegoehre.de\/scrap\/#organization","name":"kleine g\u00f6hre design","url":"https:\/\/www.kleinegoehre.de\/scrap\/","logo":{"@type":"ImageObject","inLanguage":"de","@id":"https:\/\/www.kleinegoehre.de\/scrap\/#\/schema\/logo\/image\/","url":"https:\/\/www.kleinegoehre.de\/scrap\/wp-content\/uploads\/2018\/06\/14859829_1423290007698523_869036772071302726_o.jpg","contentUrl":"https:\/\/www.kleinegoehre.de\/scrap\/wp-content\/uploads\/2018\/06\/14859829_1423290007698523_869036772071302726_o.jpg","width":1181,"height":1181,"caption":"kleine g\u00f6hre design"},"image":{"@id":"https:\/\/www.kleinegoehre.de\/scrap\/#\/schema\/logo\/image\/"},"sameAs":["https:\/\/www.facebook.com\/kleinegoehredesign\/","https:\/\/www.youtube.com\/channel\/UCZa4qAhMHSp7-gsPt9Hoy2w"]}]}},"_links":{"self":[{"href":"https:\/\/www.kleinegoehre.de\/scrap\/wp-json\/wp\/v2\/product\/78109","targetHints":{"allow":["GET"]}}],"collection":[{"href":"https:\/\/www.kleinegoehre.de\/scrap\/wp-json\/wp\/v2\/product"}],"about":[{"href":"https:\/\/www.kleinegoehre.de\/scrap\/wp-json\/wp\/v2\/types\/product"}],"replies":[{"embeddable":true,"href":"https:\/\/www.kleinegoehre.de\/scrap\/wp-json\/wp\/v2\/comments?post=78109"}],"wp:featuredmedia":[{"embeddable":true,"href":"https:\/\/www.kleinegoehre.de\/scrap\/wp-json\/wp\/v2\/media\/78116"}],"wp:attachment":[{"href":"https:\/\/www.kleinegoehre.de\/scrap\/wp-json\/wp\/v2\/media?parent=78109"}],"wp:term":[{"taxonomy":"product_brand","embeddable":true,"href":"https:\/\/www.kleinegoehre.de\/scrap\/wp-json\/wp\/v2\/product_brand?post=78109"},{"taxonomy":"product_cat","embeddable":true,"href":"https:\/\/www.kleinegoehre.de\/scrap\/wp-json\/wp\/v2\/product_cat?post=78109"},{"taxonomy":"product_tag","embeddable":true,"href":"https:\/\/www.kleinegoehre.de\/scrap\/wp-json\/wp\/v2\/product_tag?post=78109"}],"curies":[{"name":"wp","href":"https:\/\/api.w.org\/{rel}","templated":true}]}}