{"id":50067,"date":"2017-06-30T10:46:46","date_gmt":"2017-06-30T08:46:46","guid":{"rendered":"https:\/\/www.kleinegoehre.de\/scrap\/?post_type=product&#038;p=50067"},"modified":"2022-12-14T10:55:32","modified_gmt":"2022-12-14T09:55:32","slug":"digitale-vorlage-freundebuecher","status":"publish","type":"product","link":"https:\/\/www.kleinegoehre.de\/scrap\/product\/digitale-vorlage-freundebuecher\/","title":{"rendered":"digitale Vorlage &#8220;Freundeb\u00fccher&#8221;"},"content":{"rendered":"<p>Wer kennt sie nicht &#8230; Freundeb\u00fccher. Ab heute werden eure Freundeb\u00fccher super individuell. In unserem neuen Set findet ihr f\u00fcr jeden das richtige Freundebuch zum Selbstgestalten.<br \/>\nEgal ob f\u00fcr eure Kinder oder f\u00fcr einen lieben Arbeitskollegen, der euch verl\u00e4sst oder in den Ruhestand geht oder als wundervolle Erinnerung zur Hochzeit.<\/p>\n<p>Ihr findet in diesem Set Doppelseiten f\u00fcr:<br \/>\n&#8211; Kita inkl. Erzieher<br \/>\n&#8211; Grundsch\u00fcler und Sch\u00fcler inkl. Lehrer<br \/>\n&#8211; Schulabschluss<br \/>\n&#8211; Kollegen<br \/>\n&#8211; Ruhestand<br \/>\n&#8211; Hochzeit in 2 Versionen (vor und w\u00e4hrend der Feier)<\/p>\n<p>Ihr findet im Set einen Link zur verwendeten Schrift inkl. Schriftgr\u00f6\u00dfe, damit ihr einzelne Texte ersetzen bzw. erg\u00e4nzen k\u00f6nnt.<\/p>\n<p>Beim Kauf der Plotterdatei erh\u00e4ltst Du die Grafik in den Dateiformaten .DXF, .SVG, .JPG in einem .ZIP-Ordner verpackt. Die Dateiformate .DXF und .SVG kannst Du, je nach Plotter und Software, direkt in deinem Programm \u00f6ffnen. Idealerweise nutzt ihr f\u00fcr das Freundebuch die Silhouette Studio Designer Edition.<\/p>\n","protected":false},"excerpt":{"rendered":"<p>Wer kennt sie nicht &#8230; Freundeb\u00fccher. Ab heute werden eure Freundeb\u00fccher super individuell. In unserem neuen Set findet ihr f\u00fcr jeden das richtige Freundebuch zum Selbstgestalten. Egal ob f\u00fcr eure Kinder oder f\u00fcr einen lieben Arbeitskollegen, der euch verl\u00e4sst oder in den Ruhestand geht oder als wundervolle Erinnerung zur Hochzeit. Ihr findet in diesem Set [&hellip;]<\/p>\n","protected":false},"featured_media":50073,"comment_status":"open","ping_status":"closed","template":"","meta":[],"product_brand":[],"product_cat":[24],"product_tag":[335,330,51,332,333,129,49,336,326,35,34,334,331,328,327,329,31],"class_list":{"0":"post-50067","1":"product","2":"type-product","3":"status-publish","4":"has-post-thumbnail","6":"product_cat-printables","7":"product_tag-arbeit","8":"product_tag-erzieher","9":"product_tag-feier","10":"product_tag-freundebuch","11":"product_tag-freundschaft","12":"product_tag-gaeste","13":"product_tag-hochzeit","14":"product_tag-job","15":"product_tag-kind","16":"product_tag-kindergarten","17":"product_tag-kita","18":"product_tag-kollegen","19":"product_tag-lehrer","20":"product_tag-rente","21":"product_tag-ruhestand","22":"product_tag-schulabschluss","23":"product_tag-schule","25":"first","26":"instock","27":"taxable","28":"shipping-taxable","29":"purchasable","30":"product-type-variable","31":"has-default-attributes"},"yoast_head":"<!-- This site is optimized with the Yoast SEO plugin v26.4 - https:\/\/yoast.com\/wordpress\/plugins\/seo\/ -->\n<title>digitale Vorlage &quot;Freundeb\u00fccher&quot; - kleine g\u00f6hr.e design<\/title>\n<meta name=\"robots\" content=\"index, follow, max-snippet:-1, max-image-preview:large, max-video-preview:-1\" \/>\n<link rel=\"canonical\" href=\"https:\/\/www.kleinegoehre.de\/scrap\/product\/digitale-vorlage-freundebuecher\/\" \/>\n<meta property=\"og:locale\" content=\"de_DE\" \/>\n<meta property=\"og:type\" content=\"article\" \/>\n<meta property=\"og:title\" content=\"digitale Vorlage &quot;Freundeb\u00fccher&quot; - kleine g\u00f6hr.e design\" \/>\n<meta property=\"og:description\" content=\"Wer kennt sie nicht &#8230; Freundeb\u00fccher. Ab heute werden eure Freundeb\u00fccher super individuell. In unserem neuen Set findet ihr f\u00fcr jeden das richtige Freundebuch zum Selbstgestalten. Egal ob f\u00fcr eure Kinder oder f\u00fcr einen lieben Arbeitskollegen, der euch verl\u00e4sst oder in den Ruhestand geht oder als wundervolle Erinnerung zur Hochzeit. Ihr findet in diesem Set [&hellip;]\" \/>\n<meta property=\"og:url\" content=\"https:\/\/www.kleinegoehre.de\/scrap\/product\/digitale-vorlage-freundebuecher\/\" \/>\n<meta property=\"og:site_name\" content=\"kleine g\u00f6hr.e design\" \/>\n<meta property=\"article:publisher\" content=\"https:\/\/www.facebook.com\/kleinegoehredesign\/\" \/>\n<meta property=\"article:modified_time\" content=\"2022-12-14T09:55:32+00:00\" \/>\n<meta property=\"og:image\" content=\"https:\/\/www.kleinegoehre.de\/scrap\/wp-content\/uploads\/2017\/06\/Vorschau_Freundbuch-scaled.jpg\" \/>\n\t<meta property=\"og:image:width\" content=\"2560\" \/>\n\t<meta property=\"og:image:height\" content=\"2539\" \/>\n\t<meta property=\"og:image:type\" content=\"image\/jpeg\" \/>\n<meta name=\"twitter:card\" content=\"summary_large_image\" \/>\n<meta name=\"twitter:label1\" content=\"Gesch\u00e4tzte Lesezeit\" \/>\n\t<meta name=\"twitter:data1\" content=\"1\u00a0Minute\" \/>\n<script type=\"application\/ld+json\" class=\"yoast-schema-graph\">{\"@context\":\"https:\/\/schema.org\",\"@graph\":[{\"@type\":\"WebPage\",\"@id\":\"https:\/\/www.kleinegoehre.de\/scrap\/product\/digitale-vorlage-freundebuecher\/\",\"url\":\"https:\/\/www.kleinegoehre.de\/scrap\/product\/digitale-vorlage-freundebuecher\/\",\"name\":\"digitale Vorlage \\\"Freundeb\u00fccher\\\" - kleine g\u00f6hr.e design\",\"isPartOf\":{\"@id\":\"https:\/\/www.kleinegoehre.de\/scrap\/#website\"},\"primaryImageOfPage\":{\"@id\":\"https:\/\/www.kleinegoehre.de\/scrap\/product\/digitale-vorlage-freundebuecher\/#primaryimage\"},\"image\":{\"@id\":\"https:\/\/www.kleinegoehre.de\/scrap\/product\/digitale-vorlage-freundebuecher\/#primaryimage\"},\"thumbnailUrl\":\"https:\/\/www.kleinegoehre.de\/scrap\/wp-content\/uploads\/2017\/06\/Vorschau_Freundbuch-scaled.jpg\",\"datePublished\":\"2017-06-30T08:46:46+00:00\",\"dateModified\":\"2022-12-14T09:55:32+00:00\",\"breadcrumb\":{\"@id\":\"https:\/\/www.kleinegoehre.de\/scrap\/product\/digitale-vorlage-freundebuecher\/#breadcrumb\"},\"inLanguage\":\"de\",\"potentialAction\":[{\"@type\":\"ReadAction\",\"target\":[\"https:\/\/www.kleinegoehre.de\/scrap\/product\/digitale-vorlage-freundebuecher\/\"]}]},{\"@type\":\"ImageObject\",\"inLanguage\":\"de\",\"@id\":\"https:\/\/www.kleinegoehre.de\/scrap\/product\/digitale-vorlage-freundebuecher\/#primaryimage\",\"url\":\"https:\/\/www.kleinegoehre.de\/scrap\/wp-content\/uploads\/2017\/06\/Vorschau_Freundbuch-scaled.jpg\",\"contentUrl\":\"https:\/\/www.kleinegoehre.de\/scrap\/wp-content\/uploads\/2017\/06\/Vorschau_Freundbuch-scaled.jpg\",\"width\":2560,\"height\":2539},{\"@type\":\"BreadcrumbList\",\"@id\":\"https:\/\/www.kleinegoehre.de\/scrap\/product\/digitale-vorlage-freundebuecher\/#breadcrumb\",\"itemListElement\":[{\"@type\":\"ListItem\",\"position\":1,\"name\":\"Startseite\",\"item\":\"https:\/\/www.kleinegoehre.de\/scrap\/\"},{\"@type\":\"ListItem\",\"position\":2,\"name\":\"Shop\",\"item\":\"https:\/\/www.kleinegoehre.de\/scrap\/shop\/\"},{\"@type\":\"ListItem\",\"position\":3,\"name\":\"digitale Vorlage &#8220;Freundeb\u00fccher&#8221;\"}]},{\"@type\":\"WebSite\",\"@id\":\"https:\/\/www.kleinegoehre.de\/scrap\/#website\",\"url\":\"https:\/\/www.kleinegoehre.de\/scrap\/\",\"name\":\"kleine g\u00f6hr.e design\",\"description\":\"In unser Shop auf kleinegoehre.de findet ihr Plotterdateien zu vielen verschiedenen Themen. Dazu bieten wir euch eine riesen Auswahl an digitalen Papieren.\",\"publisher\":{\"@id\":\"https:\/\/www.kleinegoehre.de\/scrap\/#organization\"},\"potentialAction\":[{\"@type\":\"SearchAction\",\"target\":{\"@type\":\"EntryPoint\",\"urlTemplate\":\"https:\/\/www.kleinegoehre.de\/scrap\/?s={search_term_string}\"},\"query-input\":{\"@type\":\"PropertyValueSpecification\",\"valueRequired\":true,\"valueName\":\"search_term_string\"}}],\"inLanguage\":\"de\"},{\"@type\":\"Organization\",\"@id\":\"https:\/\/www.kleinegoehre.de\/scrap\/#organization\",\"name\":\"kleine g\u00f6hre design\",\"url\":\"https:\/\/www.kleinegoehre.de\/scrap\/\",\"logo\":{\"@type\":\"ImageObject\",\"inLanguage\":\"de\",\"@id\":\"https:\/\/www.kleinegoehre.de\/scrap\/#\/schema\/logo\/image\/\",\"url\":\"https:\/\/www.kleinegoehre.de\/scrap\/wp-content\/uploads\/2018\/06\/14859829_1423290007698523_869036772071302726_o.jpg\",\"contentUrl\":\"https:\/\/www.kleinegoehre.de\/scrap\/wp-content\/uploads\/2018\/06\/14859829_1423290007698523_869036772071302726_o.jpg\",\"width\":1181,\"height\":1181,\"caption\":\"kleine g\u00f6hre design\"},\"image\":{\"@id\":\"https:\/\/www.kleinegoehre.de\/scrap\/#\/schema\/logo\/image\/\"},\"sameAs\":[\"https:\/\/www.facebook.com\/kleinegoehredesign\/\",\"https:\/\/www.youtube.com\/channel\/UCZa4qAhMHSp7-gsPt9Hoy2w\"]}]}<\/script>\n<!-- \/ Yoast SEO plugin. -->","yoast_head_json":{"title":"digitale Vorlage \"Freundeb\u00fccher\" - kleine g\u00f6hr.e design","robots":{"index":"index","follow":"follow","max-snippet":"max-snippet:-1","max-image-preview":"max-image-preview:large","max-video-preview":"max-video-preview:-1"},"canonical":"https:\/\/www.kleinegoehre.de\/scrap\/product\/digitale-vorlage-freundebuecher\/","og_locale":"de_DE","og_type":"article","og_title":"digitale Vorlage \"Freundeb\u00fccher\" - kleine g\u00f6hr.e design","og_description":"Wer kennt sie nicht &#8230; Freundeb\u00fccher. Ab heute werden eure Freundeb\u00fccher super individuell. In unserem neuen Set findet ihr f\u00fcr jeden das richtige Freundebuch zum Selbstgestalten. Egal ob f\u00fcr eure Kinder oder f\u00fcr einen lieben Arbeitskollegen, der euch verl\u00e4sst oder in den Ruhestand geht oder als wundervolle Erinnerung zur Hochzeit. Ihr findet in diesem Set [&hellip;]","og_url":"https:\/\/www.kleinegoehre.de\/scrap\/product\/digitale-vorlage-freundebuecher\/","og_site_name":"kleine g\u00f6hr.e design","article_publisher":"https:\/\/www.facebook.com\/kleinegoehredesign\/","article_modified_time":"2022-12-14T09:55:32+00:00","og_image":[{"width":2560,"height":2539,"url":"https:\/\/www.kleinegoehre.de\/scrap\/wp-content\/uploads\/2017\/06\/Vorschau_Freundbuch-scaled.jpg","type":"image\/jpeg"}],"twitter_card":"summary_large_image","twitter_misc":{"Gesch\u00e4tzte Lesezeit":"1\u00a0Minute"},"schema":{"@context":"https:\/\/schema.org","@graph":[{"@type":"WebPage","@id":"https:\/\/www.kleinegoehre.de\/scrap\/product\/digitale-vorlage-freundebuecher\/","url":"https:\/\/www.kleinegoehre.de\/scrap\/product\/digitale-vorlage-freundebuecher\/","name":"digitale Vorlage \"Freundeb\u00fccher\" - kleine g\u00f6hr.e design","isPartOf":{"@id":"https:\/\/www.kleinegoehre.de\/scrap\/#website"},"primaryImageOfPage":{"@id":"https:\/\/www.kleinegoehre.de\/scrap\/product\/digitale-vorlage-freundebuecher\/#primaryimage"},"image":{"@id":"https:\/\/www.kleinegoehre.de\/scrap\/product\/digitale-vorlage-freundebuecher\/#primaryimage"},"thumbnailUrl":"https:\/\/www.kleinegoehre.de\/scrap\/wp-content\/uploads\/2017\/06\/Vorschau_Freundbuch-scaled.jpg","datePublished":"2017-06-30T08:46:46+00:00","dateModified":"2022-12-14T09:55:32+00:00","breadcrumb":{"@id":"https:\/\/www.kleinegoehre.de\/scrap\/product\/digitale-vorlage-freundebuecher\/#breadcrumb"},"inLanguage":"de","potentialAction":[{"@type":"ReadAction","target":["https:\/\/www.kleinegoehre.de\/scrap\/product\/digitale-vorlage-freundebuecher\/"]}]},{"@type":"ImageObject","inLanguage":"de","@id":"https:\/\/www.kleinegoehre.de\/scrap\/product\/digitale-vorlage-freundebuecher\/#primaryimage","url":"https:\/\/www.kleinegoehre.de\/scrap\/wp-content\/uploads\/2017\/06\/Vorschau_Freundbuch-scaled.jpg","contentUrl":"https:\/\/www.kleinegoehre.de\/scrap\/wp-content\/uploads\/2017\/06\/Vorschau_Freundbuch-scaled.jpg","width":2560,"height":2539},{"@type":"BreadcrumbList","@id":"https:\/\/www.kleinegoehre.de\/scrap\/product\/digitale-vorlage-freundebuecher\/#breadcrumb","itemListElement":[{"@type":"ListItem","position":1,"name":"Startseite","item":"https:\/\/www.kleinegoehre.de\/scrap\/"},{"@type":"ListItem","position":2,"name":"Shop","item":"https:\/\/www.kleinegoehre.de\/scrap\/shop\/"},{"@type":"ListItem","position":3,"name":"digitale Vorlage &#8220;Freundeb\u00fccher&#8221;"}]},{"@type":"WebSite","@id":"https:\/\/www.kleinegoehre.de\/scrap\/#website","url":"https:\/\/www.kleinegoehre.de\/scrap\/","name":"kleine g\u00f6hr.e design","description":"In unser Shop auf kleinegoehre.de findet ihr Plotterdateien zu vielen verschiedenen Themen. Dazu bieten wir euch eine riesen Auswahl an digitalen Papieren.","publisher":{"@id":"https:\/\/www.kleinegoehre.de\/scrap\/#organization"},"potentialAction":[{"@type":"SearchAction","target":{"@type":"EntryPoint","urlTemplate":"https:\/\/www.kleinegoehre.de\/scrap\/?s={search_term_string}"},"query-input":{"@type":"PropertyValueSpecification","valueRequired":true,"valueName":"search_term_string"}}],"inLanguage":"de"},{"@type":"Organization","@id":"https:\/\/www.kleinegoehre.de\/scrap\/#organization","name":"kleine g\u00f6hre design","url":"https:\/\/www.kleinegoehre.de\/scrap\/","logo":{"@type":"ImageObject","inLanguage":"de","@id":"https:\/\/www.kleinegoehre.de\/scrap\/#\/schema\/logo\/image\/","url":"https:\/\/www.kleinegoehre.de\/scrap\/wp-content\/uploads\/2018\/06\/14859829_1423290007698523_869036772071302726_o.jpg","contentUrl":"https:\/\/www.kleinegoehre.de\/scrap\/wp-content\/uploads\/2018\/06\/14859829_1423290007698523_869036772071302726_o.jpg","width":1181,"height":1181,"caption":"kleine g\u00f6hre design"},"image":{"@id":"https:\/\/www.kleinegoehre.de\/scrap\/#\/schema\/logo\/image\/"},"sameAs":["https:\/\/www.facebook.com\/kleinegoehredesign\/","https:\/\/www.youtube.com\/channel\/UCZa4qAhMHSp7-gsPt9Hoy2w"]}]}},"_links":{"self":[{"href":"https:\/\/www.kleinegoehre.de\/scrap\/wp-json\/wp\/v2\/product\/50067","targetHints":{"allow":["GET"]}}],"collection":[{"href":"https:\/\/www.kleinegoehre.de\/scrap\/wp-json\/wp\/v2\/product"}],"about":[{"href":"https:\/\/www.kleinegoehre.de\/scrap\/wp-json\/wp\/v2\/types\/product"}],"replies":[{"embeddable":true,"href":"https:\/\/www.kleinegoehre.de\/scrap\/wp-json\/wp\/v2\/comments?post=50067"}],"wp:featuredmedia":[{"embeddable":true,"href":"https:\/\/www.kleinegoehre.de\/scrap\/wp-json\/wp\/v2\/media\/50073"}],"wp:attachment":[{"href":"https:\/\/www.kleinegoehre.de\/scrap\/wp-json\/wp\/v2\/media?parent=50067"}],"wp:term":[{"taxonomy":"product_brand","embeddable":true,"href":"https:\/\/www.kleinegoehre.de\/scrap\/wp-json\/wp\/v2\/product_brand?post=50067"},{"taxonomy":"product_cat","embeddable":true,"href":"https:\/\/www.kleinegoehre.de\/scrap\/wp-json\/wp\/v2\/product_cat?post=50067"},{"taxonomy":"product_tag","embeddable":true,"href":"https:\/\/www.kleinegoehre.de\/scrap\/wp-json\/wp\/v2\/product_tag?post=50067"}],"curies":[{"name":"wp","href":"https:\/\/api.w.org\/{rel}","templated":true}]}}