{"id":463666,"date":"2025-11-28T09:00:52","date_gmt":"2025-11-28T08:00:52","guid":{"rendered":"https:\/\/www.kleinegoehre.de\/scrap\/?post_type=product&#038;p=463666"},"modified":"2025-11-28T22:25:54","modified_gmt":"2025-11-28T21:25:54","slug":"basteldatei-neujahrsgruesse-fix-fertig","status":"publish","type":"product","link":"https:\/\/www.kleinegoehre.de\/scrap\/product\/basteldatei-neujahrsgruesse-fix-fertig\/","title":{"rendered":"Basteldatei &#8220;Neujahrsgr\u00fc\u00dfe fix &amp; fertig&#8221;"},"content":{"rendered":"<p>Beim Kauf der Basteldatei erh\u00e4ltst du fertig gestaltete Druckvorlagen im PDF-Format, verpackt in einem .ZIP-Ordner. Zus\u00e4tzlich stehen dir die Dateiformate .DXF, .PNG und .SVG zur Verf\u00fcgung.<\/p>\n<p>Je nach Format kannst du die Vorlagen direkt ausdrucken und mit Schere, Falzbrett, Kleber und Co. basteln oder sie in deinem Plotter-, Laser- oder Grafikprogramm \u00f6ffnen. Dort lassen sich die einzelnen Elemente nach Wunsch vergr\u00f6\u00dfern, verkleinern oder weiterbearbeiten, sodass du dein Projekt auch ganz individuell gestalten kannst.<\/p>\n<p>&nbsp;<\/p>\n","protected":false},"excerpt":{"rendered":"<p>Beim Kauf der Basteldatei erh\u00e4ltst du fertig gestaltete Druckvorlagen im PDF-Format, verpackt in einem .ZIP-Ordner. Zus\u00e4tzlich stehen dir die Dateiformate .DXF, .PNG und .SVG zur Verf\u00fcgung. Je nach Format kannst du die Vorlagen direkt ausdrucken und mit Schere, Falzbrett, Kleber und Co. basteln oder sie in deinem Plotter-, Laser- oder Grafikprogramm \u00f6ffnen. Dort lassen sich [&hellip;]<\/p>\n","protected":false},"featured_media":463670,"comment_status":"closed","ping_status":"closed","template":"","meta":[],"product_brand":[],"product_cat":[13,24],"product_tag":[1252,1251,1253,632,1156,1012,182,1238,481],"class_list":{"0":"post-463666","1":"product","2":"type-product","3":"status-publish","4":"has-post-thumbnail","6":"product_cat-plotterdateien","7":"product_cat-printables","8":"product_tag-abreisszettel","9":"product_tag-banderole","10":"product_tag-langes-tuetchen","11":"product_tag-neujahr","12":"product_tag-schneiddatei","13":"product_tag-schneidedatei","14":"product_tag-silvester","15":"product_tag-silvesterparty","16":"product_tag-wimpel","18":"first","19":"instock","20":"taxable","21":"shipping-taxable","22":"purchasable","23":"product-type-variable","24":"has-default-attributes"},"yoast_head":"<!-- This site is optimized with the Yoast SEO plugin v26.4 - https:\/\/yoast.com\/wordpress\/plugins\/seo\/ -->\n<title>Basteldatei &quot;Neujahrsgr\u00fc\u00dfe fix &amp; fertig&quot; - kleine g\u00f6hr.e design<\/title>\n<meta name=\"robots\" content=\"index, follow, max-snippet:-1, max-image-preview:large, max-video-preview:-1\" \/>\n<link rel=\"canonical\" href=\"https:\/\/www.kleinegoehre.de\/scrap\/product\/basteldatei-neujahrsgruesse-fix-fertig\/\" \/>\n<meta property=\"og:locale\" content=\"de_DE\" \/>\n<meta property=\"og:type\" content=\"article\" \/>\n<meta property=\"og:title\" content=\"Basteldatei &quot;Neujahrsgr\u00fc\u00dfe fix &amp; fertig&quot; - kleine g\u00f6hr.e design\" \/>\n<meta property=\"og:description\" content=\"Beim Kauf der Basteldatei erh\u00e4ltst du fertig gestaltete Druckvorlagen im PDF-Format, verpackt in einem .ZIP-Ordner. Zus\u00e4tzlich stehen dir die Dateiformate .DXF, .PNG und .SVG zur Verf\u00fcgung. Je nach Format kannst du die Vorlagen direkt ausdrucken und mit Schere, Falzbrett, Kleber und Co. basteln oder sie in deinem Plotter-, Laser- oder Grafikprogramm \u00f6ffnen. Dort lassen sich [&hellip;]\" \/>\n<meta property=\"og:url\" content=\"https:\/\/www.kleinegoehre.de\/scrap\/product\/basteldatei-neujahrsgruesse-fix-fertig\/\" \/>\n<meta property=\"og:site_name\" content=\"kleine g\u00f6hr.e design\" \/>\n<meta property=\"article:publisher\" content=\"https:\/\/www.facebook.com\/kleinegoehredesign\/\" \/>\n<meta property=\"article:modified_time\" content=\"2025-11-28T21:25:54+00:00\" \/>\n<meta property=\"og:image\" content=\"https:\/\/www.kleinegoehre.de\/scrap\/wp-content\/uploads\/2025\/11\/Bilder_Fix-fertig-Neujahrsgruesse_01-scaled.jpg\" \/>\n\t<meta property=\"og:image:width\" content=\"2560\" \/>\n\t<meta property=\"og:image:height\" content=\"2539\" \/>\n\t<meta property=\"og:image:type\" content=\"image\/jpeg\" \/>\n<meta name=\"twitter:card\" content=\"summary_large_image\" \/>\n<meta name=\"twitter:label1\" content=\"Gesch\u00e4tzte Lesezeit\" \/>\n\t<meta name=\"twitter:data1\" content=\"1\u00a0Minute\" \/>\n<script type=\"application\/ld+json\" class=\"yoast-schema-graph\">{\"@context\":\"https:\/\/schema.org\",\"@graph\":[{\"@type\":\"WebPage\",\"@id\":\"https:\/\/www.kleinegoehre.de\/scrap\/product\/basteldatei-neujahrsgruesse-fix-fertig\/\",\"url\":\"https:\/\/www.kleinegoehre.de\/scrap\/product\/basteldatei-neujahrsgruesse-fix-fertig\/\",\"name\":\"Basteldatei \\\"Neujahrsgr\u00fc\u00dfe fix &amp; fertig\\\" - kleine g\u00f6hr.e design\",\"isPartOf\":{\"@id\":\"https:\/\/www.kleinegoehre.de\/scrap\/#website\"},\"primaryImageOfPage\":{\"@id\":\"https:\/\/www.kleinegoehre.de\/scrap\/product\/basteldatei-neujahrsgruesse-fix-fertig\/#primaryimage\"},\"image\":{\"@id\":\"https:\/\/www.kleinegoehre.de\/scrap\/product\/basteldatei-neujahrsgruesse-fix-fertig\/#primaryimage\"},\"thumbnailUrl\":\"https:\/\/www.kleinegoehre.de\/scrap\/wp-content\/uploads\/2025\/11\/Bilder_Fix-fertig-Neujahrsgruesse_01-scaled.jpg\",\"datePublished\":\"2025-11-28T08:00:52+00:00\",\"dateModified\":\"2025-11-28T21:25:54+00:00\",\"breadcrumb\":{\"@id\":\"https:\/\/www.kleinegoehre.de\/scrap\/product\/basteldatei-neujahrsgruesse-fix-fertig\/#breadcrumb\"},\"inLanguage\":\"de\",\"potentialAction\":[{\"@type\":\"ReadAction\",\"target\":[\"https:\/\/www.kleinegoehre.de\/scrap\/product\/basteldatei-neujahrsgruesse-fix-fertig\/\"]}]},{\"@type\":\"ImageObject\",\"inLanguage\":\"de\",\"@id\":\"https:\/\/www.kleinegoehre.de\/scrap\/product\/basteldatei-neujahrsgruesse-fix-fertig\/#primaryimage\",\"url\":\"https:\/\/www.kleinegoehre.de\/scrap\/wp-content\/uploads\/2025\/11\/Bilder_Fix-fertig-Neujahrsgruesse_01-scaled.jpg\",\"contentUrl\":\"https:\/\/www.kleinegoehre.de\/scrap\/wp-content\/uploads\/2025\/11\/Bilder_Fix-fertig-Neujahrsgruesse_01-scaled.jpg\",\"width\":2560,\"height\":2539},{\"@type\":\"BreadcrumbList\",\"@id\":\"https:\/\/www.kleinegoehre.de\/scrap\/product\/basteldatei-neujahrsgruesse-fix-fertig\/#breadcrumb\",\"itemListElement\":[{\"@type\":\"ListItem\",\"position\":1,\"name\":\"Startseite\",\"item\":\"https:\/\/www.kleinegoehre.de\/scrap\/\"},{\"@type\":\"ListItem\",\"position\":2,\"name\":\"Shop\",\"item\":\"https:\/\/www.kleinegoehre.de\/scrap\/shop\/\"},{\"@type\":\"ListItem\",\"position\":3,\"name\":\"Basteldatei &#8220;Neujahrsgr\u00fc\u00dfe fix &amp; fertig&#8221;\"}]},{\"@type\":\"WebSite\",\"@id\":\"https:\/\/www.kleinegoehre.de\/scrap\/#website\",\"url\":\"https:\/\/www.kleinegoehre.de\/scrap\/\",\"name\":\"kleine g\u00f6hr.e design\",\"description\":\"In unser Shop auf kleinegoehre.de findet ihr Plotterdateien zu vielen verschiedenen Themen. Dazu bieten wir euch eine riesen Auswahl an digitalen Papieren.\",\"publisher\":{\"@id\":\"https:\/\/www.kleinegoehre.de\/scrap\/#organization\"},\"potentialAction\":[{\"@type\":\"SearchAction\",\"target\":{\"@type\":\"EntryPoint\",\"urlTemplate\":\"https:\/\/www.kleinegoehre.de\/scrap\/?s={search_term_string}\"},\"query-input\":{\"@type\":\"PropertyValueSpecification\",\"valueRequired\":true,\"valueName\":\"search_term_string\"}}],\"inLanguage\":\"de\"},{\"@type\":\"Organization\",\"@id\":\"https:\/\/www.kleinegoehre.de\/scrap\/#organization\",\"name\":\"kleine g\u00f6hre design\",\"url\":\"https:\/\/www.kleinegoehre.de\/scrap\/\",\"logo\":{\"@type\":\"ImageObject\",\"inLanguage\":\"de\",\"@id\":\"https:\/\/www.kleinegoehre.de\/scrap\/#\/schema\/logo\/image\/\",\"url\":\"https:\/\/www.kleinegoehre.de\/scrap\/wp-content\/uploads\/2018\/06\/14859829_1423290007698523_869036772071302726_o.jpg\",\"contentUrl\":\"https:\/\/www.kleinegoehre.de\/scrap\/wp-content\/uploads\/2018\/06\/14859829_1423290007698523_869036772071302726_o.jpg\",\"width\":1181,\"height\":1181,\"caption\":\"kleine g\u00f6hre design\"},\"image\":{\"@id\":\"https:\/\/www.kleinegoehre.de\/scrap\/#\/schema\/logo\/image\/\"},\"sameAs\":[\"https:\/\/www.facebook.com\/kleinegoehredesign\/\",\"https:\/\/www.youtube.com\/channel\/UCZa4qAhMHSp7-gsPt9Hoy2w\"]}]}<\/script>\n<!-- \/ Yoast SEO plugin. -->","yoast_head_json":{"title":"Basteldatei \"Neujahrsgr\u00fc\u00dfe fix &amp; fertig\" - kleine g\u00f6hr.e design","robots":{"index":"index","follow":"follow","max-snippet":"max-snippet:-1","max-image-preview":"max-image-preview:large","max-video-preview":"max-video-preview:-1"},"canonical":"https:\/\/www.kleinegoehre.de\/scrap\/product\/basteldatei-neujahrsgruesse-fix-fertig\/","og_locale":"de_DE","og_type":"article","og_title":"Basteldatei \"Neujahrsgr\u00fc\u00dfe fix &amp; fertig\" - kleine g\u00f6hr.e design","og_description":"Beim Kauf der Basteldatei erh\u00e4ltst du fertig gestaltete Druckvorlagen im PDF-Format, verpackt in einem .ZIP-Ordner. Zus\u00e4tzlich stehen dir die Dateiformate .DXF, .PNG und .SVG zur Verf\u00fcgung. Je nach Format kannst du die Vorlagen direkt ausdrucken und mit Schere, Falzbrett, Kleber und Co. basteln oder sie in deinem Plotter-, Laser- oder Grafikprogramm \u00f6ffnen. Dort lassen sich [&hellip;]","og_url":"https:\/\/www.kleinegoehre.de\/scrap\/product\/basteldatei-neujahrsgruesse-fix-fertig\/","og_site_name":"kleine g\u00f6hr.e design","article_publisher":"https:\/\/www.facebook.com\/kleinegoehredesign\/","article_modified_time":"2025-11-28T21:25:54+00:00","og_image":[{"width":2560,"height":2539,"url":"https:\/\/www.kleinegoehre.de\/scrap\/wp-content\/uploads\/2025\/11\/Bilder_Fix-fertig-Neujahrsgruesse_01-scaled.jpg","type":"image\/jpeg"}],"twitter_card":"summary_large_image","twitter_misc":{"Gesch\u00e4tzte Lesezeit":"1\u00a0Minute"},"schema":{"@context":"https:\/\/schema.org","@graph":[{"@type":"WebPage","@id":"https:\/\/www.kleinegoehre.de\/scrap\/product\/basteldatei-neujahrsgruesse-fix-fertig\/","url":"https:\/\/www.kleinegoehre.de\/scrap\/product\/basteldatei-neujahrsgruesse-fix-fertig\/","name":"Basteldatei \"Neujahrsgr\u00fc\u00dfe fix &amp; fertig\" - kleine g\u00f6hr.e design","isPartOf":{"@id":"https:\/\/www.kleinegoehre.de\/scrap\/#website"},"primaryImageOfPage":{"@id":"https:\/\/www.kleinegoehre.de\/scrap\/product\/basteldatei-neujahrsgruesse-fix-fertig\/#primaryimage"},"image":{"@id":"https:\/\/www.kleinegoehre.de\/scrap\/product\/basteldatei-neujahrsgruesse-fix-fertig\/#primaryimage"},"thumbnailUrl":"https:\/\/www.kleinegoehre.de\/scrap\/wp-content\/uploads\/2025\/11\/Bilder_Fix-fertig-Neujahrsgruesse_01-scaled.jpg","datePublished":"2025-11-28T08:00:52+00:00","dateModified":"2025-11-28T21:25:54+00:00","breadcrumb":{"@id":"https:\/\/www.kleinegoehre.de\/scrap\/product\/basteldatei-neujahrsgruesse-fix-fertig\/#breadcrumb"},"inLanguage":"de","potentialAction":[{"@type":"ReadAction","target":["https:\/\/www.kleinegoehre.de\/scrap\/product\/basteldatei-neujahrsgruesse-fix-fertig\/"]}]},{"@type":"ImageObject","inLanguage":"de","@id":"https:\/\/www.kleinegoehre.de\/scrap\/product\/basteldatei-neujahrsgruesse-fix-fertig\/#primaryimage","url":"https:\/\/www.kleinegoehre.de\/scrap\/wp-content\/uploads\/2025\/11\/Bilder_Fix-fertig-Neujahrsgruesse_01-scaled.jpg","contentUrl":"https:\/\/www.kleinegoehre.de\/scrap\/wp-content\/uploads\/2025\/11\/Bilder_Fix-fertig-Neujahrsgruesse_01-scaled.jpg","width":2560,"height":2539},{"@type":"BreadcrumbList","@id":"https:\/\/www.kleinegoehre.de\/scrap\/product\/basteldatei-neujahrsgruesse-fix-fertig\/#breadcrumb","itemListElement":[{"@type":"ListItem","position":1,"name":"Startseite","item":"https:\/\/www.kleinegoehre.de\/scrap\/"},{"@type":"ListItem","position":2,"name":"Shop","item":"https:\/\/www.kleinegoehre.de\/scrap\/shop\/"},{"@type":"ListItem","position":3,"name":"Basteldatei &#8220;Neujahrsgr\u00fc\u00dfe fix &amp; fertig&#8221;"}]},{"@type":"WebSite","@id":"https:\/\/www.kleinegoehre.de\/scrap\/#website","url":"https:\/\/www.kleinegoehre.de\/scrap\/","name":"kleine g\u00f6hr.e design","description":"In unser Shop auf kleinegoehre.de findet ihr Plotterdateien zu vielen verschiedenen Themen. Dazu bieten wir euch eine riesen Auswahl an digitalen Papieren.","publisher":{"@id":"https:\/\/www.kleinegoehre.de\/scrap\/#organization"},"potentialAction":[{"@type":"SearchAction","target":{"@type":"EntryPoint","urlTemplate":"https:\/\/www.kleinegoehre.de\/scrap\/?s={search_term_string}"},"query-input":{"@type":"PropertyValueSpecification","valueRequired":true,"valueName":"search_term_string"}}],"inLanguage":"de"},{"@type":"Organization","@id":"https:\/\/www.kleinegoehre.de\/scrap\/#organization","name":"kleine g\u00f6hre design","url":"https:\/\/www.kleinegoehre.de\/scrap\/","logo":{"@type":"ImageObject","inLanguage":"de","@id":"https:\/\/www.kleinegoehre.de\/scrap\/#\/schema\/logo\/image\/","url":"https:\/\/www.kleinegoehre.de\/scrap\/wp-content\/uploads\/2018\/06\/14859829_1423290007698523_869036772071302726_o.jpg","contentUrl":"https:\/\/www.kleinegoehre.de\/scrap\/wp-content\/uploads\/2018\/06\/14859829_1423290007698523_869036772071302726_o.jpg","width":1181,"height":1181,"caption":"kleine g\u00f6hre design"},"image":{"@id":"https:\/\/www.kleinegoehre.de\/scrap\/#\/schema\/logo\/image\/"},"sameAs":["https:\/\/www.facebook.com\/kleinegoehredesign\/","https:\/\/www.youtube.com\/channel\/UCZa4qAhMHSp7-gsPt9Hoy2w"]}]}},"_links":{"self":[{"href":"https:\/\/www.kleinegoehre.de\/scrap\/wp-json\/wp\/v2\/product\/463666","targetHints":{"allow":["GET"]}}],"collection":[{"href":"https:\/\/www.kleinegoehre.de\/scrap\/wp-json\/wp\/v2\/product"}],"about":[{"href":"https:\/\/www.kleinegoehre.de\/scrap\/wp-json\/wp\/v2\/types\/product"}],"replies":[{"embeddable":true,"href":"https:\/\/www.kleinegoehre.de\/scrap\/wp-json\/wp\/v2\/comments?post=463666"}],"wp:featuredmedia":[{"embeddable":true,"href":"https:\/\/www.kleinegoehre.de\/scrap\/wp-json\/wp\/v2\/media\/463670"}],"wp:attachment":[{"href":"https:\/\/www.kleinegoehre.de\/scrap\/wp-json\/wp\/v2\/media?parent=463666"}],"wp:term":[{"taxonomy":"product_brand","embeddable":true,"href":"https:\/\/www.kleinegoehre.de\/scrap\/wp-json\/wp\/v2\/product_brand?post=463666"},{"taxonomy":"product_cat","embeddable":true,"href":"https:\/\/www.kleinegoehre.de\/scrap\/wp-json\/wp\/v2\/product_cat?post=463666"},{"taxonomy":"product_tag","embeddable":true,"href":"https:\/\/www.kleinegoehre.de\/scrap\/wp-json\/wp\/v2\/product_tag?post=463666"}],"curies":[{"name":"wp","href":"https:\/\/api.w.org\/{rel}","templated":true}]}}