{"id":455581,"date":"2025-10-12T09:00:42","date_gmt":"2025-10-12T07:00:42","guid":{"rendered":"https:\/\/www.kleinegoehre.de\/scrap\/?post_type=product&#038;p=455581"},"modified":"2025-10-10T17:24:12","modified_gmt":"2025-10-10T15:24:12","slug":"3d-druck-datei-stiftebecher","status":"publish","type":"product","link":"https:\/\/www.kleinegoehre.de\/scrap\/product\/3d-druck-datei-stiftebecher\/","title":{"rendered":"3D-Druck Datei &#8211; Stiftebecher"},"content":{"rendered":"<p>Die Stiftebecher gibt es in unterschiedlichen Gr\u00f6\u00dfen und sie lassen sich ganz nach Bedarf und Belieben kombinieren. Die verschiedenen Tabletts, welche auch einzeln nutzbar sind, \u00a0k\u00f6nnt ihr entweder ebenfalls drucken oder aus den langen Buche-Kl\u00f6tzchen (21 \u00d7 8 \u00d7 278 mm) vom <a href=\"https:\/\/kloetzchenmann.de\">Kl\u00f6tzchenmann<\/a>\u00a0basteln. \ud83e\udd73\ud83d\ude0d\ud83e\udd70<br \/>\n(Kl\u00f6tzchenbedarf: 5 St\u00fcck mit 21 \u00d7 8 \u00d7 278 mm und 2 St\u00fcck, zugeschnitten auf 21 \u00d7 8 \u00d7 47 mm.)<\/p>\n<p>Und das Beste: Die Becher eignen sich nicht nur f\u00fcr Stifte, sondern auch f\u00fcr viele andere Dinge. Schaut euch unbedingt die tollen Beispiele dazu an. \ud83e\udd70\u2764\ufe0f\ud83e\udef6<\/p>\n<p>Beim Kauf der 3D Druck Datei erh\u00e4ltst du die Grafik in den Dateiformaten .STL und .3MF in einem .ZIP-Ordner verpackt. Die Dateiformate kannst Du, je nach 3D Drucker und Software, direkt in deinem Programm \u00f6ffnen.<\/p>\n","protected":false},"excerpt":{"rendered":"<p>Die Stiftebecher gibt es in unterschiedlichen Gr\u00f6\u00dfen und sie lassen sich ganz nach Bedarf und Belieben kombinieren. Die verschiedenen Tabletts, welche auch einzeln nutzbar sind, \u00a0k\u00f6nnt ihr entweder ebenfalls drucken oder aus den langen Buche-Kl\u00f6tzchen (21 \u00d7 8 \u00d7 278 mm) vom Kl\u00f6tzchenmann\u00a0basteln. \ud83e\udd73\ud83d\ude0d\ud83e\udd70 (Kl\u00f6tzchenbedarf: 5 St\u00fcck mit 21 \u00d7 8 \u00d7 278 mm und [&hellip;]<\/p>\n","protected":false},"featured_media":455594,"comment_status":"open","ping_status":"closed","template":"","meta":[],"product_brand":[],"product_cat":[1185],"product_tag":[1172,676,1228],"class_list":{"0":"post-455581","1":"product","2":"type-product","3":"status-publish","4":"has-post-thumbnail","6":"product_cat-3d-druck","7":"product_tag-3d-druck","8":"product_tag-becher","9":"product_tag-stiftebecher","11":"first","12":"instock","13":"taxable","14":"shipping-taxable","15":"purchasable","16":"product-type-variable","17":"has-default-attributes"},"yoast_head":"<!-- This site is optimized with the Yoast SEO plugin v26.4 - https:\/\/yoast.com\/wordpress\/plugins\/seo\/ -->\n<title>3D-Druck Datei - Stiftebecher - kleine g\u00f6hr.e design<\/title>\n<meta name=\"robots\" content=\"index, follow, max-snippet:-1, max-image-preview:large, max-video-preview:-1\" \/>\n<link rel=\"canonical\" href=\"https:\/\/www.kleinegoehre.de\/scrap\/product\/3d-druck-datei-stiftebecher\/\" \/>\n<meta property=\"og:locale\" content=\"de_DE\" \/>\n<meta property=\"og:type\" content=\"article\" \/>\n<meta property=\"og:title\" content=\"3D-Druck Datei - Stiftebecher - kleine g\u00f6hr.e design\" \/>\n<meta property=\"og:description\" content=\"Die Stiftebecher gibt es in unterschiedlichen Gr\u00f6\u00dfen und sie lassen sich ganz nach Bedarf und Belieben kombinieren. Die verschiedenen Tabletts, welche auch einzeln nutzbar sind, \u00a0k\u00f6nnt ihr entweder ebenfalls drucken oder aus den langen Buche-Kl\u00f6tzchen (21 \u00d7 8 \u00d7 278 mm) vom Kl\u00f6tzchenmann\u00a0basteln. \ud83e\udd73\ud83d\ude0d\ud83e\udd70 (Kl\u00f6tzchenbedarf: 5 St\u00fcck mit 21 \u00d7 8 \u00d7 278 mm und [&hellip;]\" \/>\n<meta property=\"og:url\" content=\"https:\/\/www.kleinegoehre.de\/scrap\/product\/3d-druck-datei-stiftebecher\/\" \/>\n<meta property=\"og:site_name\" content=\"kleine g\u00f6hr.e design\" \/>\n<meta property=\"article:publisher\" content=\"https:\/\/www.facebook.com\/kleinegoehredesign\/\" \/>\n<meta property=\"og:image\" content=\"https:\/\/www.kleinegoehre.de\/scrap\/wp-content\/uploads\/2025\/10\/Bilder_3D_Stiftebecher_01-scaled.jpg\" \/>\n\t<meta property=\"og:image:width\" content=\"2560\" \/>\n\t<meta property=\"og:image:height\" content=\"2539\" \/>\n\t<meta property=\"og:image:type\" content=\"image\/jpeg\" \/>\n<meta name=\"twitter:card\" content=\"summary_large_image\" \/>\n<meta name=\"twitter:label1\" content=\"Gesch\u00e4tzte Lesezeit\" \/>\n\t<meta name=\"twitter:data1\" content=\"1\u00a0Minute\" \/>\n<script type=\"application\/ld+json\" class=\"yoast-schema-graph\">{\"@context\":\"https:\/\/schema.org\",\"@graph\":[{\"@type\":\"WebPage\",\"@id\":\"https:\/\/www.kleinegoehre.de\/scrap\/product\/3d-druck-datei-stiftebecher\/\",\"url\":\"https:\/\/www.kleinegoehre.de\/scrap\/product\/3d-druck-datei-stiftebecher\/\",\"name\":\"3D-Druck Datei - Stiftebecher - kleine g\u00f6hr.e design\",\"isPartOf\":{\"@id\":\"https:\/\/www.kleinegoehre.de\/scrap\/#website\"},\"primaryImageOfPage\":{\"@id\":\"https:\/\/www.kleinegoehre.de\/scrap\/product\/3d-druck-datei-stiftebecher\/#primaryimage\"},\"image\":{\"@id\":\"https:\/\/www.kleinegoehre.de\/scrap\/product\/3d-druck-datei-stiftebecher\/#primaryimage\"},\"thumbnailUrl\":\"https:\/\/www.kleinegoehre.de\/scrap\/wp-content\/uploads\/2025\/10\/Bilder_3D_Stiftebecher_01-scaled.jpg\",\"datePublished\":\"2025-10-12T07:00:42+00:00\",\"breadcrumb\":{\"@id\":\"https:\/\/www.kleinegoehre.de\/scrap\/product\/3d-druck-datei-stiftebecher\/#breadcrumb\"},\"inLanguage\":\"de\",\"potentialAction\":[{\"@type\":\"ReadAction\",\"target\":[\"https:\/\/www.kleinegoehre.de\/scrap\/product\/3d-druck-datei-stiftebecher\/\"]}]},{\"@type\":\"ImageObject\",\"inLanguage\":\"de\",\"@id\":\"https:\/\/www.kleinegoehre.de\/scrap\/product\/3d-druck-datei-stiftebecher\/#primaryimage\",\"url\":\"https:\/\/www.kleinegoehre.de\/scrap\/wp-content\/uploads\/2025\/10\/Bilder_3D_Stiftebecher_01-scaled.jpg\",\"contentUrl\":\"https:\/\/www.kleinegoehre.de\/scrap\/wp-content\/uploads\/2025\/10\/Bilder_3D_Stiftebecher_01-scaled.jpg\",\"width\":2560,\"height\":2539},{\"@type\":\"BreadcrumbList\",\"@id\":\"https:\/\/www.kleinegoehre.de\/scrap\/product\/3d-druck-datei-stiftebecher\/#breadcrumb\",\"itemListElement\":[{\"@type\":\"ListItem\",\"position\":1,\"name\":\"Startseite\",\"item\":\"https:\/\/www.kleinegoehre.de\/scrap\/\"},{\"@type\":\"ListItem\",\"position\":2,\"name\":\"Shop\",\"item\":\"https:\/\/www.kleinegoehre.de\/scrap\/shop\/\"},{\"@type\":\"ListItem\",\"position\":3,\"name\":\"3D-Druck Datei &#8211; Stiftebecher\"}]},{\"@type\":\"WebSite\",\"@id\":\"https:\/\/www.kleinegoehre.de\/scrap\/#website\",\"url\":\"https:\/\/www.kleinegoehre.de\/scrap\/\",\"name\":\"kleine g\u00f6hr.e design\",\"description\":\"In unser Shop auf kleinegoehre.de findet ihr Plotterdateien zu vielen verschiedenen Themen. Dazu bieten wir euch eine riesen Auswahl an digitalen Papieren.\",\"publisher\":{\"@id\":\"https:\/\/www.kleinegoehre.de\/scrap\/#organization\"},\"potentialAction\":[{\"@type\":\"SearchAction\",\"target\":{\"@type\":\"EntryPoint\",\"urlTemplate\":\"https:\/\/www.kleinegoehre.de\/scrap\/?s={search_term_string}\"},\"query-input\":{\"@type\":\"PropertyValueSpecification\",\"valueRequired\":true,\"valueName\":\"search_term_string\"}}],\"inLanguage\":\"de\"},{\"@type\":\"Organization\",\"@id\":\"https:\/\/www.kleinegoehre.de\/scrap\/#organization\",\"name\":\"kleine g\u00f6hre design\",\"url\":\"https:\/\/www.kleinegoehre.de\/scrap\/\",\"logo\":{\"@type\":\"ImageObject\",\"inLanguage\":\"de\",\"@id\":\"https:\/\/www.kleinegoehre.de\/scrap\/#\/schema\/logo\/image\/\",\"url\":\"https:\/\/www.kleinegoehre.de\/scrap\/wp-content\/uploads\/2018\/06\/14859829_1423290007698523_869036772071302726_o.jpg\",\"contentUrl\":\"https:\/\/www.kleinegoehre.de\/scrap\/wp-content\/uploads\/2018\/06\/14859829_1423290007698523_869036772071302726_o.jpg\",\"width\":1181,\"height\":1181,\"caption\":\"kleine g\u00f6hre design\"},\"image\":{\"@id\":\"https:\/\/www.kleinegoehre.de\/scrap\/#\/schema\/logo\/image\/\"},\"sameAs\":[\"https:\/\/www.facebook.com\/kleinegoehredesign\/\",\"https:\/\/www.youtube.com\/channel\/UCZa4qAhMHSp7-gsPt9Hoy2w\"]}]}<\/script>\n<!-- \/ Yoast SEO plugin. -->","yoast_head_json":{"title":"3D-Druck Datei - Stiftebecher - kleine g\u00f6hr.e design","robots":{"index":"index","follow":"follow","max-snippet":"max-snippet:-1","max-image-preview":"max-image-preview:large","max-video-preview":"max-video-preview:-1"},"canonical":"https:\/\/www.kleinegoehre.de\/scrap\/product\/3d-druck-datei-stiftebecher\/","og_locale":"de_DE","og_type":"article","og_title":"3D-Druck Datei - Stiftebecher - kleine g\u00f6hr.e design","og_description":"Die Stiftebecher gibt es in unterschiedlichen Gr\u00f6\u00dfen und sie lassen sich ganz nach Bedarf und Belieben kombinieren. Die verschiedenen Tabletts, welche auch einzeln nutzbar sind, \u00a0k\u00f6nnt ihr entweder ebenfalls drucken oder aus den langen Buche-Kl\u00f6tzchen (21 \u00d7 8 \u00d7 278 mm) vom Kl\u00f6tzchenmann\u00a0basteln. \ud83e\udd73\ud83d\ude0d\ud83e\udd70 (Kl\u00f6tzchenbedarf: 5 St\u00fcck mit 21 \u00d7 8 \u00d7 278 mm und [&hellip;]","og_url":"https:\/\/www.kleinegoehre.de\/scrap\/product\/3d-druck-datei-stiftebecher\/","og_site_name":"kleine g\u00f6hr.e design","article_publisher":"https:\/\/www.facebook.com\/kleinegoehredesign\/","og_image":[{"width":2560,"height":2539,"url":"https:\/\/www.kleinegoehre.de\/scrap\/wp-content\/uploads\/2025\/10\/Bilder_3D_Stiftebecher_01-scaled.jpg","type":"image\/jpeg"}],"twitter_card":"summary_large_image","twitter_misc":{"Gesch\u00e4tzte Lesezeit":"1\u00a0Minute"},"schema":{"@context":"https:\/\/schema.org","@graph":[{"@type":"WebPage","@id":"https:\/\/www.kleinegoehre.de\/scrap\/product\/3d-druck-datei-stiftebecher\/","url":"https:\/\/www.kleinegoehre.de\/scrap\/product\/3d-druck-datei-stiftebecher\/","name":"3D-Druck Datei - Stiftebecher - kleine g\u00f6hr.e design","isPartOf":{"@id":"https:\/\/www.kleinegoehre.de\/scrap\/#website"},"primaryImageOfPage":{"@id":"https:\/\/www.kleinegoehre.de\/scrap\/product\/3d-druck-datei-stiftebecher\/#primaryimage"},"image":{"@id":"https:\/\/www.kleinegoehre.de\/scrap\/product\/3d-druck-datei-stiftebecher\/#primaryimage"},"thumbnailUrl":"https:\/\/www.kleinegoehre.de\/scrap\/wp-content\/uploads\/2025\/10\/Bilder_3D_Stiftebecher_01-scaled.jpg","datePublished":"2025-10-12T07:00:42+00:00","breadcrumb":{"@id":"https:\/\/www.kleinegoehre.de\/scrap\/product\/3d-druck-datei-stiftebecher\/#breadcrumb"},"inLanguage":"de","potentialAction":[{"@type":"ReadAction","target":["https:\/\/www.kleinegoehre.de\/scrap\/product\/3d-druck-datei-stiftebecher\/"]}]},{"@type":"ImageObject","inLanguage":"de","@id":"https:\/\/www.kleinegoehre.de\/scrap\/product\/3d-druck-datei-stiftebecher\/#primaryimage","url":"https:\/\/www.kleinegoehre.de\/scrap\/wp-content\/uploads\/2025\/10\/Bilder_3D_Stiftebecher_01-scaled.jpg","contentUrl":"https:\/\/www.kleinegoehre.de\/scrap\/wp-content\/uploads\/2025\/10\/Bilder_3D_Stiftebecher_01-scaled.jpg","width":2560,"height":2539},{"@type":"BreadcrumbList","@id":"https:\/\/www.kleinegoehre.de\/scrap\/product\/3d-druck-datei-stiftebecher\/#breadcrumb","itemListElement":[{"@type":"ListItem","position":1,"name":"Startseite","item":"https:\/\/www.kleinegoehre.de\/scrap\/"},{"@type":"ListItem","position":2,"name":"Shop","item":"https:\/\/www.kleinegoehre.de\/scrap\/shop\/"},{"@type":"ListItem","position":3,"name":"3D-Druck Datei &#8211; Stiftebecher"}]},{"@type":"WebSite","@id":"https:\/\/www.kleinegoehre.de\/scrap\/#website","url":"https:\/\/www.kleinegoehre.de\/scrap\/","name":"kleine g\u00f6hr.e design","description":"In unser Shop auf kleinegoehre.de findet ihr Plotterdateien zu vielen verschiedenen Themen. Dazu bieten wir euch eine riesen Auswahl an digitalen Papieren.","publisher":{"@id":"https:\/\/www.kleinegoehre.de\/scrap\/#organization"},"potentialAction":[{"@type":"SearchAction","target":{"@type":"EntryPoint","urlTemplate":"https:\/\/www.kleinegoehre.de\/scrap\/?s={search_term_string}"},"query-input":{"@type":"PropertyValueSpecification","valueRequired":true,"valueName":"search_term_string"}}],"inLanguage":"de"},{"@type":"Organization","@id":"https:\/\/www.kleinegoehre.de\/scrap\/#organization","name":"kleine g\u00f6hre design","url":"https:\/\/www.kleinegoehre.de\/scrap\/","logo":{"@type":"ImageObject","inLanguage":"de","@id":"https:\/\/www.kleinegoehre.de\/scrap\/#\/schema\/logo\/image\/","url":"https:\/\/www.kleinegoehre.de\/scrap\/wp-content\/uploads\/2018\/06\/14859829_1423290007698523_869036772071302726_o.jpg","contentUrl":"https:\/\/www.kleinegoehre.de\/scrap\/wp-content\/uploads\/2018\/06\/14859829_1423290007698523_869036772071302726_o.jpg","width":1181,"height":1181,"caption":"kleine g\u00f6hre design"},"image":{"@id":"https:\/\/www.kleinegoehre.de\/scrap\/#\/schema\/logo\/image\/"},"sameAs":["https:\/\/www.facebook.com\/kleinegoehredesign\/","https:\/\/www.youtube.com\/channel\/UCZa4qAhMHSp7-gsPt9Hoy2w"]}]}},"_links":{"self":[{"href":"https:\/\/www.kleinegoehre.de\/scrap\/wp-json\/wp\/v2\/product\/455581","targetHints":{"allow":["GET"]}}],"collection":[{"href":"https:\/\/www.kleinegoehre.de\/scrap\/wp-json\/wp\/v2\/product"}],"about":[{"href":"https:\/\/www.kleinegoehre.de\/scrap\/wp-json\/wp\/v2\/types\/product"}],"replies":[{"embeddable":true,"href":"https:\/\/www.kleinegoehre.de\/scrap\/wp-json\/wp\/v2\/comments?post=455581"}],"wp:featuredmedia":[{"embeddable":true,"href":"https:\/\/www.kleinegoehre.de\/scrap\/wp-json\/wp\/v2\/media\/455594"}],"wp:attachment":[{"href":"https:\/\/www.kleinegoehre.de\/scrap\/wp-json\/wp\/v2\/media?parent=455581"}],"wp:term":[{"taxonomy":"product_brand","embeddable":true,"href":"https:\/\/www.kleinegoehre.de\/scrap\/wp-json\/wp\/v2\/product_brand?post=455581"},{"taxonomy":"product_cat","embeddable":true,"href":"https:\/\/www.kleinegoehre.de\/scrap\/wp-json\/wp\/v2\/product_cat?post=455581"},{"taxonomy":"product_tag","embeddable":true,"href":"https:\/\/www.kleinegoehre.de\/scrap\/wp-json\/wp\/v2\/product_tag?post=455581"}],"curies":[{"name":"wp","href":"https:\/\/api.w.org\/{rel}","templated":true}]}}