{"id":452609,"date":"2025-09-23T09:00:52","date_gmt":"2025-09-23T07:00:52","guid":{"rendered":"https:\/\/www.kleinegoehre.de\/scrap\/?post_type=product&#038;p=452609"},"modified":"2025-09-22T22:04:08","modified_gmt":"2025-09-22T20:04:08","slug":"3d-druck-datei-kloetzchentexte-geburtstag","status":"publish","type":"product","link":"https:\/\/www.kleinegoehre.de\/scrap\/product\/3d-druck-datei-kloetzchentexte-geburtstag\/","title":{"rendered":"3D-Druck Datei &#8211; Kl\u00f6tzchentexte Geburtstag"},"content":{"rendered":"<p>Unsere Kl\u00f6tzchentexte zum Thema Geburtstag in 4mm und 8mm, passend zu den Kl\u00f6tzchen vom <a href=\"https:\/\/kloetzchenmann.de\/?gad_source=1&amp;gad_campaignid=22698309305&amp;gbraid=0AAAAAoW4NNV73EG7BGdY34Uh7_Ii_ZwdV&amp;gclid=EAIaIQobChMIs6LlrJDtjwMVErGDBx035TzJEAAYASAAEgIX-_D_BwE\">Kl\u00f6tzchenmann<\/a>.<\/p>\n<p>Mit enthalten in diesem Set sind die DXF, PNG und SVG Dateien. Somit kann das Set auch mit dem Plotter und dem Laser genutzt werden.<\/p>\n<p>Beim Kauf der 3D Druck Datei erh\u00e4ltst du die Grafik in den Dateiformaten .STL in einem .ZIP-Ordner verpackt. Die Dateiformate kannst Du, je nach 3D Drucker und Software, direkt in deinem Programm \u00f6ffnen.<\/p>\n","protected":false},"excerpt":{"rendered":"<p>Unsere Kl\u00f6tzchentexte zum Thema Geburtstag in 4mm und 8mm, passend zu den Kl\u00f6tzchen vom Kl\u00f6tzchenmann. Mit enthalten in diesem Set sind die DXF, PNG und SVG Dateien. Somit kann das Set auch mit dem Plotter und dem Laser genutzt werden. Beim Kauf der 3D Druck Datei erh\u00e4ltst du die Grafik in den Dateiformaten .STL in [&hellip;]<\/p>\n","protected":false},"featured_media":452614,"comment_status":"open","ping_status":"closed","template":"","meta":[],"product_brand":[],"product_cat":[1185],"product_tag":[1172,1176,36,437,1019,1175,37],"class_list":{"0":"post-452609","1":"product","2":"type-product","3":"status-publish","4":"has-post-thumbnail","6":"product_cat-3d-druck","7":"product_tag-3d-druck","8":"product_tag-bastelkloetzchen","9":"product_tag-geburtstag","10":"product_tag-holz","11":"product_tag-kloetzchen","12":"product_tag-kloetzchenmann","13":"product_tag-party","15":"first","16":"instock","17":"taxable","18":"shipping-taxable","19":"purchasable","20":"product-type-variable","21":"has-default-attributes"},"yoast_head":"<!-- This site is optimized with the Yoast SEO plugin v26.4 - https:\/\/yoast.com\/wordpress\/plugins\/seo\/ -->\n<title>3D-Druck Datei - Kl\u00f6tzchentexte Geburtstag - kleine g\u00f6hr.e design<\/title>\n<meta name=\"robots\" content=\"index, follow, max-snippet:-1, max-image-preview:large, max-video-preview:-1\" \/>\n<link rel=\"canonical\" href=\"https:\/\/www.kleinegoehre.de\/scrap\/product\/3d-druck-datei-kloetzchentexte-geburtstag\/\" \/>\n<meta property=\"og:locale\" content=\"de_DE\" \/>\n<meta property=\"og:type\" content=\"article\" \/>\n<meta property=\"og:title\" content=\"3D-Druck Datei - Kl\u00f6tzchentexte Geburtstag - kleine g\u00f6hr.e design\" \/>\n<meta property=\"og:description\" content=\"Unsere Kl\u00f6tzchentexte zum Thema Geburtstag in 4mm und 8mm, passend zu den Kl\u00f6tzchen vom Kl\u00f6tzchenmann. Mit enthalten in diesem Set sind die DXF, PNG und SVG Dateien. Somit kann das Set auch mit dem Plotter und dem Laser genutzt werden. Beim Kauf der 3D Druck Datei erh\u00e4ltst du die Grafik in den Dateiformaten .STL in [&hellip;]\" \/>\n<meta property=\"og:url\" content=\"https:\/\/www.kleinegoehre.de\/scrap\/product\/3d-druck-datei-kloetzchentexte-geburtstag\/\" \/>\n<meta property=\"og:site_name\" content=\"kleine g\u00f6hr.e design\" \/>\n<meta property=\"article:publisher\" content=\"https:\/\/www.facebook.com\/kleinegoehredesign\/\" \/>\n<meta property=\"og:image\" content=\"https:\/\/www.kleinegoehre.de\/scrap\/wp-content\/uploads\/2025\/09\/Bilder_Kloetzchentexte_Geburtstag_01.jpg\" \/>\n\t<meta property=\"og:image:width\" content=\"1067\" \/>\n\t<meta property=\"og:image:height\" content=\"1115\" \/>\n\t<meta property=\"og:image:type\" content=\"image\/jpeg\" \/>\n<meta name=\"twitter:card\" content=\"summary_large_image\" \/>\n<meta name=\"twitter:label1\" content=\"Gesch\u00e4tzte Lesezeit\" \/>\n\t<meta name=\"twitter:data1\" content=\"1\u00a0Minute\" \/>\n<script type=\"application\/ld+json\" class=\"yoast-schema-graph\">{\"@context\":\"https:\/\/schema.org\",\"@graph\":[{\"@type\":\"WebPage\",\"@id\":\"https:\/\/www.kleinegoehre.de\/scrap\/product\/3d-druck-datei-kloetzchentexte-geburtstag\/\",\"url\":\"https:\/\/www.kleinegoehre.de\/scrap\/product\/3d-druck-datei-kloetzchentexte-geburtstag\/\",\"name\":\"3D-Druck Datei - Kl\u00f6tzchentexte Geburtstag - kleine g\u00f6hr.e design\",\"isPartOf\":{\"@id\":\"https:\/\/www.kleinegoehre.de\/scrap\/#website\"},\"primaryImageOfPage\":{\"@id\":\"https:\/\/www.kleinegoehre.de\/scrap\/product\/3d-druck-datei-kloetzchentexte-geburtstag\/#primaryimage\"},\"image\":{\"@id\":\"https:\/\/www.kleinegoehre.de\/scrap\/product\/3d-druck-datei-kloetzchentexte-geburtstag\/#primaryimage\"},\"thumbnailUrl\":\"https:\/\/www.kleinegoehre.de\/scrap\/wp-content\/uploads\/2025\/09\/Bilder_Kloetzchentexte_Geburtstag_01.jpg\",\"datePublished\":\"2025-09-23T07:00:52+00:00\",\"breadcrumb\":{\"@id\":\"https:\/\/www.kleinegoehre.de\/scrap\/product\/3d-druck-datei-kloetzchentexte-geburtstag\/#breadcrumb\"},\"inLanguage\":\"de\",\"potentialAction\":[{\"@type\":\"ReadAction\",\"target\":[\"https:\/\/www.kleinegoehre.de\/scrap\/product\/3d-druck-datei-kloetzchentexte-geburtstag\/\"]}]},{\"@type\":\"ImageObject\",\"inLanguage\":\"de\",\"@id\":\"https:\/\/www.kleinegoehre.de\/scrap\/product\/3d-druck-datei-kloetzchentexte-geburtstag\/#primaryimage\",\"url\":\"https:\/\/www.kleinegoehre.de\/scrap\/wp-content\/uploads\/2025\/09\/Bilder_Kloetzchentexte_Geburtstag_01.jpg\",\"contentUrl\":\"https:\/\/www.kleinegoehre.de\/scrap\/wp-content\/uploads\/2025\/09\/Bilder_Kloetzchentexte_Geburtstag_01.jpg\",\"width\":1067,\"height\":1115},{\"@type\":\"BreadcrumbList\",\"@id\":\"https:\/\/www.kleinegoehre.de\/scrap\/product\/3d-druck-datei-kloetzchentexte-geburtstag\/#breadcrumb\",\"itemListElement\":[{\"@type\":\"ListItem\",\"position\":1,\"name\":\"Startseite\",\"item\":\"https:\/\/www.kleinegoehre.de\/scrap\/\"},{\"@type\":\"ListItem\",\"position\":2,\"name\":\"Shop\",\"item\":\"https:\/\/www.kleinegoehre.de\/scrap\/shop\/\"},{\"@type\":\"ListItem\",\"position\":3,\"name\":\"3D-Druck Datei &#8211; Kl\u00f6tzchentexte Geburtstag\"}]},{\"@type\":\"WebSite\",\"@id\":\"https:\/\/www.kleinegoehre.de\/scrap\/#website\",\"url\":\"https:\/\/www.kleinegoehre.de\/scrap\/\",\"name\":\"kleine g\u00f6hr.e design\",\"description\":\"In unser Shop auf kleinegoehre.de findet ihr Plotterdateien zu vielen verschiedenen Themen. Dazu bieten wir euch eine riesen Auswahl an digitalen Papieren.\",\"publisher\":{\"@id\":\"https:\/\/www.kleinegoehre.de\/scrap\/#organization\"},\"potentialAction\":[{\"@type\":\"SearchAction\",\"target\":{\"@type\":\"EntryPoint\",\"urlTemplate\":\"https:\/\/www.kleinegoehre.de\/scrap\/?s={search_term_string}\"},\"query-input\":{\"@type\":\"PropertyValueSpecification\",\"valueRequired\":true,\"valueName\":\"search_term_string\"}}],\"inLanguage\":\"de\"},{\"@type\":\"Organization\",\"@id\":\"https:\/\/www.kleinegoehre.de\/scrap\/#organization\",\"name\":\"kleine g\u00f6hre design\",\"url\":\"https:\/\/www.kleinegoehre.de\/scrap\/\",\"logo\":{\"@type\":\"ImageObject\",\"inLanguage\":\"de\",\"@id\":\"https:\/\/www.kleinegoehre.de\/scrap\/#\/schema\/logo\/image\/\",\"url\":\"https:\/\/www.kleinegoehre.de\/scrap\/wp-content\/uploads\/2018\/06\/14859829_1423290007698523_869036772071302726_o.jpg\",\"contentUrl\":\"https:\/\/www.kleinegoehre.de\/scrap\/wp-content\/uploads\/2018\/06\/14859829_1423290007698523_869036772071302726_o.jpg\",\"width\":1181,\"height\":1181,\"caption\":\"kleine g\u00f6hre design\"},\"image\":{\"@id\":\"https:\/\/www.kleinegoehre.de\/scrap\/#\/schema\/logo\/image\/\"},\"sameAs\":[\"https:\/\/www.facebook.com\/kleinegoehredesign\/\",\"https:\/\/www.youtube.com\/channel\/UCZa4qAhMHSp7-gsPt9Hoy2w\"]}]}<\/script>\n<!-- \/ Yoast SEO plugin. -->","yoast_head_json":{"title":"3D-Druck Datei - Kl\u00f6tzchentexte Geburtstag - kleine g\u00f6hr.e design","robots":{"index":"index","follow":"follow","max-snippet":"max-snippet:-1","max-image-preview":"max-image-preview:large","max-video-preview":"max-video-preview:-1"},"canonical":"https:\/\/www.kleinegoehre.de\/scrap\/product\/3d-druck-datei-kloetzchentexte-geburtstag\/","og_locale":"de_DE","og_type":"article","og_title":"3D-Druck Datei - Kl\u00f6tzchentexte Geburtstag - kleine g\u00f6hr.e design","og_description":"Unsere Kl\u00f6tzchentexte zum Thema Geburtstag in 4mm und 8mm, passend zu den Kl\u00f6tzchen vom Kl\u00f6tzchenmann. Mit enthalten in diesem Set sind die DXF, PNG und SVG Dateien. Somit kann das Set auch mit dem Plotter und dem Laser genutzt werden. Beim Kauf der 3D Druck Datei erh\u00e4ltst du die Grafik in den Dateiformaten .STL in [&hellip;]","og_url":"https:\/\/www.kleinegoehre.de\/scrap\/product\/3d-druck-datei-kloetzchentexte-geburtstag\/","og_site_name":"kleine g\u00f6hr.e design","article_publisher":"https:\/\/www.facebook.com\/kleinegoehredesign\/","og_image":[{"width":1067,"height":1115,"url":"https:\/\/www.kleinegoehre.de\/scrap\/wp-content\/uploads\/2025\/09\/Bilder_Kloetzchentexte_Geburtstag_01.jpg","type":"image\/jpeg"}],"twitter_card":"summary_large_image","twitter_misc":{"Gesch\u00e4tzte Lesezeit":"1\u00a0Minute"},"schema":{"@context":"https:\/\/schema.org","@graph":[{"@type":"WebPage","@id":"https:\/\/www.kleinegoehre.de\/scrap\/product\/3d-druck-datei-kloetzchentexte-geburtstag\/","url":"https:\/\/www.kleinegoehre.de\/scrap\/product\/3d-druck-datei-kloetzchentexte-geburtstag\/","name":"3D-Druck Datei - Kl\u00f6tzchentexte Geburtstag - kleine g\u00f6hr.e design","isPartOf":{"@id":"https:\/\/www.kleinegoehre.de\/scrap\/#website"},"primaryImageOfPage":{"@id":"https:\/\/www.kleinegoehre.de\/scrap\/product\/3d-druck-datei-kloetzchentexte-geburtstag\/#primaryimage"},"image":{"@id":"https:\/\/www.kleinegoehre.de\/scrap\/product\/3d-druck-datei-kloetzchentexte-geburtstag\/#primaryimage"},"thumbnailUrl":"https:\/\/www.kleinegoehre.de\/scrap\/wp-content\/uploads\/2025\/09\/Bilder_Kloetzchentexte_Geburtstag_01.jpg","datePublished":"2025-09-23T07:00:52+00:00","breadcrumb":{"@id":"https:\/\/www.kleinegoehre.de\/scrap\/product\/3d-druck-datei-kloetzchentexte-geburtstag\/#breadcrumb"},"inLanguage":"de","potentialAction":[{"@type":"ReadAction","target":["https:\/\/www.kleinegoehre.de\/scrap\/product\/3d-druck-datei-kloetzchentexte-geburtstag\/"]}]},{"@type":"ImageObject","inLanguage":"de","@id":"https:\/\/www.kleinegoehre.de\/scrap\/product\/3d-druck-datei-kloetzchentexte-geburtstag\/#primaryimage","url":"https:\/\/www.kleinegoehre.de\/scrap\/wp-content\/uploads\/2025\/09\/Bilder_Kloetzchentexte_Geburtstag_01.jpg","contentUrl":"https:\/\/www.kleinegoehre.de\/scrap\/wp-content\/uploads\/2025\/09\/Bilder_Kloetzchentexte_Geburtstag_01.jpg","width":1067,"height":1115},{"@type":"BreadcrumbList","@id":"https:\/\/www.kleinegoehre.de\/scrap\/product\/3d-druck-datei-kloetzchentexte-geburtstag\/#breadcrumb","itemListElement":[{"@type":"ListItem","position":1,"name":"Startseite","item":"https:\/\/www.kleinegoehre.de\/scrap\/"},{"@type":"ListItem","position":2,"name":"Shop","item":"https:\/\/www.kleinegoehre.de\/scrap\/shop\/"},{"@type":"ListItem","position":3,"name":"3D-Druck Datei &#8211; Kl\u00f6tzchentexte Geburtstag"}]},{"@type":"WebSite","@id":"https:\/\/www.kleinegoehre.de\/scrap\/#website","url":"https:\/\/www.kleinegoehre.de\/scrap\/","name":"kleine g\u00f6hr.e design","description":"In unser Shop auf kleinegoehre.de findet ihr Plotterdateien zu vielen verschiedenen Themen. Dazu bieten wir euch eine riesen Auswahl an digitalen Papieren.","publisher":{"@id":"https:\/\/www.kleinegoehre.de\/scrap\/#organization"},"potentialAction":[{"@type":"SearchAction","target":{"@type":"EntryPoint","urlTemplate":"https:\/\/www.kleinegoehre.de\/scrap\/?s={search_term_string}"},"query-input":{"@type":"PropertyValueSpecification","valueRequired":true,"valueName":"search_term_string"}}],"inLanguage":"de"},{"@type":"Organization","@id":"https:\/\/www.kleinegoehre.de\/scrap\/#organization","name":"kleine g\u00f6hre design","url":"https:\/\/www.kleinegoehre.de\/scrap\/","logo":{"@type":"ImageObject","inLanguage":"de","@id":"https:\/\/www.kleinegoehre.de\/scrap\/#\/schema\/logo\/image\/","url":"https:\/\/www.kleinegoehre.de\/scrap\/wp-content\/uploads\/2018\/06\/14859829_1423290007698523_869036772071302726_o.jpg","contentUrl":"https:\/\/www.kleinegoehre.de\/scrap\/wp-content\/uploads\/2018\/06\/14859829_1423290007698523_869036772071302726_o.jpg","width":1181,"height":1181,"caption":"kleine g\u00f6hre design"},"image":{"@id":"https:\/\/www.kleinegoehre.de\/scrap\/#\/schema\/logo\/image\/"},"sameAs":["https:\/\/www.facebook.com\/kleinegoehredesign\/","https:\/\/www.youtube.com\/channel\/UCZa4qAhMHSp7-gsPt9Hoy2w"]}]}},"_links":{"self":[{"href":"https:\/\/www.kleinegoehre.de\/scrap\/wp-json\/wp\/v2\/product\/452609","targetHints":{"allow":["GET"]}}],"collection":[{"href":"https:\/\/www.kleinegoehre.de\/scrap\/wp-json\/wp\/v2\/product"}],"about":[{"href":"https:\/\/www.kleinegoehre.de\/scrap\/wp-json\/wp\/v2\/types\/product"}],"replies":[{"embeddable":true,"href":"https:\/\/www.kleinegoehre.de\/scrap\/wp-json\/wp\/v2\/comments?post=452609"}],"wp:featuredmedia":[{"embeddable":true,"href":"https:\/\/www.kleinegoehre.de\/scrap\/wp-json\/wp\/v2\/media\/452614"}],"wp:attachment":[{"href":"https:\/\/www.kleinegoehre.de\/scrap\/wp-json\/wp\/v2\/media?parent=452609"}],"wp:term":[{"taxonomy":"product_brand","embeddable":true,"href":"https:\/\/www.kleinegoehre.de\/scrap\/wp-json\/wp\/v2\/product_brand?post=452609"},{"taxonomy":"product_cat","embeddable":true,"href":"https:\/\/www.kleinegoehre.de\/scrap\/wp-json\/wp\/v2\/product_cat?post=452609"},{"taxonomy":"product_tag","embeddable":true,"href":"https:\/\/www.kleinegoehre.de\/scrap\/wp-json\/wp\/v2\/product_tag?post=452609"}],"curies":[{"name":"wp","href":"https:\/\/api.w.org\/{rel}","templated":true}]}}