{"id":447730,"date":"2025-08-07T21:13:14","date_gmt":"2025-08-07T19:13:14","guid":{"rendered":"https:\/\/www.kleinegoehre.de\/scrap\/?post_type=product&#038;p=447730"},"modified":"2025-08-08T15:08:41","modified_gmt":"2025-08-08T13:08:41","slug":"3d-druck-datei-etagerenhaeuser","status":"publish","type":"product","link":"https:\/\/www.kleinegoehre.de\/scrap\/product\/3d-druck-datei-etagerenhaeuser\/","title":{"rendered":"3D-Druck Datei &#8211; Etagerenh\u00e4user"},"content":{"rendered":"<p><span id=\"wpaicg-chat-message-29577\" class=\"wpaicg-chat-message\" style=\"font-size: 1rem\"><span id=\"wpaicg-chat-message-51364\" class=\"wpaicg-chat-message\">Endlich gibt es unsere Etagerenh\u00e4user nicht nur f\u00fcr den Laser, sondern auch f\u00fcr den 3D-Drucker. Und das Beste daran: Dank eines versteckten Stegs muss nichts mehr geschraubt oder genagelt werden. So wird der Aufbau noch einfacher und schneller. <\/span>F\u00fcr die kleinen Etageren ben\u00f6tigt ihr mindestens 6 Kl\u00f6tzchen, w\u00e4hrend f\u00fcr die gro\u00dfen Etageren mindestens 12 Kl\u00f6tzchen erforderlich sind. Falls ihr euch entscheidet, anstelle einer Etagere ein Geschenkk\u00f6rbchen daraus zu basteln, braucht ihr nat\u00fcrlich entsprechend mehr Kl\u00f6tzchen. <\/span><span id=\"wpaicg-chat-message-29577\" class=\"wpaicg-chat-message\" style=\"font-size: 1rem\">Viel Spa\u00df beim Basteln!<\/span><\/p>\n<p>Unsere Etageren-Seitenteile passen zu folgenden Kl\u00f6tzchen vom <a href=\"https:\/\/kloetzchenmann.de\/\">Kl\u00f6tzchenmann<\/a>:<\/p>\n<ul>\n<li>Standard-Kl\u00f6tzchen mit 22 x 8 x &#8230; mm und<\/li>\n<li>Buche-Kl\u00f6tzchen 21 x 8 x &#8230; mm<\/li>\n<\/ul>\n<p>Beim Kauf der 3D Druck Datei erh\u00e4ltst du die Grafik in den Dateiformaten .STL in einem .ZIP-Ordner verpackt. Die Dateiformate kannst Du, je nach 3D Drucker und Software, direkt in deinem Programm \u00f6ffnen.<\/p>\n<p><strong>Druckempfehlungen:<\/strong><\/p>\n<ul>\n<li>Schichth\u00f6he: 0,2mm empfohlen<\/li>\n<li>Infill: 10\u201320% (je nach Modell und Belastung)<\/li>\n<li>St\u00fctzstruktur: Nur falls im Modell explizit erforderlich<\/li>\n<li>Material: PLA oder je nach Bedarf<\/li>\n<li>Empfohlene Deck- Bodenschichten: 6<\/li>\n<\/ul>\n<p>Info: F\u00fcr die gro\u00dfen Etageren wird ein Druckbett von min. 256 mm x 256 mm ben\u00f6tigt.<\/p>\n","protected":false},"excerpt":{"rendered":"<p>Endlich gibt es unsere Etagerenh\u00e4user nicht nur f\u00fcr den Laser, sondern auch f\u00fcr den 3D-Drucker. Und das Beste daran: Dank eines versteckten Stegs muss nichts mehr geschraubt oder genagelt werden. So wird der Aufbau noch einfacher und schneller. F\u00fcr die kleinen Etageren ben\u00f6tigt ihr mindestens 6 Kl\u00f6tzchen, w\u00e4hrend f\u00fcr die gro\u00dfen Etageren mindestens 12 Kl\u00f6tzchen [&hellip;]<\/p>\n","protected":false},"featured_media":447733,"comment_status":"open","ping_status":"closed","template":"","meta":[],"product_brand":[],"product_cat":[1185],"product_tag":[1172,1176,1200,1201,1194,77,437,1019,1175],"class_list":{"0":"post-447730","1":"product","2":"type-product","3":"status-publish","4":"has-post-thumbnail","6":"product_cat-3d-druck","7":"product_tag-3d-druck","8":"product_tag-bastelkloetzchen","9":"product_tag-etagere","10":"product_tag-etagerenhaeuser","11":"product_tag-genussmomente","12":"product_tag-geschenk","13":"product_tag-holz","14":"product_tag-kloetzchen","15":"product_tag-kloetzchenmann","17":"first","18":"instock","19":"taxable","20":"shipping-taxable","21":"purchasable","22":"product-type-variable","23":"has-default-attributes"},"yoast_head":"<!-- This site is optimized with the Yoast SEO plugin v26.4 - https:\/\/yoast.com\/wordpress\/plugins\/seo\/ -->\n<title>3D-Druck Datei - Etagerenh\u00e4user - kleine g\u00f6hr.e design<\/title>\n<meta name=\"robots\" content=\"index, follow, max-snippet:-1, max-image-preview:large, max-video-preview:-1\" \/>\n<link rel=\"canonical\" href=\"https:\/\/www.kleinegoehre.de\/scrap\/product\/3d-druck-datei-etagerenhaeuser\/\" \/>\n<meta property=\"og:locale\" content=\"de_DE\" \/>\n<meta property=\"og:type\" content=\"article\" \/>\n<meta property=\"og:title\" content=\"3D-Druck Datei - Etagerenh\u00e4user - kleine g\u00f6hr.e design\" \/>\n<meta property=\"og:description\" content=\"Endlich gibt es unsere Etagerenh\u00e4user nicht nur f\u00fcr den Laser, sondern auch f\u00fcr den 3D-Drucker. Und das Beste daran: Dank eines versteckten Stegs muss nichts mehr geschraubt oder genagelt werden. So wird der Aufbau noch einfacher und schneller. F\u00fcr die kleinen Etageren ben\u00f6tigt ihr mindestens 6 Kl\u00f6tzchen, w\u00e4hrend f\u00fcr die gro\u00dfen Etageren mindestens 12 Kl\u00f6tzchen [&hellip;]\" \/>\n<meta property=\"og:url\" content=\"https:\/\/www.kleinegoehre.de\/scrap\/product\/3d-druck-datei-etagerenhaeuser\/\" \/>\n<meta property=\"og:site_name\" content=\"kleine g\u00f6hr.e design\" \/>\n<meta property=\"article:publisher\" content=\"https:\/\/www.facebook.com\/kleinegoehredesign\/\" \/>\n<meta property=\"article:modified_time\" content=\"2025-08-08T13:08:41+00:00\" \/>\n<meta property=\"og:image\" content=\"https:\/\/www.kleinegoehre.de\/scrap\/wp-content\/uploads\/2025\/08\/Vorschau_Etagerenhaeuschen-3D-scaled.jpg\" \/>\n\t<meta property=\"og:image:width\" content=\"2560\" \/>\n\t<meta property=\"og:image:height\" content=\"2539\" \/>\n\t<meta property=\"og:image:type\" content=\"image\/jpeg\" \/>\n<meta name=\"twitter:card\" content=\"summary_large_image\" \/>\n<meta name=\"twitter:label1\" content=\"Gesch\u00e4tzte Lesezeit\" \/>\n\t<meta name=\"twitter:data1\" content=\"2\u00a0Minuten\" \/>\n<script type=\"application\/ld+json\" class=\"yoast-schema-graph\">{\"@context\":\"https:\/\/schema.org\",\"@graph\":[{\"@type\":\"WebPage\",\"@id\":\"https:\/\/www.kleinegoehre.de\/scrap\/product\/3d-druck-datei-etagerenhaeuser\/\",\"url\":\"https:\/\/www.kleinegoehre.de\/scrap\/product\/3d-druck-datei-etagerenhaeuser\/\",\"name\":\"3D-Druck Datei - Etagerenh\u00e4user - kleine g\u00f6hr.e design\",\"isPartOf\":{\"@id\":\"https:\/\/www.kleinegoehre.de\/scrap\/#website\"},\"primaryImageOfPage\":{\"@id\":\"https:\/\/www.kleinegoehre.de\/scrap\/product\/3d-druck-datei-etagerenhaeuser\/#primaryimage\"},\"image\":{\"@id\":\"https:\/\/www.kleinegoehre.de\/scrap\/product\/3d-druck-datei-etagerenhaeuser\/#primaryimage\"},\"thumbnailUrl\":\"https:\/\/www.kleinegoehre.de\/scrap\/wp-content\/uploads\/2025\/08\/Vorschau_Etagerenhaeuschen-3D-scaled.jpg\",\"datePublished\":\"2025-08-07T19:13:14+00:00\",\"dateModified\":\"2025-08-08T13:08:41+00:00\",\"breadcrumb\":{\"@id\":\"https:\/\/www.kleinegoehre.de\/scrap\/product\/3d-druck-datei-etagerenhaeuser\/#breadcrumb\"},\"inLanguage\":\"de\",\"potentialAction\":[{\"@type\":\"ReadAction\",\"target\":[\"https:\/\/www.kleinegoehre.de\/scrap\/product\/3d-druck-datei-etagerenhaeuser\/\"]}]},{\"@type\":\"ImageObject\",\"inLanguage\":\"de\",\"@id\":\"https:\/\/www.kleinegoehre.de\/scrap\/product\/3d-druck-datei-etagerenhaeuser\/#primaryimage\",\"url\":\"https:\/\/www.kleinegoehre.de\/scrap\/wp-content\/uploads\/2025\/08\/Vorschau_Etagerenhaeuschen-3D-scaled.jpg\",\"contentUrl\":\"https:\/\/www.kleinegoehre.de\/scrap\/wp-content\/uploads\/2025\/08\/Vorschau_Etagerenhaeuschen-3D-scaled.jpg\",\"width\":2560,\"height\":2539},{\"@type\":\"BreadcrumbList\",\"@id\":\"https:\/\/www.kleinegoehre.de\/scrap\/product\/3d-druck-datei-etagerenhaeuser\/#breadcrumb\",\"itemListElement\":[{\"@type\":\"ListItem\",\"position\":1,\"name\":\"Startseite\",\"item\":\"https:\/\/www.kleinegoehre.de\/scrap\/\"},{\"@type\":\"ListItem\",\"position\":2,\"name\":\"Shop\",\"item\":\"https:\/\/www.kleinegoehre.de\/scrap\/shop\/\"},{\"@type\":\"ListItem\",\"position\":3,\"name\":\"3D-Druck Datei &#8211; Etagerenh\u00e4user\"}]},{\"@type\":\"WebSite\",\"@id\":\"https:\/\/www.kleinegoehre.de\/scrap\/#website\",\"url\":\"https:\/\/www.kleinegoehre.de\/scrap\/\",\"name\":\"kleine g\u00f6hr.e design\",\"description\":\"In unser Shop auf kleinegoehre.de findet ihr Plotterdateien zu vielen verschiedenen Themen. Dazu bieten wir euch eine riesen Auswahl an digitalen Papieren.\",\"publisher\":{\"@id\":\"https:\/\/www.kleinegoehre.de\/scrap\/#organization\"},\"potentialAction\":[{\"@type\":\"SearchAction\",\"target\":{\"@type\":\"EntryPoint\",\"urlTemplate\":\"https:\/\/www.kleinegoehre.de\/scrap\/?s={search_term_string}\"},\"query-input\":{\"@type\":\"PropertyValueSpecification\",\"valueRequired\":true,\"valueName\":\"search_term_string\"}}],\"inLanguage\":\"de\"},{\"@type\":\"Organization\",\"@id\":\"https:\/\/www.kleinegoehre.de\/scrap\/#organization\",\"name\":\"kleine g\u00f6hre design\",\"url\":\"https:\/\/www.kleinegoehre.de\/scrap\/\",\"logo\":{\"@type\":\"ImageObject\",\"inLanguage\":\"de\",\"@id\":\"https:\/\/www.kleinegoehre.de\/scrap\/#\/schema\/logo\/image\/\",\"url\":\"https:\/\/www.kleinegoehre.de\/scrap\/wp-content\/uploads\/2018\/06\/14859829_1423290007698523_869036772071302726_o.jpg\",\"contentUrl\":\"https:\/\/www.kleinegoehre.de\/scrap\/wp-content\/uploads\/2018\/06\/14859829_1423290007698523_869036772071302726_o.jpg\",\"width\":1181,\"height\":1181,\"caption\":\"kleine g\u00f6hre design\"},\"image\":{\"@id\":\"https:\/\/www.kleinegoehre.de\/scrap\/#\/schema\/logo\/image\/\"},\"sameAs\":[\"https:\/\/www.facebook.com\/kleinegoehredesign\/\",\"https:\/\/www.youtube.com\/channel\/UCZa4qAhMHSp7-gsPt9Hoy2w\"]}]}<\/script>\n<!-- \/ Yoast SEO plugin. -->","yoast_head_json":{"title":"3D-Druck Datei - Etagerenh\u00e4user - kleine g\u00f6hr.e design","robots":{"index":"index","follow":"follow","max-snippet":"max-snippet:-1","max-image-preview":"max-image-preview:large","max-video-preview":"max-video-preview:-1"},"canonical":"https:\/\/www.kleinegoehre.de\/scrap\/product\/3d-druck-datei-etagerenhaeuser\/","og_locale":"de_DE","og_type":"article","og_title":"3D-Druck Datei - Etagerenh\u00e4user - kleine g\u00f6hr.e design","og_description":"Endlich gibt es unsere Etagerenh\u00e4user nicht nur f\u00fcr den Laser, sondern auch f\u00fcr den 3D-Drucker. Und das Beste daran: Dank eines versteckten Stegs muss nichts mehr geschraubt oder genagelt werden. So wird der Aufbau noch einfacher und schneller. F\u00fcr die kleinen Etageren ben\u00f6tigt ihr mindestens 6 Kl\u00f6tzchen, w\u00e4hrend f\u00fcr die gro\u00dfen Etageren mindestens 12 Kl\u00f6tzchen [&hellip;]","og_url":"https:\/\/www.kleinegoehre.de\/scrap\/product\/3d-druck-datei-etagerenhaeuser\/","og_site_name":"kleine g\u00f6hr.e design","article_publisher":"https:\/\/www.facebook.com\/kleinegoehredesign\/","article_modified_time":"2025-08-08T13:08:41+00:00","og_image":[{"width":2560,"height":2539,"url":"https:\/\/www.kleinegoehre.de\/scrap\/wp-content\/uploads\/2025\/08\/Vorschau_Etagerenhaeuschen-3D-scaled.jpg","type":"image\/jpeg"}],"twitter_card":"summary_large_image","twitter_misc":{"Gesch\u00e4tzte Lesezeit":"2\u00a0Minuten"},"schema":{"@context":"https:\/\/schema.org","@graph":[{"@type":"WebPage","@id":"https:\/\/www.kleinegoehre.de\/scrap\/product\/3d-druck-datei-etagerenhaeuser\/","url":"https:\/\/www.kleinegoehre.de\/scrap\/product\/3d-druck-datei-etagerenhaeuser\/","name":"3D-Druck Datei - Etagerenh\u00e4user - kleine g\u00f6hr.e design","isPartOf":{"@id":"https:\/\/www.kleinegoehre.de\/scrap\/#website"},"primaryImageOfPage":{"@id":"https:\/\/www.kleinegoehre.de\/scrap\/product\/3d-druck-datei-etagerenhaeuser\/#primaryimage"},"image":{"@id":"https:\/\/www.kleinegoehre.de\/scrap\/product\/3d-druck-datei-etagerenhaeuser\/#primaryimage"},"thumbnailUrl":"https:\/\/www.kleinegoehre.de\/scrap\/wp-content\/uploads\/2025\/08\/Vorschau_Etagerenhaeuschen-3D-scaled.jpg","datePublished":"2025-08-07T19:13:14+00:00","dateModified":"2025-08-08T13:08:41+00:00","breadcrumb":{"@id":"https:\/\/www.kleinegoehre.de\/scrap\/product\/3d-druck-datei-etagerenhaeuser\/#breadcrumb"},"inLanguage":"de","potentialAction":[{"@type":"ReadAction","target":["https:\/\/www.kleinegoehre.de\/scrap\/product\/3d-druck-datei-etagerenhaeuser\/"]}]},{"@type":"ImageObject","inLanguage":"de","@id":"https:\/\/www.kleinegoehre.de\/scrap\/product\/3d-druck-datei-etagerenhaeuser\/#primaryimage","url":"https:\/\/www.kleinegoehre.de\/scrap\/wp-content\/uploads\/2025\/08\/Vorschau_Etagerenhaeuschen-3D-scaled.jpg","contentUrl":"https:\/\/www.kleinegoehre.de\/scrap\/wp-content\/uploads\/2025\/08\/Vorschau_Etagerenhaeuschen-3D-scaled.jpg","width":2560,"height":2539},{"@type":"BreadcrumbList","@id":"https:\/\/www.kleinegoehre.de\/scrap\/product\/3d-druck-datei-etagerenhaeuser\/#breadcrumb","itemListElement":[{"@type":"ListItem","position":1,"name":"Startseite","item":"https:\/\/www.kleinegoehre.de\/scrap\/"},{"@type":"ListItem","position":2,"name":"Shop","item":"https:\/\/www.kleinegoehre.de\/scrap\/shop\/"},{"@type":"ListItem","position":3,"name":"3D-Druck Datei &#8211; Etagerenh\u00e4user"}]},{"@type":"WebSite","@id":"https:\/\/www.kleinegoehre.de\/scrap\/#website","url":"https:\/\/www.kleinegoehre.de\/scrap\/","name":"kleine g\u00f6hr.e design","description":"In unser Shop auf kleinegoehre.de findet ihr Plotterdateien zu vielen verschiedenen Themen. Dazu bieten wir euch eine riesen Auswahl an digitalen Papieren.","publisher":{"@id":"https:\/\/www.kleinegoehre.de\/scrap\/#organization"},"potentialAction":[{"@type":"SearchAction","target":{"@type":"EntryPoint","urlTemplate":"https:\/\/www.kleinegoehre.de\/scrap\/?s={search_term_string}"},"query-input":{"@type":"PropertyValueSpecification","valueRequired":true,"valueName":"search_term_string"}}],"inLanguage":"de"},{"@type":"Organization","@id":"https:\/\/www.kleinegoehre.de\/scrap\/#organization","name":"kleine g\u00f6hre design","url":"https:\/\/www.kleinegoehre.de\/scrap\/","logo":{"@type":"ImageObject","inLanguage":"de","@id":"https:\/\/www.kleinegoehre.de\/scrap\/#\/schema\/logo\/image\/","url":"https:\/\/www.kleinegoehre.de\/scrap\/wp-content\/uploads\/2018\/06\/14859829_1423290007698523_869036772071302726_o.jpg","contentUrl":"https:\/\/www.kleinegoehre.de\/scrap\/wp-content\/uploads\/2018\/06\/14859829_1423290007698523_869036772071302726_o.jpg","width":1181,"height":1181,"caption":"kleine g\u00f6hre design"},"image":{"@id":"https:\/\/www.kleinegoehre.de\/scrap\/#\/schema\/logo\/image\/"},"sameAs":["https:\/\/www.facebook.com\/kleinegoehredesign\/","https:\/\/www.youtube.com\/channel\/UCZa4qAhMHSp7-gsPt9Hoy2w"]}]}},"_links":{"self":[{"href":"https:\/\/www.kleinegoehre.de\/scrap\/wp-json\/wp\/v2\/product\/447730","targetHints":{"allow":["GET"]}}],"collection":[{"href":"https:\/\/www.kleinegoehre.de\/scrap\/wp-json\/wp\/v2\/product"}],"about":[{"href":"https:\/\/www.kleinegoehre.de\/scrap\/wp-json\/wp\/v2\/types\/product"}],"replies":[{"embeddable":true,"href":"https:\/\/www.kleinegoehre.de\/scrap\/wp-json\/wp\/v2\/comments?post=447730"}],"wp:featuredmedia":[{"embeddable":true,"href":"https:\/\/www.kleinegoehre.de\/scrap\/wp-json\/wp\/v2\/media\/447733"}],"wp:attachment":[{"href":"https:\/\/www.kleinegoehre.de\/scrap\/wp-json\/wp\/v2\/media?parent=447730"}],"wp:term":[{"taxonomy":"product_brand","embeddable":true,"href":"https:\/\/www.kleinegoehre.de\/scrap\/wp-json\/wp\/v2\/product_brand?post=447730"},{"taxonomy":"product_cat","embeddable":true,"href":"https:\/\/www.kleinegoehre.de\/scrap\/wp-json\/wp\/v2\/product_cat?post=447730"},{"taxonomy":"product_tag","embeddable":true,"href":"https:\/\/www.kleinegoehre.de\/scrap\/wp-json\/wp\/v2\/product_tag?post=447730"}],"curies":[{"name":"wp","href":"https:\/\/api.w.org\/{rel}","templated":true}]}}