{"id":444722,"date":"2025-07-14T09:12:21","date_gmt":"2025-07-14T07:12:21","guid":{"rendered":"https:\/\/www.kleinegoehre.de\/scrap\/?post_type=product&#038;p=444722"},"modified":"2025-07-14T10:19:18","modified_gmt":"2025-07-14T08:19:18","slug":"3d-druck-datei-kloetzchenkasten","status":"publish","type":"product","link":"https:\/\/www.kleinegoehre.de\/scrap\/product\/3d-druck-datei-kloetzchenkasten\/","title":{"rendered":"3D-Druck Datei &#8211; Kl\u00f6tzchenkasten"},"content":{"rendered":"<p>Unsere Kl\u00f6tzchenkasten-Seitenteile passen zu folgenden Kl\u00f6tzchen vom Kl\u00f6tzchenmann:<\/p>\n<ul>\n<li>Standard-Kl\u00f6tzchen mit 22 x 8 x 160\/250 mm und<\/li>\n<li>Eiche-Kl\u00f6tzchen 20 x 8 x 230 mm<\/li>\n<\/ul>\n<p>Mit enthalten in diesem Set sind die DXF und SVG Dateien. Somit kann das Set auch mit dem Plotter und dem Laser genutzt werden.<\/p>\n<p>Beim Kauf der 3D Druck Datei erh\u00e4ltst du die Grafik in den Dateiformaten .STL in einem .ZIP-Ordner verpackt. Die Dateiformate kannst Du, je nach 3D Drucker und Software, direkt in deinem Programm \u00f6ffnen.<\/p>\n","protected":false},"excerpt":{"rendered":"<p>Unsere Kl\u00f6tzchenkasten-Seitenteile passen zu folgenden Kl\u00f6tzchen vom Kl\u00f6tzchenmann: Standard-Kl\u00f6tzchen mit 22 x 8 x 160\/250 mm und Eiche-Kl\u00f6tzchen 20 x 8 x 230 mm Mit enthalten in diesem Set sind die DXF und SVG Dateien. Somit kann das Set auch mit dem Plotter und dem Laser genutzt werden. Beim Kauf der 3D Druck Datei erh\u00e4ltst [&hellip;]<\/p>\n","protected":false},"featured_media":444726,"comment_status":"open","ping_status":"closed","template":"","meta":[],"product_brand":[],"product_cat":[1185],"product_tag":[1172,1176,77,437,1019,1175],"class_list":{"0":"post-444722","1":"product","2":"type-product","3":"status-publish","4":"has-post-thumbnail","6":"product_cat-3d-druck","7":"product_tag-3d-druck","8":"product_tag-bastelkloetzchen","9":"product_tag-geschenk","10":"product_tag-holz","11":"product_tag-kloetzchen","12":"product_tag-kloetzchenmann","14":"first","15":"instock","16":"taxable","17":"shipping-taxable","18":"purchasable","19":"product-type-variable","20":"has-default-attributes"},"yoast_head":"<!-- This site is optimized with the Yoast SEO plugin v26.4 - https:\/\/yoast.com\/wordpress\/plugins\/seo\/ -->\n<title>3D-Druck Datei - Kl\u00f6tzchenkasten - kleine g\u00f6hr.e design<\/title>\n<meta name=\"robots\" content=\"index, follow, max-snippet:-1, max-image-preview:large, max-video-preview:-1\" \/>\n<link rel=\"canonical\" href=\"https:\/\/www.kleinegoehre.de\/scrap\/product\/3d-druck-datei-kloetzchenkasten\/\" \/>\n<meta property=\"og:locale\" content=\"de_DE\" \/>\n<meta property=\"og:type\" content=\"article\" \/>\n<meta property=\"og:title\" content=\"3D-Druck Datei - Kl\u00f6tzchenkasten - kleine g\u00f6hr.e design\" \/>\n<meta property=\"og:description\" content=\"Unsere Kl\u00f6tzchenkasten-Seitenteile passen zu folgenden Kl\u00f6tzchen vom Kl\u00f6tzchenmann: Standard-Kl\u00f6tzchen mit 22 x 8 x 160\/250 mm und Eiche-Kl\u00f6tzchen 20 x 8 x 230 mm Mit enthalten in diesem Set sind die DXF und SVG Dateien. Somit kann das Set auch mit dem Plotter und dem Laser genutzt werden. Beim Kauf der 3D Druck Datei erh\u00e4ltst [&hellip;]\" \/>\n<meta property=\"og:url\" content=\"https:\/\/www.kleinegoehre.de\/scrap\/product\/3d-druck-datei-kloetzchenkasten\/\" \/>\n<meta property=\"og:site_name\" content=\"kleine g\u00f6hr.e design\" \/>\n<meta property=\"article:publisher\" content=\"https:\/\/www.facebook.com\/kleinegoehredesign\/\" \/>\n<meta property=\"article:modified_time\" content=\"2025-07-14T08:19:18+00:00\" \/>\n<meta property=\"og:image\" content=\"https:\/\/www.kleinegoehre.de\/scrap\/wp-content\/uploads\/2025\/07\/Bilder_Kloetzchenkasten_01-scaled.jpg\" \/>\n\t<meta property=\"og:image:width\" content=\"2560\" \/>\n\t<meta property=\"og:image:height\" content=\"2539\" \/>\n\t<meta property=\"og:image:type\" content=\"image\/jpeg\" \/>\n<meta name=\"twitter:card\" content=\"summary_large_image\" \/>\n<meta name=\"twitter:label1\" content=\"Gesch\u00e4tzte Lesezeit\" \/>\n\t<meta name=\"twitter:data1\" content=\"1\u00a0Minute\" \/>\n<script type=\"application\/ld+json\" class=\"yoast-schema-graph\">{\"@context\":\"https:\/\/schema.org\",\"@graph\":[{\"@type\":\"WebPage\",\"@id\":\"https:\/\/www.kleinegoehre.de\/scrap\/product\/3d-druck-datei-kloetzchenkasten\/\",\"url\":\"https:\/\/www.kleinegoehre.de\/scrap\/product\/3d-druck-datei-kloetzchenkasten\/\",\"name\":\"3D-Druck Datei - Kl\u00f6tzchenkasten - kleine g\u00f6hr.e design\",\"isPartOf\":{\"@id\":\"https:\/\/www.kleinegoehre.de\/scrap\/#website\"},\"primaryImageOfPage\":{\"@id\":\"https:\/\/www.kleinegoehre.de\/scrap\/product\/3d-druck-datei-kloetzchenkasten\/#primaryimage\"},\"image\":{\"@id\":\"https:\/\/www.kleinegoehre.de\/scrap\/product\/3d-druck-datei-kloetzchenkasten\/#primaryimage\"},\"thumbnailUrl\":\"https:\/\/www.kleinegoehre.de\/scrap\/wp-content\/uploads\/2025\/07\/Bilder_Kloetzchenkasten_01-scaled.jpg\",\"datePublished\":\"2025-07-14T07:12:21+00:00\",\"dateModified\":\"2025-07-14T08:19:18+00:00\",\"breadcrumb\":{\"@id\":\"https:\/\/www.kleinegoehre.de\/scrap\/product\/3d-druck-datei-kloetzchenkasten\/#breadcrumb\"},\"inLanguage\":\"de\",\"potentialAction\":[{\"@type\":\"ReadAction\",\"target\":[\"https:\/\/www.kleinegoehre.de\/scrap\/product\/3d-druck-datei-kloetzchenkasten\/\"]}]},{\"@type\":\"ImageObject\",\"inLanguage\":\"de\",\"@id\":\"https:\/\/www.kleinegoehre.de\/scrap\/product\/3d-druck-datei-kloetzchenkasten\/#primaryimage\",\"url\":\"https:\/\/www.kleinegoehre.de\/scrap\/wp-content\/uploads\/2025\/07\/Bilder_Kloetzchenkasten_01-scaled.jpg\",\"contentUrl\":\"https:\/\/www.kleinegoehre.de\/scrap\/wp-content\/uploads\/2025\/07\/Bilder_Kloetzchenkasten_01-scaled.jpg\",\"width\":2560,\"height\":2539},{\"@type\":\"BreadcrumbList\",\"@id\":\"https:\/\/www.kleinegoehre.de\/scrap\/product\/3d-druck-datei-kloetzchenkasten\/#breadcrumb\",\"itemListElement\":[{\"@type\":\"ListItem\",\"position\":1,\"name\":\"Startseite\",\"item\":\"https:\/\/www.kleinegoehre.de\/scrap\/\"},{\"@type\":\"ListItem\",\"position\":2,\"name\":\"Shop\",\"item\":\"https:\/\/www.kleinegoehre.de\/scrap\/shop\/\"},{\"@type\":\"ListItem\",\"position\":3,\"name\":\"3D-Druck Datei &#8211; Kl\u00f6tzchenkasten\"}]},{\"@type\":\"WebSite\",\"@id\":\"https:\/\/www.kleinegoehre.de\/scrap\/#website\",\"url\":\"https:\/\/www.kleinegoehre.de\/scrap\/\",\"name\":\"kleine g\u00f6hr.e design\",\"description\":\"In unser Shop auf kleinegoehre.de findet ihr Plotterdateien zu vielen verschiedenen Themen. Dazu bieten wir euch eine riesen Auswahl an digitalen Papieren.\",\"publisher\":{\"@id\":\"https:\/\/www.kleinegoehre.de\/scrap\/#organization\"},\"potentialAction\":[{\"@type\":\"SearchAction\",\"target\":{\"@type\":\"EntryPoint\",\"urlTemplate\":\"https:\/\/www.kleinegoehre.de\/scrap\/?s={search_term_string}\"},\"query-input\":{\"@type\":\"PropertyValueSpecification\",\"valueRequired\":true,\"valueName\":\"search_term_string\"}}],\"inLanguage\":\"de\"},{\"@type\":\"Organization\",\"@id\":\"https:\/\/www.kleinegoehre.de\/scrap\/#organization\",\"name\":\"kleine g\u00f6hre design\",\"url\":\"https:\/\/www.kleinegoehre.de\/scrap\/\",\"logo\":{\"@type\":\"ImageObject\",\"inLanguage\":\"de\",\"@id\":\"https:\/\/www.kleinegoehre.de\/scrap\/#\/schema\/logo\/image\/\",\"url\":\"https:\/\/www.kleinegoehre.de\/scrap\/wp-content\/uploads\/2018\/06\/14859829_1423290007698523_869036772071302726_o.jpg\",\"contentUrl\":\"https:\/\/www.kleinegoehre.de\/scrap\/wp-content\/uploads\/2018\/06\/14859829_1423290007698523_869036772071302726_o.jpg\",\"width\":1181,\"height\":1181,\"caption\":\"kleine g\u00f6hre design\"},\"image\":{\"@id\":\"https:\/\/www.kleinegoehre.de\/scrap\/#\/schema\/logo\/image\/\"},\"sameAs\":[\"https:\/\/www.facebook.com\/kleinegoehredesign\/\",\"https:\/\/www.youtube.com\/channel\/UCZa4qAhMHSp7-gsPt9Hoy2w\"]}]}<\/script>\n<!-- \/ Yoast SEO plugin. -->","yoast_head_json":{"title":"3D-Druck Datei - Kl\u00f6tzchenkasten - kleine g\u00f6hr.e design","robots":{"index":"index","follow":"follow","max-snippet":"max-snippet:-1","max-image-preview":"max-image-preview:large","max-video-preview":"max-video-preview:-1"},"canonical":"https:\/\/www.kleinegoehre.de\/scrap\/product\/3d-druck-datei-kloetzchenkasten\/","og_locale":"de_DE","og_type":"article","og_title":"3D-Druck Datei - Kl\u00f6tzchenkasten - kleine g\u00f6hr.e design","og_description":"Unsere Kl\u00f6tzchenkasten-Seitenteile passen zu folgenden Kl\u00f6tzchen vom Kl\u00f6tzchenmann: Standard-Kl\u00f6tzchen mit 22 x 8 x 160\/250 mm und Eiche-Kl\u00f6tzchen 20 x 8 x 230 mm Mit enthalten in diesem Set sind die DXF und SVG Dateien. Somit kann das Set auch mit dem Plotter und dem Laser genutzt werden. Beim Kauf der 3D Druck Datei erh\u00e4ltst [&hellip;]","og_url":"https:\/\/www.kleinegoehre.de\/scrap\/product\/3d-druck-datei-kloetzchenkasten\/","og_site_name":"kleine g\u00f6hr.e design","article_publisher":"https:\/\/www.facebook.com\/kleinegoehredesign\/","article_modified_time":"2025-07-14T08:19:18+00:00","og_image":[{"width":2560,"height":2539,"url":"https:\/\/www.kleinegoehre.de\/scrap\/wp-content\/uploads\/2025\/07\/Bilder_Kloetzchenkasten_01-scaled.jpg","type":"image\/jpeg"}],"twitter_card":"summary_large_image","twitter_misc":{"Gesch\u00e4tzte Lesezeit":"1\u00a0Minute"},"schema":{"@context":"https:\/\/schema.org","@graph":[{"@type":"WebPage","@id":"https:\/\/www.kleinegoehre.de\/scrap\/product\/3d-druck-datei-kloetzchenkasten\/","url":"https:\/\/www.kleinegoehre.de\/scrap\/product\/3d-druck-datei-kloetzchenkasten\/","name":"3D-Druck Datei - Kl\u00f6tzchenkasten - kleine g\u00f6hr.e design","isPartOf":{"@id":"https:\/\/www.kleinegoehre.de\/scrap\/#website"},"primaryImageOfPage":{"@id":"https:\/\/www.kleinegoehre.de\/scrap\/product\/3d-druck-datei-kloetzchenkasten\/#primaryimage"},"image":{"@id":"https:\/\/www.kleinegoehre.de\/scrap\/product\/3d-druck-datei-kloetzchenkasten\/#primaryimage"},"thumbnailUrl":"https:\/\/www.kleinegoehre.de\/scrap\/wp-content\/uploads\/2025\/07\/Bilder_Kloetzchenkasten_01-scaled.jpg","datePublished":"2025-07-14T07:12:21+00:00","dateModified":"2025-07-14T08:19:18+00:00","breadcrumb":{"@id":"https:\/\/www.kleinegoehre.de\/scrap\/product\/3d-druck-datei-kloetzchenkasten\/#breadcrumb"},"inLanguage":"de","potentialAction":[{"@type":"ReadAction","target":["https:\/\/www.kleinegoehre.de\/scrap\/product\/3d-druck-datei-kloetzchenkasten\/"]}]},{"@type":"ImageObject","inLanguage":"de","@id":"https:\/\/www.kleinegoehre.de\/scrap\/product\/3d-druck-datei-kloetzchenkasten\/#primaryimage","url":"https:\/\/www.kleinegoehre.de\/scrap\/wp-content\/uploads\/2025\/07\/Bilder_Kloetzchenkasten_01-scaled.jpg","contentUrl":"https:\/\/www.kleinegoehre.de\/scrap\/wp-content\/uploads\/2025\/07\/Bilder_Kloetzchenkasten_01-scaled.jpg","width":2560,"height":2539},{"@type":"BreadcrumbList","@id":"https:\/\/www.kleinegoehre.de\/scrap\/product\/3d-druck-datei-kloetzchenkasten\/#breadcrumb","itemListElement":[{"@type":"ListItem","position":1,"name":"Startseite","item":"https:\/\/www.kleinegoehre.de\/scrap\/"},{"@type":"ListItem","position":2,"name":"Shop","item":"https:\/\/www.kleinegoehre.de\/scrap\/shop\/"},{"@type":"ListItem","position":3,"name":"3D-Druck Datei &#8211; Kl\u00f6tzchenkasten"}]},{"@type":"WebSite","@id":"https:\/\/www.kleinegoehre.de\/scrap\/#website","url":"https:\/\/www.kleinegoehre.de\/scrap\/","name":"kleine g\u00f6hr.e design","description":"In unser Shop auf kleinegoehre.de findet ihr Plotterdateien zu vielen verschiedenen Themen. Dazu bieten wir euch eine riesen Auswahl an digitalen Papieren.","publisher":{"@id":"https:\/\/www.kleinegoehre.de\/scrap\/#organization"},"potentialAction":[{"@type":"SearchAction","target":{"@type":"EntryPoint","urlTemplate":"https:\/\/www.kleinegoehre.de\/scrap\/?s={search_term_string}"},"query-input":{"@type":"PropertyValueSpecification","valueRequired":true,"valueName":"search_term_string"}}],"inLanguage":"de"},{"@type":"Organization","@id":"https:\/\/www.kleinegoehre.de\/scrap\/#organization","name":"kleine g\u00f6hre design","url":"https:\/\/www.kleinegoehre.de\/scrap\/","logo":{"@type":"ImageObject","inLanguage":"de","@id":"https:\/\/www.kleinegoehre.de\/scrap\/#\/schema\/logo\/image\/","url":"https:\/\/www.kleinegoehre.de\/scrap\/wp-content\/uploads\/2018\/06\/14859829_1423290007698523_869036772071302726_o.jpg","contentUrl":"https:\/\/www.kleinegoehre.de\/scrap\/wp-content\/uploads\/2018\/06\/14859829_1423290007698523_869036772071302726_o.jpg","width":1181,"height":1181,"caption":"kleine g\u00f6hre design"},"image":{"@id":"https:\/\/www.kleinegoehre.de\/scrap\/#\/schema\/logo\/image\/"},"sameAs":["https:\/\/www.facebook.com\/kleinegoehredesign\/","https:\/\/www.youtube.com\/channel\/UCZa4qAhMHSp7-gsPt9Hoy2w"]}]}},"_links":{"self":[{"href":"https:\/\/www.kleinegoehre.de\/scrap\/wp-json\/wp\/v2\/product\/444722","targetHints":{"allow":["GET"]}}],"collection":[{"href":"https:\/\/www.kleinegoehre.de\/scrap\/wp-json\/wp\/v2\/product"}],"about":[{"href":"https:\/\/www.kleinegoehre.de\/scrap\/wp-json\/wp\/v2\/types\/product"}],"replies":[{"embeddable":true,"href":"https:\/\/www.kleinegoehre.de\/scrap\/wp-json\/wp\/v2\/comments?post=444722"}],"wp:featuredmedia":[{"embeddable":true,"href":"https:\/\/www.kleinegoehre.de\/scrap\/wp-json\/wp\/v2\/media\/444726"}],"wp:attachment":[{"href":"https:\/\/www.kleinegoehre.de\/scrap\/wp-json\/wp\/v2\/media?parent=444722"}],"wp:term":[{"taxonomy":"product_brand","embeddable":true,"href":"https:\/\/www.kleinegoehre.de\/scrap\/wp-json\/wp\/v2\/product_brand?post=444722"},{"taxonomy":"product_cat","embeddable":true,"href":"https:\/\/www.kleinegoehre.de\/scrap\/wp-json\/wp\/v2\/product_cat?post=444722"},{"taxonomy":"product_tag","embeddable":true,"href":"https:\/\/www.kleinegoehre.de\/scrap\/wp-json\/wp\/v2\/product_tag?post=444722"}],"curies":[{"name":"wp","href":"https:\/\/api.w.org\/{rel}","templated":true}]}}