{"id":441892,"date":"2025-06-27T10:00:42","date_gmt":"2025-06-27T08:00:42","guid":{"rendered":"https:\/\/www.kleinegoehre.de\/scrap\/?post_type=product&#038;p=441892"},"modified":"2025-06-27T08:56:23","modified_gmt":"2025-06-27T06:56:23","slug":"3d-druck-datei-haeuserliebe","status":"publish","type":"product","link":"https:\/\/www.kleinegoehre.de\/scrap\/product\/3d-druck-datei-haeuserliebe\/","title":{"rendered":"3D-Druck Datei &#8211; H\u00e4userliebe"},"content":{"rendered":"<p>Endlich gibt es unser H\u00e4user auch zum Hinstellen und in eurer Lieblingsfarbe als 3D Druck.<\/p>\n<p>Mit enthalten in diesem Set sind die DXF und SVG Dateien. Somit kann das Set auch mit dem Plotter und dem Laser genutzt werden.<\/p>\n<p>Beim Kauf der 3D Druck Datei erh\u00e4ltst du die Grafik in den Dateiformaten .STL und 3MF in einem .ZIP-Ordner verpackt. Die Dateiformate kannst Du, je nach 3D Drucker und Software, direkt in deinem Programm \u00f6ffnen.<\/p>\n","protected":false},"excerpt":{"rendered":"<p>Endlich gibt es unser H\u00e4user auch zum Hinstellen und in eurer Lieblingsfarbe als 3D Druck. Mit enthalten in diesem Set sind die DXF und SVG Dateien. Somit kann das Set auch mit dem Plotter und dem Laser genutzt werden. Beim Kauf der 3D Druck Datei erh\u00e4ltst du die Grafik in den Dateiformaten .STL und 3MF [&hellip;]<\/p>\n","protected":false},"featured_media":441897,"comment_status":"open","ping_status":"closed","template":"","meta":[],"product_brand":[],"product_cat":[1185],"product_tag":[1172,587,1183],"class_list":{"0":"post-441892","1":"product","2":"type-product","3":"status-publish","4":"has-post-thumbnail","6":"product_cat-3d-druck","7":"product_tag-3d-druck","8":"product_tag-haeuser","9":"product_tag-skandi","11":"first","12":"instock","13":"taxable","14":"shipping-taxable","15":"purchasable","16":"product-type-variable","17":"has-default-attributes"},"yoast_head":"<!-- This site is optimized with the Yoast SEO plugin v26.4 - https:\/\/yoast.com\/wordpress\/plugins\/seo\/ -->\n<title>3D-Druck Datei - H\u00e4userliebe - kleine g\u00f6hr.e design<\/title>\n<meta name=\"robots\" content=\"index, follow, max-snippet:-1, max-image-preview:large, max-video-preview:-1\" \/>\n<link rel=\"canonical\" href=\"https:\/\/www.kleinegoehre.de\/scrap\/product\/3d-druck-datei-haeuserliebe\/\" \/>\n<meta property=\"og:locale\" content=\"de_DE\" \/>\n<meta property=\"og:type\" content=\"article\" \/>\n<meta property=\"og:title\" content=\"3D-Druck Datei - H\u00e4userliebe - kleine g\u00f6hr.e design\" \/>\n<meta property=\"og:description\" content=\"Endlich gibt es unser H\u00e4user auch zum Hinstellen und in eurer Lieblingsfarbe als 3D Druck. Mit enthalten in diesem Set sind die DXF und SVG Dateien. Somit kann das Set auch mit dem Plotter und dem Laser genutzt werden. Beim Kauf der 3D Druck Datei erh\u00e4ltst du die Grafik in den Dateiformaten .STL und 3MF [&hellip;]\" \/>\n<meta property=\"og:url\" content=\"https:\/\/www.kleinegoehre.de\/scrap\/product\/3d-druck-datei-haeuserliebe\/\" \/>\n<meta property=\"og:site_name\" content=\"kleine g\u00f6hr.e design\" \/>\n<meta property=\"article:publisher\" content=\"https:\/\/www.facebook.com\/kleinegoehredesign\/\" \/>\n<meta property=\"og:image\" content=\"https:\/\/www.kleinegoehre.de\/scrap\/wp-content\/uploads\/2025\/06\/Vorschau_Haeuserliebe-scaled.jpg\" \/>\n\t<meta property=\"og:image:width\" content=\"2560\" \/>\n\t<meta property=\"og:image:height\" content=\"2539\" \/>\n\t<meta property=\"og:image:type\" content=\"image\/jpeg\" \/>\n<meta name=\"twitter:card\" content=\"summary_large_image\" \/>\n<meta name=\"twitter:label1\" content=\"Gesch\u00e4tzte Lesezeit\" \/>\n\t<meta name=\"twitter:data1\" content=\"1\u00a0Minute\" \/>\n<script type=\"application\/ld+json\" class=\"yoast-schema-graph\">{\"@context\":\"https:\/\/schema.org\",\"@graph\":[{\"@type\":\"WebPage\",\"@id\":\"https:\/\/www.kleinegoehre.de\/scrap\/product\/3d-druck-datei-haeuserliebe\/\",\"url\":\"https:\/\/www.kleinegoehre.de\/scrap\/product\/3d-druck-datei-haeuserliebe\/\",\"name\":\"3D-Druck Datei - H\u00e4userliebe - kleine g\u00f6hr.e design\",\"isPartOf\":{\"@id\":\"https:\/\/www.kleinegoehre.de\/scrap\/#website\"},\"primaryImageOfPage\":{\"@id\":\"https:\/\/www.kleinegoehre.de\/scrap\/product\/3d-druck-datei-haeuserliebe\/#primaryimage\"},\"image\":{\"@id\":\"https:\/\/www.kleinegoehre.de\/scrap\/product\/3d-druck-datei-haeuserliebe\/#primaryimage\"},\"thumbnailUrl\":\"https:\/\/www.kleinegoehre.de\/scrap\/wp-content\/uploads\/2025\/06\/Vorschau_Haeuserliebe-scaled.jpg\",\"datePublished\":\"2025-06-27T08:00:42+00:00\",\"breadcrumb\":{\"@id\":\"https:\/\/www.kleinegoehre.de\/scrap\/product\/3d-druck-datei-haeuserliebe\/#breadcrumb\"},\"inLanguage\":\"de\",\"potentialAction\":[{\"@type\":\"ReadAction\",\"target\":[\"https:\/\/www.kleinegoehre.de\/scrap\/product\/3d-druck-datei-haeuserliebe\/\"]}]},{\"@type\":\"ImageObject\",\"inLanguage\":\"de\",\"@id\":\"https:\/\/www.kleinegoehre.de\/scrap\/product\/3d-druck-datei-haeuserliebe\/#primaryimage\",\"url\":\"https:\/\/www.kleinegoehre.de\/scrap\/wp-content\/uploads\/2025\/06\/Vorschau_Haeuserliebe-scaled.jpg\",\"contentUrl\":\"https:\/\/www.kleinegoehre.de\/scrap\/wp-content\/uploads\/2025\/06\/Vorschau_Haeuserliebe-scaled.jpg\",\"width\":2560,\"height\":2539},{\"@type\":\"BreadcrumbList\",\"@id\":\"https:\/\/www.kleinegoehre.de\/scrap\/product\/3d-druck-datei-haeuserliebe\/#breadcrumb\",\"itemListElement\":[{\"@type\":\"ListItem\",\"position\":1,\"name\":\"Startseite\",\"item\":\"https:\/\/www.kleinegoehre.de\/scrap\/\"},{\"@type\":\"ListItem\",\"position\":2,\"name\":\"Shop\",\"item\":\"https:\/\/www.kleinegoehre.de\/scrap\/shop\/\"},{\"@type\":\"ListItem\",\"position\":3,\"name\":\"3D-Druck Datei &#8211; H\u00e4userliebe\"}]},{\"@type\":\"WebSite\",\"@id\":\"https:\/\/www.kleinegoehre.de\/scrap\/#website\",\"url\":\"https:\/\/www.kleinegoehre.de\/scrap\/\",\"name\":\"kleine g\u00f6hr.e design\",\"description\":\"In unser Shop auf kleinegoehre.de findet ihr Plotterdateien zu vielen verschiedenen Themen. Dazu bieten wir euch eine riesen Auswahl an digitalen Papieren.\",\"publisher\":{\"@id\":\"https:\/\/www.kleinegoehre.de\/scrap\/#organization\"},\"potentialAction\":[{\"@type\":\"SearchAction\",\"target\":{\"@type\":\"EntryPoint\",\"urlTemplate\":\"https:\/\/www.kleinegoehre.de\/scrap\/?s={search_term_string}\"},\"query-input\":{\"@type\":\"PropertyValueSpecification\",\"valueRequired\":true,\"valueName\":\"search_term_string\"}}],\"inLanguage\":\"de\"},{\"@type\":\"Organization\",\"@id\":\"https:\/\/www.kleinegoehre.de\/scrap\/#organization\",\"name\":\"kleine g\u00f6hre design\",\"url\":\"https:\/\/www.kleinegoehre.de\/scrap\/\",\"logo\":{\"@type\":\"ImageObject\",\"inLanguage\":\"de\",\"@id\":\"https:\/\/www.kleinegoehre.de\/scrap\/#\/schema\/logo\/image\/\",\"url\":\"https:\/\/www.kleinegoehre.de\/scrap\/wp-content\/uploads\/2018\/06\/14859829_1423290007698523_869036772071302726_o.jpg\",\"contentUrl\":\"https:\/\/www.kleinegoehre.de\/scrap\/wp-content\/uploads\/2018\/06\/14859829_1423290007698523_869036772071302726_o.jpg\",\"width\":1181,\"height\":1181,\"caption\":\"kleine g\u00f6hre design\"},\"image\":{\"@id\":\"https:\/\/www.kleinegoehre.de\/scrap\/#\/schema\/logo\/image\/\"},\"sameAs\":[\"https:\/\/www.facebook.com\/kleinegoehredesign\/\",\"https:\/\/www.youtube.com\/channel\/UCZa4qAhMHSp7-gsPt9Hoy2w\"]}]}<\/script>\n<!-- \/ Yoast SEO plugin. -->","yoast_head_json":{"title":"3D-Druck Datei - H\u00e4userliebe - kleine g\u00f6hr.e design","robots":{"index":"index","follow":"follow","max-snippet":"max-snippet:-1","max-image-preview":"max-image-preview:large","max-video-preview":"max-video-preview:-1"},"canonical":"https:\/\/www.kleinegoehre.de\/scrap\/product\/3d-druck-datei-haeuserliebe\/","og_locale":"de_DE","og_type":"article","og_title":"3D-Druck Datei - H\u00e4userliebe - kleine g\u00f6hr.e design","og_description":"Endlich gibt es unser H\u00e4user auch zum Hinstellen und in eurer Lieblingsfarbe als 3D Druck. Mit enthalten in diesem Set sind die DXF und SVG Dateien. Somit kann das Set auch mit dem Plotter und dem Laser genutzt werden. Beim Kauf der 3D Druck Datei erh\u00e4ltst du die Grafik in den Dateiformaten .STL und 3MF [&hellip;]","og_url":"https:\/\/www.kleinegoehre.de\/scrap\/product\/3d-druck-datei-haeuserliebe\/","og_site_name":"kleine g\u00f6hr.e design","article_publisher":"https:\/\/www.facebook.com\/kleinegoehredesign\/","og_image":[{"width":2560,"height":2539,"url":"https:\/\/www.kleinegoehre.de\/scrap\/wp-content\/uploads\/2025\/06\/Vorschau_Haeuserliebe-scaled.jpg","type":"image\/jpeg"}],"twitter_card":"summary_large_image","twitter_misc":{"Gesch\u00e4tzte Lesezeit":"1\u00a0Minute"},"schema":{"@context":"https:\/\/schema.org","@graph":[{"@type":"WebPage","@id":"https:\/\/www.kleinegoehre.de\/scrap\/product\/3d-druck-datei-haeuserliebe\/","url":"https:\/\/www.kleinegoehre.de\/scrap\/product\/3d-druck-datei-haeuserliebe\/","name":"3D-Druck Datei - H\u00e4userliebe - kleine g\u00f6hr.e design","isPartOf":{"@id":"https:\/\/www.kleinegoehre.de\/scrap\/#website"},"primaryImageOfPage":{"@id":"https:\/\/www.kleinegoehre.de\/scrap\/product\/3d-druck-datei-haeuserliebe\/#primaryimage"},"image":{"@id":"https:\/\/www.kleinegoehre.de\/scrap\/product\/3d-druck-datei-haeuserliebe\/#primaryimage"},"thumbnailUrl":"https:\/\/www.kleinegoehre.de\/scrap\/wp-content\/uploads\/2025\/06\/Vorschau_Haeuserliebe-scaled.jpg","datePublished":"2025-06-27T08:00:42+00:00","breadcrumb":{"@id":"https:\/\/www.kleinegoehre.de\/scrap\/product\/3d-druck-datei-haeuserliebe\/#breadcrumb"},"inLanguage":"de","potentialAction":[{"@type":"ReadAction","target":["https:\/\/www.kleinegoehre.de\/scrap\/product\/3d-druck-datei-haeuserliebe\/"]}]},{"@type":"ImageObject","inLanguage":"de","@id":"https:\/\/www.kleinegoehre.de\/scrap\/product\/3d-druck-datei-haeuserliebe\/#primaryimage","url":"https:\/\/www.kleinegoehre.de\/scrap\/wp-content\/uploads\/2025\/06\/Vorschau_Haeuserliebe-scaled.jpg","contentUrl":"https:\/\/www.kleinegoehre.de\/scrap\/wp-content\/uploads\/2025\/06\/Vorschau_Haeuserliebe-scaled.jpg","width":2560,"height":2539},{"@type":"BreadcrumbList","@id":"https:\/\/www.kleinegoehre.de\/scrap\/product\/3d-druck-datei-haeuserliebe\/#breadcrumb","itemListElement":[{"@type":"ListItem","position":1,"name":"Startseite","item":"https:\/\/www.kleinegoehre.de\/scrap\/"},{"@type":"ListItem","position":2,"name":"Shop","item":"https:\/\/www.kleinegoehre.de\/scrap\/shop\/"},{"@type":"ListItem","position":3,"name":"3D-Druck Datei &#8211; H\u00e4userliebe"}]},{"@type":"WebSite","@id":"https:\/\/www.kleinegoehre.de\/scrap\/#website","url":"https:\/\/www.kleinegoehre.de\/scrap\/","name":"kleine g\u00f6hr.e design","description":"In unser Shop auf kleinegoehre.de findet ihr Plotterdateien zu vielen verschiedenen Themen. Dazu bieten wir euch eine riesen Auswahl an digitalen Papieren.","publisher":{"@id":"https:\/\/www.kleinegoehre.de\/scrap\/#organization"},"potentialAction":[{"@type":"SearchAction","target":{"@type":"EntryPoint","urlTemplate":"https:\/\/www.kleinegoehre.de\/scrap\/?s={search_term_string}"},"query-input":{"@type":"PropertyValueSpecification","valueRequired":true,"valueName":"search_term_string"}}],"inLanguage":"de"},{"@type":"Organization","@id":"https:\/\/www.kleinegoehre.de\/scrap\/#organization","name":"kleine g\u00f6hre design","url":"https:\/\/www.kleinegoehre.de\/scrap\/","logo":{"@type":"ImageObject","inLanguage":"de","@id":"https:\/\/www.kleinegoehre.de\/scrap\/#\/schema\/logo\/image\/","url":"https:\/\/www.kleinegoehre.de\/scrap\/wp-content\/uploads\/2018\/06\/14859829_1423290007698523_869036772071302726_o.jpg","contentUrl":"https:\/\/www.kleinegoehre.de\/scrap\/wp-content\/uploads\/2018\/06\/14859829_1423290007698523_869036772071302726_o.jpg","width":1181,"height":1181,"caption":"kleine g\u00f6hre design"},"image":{"@id":"https:\/\/www.kleinegoehre.de\/scrap\/#\/schema\/logo\/image\/"},"sameAs":["https:\/\/www.facebook.com\/kleinegoehredesign\/","https:\/\/www.youtube.com\/channel\/UCZa4qAhMHSp7-gsPt9Hoy2w"]}]}},"_links":{"self":[{"href":"https:\/\/www.kleinegoehre.de\/scrap\/wp-json\/wp\/v2\/product\/441892","targetHints":{"allow":["GET"]}}],"collection":[{"href":"https:\/\/www.kleinegoehre.de\/scrap\/wp-json\/wp\/v2\/product"}],"about":[{"href":"https:\/\/www.kleinegoehre.de\/scrap\/wp-json\/wp\/v2\/types\/product"}],"replies":[{"embeddable":true,"href":"https:\/\/www.kleinegoehre.de\/scrap\/wp-json\/wp\/v2\/comments?post=441892"}],"wp:featuredmedia":[{"embeddable":true,"href":"https:\/\/www.kleinegoehre.de\/scrap\/wp-json\/wp\/v2\/media\/441897"}],"wp:attachment":[{"href":"https:\/\/www.kleinegoehre.de\/scrap\/wp-json\/wp\/v2\/media?parent=441892"}],"wp:term":[{"taxonomy":"product_brand","embeddable":true,"href":"https:\/\/www.kleinegoehre.de\/scrap\/wp-json\/wp\/v2\/product_brand?post=441892"},{"taxonomy":"product_cat","embeddable":true,"href":"https:\/\/www.kleinegoehre.de\/scrap\/wp-json\/wp\/v2\/product_cat?post=441892"},{"taxonomy":"product_tag","embeddable":true,"href":"https:\/\/www.kleinegoehre.de\/scrap\/wp-json\/wp\/v2\/product_tag?post=441892"}],"curies":[{"name":"wp","href":"https:\/\/api.w.org\/{rel}","templated":true}]}}