{"id":402198,"date":"2024-10-18T09:00:14","date_gmt":"2024-10-18T07:00:14","guid":{"rendered":"https:\/\/www.kleinegoehre.de\/scrap\/?post_type=product&#038;p=402198"},"modified":"2025-05-06T12:23:07","modified_gmt":"2025-05-06T10:23:07","slug":"adventskalender-2024-gutschein","status":"publish","type":"product","link":"https:\/\/www.kleinegoehre.de\/scrap\/product\/adventskalender-2024-gutschein\/","title":{"rendered":"Adventskalender 2024 Gutschein"},"content":{"rendered":"<div class=\"kvgmc6g5 cxmmr5t8 oygrvhab hcukyx3x c1et5uql ii04i59q\">\n<h1>Der Gutschein zum Verschenken!<\/h1>\n<p>Du erh\u00e4ltst einen Gutschein \u00fcber den Adventskalender 2024. Etwaige zeitlich begrenzte Aktionen sind unter Umst\u00e4nden nicht mehr verf\u00fcgbar.<\/p>\n<p>Der Gutschein wird nach dem Kauf innerhalb von 24h per E-Mail an dich verschickt.<\/p>\n<h1>\ud83e\udd70\u2764\ufe0f\ud83d\ude0d DER INTERAKTIVE ADVENTSKALENDER 2024! \ud83d\ude0d\u2764\ufe0f\ud83e\udd70<\/h1>\n<p>Viele haben schon gefragt, wann es dieses Jahr denn endlich den Adventskalender geben wird. Ab heute k\u00f6nnt ihr den Kalender ergattern! Wir freuen uns schon das ganze Jahr darauf. Ihr k\u00f6nnt ihn wie immer bei uns im Shop erwerben. Auch dieses Jahr haben wir eine Gutscheinvariante zum Verschenken, so k\u00f6nnt ihr jemanden eine Freude machen \ud83d\ude0d\ud83e\udd70\ud83d\ude0d.<br \/>\nJuhhhuuuu! \ud83e\udd73\ud83e\udd70\ud83e\udd29<\/p>\n<p>Es wird \u00e4hnlich werden wie in den letzten Jahren, aber doch auch besonders, da ihr ein Teil des Kalenders seid. Damit ihr wisst, was wir uns Sch\u00f6nes ausgedacht haben, beantworten wir euch hier direkt mal ein paar Fragen:<\/p>\n<p><strong>Was erwartet euch?<\/strong><br \/>\nEs erwarten euch exklusive 24 Addons zu schon bestehenden Dateien. Mit dabei sind neben neuen Spr\u00fcchen auch neue Papiere, Overlays, Wasserfarbenbilder und manchmal sogar Schneiddateien.<br \/>\nDie Addons sind alle ohne die urspr\u00fcnglichen Sets nutzbar, ihr habt so am Ende 24 kleine Sets rund um das Jahr verteilt zu allen m\u00f6glichen Themen. Also auch perfekt f\u00fcr jemanden, der noch keine Dateien von uns hat und gerade erst in die Plotter\/Bastelwelt einsteigt.<\/p>\n<p><strong>K\u00f6nnen auch wieder Spr\u00fcche vorgeschlagen werden?<\/strong><br \/>\nAlle, die den Kalender gekauft haben, k\u00f6nnen (m\u00fcssen aber nicht) in unsere Adventskalender-Gruppe kommen und dort jeden Tag Vorschl\u00e4ge machen, welche Spr\u00fcche am n\u00e4chsten Tag kommen, die euch im jeweiligen Set noch fehlen. Dazu gibt es in der Gruppe immer einen Tag vorher eine Umfrage, da k\u00f6nnt ihr W\u00fcnsche zuf\u00fcgen oder auch einfach Texte von anderen pushen, die ihr toll findet. Ihr gestaltet aktiv den Kalender mit! Eure Ideen und Anregungen in der Gruppe werden diesen Adventskalender zu einem ganz tollen, individuellen Kalender machen. Man muss aber nicht in der Adventskalender Gruppe sein, um seine T\u00fcrchen zu erhalten.<\/p>\n<p><strong>Wie k\u00f6nnt ihr den Adventskalender erwerben?<\/strong><br \/>\nIhr k\u00f6nnt euch den Adventskalender f\u00fcr nur 22,99 Euro bis zum 01.12.2024 sichern. Ab diesem Zeitpunkt kostet er jeden Tag 0,50 ct mehr, da ihr ja dann schon luschern k\u00f6nnt, was euch im Kalender erwartet. Der Endpreis wird dann bei 34,99 Euro liegen. Und wer von euch schnell ist und sich bis zum 31.10.2024 entscheidet, der hat zus\u00e4tzlich die Chance, die Adventskalender 2020, 2021, 2022 und 2023 je 10 Euro g\u00fcnstiger zu bekommen, solltet ihr diese noch nicht besitzen. Die Gutscheine dazu findet ihr in dem Downloadordner &#8220;Goodies&#8221; des Adventskalenders 2024. Einl\u00f6sbar sind diese bis 07.11.2024.<\/p>\n<p><strong>Wichtigste Frage! Ihr wollt euch den Kalender schenken lassen oder ihn verschenken, geht das?<\/strong><br \/>\nWir haben im Shop zwei Optionen. Einmal kauft ihr den Kalender direkt, einmal ist es ein Gutschein f\u00fcr den Kalender.<\/p>\n<p><strong>Wie bekommt ihr dann die neuen Dateien?<\/strong><br \/>\nSobald ihr den Adventskalender gekauft habt, werden wir euch in eurem Account 24 verschlossene T\u00fcrchen freischalten. An jedem Adventskalendertag wird dann das entsprechende T\u00fcrchen mit einer Datei zum Download gef\u00fcllt. (Das erfolgt allersp\u00e4testens bis 12 Uhr, da die Dateien ja f\u00fcr euch noch nach euren W\u00fcnschen erstellt werden.)<\/p>\n<p><strong>Wie kommt ihr in die Gruppe, wenn ihr den Adventskalender gekauft habt?<\/strong><br \/>\nWenn ihr den Adventskalender gekauft habt, wird neben den 24 T\u00fcrchen auch eine Anleitung im Account zu finden sein. Dort findet ihr den Link zur Gruppe. Mit eurer Bestellnummer werdet ihr f\u00fcr die Gruppe freigeschaltet. Der Gruppeneinlass startet im Laufe der ersten Novemberwoche.<\/p>\n<p><strong>D\u00fcrft ihr die Dateien aus dem Adventskalender auch gewerblich nutzen?<\/strong><br \/>\nBesitzt ihr die Gewerbe-Lizenz f\u00fcr die urspr\u00fcngliche Datei, dann d\u00fcrft ihr auch das Addon zu dieser Datei gewerblich nutzen. Solltet ihr nur f\u00fcr eine einzelne Sache eine Gewerbelizenz brauchen, schreibt uns kurz eine Mail.<\/p>\n<p><strong>Was ist, wenn ihr die urspr\u00fcngliche Datei noch nicht habt und kaufen m\u00f6chtet?<\/strong><br \/>\nAn dem Tag, an dem das Addon zu einer Datei im Adventskalendert\u00fcrchen ist, bekommt ihr von uns einen Rabattcode in dem Post f\u00fcr das jeweilige T\u00fcrchen. Mit diesem k\u00f6nnt ihr dann die urspr\u00fcngliche Datei mit 10% Rabatt im Shop erwerben.<\/p>\n<p><strong>Wie lange habt ihr Zeit, die T\u00fcrchen zu \u00f6ffnen?<\/strong><br \/>\nEure T\u00fcrchen bleiben euch nat\u00fcrlich in eurem Account dauerhaft erhalten, egal, wann und ob ihr sie \u00f6ffnet. Auch nach Weihnachten bleibt euch der Kalender erhalten, so dass ihr immer Zugriff auf die Dateien habt.<\/p>\n<p><strong>Wann d\u00fcrft ihr die gebastelten Sachen in der Gruppe und der &#8220;Wir sind Plotterg\u00f6hren&#8221; Gruppe zeigen?<\/strong><br \/>\nGebt jedem die Chance, sein T\u00fcrchen als \u00dcberraschung zu \u00f6ffnen. Wir freuen uns schon wahnsinnig zu sehen, was ihr aus dem Kalender bastelt, das k\u00f6nnt ihr am n\u00e4chsten Tag nach dem T\u00fcrchen zeigen, wenn alle die M\u00f6glichkeit hatten, ihr T\u00fcrchen zu \u00f6ffnen. Oft kommt man ja erst abends zur Ruhe und man will die T\u00fcrchen ja auch genie\u00dfen. \u2764\ufe0f<\/p>\n<p>Wir w\u00fcnschen euch ein tolles Wochenende, eine tolle Zeit in der Adventskalendergruppe und ganz viel Spa\u00df beim gemeinsamen Hibbeln. \ud83e\udd73\ud83e\udd73\ud83e\udd73<\/p>\n<\/div>\n","protected":false},"excerpt":{"rendered":"<p>Der Gutschein zum Verschenken! Du erh\u00e4ltst einen Gutschein \u00fcber den Adventskalender 2024. Etwaige zeitlich begrenzte Aktionen sind unter Umst\u00e4nden nicht mehr verf\u00fcgbar. Der Gutschein wird nach dem Kauf innerhalb von 24h per E-Mail an dich verschickt. \ud83e\udd70\u2764\ufe0f\ud83d\ude0d DER INTERAKTIVE ADVENTSKALENDER 2024! \ud83d\ude0d\u2764\ufe0f\ud83e\udd70 Viele haben schon gefragt, wann es dieses Jahr denn endlich den Adventskalender geben [&hellip;]<\/p>\n","protected":false},"featured_media":402200,"comment_status":"open","ping_status":"closed","template":"","meta":[],"product_brand":[],"product_cat":[13],"product_tag":[432,177,103,613,105,879],"class_list":{"0":"post-402198","1":"product","2":"type-product","3":"status-publish","4":"has-post-thumbnail","6":"product_cat-plotterdateien","7":"product_tag-advent","8":"product_tag-adventskalender","9":"product_tag-weihnachten","10":"product_tag-weihnachtskarten","11":"product_tag-winter","12":"product_tag-winterzeit","14":"first","15":"instock","16":"taxable","17":"shipping-taxable","18":"purchasable","19":"product-type-variable","20":"has-default-attributes"},"yoast_head":"<!-- This site is optimized with the Yoast SEO plugin v26.4 - https:\/\/yoast.com\/wordpress\/plugins\/seo\/ -->\n<title>Adventskalender 2024 Gutschein - kleine g\u00f6hr.e design<\/title>\n<meta name=\"description\" content=\"Viele haben ja schon gefragt, ob es dieses Jahr auch wieder einen Adventskalender geben wird. Ja, den gibt es! Ihr k\u00f6nnt ihn bei uns im Shop erwerben.\" \/>\n<meta name=\"robots\" content=\"index, follow, max-snippet:-1, max-image-preview:large, max-video-preview:-1\" \/>\n<link rel=\"canonical\" href=\"https:\/\/www.kleinegoehre.de\/scrap\/product\/adventskalender-2024-gutschein\/\" \/>\n<meta property=\"og:locale\" content=\"de_DE\" \/>\n<meta property=\"og:type\" content=\"article\" \/>\n<meta property=\"og:title\" content=\"Adventskalender 2024 Gutschein - kleine g\u00f6hr.e design\" \/>\n<meta property=\"og:description\" content=\"Viele haben ja schon gefragt, ob es dieses Jahr auch wieder einen Adventskalender geben wird. Ja, den gibt es! Ihr k\u00f6nnt ihn bei uns im Shop erwerben.\" \/>\n<meta property=\"og:url\" content=\"https:\/\/www.kleinegoehre.de\/scrap\/product\/adventskalender-2024-gutschein\/\" \/>\n<meta property=\"og:site_name\" content=\"kleine g\u00f6hr.e design\" \/>\n<meta property=\"article:publisher\" content=\"https:\/\/www.facebook.com\/kleinegoehredesign\/\" \/>\n<meta property=\"article:modified_time\" content=\"2025-05-06T10:23:07+00:00\" \/>\n<meta property=\"og:image\" content=\"https:\/\/www.kleinegoehre.de\/scrap\/wp-content\/uploads\/2024\/10\/Adventskalender-2024-Cover-Gutschein-scaled.jpg\" \/>\n\t<meta property=\"og:image:width\" content=\"2560\" \/>\n\t<meta property=\"og:image:height\" content=\"2560\" \/>\n\t<meta property=\"og:image:type\" content=\"image\/jpeg\" \/>\n<meta name=\"twitter:card\" content=\"summary_large_image\" \/>\n<meta name=\"twitter:label1\" content=\"Gesch\u00e4tzte Lesezeit\" \/>\n\t<meta name=\"twitter:data1\" content=\"5\u00a0Minuten\" \/>\n<script type=\"application\/ld+json\" class=\"yoast-schema-graph\">{\"@context\":\"https:\/\/schema.org\",\"@graph\":[{\"@type\":\"WebPage\",\"@id\":\"https:\/\/www.kleinegoehre.de\/scrap\/product\/adventskalender-2024-gutschein\/\",\"url\":\"https:\/\/www.kleinegoehre.de\/scrap\/product\/adventskalender-2024-gutschein\/\",\"name\":\"Adventskalender 2024 Gutschein - kleine g\u00f6hr.e design\",\"isPartOf\":{\"@id\":\"https:\/\/www.kleinegoehre.de\/scrap\/#website\"},\"primaryImageOfPage\":{\"@id\":\"https:\/\/www.kleinegoehre.de\/scrap\/product\/adventskalender-2024-gutschein\/#primaryimage\"},\"image\":{\"@id\":\"https:\/\/www.kleinegoehre.de\/scrap\/product\/adventskalender-2024-gutschein\/#primaryimage\"},\"thumbnailUrl\":\"https:\/\/www.kleinegoehre.de\/scrap\/wp-content\/uploads\/2024\/10\/Adventskalender-2024-Cover-Gutschein-scaled.jpg\",\"datePublished\":\"2024-10-18T07:00:14+00:00\",\"dateModified\":\"2025-05-06T10:23:07+00:00\",\"description\":\"Viele haben ja schon gefragt, ob es dieses Jahr auch wieder einen Adventskalender geben wird. Ja, den gibt es! Ihr k\u00f6nnt ihn bei uns im Shop erwerben.\",\"breadcrumb\":{\"@id\":\"https:\/\/www.kleinegoehre.de\/scrap\/product\/adventskalender-2024-gutschein\/#breadcrumb\"},\"inLanguage\":\"de\",\"potentialAction\":[{\"@type\":\"ReadAction\",\"target\":[\"https:\/\/www.kleinegoehre.de\/scrap\/product\/adventskalender-2024-gutschein\/\"]}]},{\"@type\":\"ImageObject\",\"inLanguage\":\"de\",\"@id\":\"https:\/\/www.kleinegoehre.de\/scrap\/product\/adventskalender-2024-gutschein\/#primaryimage\",\"url\":\"https:\/\/www.kleinegoehre.de\/scrap\/wp-content\/uploads\/2024\/10\/Adventskalender-2024-Cover-Gutschein-scaled.jpg\",\"contentUrl\":\"https:\/\/www.kleinegoehre.de\/scrap\/wp-content\/uploads\/2024\/10\/Adventskalender-2024-Cover-Gutschein-scaled.jpg\",\"width\":2560,\"height\":2560},{\"@type\":\"BreadcrumbList\",\"@id\":\"https:\/\/www.kleinegoehre.de\/scrap\/product\/adventskalender-2024-gutschein\/#breadcrumb\",\"itemListElement\":[{\"@type\":\"ListItem\",\"position\":1,\"name\":\"Startseite\",\"item\":\"https:\/\/www.kleinegoehre.de\/scrap\/\"},{\"@type\":\"ListItem\",\"position\":2,\"name\":\"Shop\",\"item\":\"https:\/\/www.kleinegoehre.de\/scrap\/shop\/\"},{\"@type\":\"ListItem\",\"position\":3,\"name\":\"Adventskalender 2024 Gutschein\"}]},{\"@type\":\"WebSite\",\"@id\":\"https:\/\/www.kleinegoehre.de\/scrap\/#website\",\"url\":\"https:\/\/www.kleinegoehre.de\/scrap\/\",\"name\":\"kleine g\u00f6hr.e design\",\"description\":\"In unser Shop auf kleinegoehre.de findet ihr Plotterdateien zu vielen verschiedenen Themen. Dazu bieten wir euch eine riesen Auswahl an digitalen Papieren.\",\"publisher\":{\"@id\":\"https:\/\/www.kleinegoehre.de\/scrap\/#organization\"},\"potentialAction\":[{\"@type\":\"SearchAction\",\"target\":{\"@type\":\"EntryPoint\",\"urlTemplate\":\"https:\/\/www.kleinegoehre.de\/scrap\/?s={search_term_string}\"},\"query-input\":{\"@type\":\"PropertyValueSpecification\",\"valueRequired\":true,\"valueName\":\"search_term_string\"}}],\"inLanguage\":\"de\"},{\"@type\":\"Organization\",\"@id\":\"https:\/\/www.kleinegoehre.de\/scrap\/#organization\",\"name\":\"kleine g\u00f6hre design\",\"url\":\"https:\/\/www.kleinegoehre.de\/scrap\/\",\"logo\":{\"@type\":\"ImageObject\",\"inLanguage\":\"de\",\"@id\":\"https:\/\/www.kleinegoehre.de\/scrap\/#\/schema\/logo\/image\/\",\"url\":\"https:\/\/www.kleinegoehre.de\/scrap\/wp-content\/uploads\/2018\/06\/14859829_1423290007698523_869036772071302726_o.jpg\",\"contentUrl\":\"https:\/\/www.kleinegoehre.de\/scrap\/wp-content\/uploads\/2018\/06\/14859829_1423290007698523_869036772071302726_o.jpg\",\"width\":1181,\"height\":1181,\"caption\":\"kleine g\u00f6hre design\"},\"image\":{\"@id\":\"https:\/\/www.kleinegoehre.de\/scrap\/#\/schema\/logo\/image\/\"},\"sameAs\":[\"https:\/\/www.facebook.com\/kleinegoehredesign\/\",\"https:\/\/www.youtube.com\/channel\/UCZa4qAhMHSp7-gsPt9Hoy2w\"]}]}<\/script>\n<!-- \/ Yoast SEO plugin. -->","yoast_head_json":{"title":"Adventskalender 2024 Gutschein - kleine g\u00f6hr.e design","description":"Viele haben ja schon gefragt, ob es dieses Jahr auch wieder einen Adventskalender geben wird. Ja, den gibt es! Ihr k\u00f6nnt ihn bei uns im Shop erwerben.","robots":{"index":"index","follow":"follow","max-snippet":"max-snippet:-1","max-image-preview":"max-image-preview:large","max-video-preview":"max-video-preview:-1"},"canonical":"https:\/\/www.kleinegoehre.de\/scrap\/product\/adventskalender-2024-gutschein\/","og_locale":"de_DE","og_type":"article","og_title":"Adventskalender 2024 Gutschein - kleine g\u00f6hr.e design","og_description":"Viele haben ja schon gefragt, ob es dieses Jahr auch wieder einen Adventskalender geben wird. Ja, den gibt es! Ihr k\u00f6nnt ihn bei uns im Shop erwerben.","og_url":"https:\/\/www.kleinegoehre.de\/scrap\/product\/adventskalender-2024-gutschein\/","og_site_name":"kleine g\u00f6hr.e design","article_publisher":"https:\/\/www.facebook.com\/kleinegoehredesign\/","article_modified_time":"2025-05-06T10:23:07+00:00","og_image":[{"width":2560,"height":2560,"url":"https:\/\/www.kleinegoehre.de\/scrap\/wp-content\/uploads\/2024\/10\/Adventskalender-2024-Cover-Gutschein-scaled.jpg","type":"image\/jpeg"}],"twitter_card":"summary_large_image","twitter_misc":{"Gesch\u00e4tzte Lesezeit":"5\u00a0Minuten"},"schema":{"@context":"https:\/\/schema.org","@graph":[{"@type":"WebPage","@id":"https:\/\/www.kleinegoehre.de\/scrap\/product\/adventskalender-2024-gutschein\/","url":"https:\/\/www.kleinegoehre.de\/scrap\/product\/adventskalender-2024-gutschein\/","name":"Adventskalender 2024 Gutschein - kleine g\u00f6hr.e design","isPartOf":{"@id":"https:\/\/www.kleinegoehre.de\/scrap\/#website"},"primaryImageOfPage":{"@id":"https:\/\/www.kleinegoehre.de\/scrap\/product\/adventskalender-2024-gutschein\/#primaryimage"},"image":{"@id":"https:\/\/www.kleinegoehre.de\/scrap\/product\/adventskalender-2024-gutschein\/#primaryimage"},"thumbnailUrl":"https:\/\/www.kleinegoehre.de\/scrap\/wp-content\/uploads\/2024\/10\/Adventskalender-2024-Cover-Gutschein-scaled.jpg","datePublished":"2024-10-18T07:00:14+00:00","dateModified":"2025-05-06T10:23:07+00:00","description":"Viele haben ja schon gefragt, ob es dieses Jahr auch wieder einen Adventskalender geben wird. Ja, den gibt es! Ihr k\u00f6nnt ihn bei uns im Shop erwerben.","breadcrumb":{"@id":"https:\/\/www.kleinegoehre.de\/scrap\/product\/adventskalender-2024-gutschein\/#breadcrumb"},"inLanguage":"de","potentialAction":[{"@type":"ReadAction","target":["https:\/\/www.kleinegoehre.de\/scrap\/product\/adventskalender-2024-gutschein\/"]}]},{"@type":"ImageObject","inLanguage":"de","@id":"https:\/\/www.kleinegoehre.de\/scrap\/product\/adventskalender-2024-gutschein\/#primaryimage","url":"https:\/\/www.kleinegoehre.de\/scrap\/wp-content\/uploads\/2024\/10\/Adventskalender-2024-Cover-Gutschein-scaled.jpg","contentUrl":"https:\/\/www.kleinegoehre.de\/scrap\/wp-content\/uploads\/2024\/10\/Adventskalender-2024-Cover-Gutschein-scaled.jpg","width":2560,"height":2560},{"@type":"BreadcrumbList","@id":"https:\/\/www.kleinegoehre.de\/scrap\/product\/adventskalender-2024-gutschein\/#breadcrumb","itemListElement":[{"@type":"ListItem","position":1,"name":"Startseite","item":"https:\/\/www.kleinegoehre.de\/scrap\/"},{"@type":"ListItem","position":2,"name":"Shop","item":"https:\/\/www.kleinegoehre.de\/scrap\/shop\/"},{"@type":"ListItem","position":3,"name":"Adventskalender 2024 Gutschein"}]},{"@type":"WebSite","@id":"https:\/\/www.kleinegoehre.de\/scrap\/#website","url":"https:\/\/www.kleinegoehre.de\/scrap\/","name":"kleine g\u00f6hr.e design","description":"In unser Shop auf kleinegoehre.de findet ihr Plotterdateien zu vielen verschiedenen Themen. Dazu bieten wir euch eine riesen Auswahl an digitalen Papieren.","publisher":{"@id":"https:\/\/www.kleinegoehre.de\/scrap\/#organization"},"potentialAction":[{"@type":"SearchAction","target":{"@type":"EntryPoint","urlTemplate":"https:\/\/www.kleinegoehre.de\/scrap\/?s={search_term_string}"},"query-input":{"@type":"PropertyValueSpecification","valueRequired":true,"valueName":"search_term_string"}}],"inLanguage":"de"},{"@type":"Organization","@id":"https:\/\/www.kleinegoehre.de\/scrap\/#organization","name":"kleine g\u00f6hre design","url":"https:\/\/www.kleinegoehre.de\/scrap\/","logo":{"@type":"ImageObject","inLanguage":"de","@id":"https:\/\/www.kleinegoehre.de\/scrap\/#\/schema\/logo\/image\/","url":"https:\/\/www.kleinegoehre.de\/scrap\/wp-content\/uploads\/2018\/06\/14859829_1423290007698523_869036772071302726_o.jpg","contentUrl":"https:\/\/www.kleinegoehre.de\/scrap\/wp-content\/uploads\/2018\/06\/14859829_1423290007698523_869036772071302726_o.jpg","width":1181,"height":1181,"caption":"kleine g\u00f6hre design"},"image":{"@id":"https:\/\/www.kleinegoehre.de\/scrap\/#\/schema\/logo\/image\/"},"sameAs":["https:\/\/www.facebook.com\/kleinegoehredesign\/","https:\/\/www.youtube.com\/channel\/UCZa4qAhMHSp7-gsPt9Hoy2w"]}]}},"_links":{"self":[{"href":"https:\/\/www.kleinegoehre.de\/scrap\/wp-json\/wp\/v2\/product\/402198","targetHints":{"allow":["GET"]}}],"collection":[{"href":"https:\/\/www.kleinegoehre.de\/scrap\/wp-json\/wp\/v2\/product"}],"about":[{"href":"https:\/\/www.kleinegoehre.de\/scrap\/wp-json\/wp\/v2\/types\/product"}],"replies":[{"embeddable":true,"href":"https:\/\/www.kleinegoehre.de\/scrap\/wp-json\/wp\/v2\/comments?post=402198"}],"wp:featuredmedia":[{"embeddable":true,"href":"https:\/\/www.kleinegoehre.de\/scrap\/wp-json\/wp\/v2\/media\/402200"}],"wp:attachment":[{"href":"https:\/\/www.kleinegoehre.de\/scrap\/wp-json\/wp\/v2\/media?parent=402198"}],"wp:term":[{"taxonomy":"product_brand","embeddable":true,"href":"https:\/\/www.kleinegoehre.de\/scrap\/wp-json\/wp\/v2\/product_brand?post=402198"},{"taxonomy":"product_cat","embeddable":true,"href":"https:\/\/www.kleinegoehre.de\/scrap\/wp-json\/wp\/v2\/product_cat?post=402198"},{"taxonomy":"product_tag","embeddable":true,"href":"https:\/\/www.kleinegoehre.de\/scrap\/wp-json\/wp\/v2\/product_tag?post=402198"}],"curies":[{"name":"wp","href":"https:\/\/api.w.org\/{rel}","templated":true}]}}