{"id":392736,"date":"2024-06-21T09:00:24","date_gmt":"2024-06-21T07:00:24","guid":{"rendered":"https:\/\/www.kleinegoehre.de\/scrap\/?post_type=product&#038;p=392736"},"modified":"2025-01-06T15:43:11","modified_gmt":"2025-01-06T14:43:11","slug":"kalender-2025-kompakt-gross-und-planer","status":"publish","type":"product","link":"https:\/\/www.kleinegoehre.de\/scrap\/product\/kalender-2025-kompakt-gross-und-planer\/","title":{"rendered":"Kalender 2025 &#8220;kompakt, gro\u00df und Planer&#8221;"},"content":{"rendered":"<p>Wenn\u00a0ihr f\u00fcr eure Lieben Kalender erstellen wollt, findet ihr hier vom (Familien)Planer bis zum kompakten Jahreskalender viele M\u00f6glichkeiten. F\u00fcr alle drei Formate erhaltet ihr vier verschiedene Schriften Layouts.<\/p>\n<p>Wie ihr einen Kalender mit dem Silhouette Studio erstellt, seht ihr\u00a0hier<\/p>\n<p>Beim Kauf der Datei erh\u00e4ltst Du die Grafik in dem Dateiformat .JPG in einem .ZIP-Ordner gepackt.<\/p>\n","protected":false},"excerpt":{"rendered":"<p>Wenn\u00a0ihr f\u00fcr eure Lieben Kalender erstellen wollt, findet ihr hier vom (Familien)Planer bis zum kompakten Jahreskalender viele M\u00f6glichkeiten. F\u00fcr alle drei Formate erhaltet ihr vier verschiedene Schriften Layouts. Wie ihr einen Kalender mit dem Silhouette Studio erstellt, seht ihr\u00a0hier Beim Kauf der Datei erh\u00e4ltst Du die Grafik in dem Dateiformat .JPG in einem .ZIP-Ordner gepackt.<\/p>\n","protected":false},"featured_media":392741,"comment_status":"open","ping_status":"closed","template":"","meta":[],"product_brand":[],"product_cat":[24],"product_tag":[1084,1083,77,178,1086,1069,179,55,1085],"class_list":{"0":"post-392736","1":"product","2":"type-product","3":"status-publish","4":"has-post-thumbnail","6":"product_cat-printables","7":"product_tag-familienkalender","8":"product_tag-fotokalender","9":"product_tag-geschenk","10":"product_tag-kalender","11":"product_tag-menueplan","12":"product_tag-planer","13":"product_tag-printable","14":"product_tag-templates","15":"product_tag-to-do-liste","17":"first","18":"instock","19":"sale","20":"taxable","21":"shipping-taxable","22":"purchasable","23":"product-type-variable","24":"has-default-attributes"},"yoast_head":"<!-- This site is optimized with the Yoast SEO plugin v26.4 - https:\/\/yoast.com\/wordpress\/plugins\/seo\/ -->\n<title>Kalender 2025 &quot;kompakt, gro\u00df und Planer&quot; - kleine g\u00f6hr.e design<\/title>\n<meta name=\"robots\" content=\"index, follow, max-snippet:-1, max-image-preview:large, max-video-preview:-1\" \/>\n<link rel=\"canonical\" href=\"https:\/\/www.kleinegoehre.de\/scrap\/product\/kalender-2025-kompakt-gross-und-planer\/\" \/>\n<meta property=\"og:locale\" content=\"de_DE\" \/>\n<meta property=\"og:type\" content=\"article\" \/>\n<meta property=\"og:title\" content=\"Kalender 2025 &quot;kompakt, gro\u00df und Planer&quot; - kleine g\u00f6hr.e design\" \/>\n<meta property=\"og:description\" content=\"Wenn\u00a0ihr f\u00fcr eure Lieben Kalender erstellen wollt, findet ihr hier vom (Familien)Planer bis zum kompakten Jahreskalender viele M\u00f6glichkeiten. F\u00fcr alle drei Formate erhaltet ihr vier verschiedene Schriften Layouts. Wie ihr einen Kalender mit dem Silhouette Studio erstellt, seht ihr\u00a0hier Beim Kauf der Datei erh\u00e4ltst Du die Grafik in dem Dateiformat .JPG in einem .ZIP-Ordner gepackt.\" \/>\n<meta property=\"og:url\" content=\"https:\/\/www.kleinegoehre.de\/scrap\/product\/kalender-2025-kompakt-gross-und-planer\/\" \/>\n<meta property=\"og:site_name\" content=\"kleine g\u00f6hr.e design\" \/>\n<meta property=\"article:publisher\" content=\"https:\/\/www.facebook.com\/kleinegoehredesign\/\" \/>\n<meta property=\"article:modified_time\" content=\"2025-01-06T14:43:11+00:00\" \/>\n<meta property=\"og:image\" content=\"https:\/\/www.kleinegoehre.de\/scrap\/wp-content\/uploads\/2024\/06\/Bilder_Kalender-2025_01-scaled.jpg\" \/>\n\t<meta property=\"og:image:width\" content=\"2560\" \/>\n\t<meta property=\"og:image:height\" content=\"2539\" \/>\n\t<meta property=\"og:image:type\" content=\"image\/jpeg\" \/>\n<meta name=\"twitter:card\" content=\"summary_large_image\" \/>\n<meta name=\"twitter:label1\" content=\"Gesch\u00e4tzte Lesezeit\" \/>\n\t<meta name=\"twitter:data1\" content=\"1\u00a0Minute\" \/>\n<script type=\"application\/ld+json\" class=\"yoast-schema-graph\">{\"@context\":\"https:\/\/schema.org\",\"@graph\":[{\"@type\":\"WebPage\",\"@id\":\"https:\/\/www.kleinegoehre.de\/scrap\/product\/kalender-2025-kompakt-gross-und-planer\/\",\"url\":\"https:\/\/www.kleinegoehre.de\/scrap\/product\/kalender-2025-kompakt-gross-und-planer\/\",\"name\":\"Kalender 2025 \\\"kompakt, gro\u00df und Planer\\\" - kleine g\u00f6hr.e design\",\"isPartOf\":{\"@id\":\"https:\/\/www.kleinegoehre.de\/scrap\/#website\"},\"primaryImageOfPage\":{\"@id\":\"https:\/\/www.kleinegoehre.de\/scrap\/product\/kalender-2025-kompakt-gross-und-planer\/#primaryimage\"},\"image\":{\"@id\":\"https:\/\/www.kleinegoehre.de\/scrap\/product\/kalender-2025-kompakt-gross-und-planer\/#primaryimage\"},\"thumbnailUrl\":\"https:\/\/www.kleinegoehre.de\/scrap\/wp-content\/uploads\/2024\/06\/Bilder_Kalender-2025_01-scaled.jpg\",\"datePublished\":\"2024-06-21T07:00:24+00:00\",\"dateModified\":\"2025-01-06T14:43:11+00:00\",\"breadcrumb\":{\"@id\":\"https:\/\/www.kleinegoehre.de\/scrap\/product\/kalender-2025-kompakt-gross-und-planer\/#breadcrumb\"},\"inLanguage\":\"de\",\"potentialAction\":[{\"@type\":\"ReadAction\",\"target\":[\"https:\/\/www.kleinegoehre.de\/scrap\/product\/kalender-2025-kompakt-gross-und-planer\/\"]}]},{\"@type\":\"ImageObject\",\"inLanguage\":\"de\",\"@id\":\"https:\/\/www.kleinegoehre.de\/scrap\/product\/kalender-2025-kompakt-gross-und-planer\/#primaryimage\",\"url\":\"https:\/\/www.kleinegoehre.de\/scrap\/wp-content\/uploads\/2024\/06\/Bilder_Kalender-2025_01-scaled.jpg\",\"contentUrl\":\"https:\/\/www.kleinegoehre.de\/scrap\/wp-content\/uploads\/2024\/06\/Bilder_Kalender-2025_01-scaled.jpg\",\"width\":2560,\"height\":2539},{\"@type\":\"BreadcrumbList\",\"@id\":\"https:\/\/www.kleinegoehre.de\/scrap\/product\/kalender-2025-kompakt-gross-und-planer\/#breadcrumb\",\"itemListElement\":[{\"@type\":\"ListItem\",\"position\":1,\"name\":\"Startseite\",\"item\":\"https:\/\/www.kleinegoehre.de\/scrap\/\"},{\"@type\":\"ListItem\",\"position\":2,\"name\":\"Shop\",\"item\":\"https:\/\/www.kleinegoehre.de\/scrap\/shop\/\"},{\"@type\":\"ListItem\",\"position\":3,\"name\":\"Kalender 2025 &#8220;kompakt, gro\u00df und Planer&#8221;\"}]},{\"@type\":\"WebSite\",\"@id\":\"https:\/\/www.kleinegoehre.de\/scrap\/#website\",\"url\":\"https:\/\/www.kleinegoehre.de\/scrap\/\",\"name\":\"kleine g\u00f6hr.e design\",\"description\":\"In unser Shop auf kleinegoehre.de findet ihr Plotterdateien zu vielen verschiedenen Themen. Dazu bieten wir euch eine riesen Auswahl an digitalen Papieren.\",\"publisher\":{\"@id\":\"https:\/\/www.kleinegoehre.de\/scrap\/#organization\"},\"potentialAction\":[{\"@type\":\"SearchAction\",\"target\":{\"@type\":\"EntryPoint\",\"urlTemplate\":\"https:\/\/www.kleinegoehre.de\/scrap\/?s={search_term_string}\"},\"query-input\":{\"@type\":\"PropertyValueSpecification\",\"valueRequired\":true,\"valueName\":\"search_term_string\"}}],\"inLanguage\":\"de\"},{\"@type\":\"Organization\",\"@id\":\"https:\/\/www.kleinegoehre.de\/scrap\/#organization\",\"name\":\"kleine g\u00f6hre design\",\"url\":\"https:\/\/www.kleinegoehre.de\/scrap\/\",\"logo\":{\"@type\":\"ImageObject\",\"inLanguage\":\"de\",\"@id\":\"https:\/\/www.kleinegoehre.de\/scrap\/#\/schema\/logo\/image\/\",\"url\":\"https:\/\/www.kleinegoehre.de\/scrap\/wp-content\/uploads\/2018\/06\/14859829_1423290007698523_869036772071302726_o.jpg\",\"contentUrl\":\"https:\/\/www.kleinegoehre.de\/scrap\/wp-content\/uploads\/2018\/06\/14859829_1423290007698523_869036772071302726_o.jpg\",\"width\":1181,\"height\":1181,\"caption\":\"kleine g\u00f6hre design\"},\"image\":{\"@id\":\"https:\/\/www.kleinegoehre.de\/scrap\/#\/schema\/logo\/image\/\"},\"sameAs\":[\"https:\/\/www.facebook.com\/kleinegoehredesign\/\",\"https:\/\/www.youtube.com\/channel\/UCZa4qAhMHSp7-gsPt9Hoy2w\"]}]}<\/script>\n<!-- \/ Yoast SEO plugin. -->","yoast_head_json":{"title":"Kalender 2025 \"kompakt, gro\u00df und Planer\" - kleine g\u00f6hr.e design","robots":{"index":"index","follow":"follow","max-snippet":"max-snippet:-1","max-image-preview":"max-image-preview:large","max-video-preview":"max-video-preview:-1"},"canonical":"https:\/\/www.kleinegoehre.de\/scrap\/product\/kalender-2025-kompakt-gross-und-planer\/","og_locale":"de_DE","og_type":"article","og_title":"Kalender 2025 \"kompakt, gro\u00df und Planer\" - kleine g\u00f6hr.e design","og_description":"Wenn\u00a0ihr f\u00fcr eure Lieben Kalender erstellen wollt, findet ihr hier vom (Familien)Planer bis zum kompakten Jahreskalender viele M\u00f6glichkeiten. F\u00fcr alle drei Formate erhaltet ihr vier verschiedene Schriften Layouts. Wie ihr einen Kalender mit dem Silhouette Studio erstellt, seht ihr\u00a0hier Beim Kauf der Datei erh\u00e4ltst Du die Grafik in dem Dateiformat .JPG in einem .ZIP-Ordner gepackt.","og_url":"https:\/\/www.kleinegoehre.de\/scrap\/product\/kalender-2025-kompakt-gross-und-planer\/","og_site_name":"kleine g\u00f6hr.e design","article_publisher":"https:\/\/www.facebook.com\/kleinegoehredesign\/","article_modified_time":"2025-01-06T14:43:11+00:00","og_image":[{"width":2560,"height":2539,"url":"https:\/\/www.kleinegoehre.de\/scrap\/wp-content\/uploads\/2024\/06\/Bilder_Kalender-2025_01-scaled.jpg","type":"image\/jpeg"}],"twitter_card":"summary_large_image","twitter_misc":{"Gesch\u00e4tzte Lesezeit":"1\u00a0Minute"},"schema":{"@context":"https:\/\/schema.org","@graph":[{"@type":"WebPage","@id":"https:\/\/www.kleinegoehre.de\/scrap\/product\/kalender-2025-kompakt-gross-und-planer\/","url":"https:\/\/www.kleinegoehre.de\/scrap\/product\/kalender-2025-kompakt-gross-und-planer\/","name":"Kalender 2025 \"kompakt, gro\u00df und Planer\" - kleine g\u00f6hr.e design","isPartOf":{"@id":"https:\/\/www.kleinegoehre.de\/scrap\/#website"},"primaryImageOfPage":{"@id":"https:\/\/www.kleinegoehre.de\/scrap\/product\/kalender-2025-kompakt-gross-und-planer\/#primaryimage"},"image":{"@id":"https:\/\/www.kleinegoehre.de\/scrap\/product\/kalender-2025-kompakt-gross-und-planer\/#primaryimage"},"thumbnailUrl":"https:\/\/www.kleinegoehre.de\/scrap\/wp-content\/uploads\/2024\/06\/Bilder_Kalender-2025_01-scaled.jpg","datePublished":"2024-06-21T07:00:24+00:00","dateModified":"2025-01-06T14:43:11+00:00","breadcrumb":{"@id":"https:\/\/www.kleinegoehre.de\/scrap\/product\/kalender-2025-kompakt-gross-und-planer\/#breadcrumb"},"inLanguage":"de","potentialAction":[{"@type":"ReadAction","target":["https:\/\/www.kleinegoehre.de\/scrap\/product\/kalender-2025-kompakt-gross-und-planer\/"]}]},{"@type":"ImageObject","inLanguage":"de","@id":"https:\/\/www.kleinegoehre.de\/scrap\/product\/kalender-2025-kompakt-gross-und-planer\/#primaryimage","url":"https:\/\/www.kleinegoehre.de\/scrap\/wp-content\/uploads\/2024\/06\/Bilder_Kalender-2025_01-scaled.jpg","contentUrl":"https:\/\/www.kleinegoehre.de\/scrap\/wp-content\/uploads\/2024\/06\/Bilder_Kalender-2025_01-scaled.jpg","width":2560,"height":2539},{"@type":"BreadcrumbList","@id":"https:\/\/www.kleinegoehre.de\/scrap\/product\/kalender-2025-kompakt-gross-und-planer\/#breadcrumb","itemListElement":[{"@type":"ListItem","position":1,"name":"Startseite","item":"https:\/\/www.kleinegoehre.de\/scrap\/"},{"@type":"ListItem","position":2,"name":"Shop","item":"https:\/\/www.kleinegoehre.de\/scrap\/shop\/"},{"@type":"ListItem","position":3,"name":"Kalender 2025 &#8220;kompakt, gro\u00df und Planer&#8221;"}]},{"@type":"WebSite","@id":"https:\/\/www.kleinegoehre.de\/scrap\/#website","url":"https:\/\/www.kleinegoehre.de\/scrap\/","name":"kleine g\u00f6hr.e design","description":"In unser Shop auf kleinegoehre.de findet ihr Plotterdateien zu vielen verschiedenen Themen. Dazu bieten wir euch eine riesen Auswahl an digitalen Papieren.","publisher":{"@id":"https:\/\/www.kleinegoehre.de\/scrap\/#organization"},"potentialAction":[{"@type":"SearchAction","target":{"@type":"EntryPoint","urlTemplate":"https:\/\/www.kleinegoehre.de\/scrap\/?s={search_term_string}"},"query-input":{"@type":"PropertyValueSpecification","valueRequired":true,"valueName":"search_term_string"}}],"inLanguage":"de"},{"@type":"Organization","@id":"https:\/\/www.kleinegoehre.de\/scrap\/#organization","name":"kleine g\u00f6hre design","url":"https:\/\/www.kleinegoehre.de\/scrap\/","logo":{"@type":"ImageObject","inLanguage":"de","@id":"https:\/\/www.kleinegoehre.de\/scrap\/#\/schema\/logo\/image\/","url":"https:\/\/www.kleinegoehre.de\/scrap\/wp-content\/uploads\/2018\/06\/14859829_1423290007698523_869036772071302726_o.jpg","contentUrl":"https:\/\/www.kleinegoehre.de\/scrap\/wp-content\/uploads\/2018\/06\/14859829_1423290007698523_869036772071302726_o.jpg","width":1181,"height":1181,"caption":"kleine g\u00f6hre design"},"image":{"@id":"https:\/\/www.kleinegoehre.de\/scrap\/#\/schema\/logo\/image\/"},"sameAs":["https:\/\/www.facebook.com\/kleinegoehredesign\/","https:\/\/www.youtube.com\/channel\/UCZa4qAhMHSp7-gsPt9Hoy2w"]}]}},"_links":{"self":[{"href":"https:\/\/www.kleinegoehre.de\/scrap\/wp-json\/wp\/v2\/product\/392736","targetHints":{"allow":["GET"]}}],"collection":[{"href":"https:\/\/www.kleinegoehre.de\/scrap\/wp-json\/wp\/v2\/product"}],"about":[{"href":"https:\/\/www.kleinegoehre.de\/scrap\/wp-json\/wp\/v2\/types\/product"}],"replies":[{"embeddable":true,"href":"https:\/\/www.kleinegoehre.de\/scrap\/wp-json\/wp\/v2\/comments?post=392736"}],"wp:featuredmedia":[{"embeddable":true,"href":"https:\/\/www.kleinegoehre.de\/scrap\/wp-json\/wp\/v2\/media\/392741"}],"wp:attachment":[{"href":"https:\/\/www.kleinegoehre.de\/scrap\/wp-json\/wp\/v2\/media?parent=392736"}],"wp:term":[{"taxonomy":"product_brand","embeddable":true,"href":"https:\/\/www.kleinegoehre.de\/scrap\/wp-json\/wp\/v2\/product_brand?post=392736"},{"taxonomy":"product_cat","embeddable":true,"href":"https:\/\/www.kleinegoehre.de\/scrap\/wp-json\/wp\/v2\/product_cat?post=392736"},{"taxonomy":"product_tag","embeddable":true,"href":"https:\/\/www.kleinegoehre.de\/scrap\/wp-json\/wp\/v2\/product_tag?post=392736"}],"curies":[{"name":"wp","href":"https:\/\/api.w.org\/{rel}","templated":true}]}}