{"id":255063,"date":"2021-10-29T08:38:32","date_gmt":"2021-10-29T06:38:32","guid":{"rendered":"https:\/\/www.kleinegoehre.de\/scrap\/?post_type=product&#038;p=255063"},"modified":"2024-04-09T16:48:01","modified_gmt":"2024-04-09T14:48:01","slug":"adventskalender-2021","status":"publish","type":"product","link":"https:\/\/www.kleinegoehre.de\/scrap\/product\/adventskalender-2021\/","title":{"rendered":"Adventskalender 2021"},"content":{"rendered":"<div class=\"kvgmc6g5 cxmmr5t8 oygrvhab hcukyx3x c1et5uql ii04i59q\">\n<p>Viele haben ja schon gefragt, ob es dieses Jahr auch wieder einen Adventskalender geben wird. Ja, den gibt es! Ihr k\u00f6nnt ihn bei uns im Shop erwerben.<\/p>\n<p>Es wird \u00e4hnlich werden wie in den letzten beiden Jahren, aber doch auch besonders. Damit ihr wisst, was wir uns Sch\u00f6nes ausgedacht haben, beantworten wir euch hier direkt mal alle Fragen:<\/p>\n<p><strong>**Was erwartet mich?**<\/strong><\/p>\n<p>Es erwarten euch exklusive 24 Addons zu schon bestehenden Dateien. Nicht, wie in den letzten Jahren nur Spr\u00fcche, sondern auch neue Papiere, Overlays, Wasserfarbenbilder und Schneiddateien.<\/p>\n<p><strong>**K\u00f6nnen auch wieder Spr\u00fcche vorgeschlagen werden?**<\/strong><\/p>\n<p>Alle, die den Kalender gekauft haben, k\u00f6nnen (m\u00fcssen aber nicht) in unsere Adventskalender-Gruppe kommen und dort jeden Tag Vorschl\u00e4ge machen, welche Spr\u00fcche am n\u00e4chsten Tag kommen, die euch im jeweiligen Set noch fehlen. Dazu gibt es in der Gruppe immer einen Tag vorher eine Umfrage, da k\u00f6nnt ihr W\u00fcnsche zuf\u00fcgen oder auch einfach Texte von anderen pushen, die ihr toll findet. Ihr gestaltet aktiv den Kalender mit!<\/p>\n<p><strong>**Wie kann ich den Adventskalender erwerben?**<\/strong><\/p>\n<p>Ihr k\u00f6nnt euch den Adventskalender f\u00fcr nur 19,99 Euro bis zum 01.12.2021 sichern. Ab diesem Zeitpunkt kostet er jeden Tag 0,50 ct mehr, da ihr ja dann schon luschern k\u00f6nnt, was euch im Kalender erwartet. Und wer von euch schnell ist und sich bis zum 07.11.2021 entscheidet, der bekommt direkt von uns noch den kompletten Adventskalender 2019 als Geschenk dazu!<\/p>\n<p><strong>**Wichtigste Frage! Ich will mir den Kalender schenken lassen oder ihn verschenken, geht das?**<\/strong><\/p>\n<p>Wir haben im Shop zwei Optionen. Einmal kaufst du den Kalender direkt, einmal ist es ein Gutschein f\u00fcr den Kalender (beachte, beim Gutschein ist der Kalender 2019 nicht inkludiert)<\/p>\n<p><strong>**Wie bekomme ich dann die neuen Dateien?**<\/strong><\/p>\n<p>Sobald du den Adventskalender gekauft hast, werden wir dir in deinen Account 24 verschlossene T\u00fcrchen freischalten. An jedem Adventskalendertag wird dann das entsprechende T\u00fcrchen mit einer Datei zum Download gef\u00fcllt. (Das erfolgt allersp\u00e4testens bis 12 Uhr, da die Dateien ja f\u00fcr euch noch nach euren W\u00fcnschen erstellt werden)<\/p>\n<p><strong>**Wie komme ich in die Gruppe, wenn ich den Adventskalender gekauft habe?**<\/strong><\/p>\n<p>Wenn du den Adventskalender gekauft hast, wird neben den 24 T\u00fcrchen auch eine Anleitung in deinem Account zu finden sein. Dort findest du den Link zur Gruppe. Mit deiner Bestellnummer wirst du f\u00fcr die Gruppe freigeschaltet.<\/p>\n<p><strong>**Darf ich die Dateien aus dem Adventskalender auch gewerblich nutzen?**<\/strong><\/p>\n<p>Besitzt du die Gewerbe-Lizenz f\u00fcr die urspr\u00fcngliche Datei, dann darfst du auch das Addon zu dieser Datei gewerblich nutzen. Solltest du nur f\u00fcr eine einzelne Sache eine Gewerbelizenz brauchen, schreib uns kurz eine Mail.<\/p>\n<p><strong>**Was ist, wenn ich die urspr\u00fcngliche Datei noch nicht habe und kaufen m\u00f6chte?**<\/strong><\/p>\n<div class=\"bi6gxh9e\" data-block=\"true\" data-editor=\"2e4o6\" data-offset-key=\"aa08q-0-0\">\n<p class=\"_1mj _1mf\" data-offset-key=\"aa08q-0-0\"><span class=\"\" data-offset-key=\"aa08q-0-0\">An dem Tag, an dem das Addon zu einer Datei im Adventskalendert\u00fcrchen ist, bekommst du von uns einen Rabattcode in dem Post f\u00fcr das jeweilige T\u00fcrchen. Mit diesem kannst du dann die urspr\u00fcngliche Datei mit 10% Rabatt im Shop erwerben.\u00a0<\/span><span style=\"font-size: 1rem\">Eure Ideen und Anregungen in der Gruppe werden diesen Adventskalender zu einem ganz tollen, individuellen Kalender machen. Man muss aber nicht in der Adventskalender Gruppe sein, um seine T\u00fcrchen zu erhalten.<\/span><\/p>\n<\/div>\n<div class=\"bi6gxh9e\" data-block=\"true\" data-editor=\"2e4o6\" data-offset-key=\"742cu-0-0\">\n<div data-offset-key=\"742cu-0-0\"><\/div>\n<\/div>\n<p><strong>**Wie lange habe ich Zeit, die T\u00fcrchen zu \u00f6ffnen?**<\/strong><\/p>\n<p>Deine T\u00fcrchen bleiben dir nat\u00fcrlich in deinem Account dauerhaft erhalten, egal, wann und ob du sie \u00f6ffnest. Auch nach Weihnachten bleibt dir der Kalender erhalten, so dass du immer Zugriff auf die Dateien hast.<\/p>\n<p><strong>**Wann darf ich die gebastelten Sachen in der Gruppe und der &#8220;Wir sind Plotterg\u00f6hren&#8221; Gruppe zeigen?**<\/strong><\/p>\n<p>Gib jedem die Chance, sein T\u00fcrchen als \u00dcberraschung zu \u00f6ffnen. Wir freuen uns schon wahnsinnig zu sehen, was ihr aus dem Kalender bastelt, das k\u00f6nnt ihr am n\u00e4chsten Tag nach dem T\u00fcrchen zeigen, wenn alle die M\u00f6glichkeit hatten, ihr T\u00fcrchen zu \u00f6ffnen. Oft kommt man ja erst abends zur Ruhe und man will die T\u00fcrchen ja auch genie\u00dfen \u2764\ufe0f<\/p>\n<p>&nbsp;<\/p>\n<p>&nbsp;<\/p>\n<\/div>\n","protected":false},"excerpt":{"rendered":"<p>Viele haben ja schon gefragt, ob es dieses Jahr auch wieder einen Adventskalender geben wird. Ja, den gibt es! Ihr k\u00f6nnt ihn bei uns im Shop erwerben. Es wird \u00e4hnlich werden wie in den letzten beiden Jahren, aber doch auch besonders. Damit ihr wisst, was wir uns Sch\u00f6nes ausgedacht haben, beantworten wir euch hier direkt [&hellip;]<\/p>\n","protected":false},"featured_media":255066,"comment_status":"open","ping_status":"closed","template":"","meta":[],"product_brand":[],"product_cat":[13],"product_tag":[432,177,103,613,105,879],"class_list":{"0":"post-255063","1":"product","2":"type-product","3":"status-publish","4":"has-post-thumbnail","6":"product_cat-plotterdateien","7":"product_tag-advent","8":"product_tag-adventskalender","9":"product_tag-weihnachten","10":"product_tag-weihnachtskarten","11":"product_tag-winter","12":"product_tag-winterzeit","14":"first","15":"instock","16":"taxable","17":"shipping-taxable","18":"purchasable","19":"product-type-variable","20":"has-default-attributes"},"yoast_head":"<!-- This site is optimized with the Yoast SEO plugin v26.4 - https:\/\/yoast.com\/wordpress\/plugins\/seo\/ -->\n<title>Adventskalender 2021 - kleine g\u00f6hr.e design<\/title>\n<meta name=\"description\" content=\"Viele haben ja schon gefragt, ob es dieses Jahr auch wieder einen Adventskalender geben wird. Ja, den gibt es! Ihr k\u00f6nnt ihn bei uns im Shop erwerben.\" \/>\n<meta name=\"robots\" content=\"index, follow, max-snippet:-1, max-image-preview:large, max-video-preview:-1\" \/>\n<link rel=\"canonical\" href=\"https:\/\/www.kleinegoehre.de\/scrap\/product\/adventskalender-2021\/\" \/>\n<meta property=\"og:locale\" content=\"de_DE\" \/>\n<meta property=\"og:type\" content=\"article\" \/>\n<meta property=\"og:title\" content=\"Adventskalender 2021 - kleine g\u00f6hr.e design\" \/>\n<meta property=\"og:description\" content=\"Viele haben ja schon gefragt, ob es dieses Jahr auch wieder einen Adventskalender geben wird. Ja, den gibt es! Ihr k\u00f6nnt ihn bei uns im Shop erwerben.\" \/>\n<meta property=\"og:url\" content=\"https:\/\/www.kleinegoehre.de\/scrap\/product\/adventskalender-2021\/\" \/>\n<meta property=\"og:site_name\" content=\"kleine g\u00f6hr.e design\" \/>\n<meta property=\"article:publisher\" content=\"https:\/\/www.facebook.com\/kleinegoehredesign\/\" \/>\n<meta property=\"article:modified_time\" content=\"2024-04-09T14:48:01+00:00\" \/>\n<meta property=\"og:image\" content=\"https:\/\/www.kleinegoehre.de\/scrap\/wp-content\/uploads\/2021\/10\/Adventskalender-2021_Zeichenflaeche-1-scaled.jpg\" \/>\n\t<meta property=\"og:image:width\" content=\"2560\" \/>\n\t<meta property=\"og:image:height\" content=\"2560\" \/>\n\t<meta property=\"og:image:type\" content=\"image\/jpeg\" \/>\n<meta name=\"twitter:card\" content=\"summary_large_image\" \/>\n<meta name=\"twitter:label1\" content=\"Gesch\u00e4tzte Lesezeit\" \/>\n\t<meta name=\"twitter:data1\" content=\"4\u00a0Minuten\" \/>\n<script type=\"application\/ld+json\" class=\"yoast-schema-graph\">{\"@context\":\"https:\/\/schema.org\",\"@graph\":[{\"@type\":\"WebPage\",\"@id\":\"https:\/\/www.kleinegoehre.de\/scrap\/product\/adventskalender-2021\/\",\"url\":\"https:\/\/www.kleinegoehre.de\/scrap\/product\/adventskalender-2021\/\",\"name\":\"Adventskalender 2021 - kleine g\u00f6hr.e design\",\"isPartOf\":{\"@id\":\"https:\/\/www.kleinegoehre.de\/scrap\/#website\"},\"primaryImageOfPage\":{\"@id\":\"https:\/\/www.kleinegoehre.de\/scrap\/product\/adventskalender-2021\/#primaryimage\"},\"image\":{\"@id\":\"https:\/\/www.kleinegoehre.de\/scrap\/product\/adventskalender-2021\/#primaryimage\"},\"thumbnailUrl\":\"https:\/\/www.kleinegoehre.de\/scrap\/wp-content\/uploads\/2021\/10\/Adventskalender-2021_Zeichenflaeche-1-scaled.jpg\",\"datePublished\":\"2021-10-29T06:38:32+00:00\",\"dateModified\":\"2024-04-09T14:48:01+00:00\",\"description\":\"Viele haben ja schon gefragt, ob es dieses Jahr auch wieder einen Adventskalender geben wird. Ja, den gibt es! Ihr k\u00f6nnt ihn bei uns im Shop erwerben.\",\"breadcrumb\":{\"@id\":\"https:\/\/www.kleinegoehre.de\/scrap\/product\/adventskalender-2021\/#breadcrumb\"},\"inLanguage\":\"de\",\"potentialAction\":[{\"@type\":\"ReadAction\",\"target\":[\"https:\/\/www.kleinegoehre.de\/scrap\/product\/adventskalender-2021\/\"]}]},{\"@type\":\"ImageObject\",\"inLanguage\":\"de\",\"@id\":\"https:\/\/www.kleinegoehre.de\/scrap\/product\/adventskalender-2021\/#primaryimage\",\"url\":\"https:\/\/www.kleinegoehre.de\/scrap\/wp-content\/uploads\/2021\/10\/Adventskalender-2021_Zeichenflaeche-1-scaled.jpg\",\"contentUrl\":\"https:\/\/www.kleinegoehre.de\/scrap\/wp-content\/uploads\/2021\/10\/Adventskalender-2021_Zeichenflaeche-1-scaled.jpg\",\"width\":2560,\"height\":2560},{\"@type\":\"BreadcrumbList\",\"@id\":\"https:\/\/www.kleinegoehre.de\/scrap\/product\/adventskalender-2021\/#breadcrumb\",\"itemListElement\":[{\"@type\":\"ListItem\",\"position\":1,\"name\":\"Startseite\",\"item\":\"https:\/\/www.kleinegoehre.de\/scrap\/\"},{\"@type\":\"ListItem\",\"position\":2,\"name\":\"Shop\",\"item\":\"https:\/\/www.kleinegoehre.de\/scrap\/shop\/\"},{\"@type\":\"ListItem\",\"position\":3,\"name\":\"Adventskalender 2021\"}]},{\"@type\":\"WebSite\",\"@id\":\"https:\/\/www.kleinegoehre.de\/scrap\/#website\",\"url\":\"https:\/\/www.kleinegoehre.de\/scrap\/\",\"name\":\"kleine g\u00f6hr.e design\",\"description\":\"In unser Shop auf kleinegoehre.de findet ihr Plotterdateien zu vielen verschiedenen Themen. Dazu bieten wir euch eine riesen Auswahl an digitalen Papieren.\",\"publisher\":{\"@id\":\"https:\/\/www.kleinegoehre.de\/scrap\/#organization\"},\"potentialAction\":[{\"@type\":\"SearchAction\",\"target\":{\"@type\":\"EntryPoint\",\"urlTemplate\":\"https:\/\/www.kleinegoehre.de\/scrap\/?s={search_term_string}\"},\"query-input\":{\"@type\":\"PropertyValueSpecification\",\"valueRequired\":true,\"valueName\":\"search_term_string\"}}],\"inLanguage\":\"de\"},{\"@type\":\"Organization\",\"@id\":\"https:\/\/www.kleinegoehre.de\/scrap\/#organization\",\"name\":\"kleine g\u00f6hre design\",\"url\":\"https:\/\/www.kleinegoehre.de\/scrap\/\",\"logo\":{\"@type\":\"ImageObject\",\"inLanguage\":\"de\",\"@id\":\"https:\/\/www.kleinegoehre.de\/scrap\/#\/schema\/logo\/image\/\",\"url\":\"https:\/\/www.kleinegoehre.de\/scrap\/wp-content\/uploads\/2018\/06\/14859829_1423290007698523_869036772071302726_o.jpg\",\"contentUrl\":\"https:\/\/www.kleinegoehre.de\/scrap\/wp-content\/uploads\/2018\/06\/14859829_1423290007698523_869036772071302726_o.jpg\",\"width\":1181,\"height\":1181,\"caption\":\"kleine g\u00f6hre design\"},\"image\":{\"@id\":\"https:\/\/www.kleinegoehre.de\/scrap\/#\/schema\/logo\/image\/\"},\"sameAs\":[\"https:\/\/www.facebook.com\/kleinegoehredesign\/\",\"https:\/\/www.youtube.com\/channel\/UCZa4qAhMHSp7-gsPt9Hoy2w\"]}]}<\/script>\n<!-- \/ Yoast SEO plugin. -->","yoast_head_json":{"title":"Adventskalender 2021 - kleine g\u00f6hr.e design","description":"Viele haben ja schon gefragt, ob es dieses Jahr auch wieder einen Adventskalender geben wird. Ja, den gibt es! Ihr k\u00f6nnt ihn bei uns im Shop erwerben.","robots":{"index":"index","follow":"follow","max-snippet":"max-snippet:-1","max-image-preview":"max-image-preview:large","max-video-preview":"max-video-preview:-1"},"canonical":"https:\/\/www.kleinegoehre.de\/scrap\/product\/adventskalender-2021\/","og_locale":"de_DE","og_type":"article","og_title":"Adventskalender 2021 - kleine g\u00f6hr.e design","og_description":"Viele haben ja schon gefragt, ob es dieses Jahr auch wieder einen Adventskalender geben wird. Ja, den gibt es! Ihr k\u00f6nnt ihn bei uns im Shop erwerben.","og_url":"https:\/\/www.kleinegoehre.de\/scrap\/product\/adventskalender-2021\/","og_site_name":"kleine g\u00f6hr.e design","article_publisher":"https:\/\/www.facebook.com\/kleinegoehredesign\/","article_modified_time":"2024-04-09T14:48:01+00:00","og_image":[{"width":2560,"height":2560,"url":"https:\/\/www.kleinegoehre.de\/scrap\/wp-content\/uploads\/2021\/10\/Adventskalender-2021_Zeichenflaeche-1-scaled.jpg","type":"image\/jpeg"}],"twitter_card":"summary_large_image","twitter_misc":{"Gesch\u00e4tzte Lesezeit":"4\u00a0Minuten"},"schema":{"@context":"https:\/\/schema.org","@graph":[{"@type":"WebPage","@id":"https:\/\/www.kleinegoehre.de\/scrap\/product\/adventskalender-2021\/","url":"https:\/\/www.kleinegoehre.de\/scrap\/product\/adventskalender-2021\/","name":"Adventskalender 2021 - kleine g\u00f6hr.e design","isPartOf":{"@id":"https:\/\/www.kleinegoehre.de\/scrap\/#website"},"primaryImageOfPage":{"@id":"https:\/\/www.kleinegoehre.de\/scrap\/product\/adventskalender-2021\/#primaryimage"},"image":{"@id":"https:\/\/www.kleinegoehre.de\/scrap\/product\/adventskalender-2021\/#primaryimage"},"thumbnailUrl":"https:\/\/www.kleinegoehre.de\/scrap\/wp-content\/uploads\/2021\/10\/Adventskalender-2021_Zeichenflaeche-1-scaled.jpg","datePublished":"2021-10-29T06:38:32+00:00","dateModified":"2024-04-09T14:48:01+00:00","description":"Viele haben ja schon gefragt, ob es dieses Jahr auch wieder einen Adventskalender geben wird. Ja, den gibt es! Ihr k\u00f6nnt ihn bei uns im Shop erwerben.","breadcrumb":{"@id":"https:\/\/www.kleinegoehre.de\/scrap\/product\/adventskalender-2021\/#breadcrumb"},"inLanguage":"de","potentialAction":[{"@type":"ReadAction","target":["https:\/\/www.kleinegoehre.de\/scrap\/product\/adventskalender-2021\/"]}]},{"@type":"ImageObject","inLanguage":"de","@id":"https:\/\/www.kleinegoehre.de\/scrap\/product\/adventskalender-2021\/#primaryimage","url":"https:\/\/www.kleinegoehre.de\/scrap\/wp-content\/uploads\/2021\/10\/Adventskalender-2021_Zeichenflaeche-1-scaled.jpg","contentUrl":"https:\/\/www.kleinegoehre.de\/scrap\/wp-content\/uploads\/2021\/10\/Adventskalender-2021_Zeichenflaeche-1-scaled.jpg","width":2560,"height":2560},{"@type":"BreadcrumbList","@id":"https:\/\/www.kleinegoehre.de\/scrap\/product\/adventskalender-2021\/#breadcrumb","itemListElement":[{"@type":"ListItem","position":1,"name":"Startseite","item":"https:\/\/www.kleinegoehre.de\/scrap\/"},{"@type":"ListItem","position":2,"name":"Shop","item":"https:\/\/www.kleinegoehre.de\/scrap\/shop\/"},{"@type":"ListItem","position":3,"name":"Adventskalender 2021"}]},{"@type":"WebSite","@id":"https:\/\/www.kleinegoehre.de\/scrap\/#website","url":"https:\/\/www.kleinegoehre.de\/scrap\/","name":"kleine g\u00f6hr.e design","description":"In unser Shop auf kleinegoehre.de findet ihr Plotterdateien zu vielen verschiedenen Themen. Dazu bieten wir euch eine riesen Auswahl an digitalen Papieren.","publisher":{"@id":"https:\/\/www.kleinegoehre.de\/scrap\/#organization"},"potentialAction":[{"@type":"SearchAction","target":{"@type":"EntryPoint","urlTemplate":"https:\/\/www.kleinegoehre.de\/scrap\/?s={search_term_string}"},"query-input":{"@type":"PropertyValueSpecification","valueRequired":true,"valueName":"search_term_string"}}],"inLanguage":"de"},{"@type":"Organization","@id":"https:\/\/www.kleinegoehre.de\/scrap\/#organization","name":"kleine g\u00f6hre design","url":"https:\/\/www.kleinegoehre.de\/scrap\/","logo":{"@type":"ImageObject","inLanguage":"de","@id":"https:\/\/www.kleinegoehre.de\/scrap\/#\/schema\/logo\/image\/","url":"https:\/\/www.kleinegoehre.de\/scrap\/wp-content\/uploads\/2018\/06\/14859829_1423290007698523_869036772071302726_o.jpg","contentUrl":"https:\/\/www.kleinegoehre.de\/scrap\/wp-content\/uploads\/2018\/06\/14859829_1423290007698523_869036772071302726_o.jpg","width":1181,"height":1181,"caption":"kleine g\u00f6hre design"},"image":{"@id":"https:\/\/www.kleinegoehre.de\/scrap\/#\/schema\/logo\/image\/"},"sameAs":["https:\/\/www.facebook.com\/kleinegoehredesign\/","https:\/\/www.youtube.com\/channel\/UCZa4qAhMHSp7-gsPt9Hoy2w"]}]}},"_links":{"self":[{"href":"https:\/\/www.kleinegoehre.de\/scrap\/wp-json\/wp\/v2\/product\/255063","targetHints":{"allow":["GET"]}}],"collection":[{"href":"https:\/\/www.kleinegoehre.de\/scrap\/wp-json\/wp\/v2\/product"}],"about":[{"href":"https:\/\/www.kleinegoehre.de\/scrap\/wp-json\/wp\/v2\/types\/product"}],"replies":[{"embeddable":true,"href":"https:\/\/www.kleinegoehre.de\/scrap\/wp-json\/wp\/v2\/comments?post=255063"}],"wp:featuredmedia":[{"embeddable":true,"href":"https:\/\/www.kleinegoehre.de\/scrap\/wp-json\/wp\/v2\/media\/255066"}],"wp:attachment":[{"href":"https:\/\/www.kleinegoehre.de\/scrap\/wp-json\/wp\/v2\/media?parent=255063"}],"wp:term":[{"taxonomy":"product_brand","embeddable":true,"href":"https:\/\/www.kleinegoehre.de\/scrap\/wp-json\/wp\/v2\/product_brand?post=255063"},{"taxonomy":"product_cat","embeddable":true,"href":"https:\/\/www.kleinegoehre.de\/scrap\/wp-json\/wp\/v2\/product_cat?post=255063"},{"taxonomy":"product_tag","embeddable":true,"href":"https:\/\/www.kleinegoehre.de\/scrap\/wp-json\/wp\/v2\/product_tag?post=255063"}],"curies":[{"name":"wp","href":"https:\/\/api.w.org\/{rel}","templated":true}]}}