{"id":210798,"date":"2021-03-12T08:48:26","date_gmt":"2021-03-12T07:48:26","guid":{"rendered":"https:\/\/www.kleinegoehre.de\/scrap\/?post_type=product&#038;p=210798"},"modified":"2021-03-12T17:29:52","modified_gmt":"2021-03-12T16:29:52","slug":"plotterdatei-aquarellliebe-streifen","status":"publish","type":"product","link":"https:\/\/www.kleinegoehre.de\/scrap\/product\/plotterdatei-aquarellliebe-streifen\/","title":{"rendered":"Plotterdatei &#8220;Aquarellliebe Streifen&#8221;"},"content":{"rendered":"<div class=\"\" data-block=\"true\" data-editor=\"50iss\" data-offset-key=\"2gnjt-0-0\">\n<div class=\"bi6gxh9e\"><span class=\"d2edcug0 hpfvmrgz qv66sw1b c1et5uql oi732d6d ik7dh3pa fgxwclzu jq4qci2q a3bd9o3v knj5qynh oo9gr5id\">Die ist ein Basic Set, eins, was man immer brauchen kann, was jedes andere Set erg\u00e4nzt und besonders macht <span class=\"pq6dq46d tbxw36s4 knj5qynh kvgmc6g5 ditlmg2l oygrvhab nvdbi5me sf5mxxl7 gl3lb2sf hhz5lgdu\"><img loading=\"lazy\" decoding=\"async\" src=\"https:\/\/static.xx.fbcdn.net\/images\/emoji.php\/v9\/t2\/1\/16\/1f60d.png\" alt=\"\ud83d\ude0d\" width=\"16\" height=\"16\" \/><\/span> Aquarellstreifen in verschiedenen Formen und immer in 12 verschiedenen Farben&#8230; So viele Kombinationen sind m\u00f6glich, ein paar fertige Papiere haben wir euch als Beispiele dazu gepackt. <\/span><\/div>\n<div class=\"bi6gxh9e\"><span class=\"d2edcug0 hpfvmrgz qv66sw1b c1et5uql oi732d6d ik7dh3pa fgxwclzu jq4qci2q a3bd9o3v knj5qynh oo9gr5id\">Und wir mussten einfach der Schrift von unserer &#8220;Meerweh&#8221; mehr Raum geben, sie ist einfach so sch\u00f6n, dass es schade w\u00e4re, nur maritime W\u00f6rter zu haben <span class=\"pq6dq46d tbxw36s4 knj5qynh kvgmc6g5 ditlmg2l oygrvhab nvdbi5me sf5mxxl7 gl3lb2sf hhz5lgdu\"><img loading=\"lazy\" decoding=\"async\" src=\"https:\/\/static.xx.fbcdn.net\/images\/emoji.php\/v9\/t58\/1\/16\/1f929.png\" alt=\"\ud83e\udd29\" width=\"16\" height=\"16\" \/><\/span><span class=\"pq6dq46d tbxw36s4 knj5qynh kvgmc6g5 ditlmg2l oygrvhab nvdbi5me sf5mxxl7 gl3lb2sf hhz5lgdu\"><img loading=\"lazy\" decoding=\"async\" src=\"https:\/\/static.xx.fbcdn.net\/images\/emoji.php\/v9\/t6d\/1\/16\/1f973.png\" alt=\"\ud83e\udd73\" width=\"16\" height=\"16\" \/><\/span> Als zweite Schrift haben wir die Druckbuchstaben aus &#8220;Fr\u00fchlingskinder&#8221; gew\u00e4hlt, so ist jeder Stil machbar. Und als Kirsche auf der Sahne haben wir noch ein kleines 3d Bl\u00fcmchen dabei <span class=\"pq6dq46d tbxw36s4 knj5qynh kvgmc6g5 ditlmg2l oygrvhab nvdbi5me sf5mxxl7 gl3lb2sf hhz5lgdu\"><img loading=\"lazy\" decoding=\"async\" src=\"https:\/\/static.xx.fbcdn.net\/images\/emoji.php\/v9\/tea\/1\/16\/1f970.png\" alt=\"\ud83e\udd70\" width=\"16\" height=\"16\" \/><\/span><span class=\"pq6dq46d tbxw36s4 knj5qynh kvgmc6g5 ditlmg2l oygrvhab nvdbi5me sf5mxxl7 gl3lb2sf hhz5lgdu\"><img loading=\"lazy\" decoding=\"async\" src=\"https:\/\/static.xx.fbcdn.net\/images\/emoji.php\/v9\/t9b\/1\/16\/1f33c.png\" alt=\"\ud83c\udf3c\" width=\"16\" height=\"16\" \/><\/span><span class=\"pq6dq46d tbxw36s4 knj5qynh kvgmc6g5 ditlmg2l oygrvhab nvdbi5me sf5mxxl7 gl3lb2sf hhz5lgdu\"><img loading=\"lazy\" decoding=\"async\" src=\"https:\/\/static.xx.fbcdn.net\/images\/emoji.php\/v9\/tea\/1\/16\/1f970.png\" alt=\"\ud83e\udd70\" width=\"16\" height=\"16\" \/><\/span><\/span><\/div>\n<\/div>\n<div class=\"\" data-block=\"true\" data-editor=\"50iss\" data-offset-key=\"6la9c-0-0\">\n<div data-offset-key=\"6la9c-0-0\"><\/div>\n<\/div>\n<p>Beim Kauf der Plotterdatei erh\u00e4ltst Du die Grafik in den Dateiformaten .DXF, .SVG, .PNG in einem .ZIP-Ordner verpackt. Die Dateiformate .DXF und .SVG kannst Du, je nach Plotter und Software, direkt in deinem Programm \u00f6ffnen.<\/p>\n<p>Alle Text sind auch als einzelne Dateien (png) enthalten und k\u00f6nnen somit in fast jeder Software genutzt werden.<\/p>\n<p>Die Papiere sind im jpg Format 30x30cm (300DPI)<\/p>\n<p>&nbsp;<\/p>\n","protected":false},"excerpt":{"rendered":"<p>Die ist ein Basic Set, eins, was man immer brauchen kann, was jedes andere Set erg\u00e4nzt und besonders macht Aquarellstreifen in verschiedenen Formen und immer in 12 verschiedenen Farben&#8230; So viele Kombinationen sind m\u00f6glich, ein paar fertige Papiere haben wir euch als Beispiele dazu gepackt. Und wir mussten einfach der Schrift von unserer &#8220;Meerweh&#8221; mehr [&hellip;]<\/p>\n","protected":false},"featured_media":210806,"comment_status":"open","ping_status":"closed","template":"","meta":[],"product_brand":[],"product_cat":[13,24],"product_tag":[921,920],"class_list":{"0":"post-210798","1":"product","2":"type-product","3":"status-publish","4":"has-post-thumbnail","6":"product_cat-plotterdateien","7":"product_cat-printables","8":"product_tag-aquarell","9":"product_tag-streifen","11":"first","12":"instock","13":"taxable","14":"shipping-taxable","15":"purchasable","16":"product-type-variable","17":"has-default-attributes"},"yoast_head":"<!-- This site is optimized with the Yoast SEO plugin v26.4 - https:\/\/yoast.com\/wordpress\/plugins\/seo\/ -->\n<title>Plotterdatei &quot;Aquarellliebe Streifen&quot; - kleine g\u00f6hr.e design<\/title>\n<meta name=\"robots\" content=\"index, follow, max-snippet:-1, max-image-preview:large, max-video-preview:-1\" \/>\n<link rel=\"canonical\" href=\"https:\/\/www.kleinegoehre.de\/scrap\/product\/plotterdatei-aquarellliebe-streifen\/\" \/>\n<meta property=\"og:locale\" content=\"de_DE\" \/>\n<meta property=\"og:type\" content=\"article\" \/>\n<meta property=\"og:title\" content=\"Plotterdatei &quot;Aquarellliebe Streifen&quot; - kleine g\u00f6hr.e design\" \/>\n<meta property=\"og:description\" content=\"Die ist ein Basic Set, eins, was man immer brauchen kann, was jedes andere Set erg\u00e4nzt und besonders macht Aquarellstreifen in verschiedenen Formen und immer in 12 verschiedenen Farben&#8230; So viele Kombinationen sind m\u00f6glich, ein paar fertige Papiere haben wir euch als Beispiele dazu gepackt. Und wir mussten einfach der Schrift von unserer &#8220;Meerweh&#8221; mehr [&hellip;]\" \/>\n<meta property=\"og:url\" content=\"https:\/\/www.kleinegoehre.de\/scrap\/product\/plotterdatei-aquarellliebe-streifen\/\" \/>\n<meta property=\"og:site_name\" content=\"kleine g\u00f6hr.e design\" \/>\n<meta property=\"article:publisher\" content=\"https:\/\/www.facebook.com\/kleinegoehredesign\/\" \/>\n<meta property=\"article:modified_time\" content=\"2021-03-12T16:29:52+00:00\" \/>\n<meta property=\"og:image\" content=\"https:\/\/www.kleinegoehre.de\/scrap\/wp-content\/uploads\/2021\/03\/Vorschau_Aquarelliebe-Streifen-scaled.jpg\" \/>\n\t<meta property=\"og:image:width\" content=\"2560\" \/>\n\t<meta property=\"og:image:height\" content=\"2539\" \/>\n\t<meta property=\"og:image:type\" content=\"image\/jpeg\" \/>\n<meta name=\"twitter:card\" content=\"summary_large_image\" \/>\n<meta name=\"twitter:label1\" content=\"Gesch\u00e4tzte Lesezeit\" \/>\n\t<meta name=\"twitter:data1\" content=\"1\u00a0Minute\" \/>\n<script type=\"application\/ld+json\" class=\"yoast-schema-graph\">{\"@context\":\"https:\/\/schema.org\",\"@graph\":[{\"@type\":\"WebPage\",\"@id\":\"https:\/\/www.kleinegoehre.de\/scrap\/product\/plotterdatei-aquarellliebe-streifen\/\",\"url\":\"https:\/\/www.kleinegoehre.de\/scrap\/product\/plotterdatei-aquarellliebe-streifen\/\",\"name\":\"Plotterdatei \\\"Aquarellliebe Streifen\\\" - kleine g\u00f6hr.e design\",\"isPartOf\":{\"@id\":\"https:\/\/www.kleinegoehre.de\/scrap\/#website\"},\"primaryImageOfPage\":{\"@id\":\"https:\/\/www.kleinegoehre.de\/scrap\/product\/plotterdatei-aquarellliebe-streifen\/#primaryimage\"},\"image\":{\"@id\":\"https:\/\/www.kleinegoehre.de\/scrap\/product\/plotterdatei-aquarellliebe-streifen\/#primaryimage\"},\"thumbnailUrl\":\"https:\/\/www.kleinegoehre.de\/scrap\/wp-content\/uploads\/2021\/03\/Vorschau_Aquarelliebe-Streifen-scaled.jpg\",\"datePublished\":\"2021-03-12T07:48:26+00:00\",\"dateModified\":\"2021-03-12T16:29:52+00:00\",\"breadcrumb\":{\"@id\":\"https:\/\/www.kleinegoehre.de\/scrap\/product\/plotterdatei-aquarellliebe-streifen\/#breadcrumb\"},\"inLanguage\":\"de\",\"potentialAction\":[{\"@type\":\"ReadAction\",\"target\":[\"https:\/\/www.kleinegoehre.de\/scrap\/product\/plotterdatei-aquarellliebe-streifen\/\"]}]},{\"@type\":\"ImageObject\",\"inLanguage\":\"de\",\"@id\":\"https:\/\/www.kleinegoehre.de\/scrap\/product\/plotterdatei-aquarellliebe-streifen\/#primaryimage\",\"url\":\"https:\/\/www.kleinegoehre.de\/scrap\/wp-content\/uploads\/2021\/03\/Vorschau_Aquarelliebe-Streifen-scaled.jpg\",\"contentUrl\":\"https:\/\/www.kleinegoehre.de\/scrap\/wp-content\/uploads\/2021\/03\/Vorschau_Aquarelliebe-Streifen-scaled.jpg\",\"width\":2560,\"height\":2539},{\"@type\":\"BreadcrumbList\",\"@id\":\"https:\/\/www.kleinegoehre.de\/scrap\/product\/plotterdatei-aquarellliebe-streifen\/#breadcrumb\",\"itemListElement\":[{\"@type\":\"ListItem\",\"position\":1,\"name\":\"Startseite\",\"item\":\"https:\/\/www.kleinegoehre.de\/scrap\/\"},{\"@type\":\"ListItem\",\"position\":2,\"name\":\"Shop\",\"item\":\"https:\/\/www.kleinegoehre.de\/scrap\/shop\/\"},{\"@type\":\"ListItem\",\"position\":3,\"name\":\"Plotterdatei &#8220;Aquarellliebe Streifen&#8221;\"}]},{\"@type\":\"WebSite\",\"@id\":\"https:\/\/www.kleinegoehre.de\/scrap\/#website\",\"url\":\"https:\/\/www.kleinegoehre.de\/scrap\/\",\"name\":\"kleine g\u00f6hr.e design\",\"description\":\"In unser Shop auf kleinegoehre.de findet ihr Plotterdateien zu vielen verschiedenen Themen. Dazu bieten wir euch eine riesen Auswahl an digitalen Papieren.\",\"publisher\":{\"@id\":\"https:\/\/www.kleinegoehre.de\/scrap\/#organization\"},\"potentialAction\":[{\"@type\":\"SearchAction\",\"target\":{\"@type\":\"EntryPoint\",\"urlTemplate\":\"https:\/\/www.kleinegoehre.de\/scrap\/?s={search_term_string}\"},\"query-input\":{\"@type\":\"PropertyValueSpecification\",\"valueRequired\":true,\"valueName\":\"search_term_string\"}}],\"inLanguage\":\"de\"},{\"@type\":\"Organization\",\"@id\":\"https:\/\/www.kleinegoehre.de\/scrap\/#organization\",\"name\":\"kleine g\u00f6hre design\",\"url\":\"https:\/\/www.kleinegoehre.de\/scrap\/\",\"logo\":{\"@type\":\"ImageObject\",\"inLanguage\":\"de\",\"@id\":\"https:\/\/www.kleinegoehre.de\/scrap\/#\/schema\/logo\/image\/\",\"url\":\"https:\/\/www.kleinegoehre.de\/scrap\/wp-content\/uploads\/2018\/06\/14859829_1423290007698523_869036772071302726_o.jpg\",\"contentUrl\":\"https:\/\/www.kleinegoehre.de\/scrap\/wp-content\/uploads\/2018\/06\/14859829_1423290007698523_869036772071302726_o.jpg\",\"width\":1181,\"height\":1181,\"caption\":\"kleine g\u00f6hre design\"},\"image\":{\"@id\":\"https:\/\/www.kleinegoehre.de\/scrap\/#\/schema\/logo\/image\/\"},\"sameAs\":[\"https:\/\/www.facebook.com\/kleinegoehredesign\/\",\"https:\/\/www.youtube.com\/channel\/UCZa4qAhMHSp7-gsPt9Hoy2w\"]}]}<\/script>\n<!-- \/ Yoast SEO plugin. -->","yoast_head_json":{"title":"Plotterdatei \"Aquarellliebe Streifen\" - kleine g\u00f6hr.e design","robots":{"index":"index","follow":"follow","max-snippet":"max-snippet:-1","max-image-preview":"max-image-preview:large","max-video-preview":"max-video-preview:-1"},"canonical":"https:\/\/www.kleinegoehre.de\/scrap\/product\/plotterdatei-aquarellliebe-streifen\/","og_locale":"de_DE","og_type":"article","og_title":"Plotterdatei \"Aquarellliebe Streifen\" - kleine g\u00f6hr.e design","og_description":"Die ist ein Basic Set, eins, was man immer brauchen kann, was jedes andere Set erg\u00e4nzt und besonders macht Aquarellstreifen in verschiedenen Formen und immer in 12 verschiedenen Farben&#8230; So viele Kombinationen sind m\u00f6glich, ein paar fertige Papiere haben wir euch als Beispiele dazu gepackt. Und wir mussten einfach der Schrift von unserer &#8220;Meerweh&#8221; mehr [&hellip;]","og_url":"https:\/\/www.kleinegoehre.de\/scrap\/product\/plotterdatei-aquarellliebe-streifen\/","og_site_name":"kleine g\u00f6hr.e design","article_publisher":"https:\/\/www.facebook.com\/kleinegoehredesign\/","article_modified_time":"2021-03-12T16:29:52+00:00","og_image":[{"width":2560,"height":2539,"url":"https:\/\/www.kleinegoehre.de\/scrap\/wp-content\/uploads\/2021\/03\/Vorschau_Aquarelliebe-Streifen-scaled.jpg","type":"image\/jpeg"}],"twitter_card":"summary_large_image","twitter_misc":{"Gesch\u00e4tzte Lesezeit":"1\u00a0Minute"},"schema":{"@context":"https:\/\/schema.org","@graph":[{"@type":"WebPage","@id":"https:\/\/www.kleinegoehre.de\/scrap\/product\/plotterdatei-aquarellliebe-streifen\/","url":"https:\/\/www.kleinegoehre.de\/scrap\/product\/plotterdatei-aquarellliebe-streifen\/","name":"Plotterdatei \"Aquarellliebe Streifen\" - kleine g\u00f6hr.e design","isPartOf":{"@id":"https:\/\/www.kleinegoehre.de\/scrap\/#website"},"primaryImageOfPage":{"@id":"https:\/\/www.kleinegoehre.de\/scrap\/product\/plotterdatei-aquarellliebe-streifen\/#primaryimage"},"image":{"@id":"https:\/\/www.kleinegoehre.de\/scrap\/product\/plotterdatei-aquarellliebe-streifen\/#primaryimage"},"thumbnailUrl":"https:\/\/www.kleinegoehre.de\/scrap\/wp-content\/uploads\/2021\/03\/Vorschau_Aquarelliebe-Streifen-scaled.jpg","datePublished":"2021-03-12T07:48:26+00:00","dateModified":"2021-03-12T16:29:52+00:00","breadcrumb":{"@id":"https:\/\/www.kleinegoehre.de\/scrap\/product\/plotterdatei-aquarellliebe-streifen\/#breadcrumb"},"inLanguage":"de","potentialAction":[{"@type":"ReadAction","target":["https:\/\/www.kleinegoehre.de\/scrap\/product\/plotterdatei-aquarellliebe-streifen\/"]}]},{"@type":"ImageObject","inLanguage":"de","@id":"https:\/\/www.kleinegoehre.de\/scrap\/product\/plotterdatei-aquarellliebe-streifen\/#primaryimage","url":"https:\/\/www.kleinegoehre.de\/scrap\/wp-content\/uploads\/2021\/03\/Vorschau_Aquarelliebe-Streifen-scaled.jpg","contentUrl":"https:\/\/www.kleinegoehre.de\/scrap\/wp-content\/uploads\/2021\/03\/Vorschau_Aquarelliebe-Streifen-scaled.jpg","width":2560,"height":2539},{"@type":"BreadcrumbList","@id":"https:\/\/www.kleinegoehre.de\/scrap\/product\/plotterdatei-aquarellliebe-streifen\/#breadcrumb","itemListElement":[{"@type":"ListItem","position":1,"name":"Startseite","item":"https:\/\/www.kleinegoehre.de\/scrap\/"},{"@type":"ListItem","position":2,"name":"Shop","item":"https:\/\/www.kleinegoehre.de\/scrap\/shop\/"},{"@type":"ListItem","position":3,"name":"Plotterdatei &#8220;Aquarellliebe Streifen&#8221;"}]},{"@type":"WebSite","@id":"https:\/\/www.kleinegoehre.de\/scrap\/#website","url":"https:\/\/www.kleinegoehre.de\/scrap\/","name":"kleine g\u00f6hr.e design","description":"In unser Shop auf kleinegoehre.de findet ihr Plotterdateien zu vielen verschiedenen Themen. Dazu bieten wir euch eine riesen Auswahl an digitalen Papieren.","publisher":{"@id":"https:\/\/www.kleinegoehre.de\/scrap\/#organization"},"potentialAction":[{"@type":"SearchAction","target":{"@type":"EntryPoint","urlTemplate":"https:\/\/www.kleinegoehre.de\/scrap\/?s={search_term_string}"},"query-input":{"@type":"PropertyValueSpecification","valueRequired":true,"valueName":"search_term_string"}}],"inLanguage":"de"},{"@type":"Organization","@id":"https:\/\/www.kleinegoehre.de\/scrap\/#organization","name":"kleine g\u00f6hre design","url":"https:\/\/www.kleinegoehre.de\/scrap\/","logo":{"@type":"ImageObject","inLanguage":"de","@id":"https:\/\/www.kleinegoehre.de\/scrap\/#\/schema\/logo\/image\/","url":"https:\/\/www.kleinegoehre.de\/scrap\/wp-content\/uploads\/2018\/06\/14859829_1423290007698523_869036772071302726_o.jpg","contentUrl":"https:\/\/www.kleinegoehre.de\/scrap\/wp-content\/uploads\/2018\/06\/14859829_1423290007698523_869036772071302726_o.jpg","width":1181,"height":1181,"caption":"kleine g\u00f6hre design"},"image":{"@id":"https:\/\/www.kleinegoehre.de\/scrap\/#\/schema\/logo\/image\/"},"sameAs":["https:\/\/www.facebook.com\/kleinegoehredesign\/","https:\/\/www.youtube.com\/channel\/UCZa4qAhMHSp7-gsPt9Hoy2w"]}]}},"_links":{"self":[{"href":"https:\/\/www.kleinegoehre.de\/scrap\/wp-json\/wp\/v2\/product\/210798","targetHints":{"allow":["GET"]}}],"collection":[{"href":"https:\/\/www.kleinegoehre.de\/scrap\/wp-json\/wp\/v2\/product"}],"about":[{"href":"https:\/\/www.kleinegoehre.de\/scrap\/wp-json\/wp\/v2\/types\/product"}],"replies":[{"embeddable":true,"href":"https:\/\/www.kleinegoehre.de\/scrap\/wp-json\/wp\/v2\/comments?post=210798"}],"wp:featuredmedia":[{"embeddable":true,"href":"https:\/\/www.kleinegoehre.de\/scrap\/wp-json\/wp\/v2\/media\/210806"}],"wp:attachment":[{"href":"https:\/\/www.kleinegoehre.de\/scrap\/wp-json\/wp\/v2\/media?parent=210798"}],"wp:term":[{"taxonomy":"product_brand","embeddable":true,"href":"https:\/\/www.kleinegoehre.de\/scrap\/wp-json\/wp\/v2\/product_brand?post=210798"},{"taxonomy":"product_cat","embeddable":true,"href":"https:\/\/www.kleinegoehre.de\/scrap\/wp-json\/wp\/v2\/product_cat?post=210798"},{"taxonomy":"product_tag","embeddable":true,"href":"https:\/\/www.kleinegoehre.de\/scrap\/wp-json\/wp\/v2\/product_tag?post=210798"}],"curies":[{"name":"wp","href":"https:\/\/api.w.org\/{rel}","templated":true}]}}