{"id":19115,"date":"2018-05-05T08:22:03","date_gmt":"2018-05-05T06:22:03","guid":{"rendered":"http:\/\/www.kleinegoehre.de\/scrap\/product\/plotterdatei-sprueche-muttertag\/"},"modified":"2023-04-16T10:35:11","modified_gmt":"2023-04-16T08:35:11","slug":"plotterdatei-sprueche-muttertag","status":"publish","type":"product","link":"https:\/\/www.kleinegoehre.de\/scrap\/product\/plotterdatei-sprueche-muttertag\/","title":{"rendered":"Plotterdatei &#8220;Spr\u00fcche Muttertag&#8221;"},"content":{"rendered":"<p>Das Set beinhaltet\u00a0viele tolle Elemente und\u00a0Spr\u00fcche f\u00fcr den Muttertag, mit denen man einem ganz besonderen Menschen eine Freude machen kann. Die Elemente des Sets k\u00f6nnen beliebig vergr\u00f6\u00dfert und verkleinert werden.<\/p>\n<p>Dazu gibt es eine Auswahl an digitalen Papieren.<\/p>\n<p>Beim Kauf der Plotterdatei erh\u00e4ltst Du die Grafik in den Dateiformaten .DXF, .SVG, .PNG in einem .ZIP-Ordner verpackt. Die Dateiformate .DXF und .SVG kannst Du, je nach Plotter und Software, direkt in deinem Programm \u00f6ffnen.<\/p>\n","protected":false},"excerpt":{"rendered":"<p>Das Set beinhaltet\u00a0viele tolle Elemente und\u00a0Spr\u00fcche f\u00fcr den Muttertag, mit denen man einem ganz besonderen Menschen eine Freude machen kann. Die Elemente des Sets k\u00f6nnen beliebig vergr\u00f6\u00dfert und verkleinert werden. Dazu gibt es eine Auswahl an digitalen Papieren. Beim Kauf der Plotterdatei erh\u00e4ltst Du die Grafik in den Dateiformaten .DXF, .SVG, .PNG in einem .ZIP-Ordner [&hellip;]<\/p>\n","protected":false},"featured_media":19118,"comment_status":"open","ping_status":"closed","template":"","meta":[],"product_brand":[],"product_cat":[13],"product_tag":[1002,73,77,81,76,75],"class_list":{"0":"post-19115","1":"product","2":"type-product","3":"status-publish","4":"has-post-thumbnail","6":"product_cat-plotterdateien","7":"product_tag-eltern","8":"product_tag-familie","9":"product_tag-geschenk","10":"product_tag-mama","11":"product_tag-mutter","12":"product_tag-muttertag","14":"first","15":"instock","16":"taxable","17":"shipping-taxable","18":"purchasable","19":"product-type-variable","20":"has-default-attributes"},"yoast_head":"<!-- This site is optimized with the Yoast SEO plugin v26.4 - https:\/\/yoast.com\/wordpress\/plugins\/seo\/ -->\n<title>Plotterdatei &quot;Spr\u00fcche Muttertag&quot; - kleine g\u00f6hr.e design<\/title>\n<meta name=\"robots\" content=\"index, follow, max-snippet:-1, max-image-preview:large, max-video-preview:-1\" \/>\n<link rel=\"canonical\" href=\"https:\/\/www.kleinegoehre.de\/scrap\/product\/plotterdatei-sprueche-muttertag\/\" \/>\n<meta property=\"og:locale\" content=\"de_DE\" \/>\n<meta property=\"og:type\" content=\"article\" \/>\n<meta property=\"og:title\" content=\"Plotterdatei &quot;Spr\u00fcche Muttertag&quot; - kleine g\u00f6hr.e design\" \/>\n<meta property=\"og:description\" content=\"Das Set beinhaltet\u00a0viele tolle Elemente und\u00a0Spr\u00fcche f\u00fcr den Muttertag, mit denen man einem ganz besonderen Menschen eine Freude machen kann. Die Elemente des Sets k\u00f6nnen beliebig vergr\u00f6\u00dfert und verkleinert werden. Dazu gibt es eine Auswahl an digitalen Papieren. Beim Kauf der Plotterdatei erh\u00e4ltst Du die Grafik in den Dateiformaten .DXF, .SVG, .PNG in einem .ZIP-Ordner [&hellip;]\" \/>\n<meta property=\"og:url\" content=\"https:\/\/www.kleinegoehre.de\/scrap\/product\/plotterdatei-sprueche-muttertag\/\" \/>\n<meta property=\"og:site_name\" content=\"kleine g\u00f6hr.e design\" \/>\n<meta property=\"article:publisher\" content=\"https:\/\/www.facebook.com\/kleinegoehredesign\/\" \/>\n<meta property=\"article:modified_time\" content=\"2023-04-16T08:35:11+00:00\" \/>\n<meta property=\"og:image\" content=\"https:\/\/www.kleinegoehre.de\/scrap\/wp-content\/uploads\/2016\/04\/Vorschau_Muttertag.jpg\" \/>\n\t<meta property=\"og:image:width\" content=\"800\" \/>\n\t<meta property=\"og:image:height\" content=\"836\" \/>\n\t<meta property=\"og:image:type\" content=\"image\/jpeg\" \/>\n<meta name=\"twitter:card\" content=\"summary_large_image\" \/>\n<script type=\"application\/ld+json\" class=\"yoast-schema-graph\">{\"@context\":\"https:\/\/schema.org\",\"@graph\":[{\"@type\":\"WebPage\",\"@id\":\"https:\/\/www.kleinegoehre.de\/scrap\/product\/plotterdatei-sprueche-muttertag\/\",\"url\":\"https:\/\/www.kleinegoehre.de\/scrap\/product\/plotterdatei-sprueche-muttertag\/\",\"name\":\"Plotterdatei \\\"Spr\u00fcche Muttertag\\\" - kleine g\u00f6hr.e design\",\"isPartOf\":{\"@id\":\"https:\/\/www.kleinegoehre.de\/scrap\/#website\"},\"primaryImageOfPage\":{\"@id\":\"https:\/\/www.kleinegoehre.de\/scrap\/product\/plotterdatei-sprueche-muttertag\/#primaryimage\"},\"image\":{\"@id\":\"https:\/\/www.kleinegoehre.de\/scrap\/product\/plotterdatei-sprueche-muttertag\/#primaryimage\"},\"thumbnailUrl\":\"https:\/\/www.kleinegoehre.de\/scrap\/wp-content\/uploads\/2016\/04\/Vorschau_Muttertag.jpg\",\"datePublished\":\"2018-05-05T06:22:03+00:00\",\"dateModified\":\"2023-04-16T08:35:11+00:00\",\"breadcrumb\":{\"@id\":\"https:\/\/www.kleinegoehre.de\/scrap\/product\/plotterdatei-sprueche-muttertag\/#breadcrumb\"},\"inLanguage\":\"de\",\"potentialAction\":[{\"@type\":\"ReadAction\",\"target\":[\"https:\/\/www.kleinegoehre.de\/scrap\/product\/plotterdatei-sprueche-muttertag\/\"]}]},{\"@type\":\"ImageObject\",\"inLanguage\":\"de\",\"@id\":\"https:\/\/www.kleinegoehre.de\/scrap\/product\/plotterdatei-sprueche-muttertag\/#primaryimage\",\"url\":\"https:\/\/www.kleinegoehre.de\/scrap\/wp-content\/uploads\/2016\/04\/Vorschau_Muttertag.jpg\",\"contentUrl\":\"https:\/\/www.kleinegoehre.de\/scrap\/wp-content\/uploads\/2016\/04\/Vorschau_Muttertag.jpg\",\"width\":800,\"height\":836},{\"@type\":\"BreadcrumbList\",\"@id\":\"https:\/\/www.kleinegoehre.de\/scrap\/product\/plotterdatei-sprueche-muttertag\/#breadcrumb\",\"itemListElement\":[{\"@type\":\"ListItem\",\"position\":1,\"name\":\"Startseite\",\"item\":\"https:\/\/www.kleinegoehre.de\/scrap\/\"},{\"@type\":\"ListItem\",\"position\":2,\"name\":\"Shop\",\"item\":\"https:\/\/www.kleinegoehre.de\/scrap\/shop\/\"},{\"@type\":\"ListItem\",\"position\":3,\"name\":\"Plotterdatei &#8220;Spr\u00fcche Muttertag&#8221;\"}]},{\"@type\":\"WebSite\",\"@id\":\"https:\/\/www.kleinegoehre.de\/scrap\/#website\",\"url\":\"https:\/\/www.kleinegoehre.de\/scrap\/\",\"name\":\"kleine g\u00f6hr.e design\",\"description\":\"In unser Shop auf kleinegoehre.de findet ihr Plotterdateien zu vielen verschiedenen Themen. Dazu bieten wir euch eine riesen Auswahl an digitalen Papieren.\",\"publisher\":{\"@id\":\"https:\/\/www.kleinegoehre.de\/scrap\/#organization\"},\"potentialAction\":[{\"@type\":\"SearchAction\",\"target\":{\"@type\":\"EntryPoint\",\"urlTemplate\":\"https:\/\/www.kleinegoehre.de\/scrap\/?s={search_term_string}\"},\"query-input\":{\"@type\":\"PropertyValueSpecification\",\"valueRequired\":true,\"valueName\":\"search_term_string\"}}],\"inLanguage\":\"de\"},{\"@type\":\"Organization\",\"@id\":\"https:\/\/www.kleinegoehre.de\/scrap\/#organization\",\"name\":\"kleine g\u00f6hre design\",\"url\":\"https:\/\/www.kleinegoehre.de\/scrap\/\",\"logo\":{\"@type\":\"ImageObject\",\"inLanguage\":\"de\",\"@id\":\"https:\/\/www.kleinegoehre.de\/scrap\/#\/schema\/logo\/image\/\",\"url\":\"https:\/\/www.kleinegoehre.de\/scrap\/wp-content\/uploads\/2018\/06\/14859829_1423290007698523_869036772071302726_o.jpg\",\"contentUrl\":\"https:\/\/www.kleinegoehre.de\/scrap\/wp-content\/uploads\/2018\/06\/14859829_1423290007698523_869036772071302726_o.jpg\",\"width\":1181,\"height\":1181,\"caption\":\"kleine g\u00f6hre design\"},\"image\":{\"@id\":\"https:\/\/www.kleinegoehre.de\/scrap\/#\/schema\/logo\/image\/\"},\"sameAs\":[\"https:\/\/www.facebook.com\/kleinegoehredesign\/\",\"https:\/\/www.youtube.com\/channel\/UCZa4qAhMHSp7-gsPt9Hoy2w\"]}]}<\/script>\n<!-- \/ Yoast SEO plugin. -->","yoast_head_json":{"title":"Plotterdatei \"Spr\u00fcche Muttertag\" - kleine g\u00f6hr.e design","robots":{"index":"index","follow":"follow","max-snippet":"max-snippet:-1","max-image-preview":"max-image-preview:large","max-video-preview":"max-video-preview:-1"},"canonical":"https:\/\/www.kleinegoehre.de\/scrap\/product\/plotterdatei-sprueche-muttertag\/","og_locale":"de_DE","og_type":"article","og_title":"Plotterdatei \"Spr\u00fcche Muttertag\" - kleine g\u00f6hr.e design","og_description":"Das Set beinhaltet\u00a0viele tolle Elemente und\u00a0Spr\u00fcche f\u00fcr den Muttertag, mit denen man einem ganz besonderen Menschen eine Freude machen kann. Die Elemente des Sets k\u00f6nnen beliebig vergr\u00f6\u00dfert und verkleinert werden. Dazu gibt es eine Auswahl an digitalen Papieren. Beim Kauf der Plotterdatei erh\u00e4ltst Du die Grafik in den Dateiformaten .DXF, .SVG, .PNG in einem .ZIP-Ordner [&hellip;]","og_url":"https:\/\/www.kleinegoehre.de\/scrap\/product\/plotterdatei-sprueche-muttertag\/","og_site_name":"kleine g\u00f6hr.e design","article_publisher":"https:\/\/www.facebook.com\/kleinegoehredesign\/","article_modified_time":"2023-04-16T08:35:11+00:00","og_image":[{"width":800,"height":836,"url":"https:\/\/www.kleinegoehre.de\/scrap\/wp-content\/uploads\/2016\/04\/Vorschau_Muttertag.jpg","type":"image\/jpeg"}],"twitter_card":"summary_large_image","schema":{"@context":"https:\/\/schema.org","@graph":[{"@type":"WebPage","@id":"https:\/\/www.kleinegoehre.de\/scrap\/product\/plotterdatei-sprueche-muttertag\/","url":"https:\/\/www.kleinegoehre.de\/scrap\/product\/plotterdatei-sprueche-muttertag\/","name":"Plotterdatei \"Spr\u00fcche Muttertag\" - kleine g\u00f6hr.e design","isPartOf":{"@id":"https:\/\/www.kleinegoehre.de\/scrap\/#website"},"primaryImageOfPage":{"@id":"https:\/\/www.kleinegoehre.de\/scrap\/product\/plotterdatei-sprueche-muttertag\/#primaryimage"},"image":{"@id":"https:\/\/www.kleinegoehre.de\/scrap\/product\/plotterdatei-sprueche-muttertag\/#primaryimage"},"thumbnailUrl":"https:\/\/www.kleinegoehre.de\/scrap\/wp-content\/uploads\/2016\/04\/Vorschau_Muttertag.jpg","datePublished":"2018-05-05T06:22:03+00:00","dateModified":"2023-04-16T08:35:11+00:00","breadcrumb":{"@id":"https:\/\/www.kleinegoehre.de\/scrap\/product\/plotterdatei-sprueche-muttertag\/#breadcrumb"},"inLanguage":"de","potentialAction":[{"@type":"ReadAction","target":["https:\/\/www.kleinegoehre.de\/scrap\/product\/plotterdatei-sprueche-muttertag\/"]}]},{"@type":"ImageObject","inLanguage":"de","@id":"https:\/\/www.kleinegoehre.de\/scrap\/product\/plotterdatei-sprueche-muttertag\/#primaryimage","url":"https:\/\/www.kleinegoehre.de\/scrap\/wp-content\/uploads\/2016\/04\/Vorschau_Muttertag.jpg","contentUrl":"https:\/\/www.kleinegoehre.de\/scrap\/wp-content\/uploads\/2016\/04\/Vorschau_Muttertag.jpg","width":800,"height":836},{"@type":"BreadcrumbList","@id":"https:\/\/www.kleinegoehre.de\/scrap\/product\/plotterdatei-sprueche-muttertag\/#breadcrumb","itemListElement":[{"@type":"ListItem","position":1,"name":"Startseite","item":"https:\/\/www.kleinegoehre.de\/scrap\/"},{"@type":"ListItem","position":2,"name":"Shop","item":"https:\/\/www.kleinegoehre.de\/scrap\/shop\/"},{"@type":"ListItem","position":3,"name":"Plotterdatei &#8220;Spr\u00fcche Muttertag&#8221;"}]},{"@type":"WebSite","@id":"https:\/\/www.kleinegoehre.de\/scrap\/#website","url":"https:\/\/www.kleinegoehre.de\/scrap\/","name":"kleine g\u00f6hr.e design","description":"In unser Shop auf kleinegoehre.de findet ihr Plotterdateien zu vielen verschiedenen Themen. Dazu bieten wir euch eine riesen Auswahl an digitalen Papieren.","publisher":{"@id":"https:\/\/www.kleinegoehre.de\/scrap\/#organization"},"potentialAction":[{"@type":"SearchAction","target":{"@type":"EntryPoint","urlTemplate":"https:\/\/www.kleinegoehre.de\/scrap\/?s={search_term_string}"},"query-input":{"@type":"PropertyValueSpecification","valueRequired":true,"valueName":"search_term_string"}}],"inLanguage":"de"},{"@type":"Organization","@id":"https:\/\/www.kleinegoehre.de\/scrap\/#organization","name":"kleine g\u00f6hre design","url":"https:\/\/www.kleinegoehre.de\/scrap\/","logo":{"@type":"ImageObject","inLanguage":"de","@id":"https:\/\/www.kleinegoehre.de\/scrap\/#\/schema\/logo\/image\/","url":"https:\/\/www.kleinegoehre.de\/scrap\/wp-content\/uploads\/2018\/06\/14859829_1423290007698523_869036772071302726_o.jpg","contentUrl":"https:\/\/www.kleinegoehre.de\/scrap\/wp-content\/uploads\/2018\/06\/14859829_1423290007698523_869036772071302726_o.jpg","width":1181,"height":1181,"caption":"kleine g\u00f6hre design"},"image":{"@id":"https:\/\/www.kleinegoehre.de\/scrap\/#\/schema\/logo\/image\/"},"sameAs":["https:\/\/www.facebook.com\/kleinegoehredesign\/","https:\/\/www.youtube.com\/channel\/UCZa4qAhMHSp7-gsPt9Hoy2w"]}]}},"_links":{"self":[{"href":"https:\/\/www.kleinegoehre.de\/scrap\/wp-json\/wp\/v2\/product\/19115","targetHints":{"allow":["GET"]}}],"collection":[{"href":"https:\/\/www.kleinegoehre.de\/scrap\/wp-json\/wp\/v2\/product"}],"about":[{"href":"https:\/\/www.kleinegoehre.de\/scrap\/wp-json\/wp\/v2\/types\/product"}],"replies":[{"embeddable":true,"href":"https:\/\/www.kleinegoehre.de\/scrap\/wp-json\/wp\/v2\/comments?post=19115"}],"wp:featuredmedia":[{"embeddable":true,"href":"https:\/\/www.kleinegoehre.de\/scrap\/wp-json\/wp\/v2\/media\/19118"}],"wp:attachment":[{"href":"https:\/\/www.kleinegoehre.de\/scrap\/wp-json\/wp\/v2\/media?parent=19115"}],"wp:term":[{"taxonomy":"product_brand","embeddable":true,"href":"https:\/\/www.kleinegoehre.de\/scrap\/wp-json\/wp\/v2\/product_brand?post=19115"},{"taxonomy":"product_cat","embeddable":true,"href":"https:\/\/www.kleinegoehre.de\/scrap\/wp-json\/wp\/v2\/product_cat?post=19115"},{"taxonomy":"product_tag","embeddable":true,"href":"https:\/\/www.kleinegoehre.de\/scrap\/wp-json\/wp\/v2\/product_tag?post=19115"}],"curies":[{"name":"wp","href":"https:\/\/api.w.org\/{rel}","templated":true}]}}