{"id":169060,"date":"2020-09-25T09:01:00","date_gmt":"2020-09-25T07:01:00","guid":{"rendered":"https:\/\/www.kleinegoehre.de\/scrap\/?post_type=product&#038;p=169060"},"modified":"2021-09-03T09:52:30","modified_gmt":"2021-09-03T07:52:30","slug":"digitales-papier-herbstlich","status":"publish","type":"product","link":"https:\/\/www.kleinegoehre.de\/scrap\/product\/digitales-papier-herbstlich\/","title":{"rendered":"digitales Papier &#8220;Herbstlich&#8221;"},"content":{"rendered":"<p>Einfache Landschaftsaufnahmen zu zauberhaften, herbstlichen und ganz unwirklich m\u00e4rchenhaften Papieren zu verwandeln, war schon eine Herausforderung. Aber da wir einige Anfragen zu solchem Papier hatten, haben wir get\u00fcftelt und probiert. Wir sind jetzt auch ganz verliebt und verzaubert, wie toll sie doch auch ganz alleine wirken.r. Durch die einheitliche Bearbeiting und digitale Entwicklung der Bilder konnten wir trotz ganz unterschiedlicher Ursprungsbilder ein Set erstellen, was einheitlich und harmonisch zusammenpasst. Danke an die unterschiedlichen (Hobby)Fotografen, die ihre unbearbeiteten Bilder f\u00fcr solche Zwecke zur Verf\u00fcgung stellen. Ohne sie w\u00e4re so ein umfangreiches Set gar nicht m\u00f6glich gewesen.<\/p>\n<p>Die digitalen Papiere sind im Format .JPG (30cmx30cm in 300dpi).<\/p>\n","protected":false},"excerpt":{"rendered":"<p>Einfache Landschaftsaufnahmen zu zauberhaften, herbstlichen und ganz unwirklich m\u00e4rchenhaften Papieren zu verwandeln, war schon eine Herausforderung. Aber da wir einige Anfragen zu solchem Papier hatten, haben wir get\u00fcftelt und probiert. Wir sind jetzt auch ganz verliebt und verzaubert, wie toll sie doch auch ganz alleine wirken.r. Durch die einheitliche Bearbeiting und digitale Entwicklung der Bilder [&hellip;]<\/p>\n","protected":false},"featured_media":169070,"comment_status":"open","ping_status":"closed","template":"","meta":[],"product_brand":[],"product_cat":[28,24],"product_tag":[959,161,38],"class_list":{"0":"post-169060","1":"product","2":"type-product","3":"status-publish","4":"has-post-thumbnail","6":"product_cat-digitale-papiere","7":"product_cat-printables","8":"product_tag-blumenpracht","9":"product_tag-herbst","10":"product_tag-trauer","12":"first","13":"instock","14":"taxable","15":"shipping-taxable","16":"purchasable","17":"product-type-variable","18":"has-default-attributes"},"yoast_head":"<!-- This site is optimized with the Yoast SEO plugin v26.4 - https:\/\/yoast.com\/wordpress\/plugins\/seo\/ -->\n<title>digitales Papier &quot;Herbstlich&quot; - kleine g\u00f6hr.e design<\/title>\n<meta name=\"description\" content=\"Tolle Farben, Aquarellpapiere und nette Spr\u00fcche machen aus diesem Set einen echten Allrounder. Egal ob M\u00e4delsabend, Umzug, Geburtstag oder einfach Weinliebhaber, schnell ein K\u00e4rtchen oder Flaschenanh\u00e4nger an eine sch\u00f6ne Flasche Wein und fertig\" \/>\n<meta name=\"robots\" content=\"index, follow, max-snippet:-1, max-image-preview:large, max-video-preview:-1\" \/>\n<link rel=\"canonical\" href=\"https:\/\/www.kleinegoehre.de\/scrap\/product\/digitales-papier-herbstlich\/\" \/>\n<meta property=\"og:locale\" content=\"de_DE\" \/>\n<meta property=\"og:type\" content=\"article\" \/>\n<meta property=\"og:title\" content=\"digitales Papier &quot;Herbstlich&quot; - kleine g\u00f6hr.e design\" \/>\n<meta property=\"og:description\" content=\"Tolle Farben, Aquarellpapiere und nette Spr\u00fcche machen aus diesem Set einen echten Allrounder. Egal ob M\u00e4delsabend, Umzug, Geburtstag oder einfach Weinliebhaber, schnell ein K\u00e4rtchen oder Flaschenanh\u00e4nger an eine sch\u00f6ne Flasche Wein und fertig\" \/>\n<meta property=\"og:url\" content=\"https:\/\/www.kleinegoehre.de\/scrap\/product\/digitales-papier-herbstlich\/\" \/>\n<meta property=\"og:site_name\" content=\"kleine g\u00f6hr.e design\" \/>\n<meta property=\"article:publisher\" content=\"https:\/\/www.facebook.com\/kleinegoehredesign\/\" \/>\n<meta property=\"article:modified_time\" content=\"2021-09-03T07:52:30+00:00\" \/>\n<meta property=\"og:image\" content=\"https:\/\/www.kleinegoehre.de\/scrap\/wp-content\/uploads\/2020\/09\/Vorschau_Papiere_Herbstlich_Muster1-scaled.jpg\" \/>\n\t<meta property=\"og:image:width\" content=\"2560\" \/>\n\t<meta property=\"og:image:height\" content=\"2539\" \/>\n\t<meta property=\"og:image:type\" content=\"image\/jpeg\" \/>\n<meta name=\"twitter:card\" content=\"summary_large_image\" \/>\n<meta name=\"twitter:label1\" content=\"Gesch\u00e4tzte Lesezeit\" \/>\n\t<meta name=\"twitter:data1\" content=\"1\u00a0Minute\" \/>\n<script type=\"application\/ld+json\" class=\"yoast-schema-graph\">{\"@context\":\"https:\/\/schema.org\",\"@graph\":[{\"@type\":\"WebPage\",\"@id\":\"https:\/\/www.kleinegoehre.de\/scrap\/product\/digitales-papier-herbstlich\/\",\"url\":\"https:\/\/www.kleinegoehre.de\/scrap\/product\/digitales-papier-herbstlich\/\",\"name\":\"digitales Papier \\\"Herbstlich\\\" - kleine g\u00f6hr.e design\",\"isPartOf\":{\"@id\":\"https:\/\/www.kleinegoehre.de\/scrap\/#website\"},\"primaryImageOfPage\":{\"@id\":\"https:\/\/www.kleinegoehre.de\/scrap\/product\/digitales-papier-herbstlich\/#primaryimage\"},\"image\":{\"@id\":\"https:\/\/www.kleinegoehre.de\/scrap\/product\/digitales-papier-herbstlich\/#primaryimage\"},\"thumbnailUrl\":\"https:\/\/www.kleinegoehre.de\/scrap\/wp-content\/uploads\/2020\/09\/Vorschau_Papiere_Herbstlich_Muster1-scaled.jpg\",\"datePublished\":\"2020-09-25T07:01:00+00:00\",\"dateModified\":\"2021-09-03T07:52:30+00:00\",\"description\":\"Tolle Farben, Aquarellpapiere und nette Spr\u00fcche machen aus diesem Set einen echten Allrounder. Egal ob M\u00e4delsabend, Umzug, Geburtstag oder einfach Weinliebhaber, schnell ein K\u00e4rtchen oder Flaschenanh\u00e4nger an eine sch\u00f6ne Flasche Wein und fertig\",\"breadcrumb\":{\"@id\":\"https:\/\/www.kleinegoehre.de\/scrap\/product\/digitales-papier-herbstlich\/#breadcrumb\"},\"inLanguage\":\"de\",\"potentialAction\":[{\"@type\":\"ReadAction\",\"target\":[\"https:\/\/www.kleinegoehre.de\/scrap\/product\/digitales-papier-herbstlich\/\"]}]},{\"@type\":\"ImageObject\",\"inLanguage\":\"de\",\"@id\":\"https:\/\/www.kleinegoehre.de\/scrap\/product\/digitales-papier-herbstlich\/#primaryimage\",\"url\":\"https:\/\/www.kleinegoehre.de\/scrap\/wp-content\/uploads\/2020\/09\/Vorschau_Papiere_Herbstlich_Muster1-scaled.jpg\",\"contentUrl\":\"https:\/\/www.kleinegoehre.de\/scrap\/wp-content\/uploads\/2020\/09\/Vorschau_Papiere_Herbstlich_Muster1-scaled.jpg\",\"width\":2560,\"height\":2539},{\"@type\":\"BreadcrumbList\",\"@id\":\"https:\/\/www.kleinegoehre.de\/scrap\/product\/digitales-papier-herbstlich\/#breadcrumb\",\"itemListElement\":[{\"@type\":\"ListItem\",\"position\":1,\"name\":\"Startseite\",\"item\":\"https:\/\/www.kleinegoehre.de\/scrap\/\"},{\"@type\":\"ListItem\",\"position\":2,\"name\":\"Shop\",\"item\":\"https:\/\/www.kleinegoehre.de\/scrap\/shop\/\"},{\"@type\":\"ListItem\",\"position\":3,\"name\":\"digitales Papier &#8220;Herbstlich&#8221;\"}]},{\"@type\":\"WebSite\",\"@id\":\"https:\/\/www.kleinegoehre.de\/scrap\/#website\",\"url\":\"https:\/\/www.kleinegoehre.de\/scrap\/\",\"name\":\"kleine g\u00f6hr.e design\",\"description\":\"In unser Shop auf kleinegoehre.de findet ihr Plotterdateien zu vielen verschiedenen Themen. Dazu bieten wir euch eine riesen Auswahl an digitalen Papieren.\",\"publisher\":{\"@id\":\"https:\/\/www.kleinegoehre.de\/scrap\/#organization\"},\"potentialAction\":[{\"@type\":\"SearchAction\",\"target\":{\"@type\":\"EntryPoint\",\"urlTemplate\":\"https:\/\/www.kleinegoehre.de\/scrap\/?s={search_term_string}\"},\"query-input\":{\"@type\":\"PropertyValueSpecification\",\"valueRequired\":true,\"valueName\":\"search_term_string\"}}],\"inLanguage\":\"de\"},{\"@type\":\"Organization\",\"@id\":\"https:\/\/www.kleinegoehre.de\/scrap\/#organization\",\"name\":\"kleine g\u00f6hre design\",\"url\":\"https:\/\/www.kleinegoehre.de\/scrap\/\",\"logo\":{\"@type\":\"ImageObject\",\"inLanguage\":\"de\",\"@id\":\"https:\/\/www.kleinegoehre.de\/scrap\/#\/schema\/logo\/image\/\",\"url\":\"https:\/\/www.kleinegoehre.de\/scrap\/wp-content\/uploads\/2018\/06\/14859829_1423290007698523_869036772071302726_o.jpg\",\"contentUrl\":\"https:\/\/www.kleinegoehre.de\/scrap\/wp-content\/uploads\/2018\/06\/14859829_1423290007698523_869036772071302726_o.jpg\",\"width\":1181,\"height\":1181,\"caption\":\"kleine g\u00f6hre design\"},\"image\":{\"@id\":\"https:\/\/www.kleinegoehre.de\/scrap\/#\/schema\/logo\/image\/\"},\"sameAs\":[\"https:\/\/www.facebook.com\/kleinegoehredesign\/\",\"https:\/\/www.youtube.com\/channel\/UCZa4qAhMHSp7-gsPt9Hoy2w\"]}]}<\/script>\n<!-- \/ Yoast SEO plugin. -->","yoast_head_json":{"title":"digitales Papier \"Herbstlich\" - kleine g\u00f6hr.e design","description":"Tolle Farben, Aquarellpapiere und nette Spr\u00fcche machen aus diesem Set einen echten Allrounder. Egal ob M\u00e4delsabend, Umzug, Geburtstag oder einfach Weinliebhaber, schnell ein K\u00e4rtchen oder Flaschenanh\u00e4nger an eine sch\u00f6ne Flasche Wein und fertig","robots":{"index":"index","follow":"follow","max-snippet":"max-snippet:-1","max-image-preview":"max-image-preview:large","max-video-preview":"max-video-preview:-1"},"canonical":"https:\/\/www.kleinegoehre.de\/scrap\/product\/digitales-papier-herbstlich\/","og_locale":"de_DE","og_type":"article","og_title":"digitales Papier \"Herbstlich\" - kleine g\u00f6hr.e design","og_description":"Tolle Farben, Aquarellpapiere und nette Spr\u00fcche machen aus diesem Set einen echten Allrounder. Egal ob M\u00e4delsabend, Umzug, Geburtstag oder einfach Weinliebhaber, schnell ein K\u00e4rtchen oder Flaschenanh\u00e4nger an eine sch\u00f6ne Flasche Wein und fertig","og_url":"https:\/\/www.kleinegoehre.de\/scrap\/product\/digitales-papier-herbstlich\/","og_site_name":"kleine g\u00f6hr.e design","article_publisher":"https:\/\/www.facebook.com\/kleinegoehredesign\/","article_modified_time":"2021-09-03T07:52:30+00:00","og_image":[{"width":2560,"height":2539,"url":"https:\/\/www.kleinegoehre.de\/scrap\/wp-content\/uploads\/2020\/09\/Vorschau_Papiere_Herbstlich_Muster1-scaled.jpg","type":"image\/jpeg"}],"twitter_card":"summary_large_image","twitter_misc":{"Gesch\u00e4tzte Lesezeit":"1\u00a0Minute"},"schema":{"@context":"https:\/\/schema.org","@graph":[{"@type":"WebPage","@id":"https:\/\/www.kleinegoehre.de\/scrap\/product\/digitales-papier-herbstlich\/","url":"https:\/\/www.kleinegoehre.de\/scrap\/product\/digitales-papier-herbstlich\/","name":"digitales Papier \"Herbstlich\" - kleine g\u00f6hr.e design","isPartOf":{"@id":"https:\/\/www.kleinegoehre.de\/scrap\/#website"},"primaryImageOfPage":{"@id":"https:\/\/www.kleinegoehre.de\/scrap\/product\/digitales-papier-herbstlich\/#primaryimage"},"image":{"@id":"https:\/\/www.kleinegoehre.de\/scrap\/product\/digitales-papier-herbstlich\/#primaryimage"},"thumbnailUrl":"https:\/\/www.kleinegoehre.de\/scrap\/wp-content\/uploads\/2020\/09\/Vorschau_Papiere_Herbstlich_Muster1-scaled.jpg","datePublished":"2020-09-25T07:01:00+00:00","dateModified":"2021-09-03T07:52:30+00:00","description":"Tolle Farben, Aquarellpapiere und nette Spr\u00fcche machen aus diesem Set einen echten Allrounder. Egal ob M\u00e4delsabend, Umzug, Geburtstag oder einfach Weinliebhaber, schnell ein K\u00e4rtchen oder Flaschenanh\u00e4nger an eine sch\u00f6ne Flasche Wein und fertig","breadcrumb":{"@id":"https:\/\/www.kleinegoehre.de\/scrap\/product\/digitales-papier-herbstlich\/#breadcrumb"},"inLanguage":"de","potentialAction":[{"@type":"ReadAction","target":["https:\/\/www.kleinegoehre.de\/scrap\/product\/digitales-papier-herbstlich\/"]}]},{"@type":"ImageObject","inLanguage":"de","@id":"https:\/\/www.kleinegoehre.de\/scrap\/product\/digitales-papier-herbstlich\/#primaryimage","url":"https:\/\/www.kleinegoehre.de\/scrap\/wp-content\/uploads\/2020\/09\/Vorschau_Papiere_Herbstlich_Muster1-scaled.jpg","contentUrl":"https:\/\/www.kleinegoehre.de\/scrap\/wp-content\/uploads\/2020\/09\/Vorschau_Papiere_Herbstlich_Muster1-scaled.jpg","width":2560,"height":2539},{"@type":"BreadcrumbList","@id":"https:\/\/www.kleinegoehre.de\/scrap\/product\/digitales-papier-herbstlich\/#breadcrumb","itemListElement":[{"@type":"ListItem","position":1,"name":"Startseite","item":"https:\/\/www.kleinegoehre.de\/scrap\/"},{"@type":"ListItem","position":2,"name":"Shop","item":"https:\/\/www.kleinegoehre.de\/scrap\/shop\/"},{"@type":"ListItem","position":3,"name":"digitales Papier &#8220;Herbstlich&#8221;"}]},{"@type":"WebSite","@id":"https:\/\/www.kleinegoehre.de\/scrap\/#website","url":"https:\/\/www.kleinegoehre.de\/scrap\/","name":"kleine g\u00f6hr.e design","description":"In unser Shop auf kleinegoehre.de findet ihr Plotterdateien zu vielen verschiedenen Themen. Dazu bieten wir euch eine riesen Auswahl an digitalen Papieren.","publisher":{"@id":"https:\/\/www.kleinegoehre.de\/scrap\/#organization"},"potentialAction":[{"@type":"SearchAction","target":{"@type":"EntryPoint","urlTemplate":"https:\/\/www.kleinegoehre.de\/scrap\/?s={search_term_string}"},"query-input":{"@type":"PropertyValueSpecification","valueRequired":true,"valueName":"search_term_string"}}],"inLanguage":"de"},{"@type":"Organization","@id":"https:\/\/www.kleinegoehre.de\/scrap\/#organization","name":"kleine g\u00f6hre design","url":"https:\/\/www.kleinegoehre.de\/scrap\/","logo":{"@type":"ImageObject","inLanguage":"de","@id":"https:\/\/www.kleinegoehre.de\/scrap\/#\/schema\/logo\/image\/","url":"https:\/\/www.kleinegoehre.de\/scrap\/wp-content\/uploads\/2018\/06\/14859829_1423290007698523_869036772071302726_o.jpg","contentUrl":"https:\/\/www.kleinegoehre.de\/scrap\/wp-content\/uploads\/2018\/06\/14859829_1423290007698523_869036772071302726_o.jpg","width":1181,"height":1181,"caption":"kleine g\u00f6hre design"},"image":{"@id":"https:\/\/www.kleinegoehre.de\/scrap\/#\/schema\/logo\/image\/"},"sameAs":["https:\/\/www.facebook.com\/kleinegoehredesign\/","https:\/\/www.youtube.com\/channel\/UCZa4qAhMHSp7-gsPt9Hoy2w"]}]}},"_links":{"self":[{"href":"https:\/\/www.kleinegoehre.de\/scrap\/wp-json\/wp\/v2\/product\/169060","targetHints":{"allow":["GET"]}}],"collection":[{"href":"https:\/\/www.kleinegoehre.de\/scrap\/wp-json\/wp\/v2\/product"}],"about":[{"href":"https:\/\/www.kleinegoehre.de\/scrap\/wp-json\/wp\/v2\/types\/product"}],"replies":[{"embeddable":true,"href":"https:\/\/www.kleinegoehre.de\/scrap\/wp-json\/wp\/v2\/comments?post=169060"}],"wp:featuredmedia":[{"embeddable":true,"href":"https:\/\/www.kleinegoehre.de\/scrap\/wp-json\/wp\/v2\/media\/169070"}],"wp:attachment":[{"href":"https:\/\/www.kleinegoehre.de\/scrap\/wp-json\/wp\/v2\/media?parent=169060"}],"wp:term":[{"taxonomy":"product_brand","embeddable":true,"href":"https:\/\/www.kleinegoehre.de\/scrap\/wp-json\/wp\/v2\/product_brand?post=169060"},{"taxonomy":"product_cat","embeddable":true,"href":"https:\/\/www.kleinegoehre.de\/scrap\/wp-json\/wp\/v2\/product_cat?post=169060"},{"taxonomy":"product_tag","embeddable":true,"href":"https:\/\/www.kleinegoehre.de\/scrap\/wp-json\/wp\/v2\/product_tag?post=169060"}],"curies":[{"name":"wp","href":"https:\/\/api.w.org\/{rel}","templated":true}]}}