{"id":165719,"date":"2020-08-14T10:05:11","date_gmt":"2020-08-14T08:05:11","guid":{"rendered":"https:\/\/www.kleinegoehre.de\/scrap\/?post_type=product&#038;p=165719"},"modified":"2023-02-17T10:48:40","modified_gmt":"2023-02-17T09:48:40","slug":"plotterdatei-fotobuch-quadrat","status":"publish","type":"product","link":"https:\/\/www.kleinegoehre.de\/scrap\/product\/plotterdatei-fotobuch-quadrat\/","title":{"rendered":"Plotterdatei &#8220;Fotobuch Quadrat&#8221;"},"content":{"rendered":"<p>Macht ihr auch gerne Fotob\u00fccher? Entweder online oder vielleicht sogar selber, weil ihr ein Bindeger\u00e4t habt?<\/p>\n<p>Wir haben Vorlagen erstellt, mit denen man die B\u00fccher ganz leicht selber machen kann, einfach Papiere und Fotos auf die einzelnen Fl\u00e4chen ziehen, noch Elemente und Texte drauf und ausdrucken.<\/p>\n<p>Wir w\u00fcnschen euch ganz viel Spa\u00df beim Verarbeiten von Urlaubsfot<span class=\"text_exposed_show\">os, sch\u00f6nen Erinnerungen, Hochzeitsbildern, Taufen, Einschulungen und was man alles noch festhalten m\u00f6chte. Diese Bilder sind viel zu schade, um irgendwo auf dem Rechner zu ruhen.<\/span><\/p>\n<p>Die Elemente k\u00f6nnen\u00a0beliebig vergr\u00f6\u00dfert und verkleinert werden.<\/p>\n<p>Beim Kauf der Plotterdatei erh\u00e4ltst Du die Grafik in den Dateiformaten .DXF, .SVG, .PNG\u00a0in einem .ZIP-Ordner verpackt. Die Dateiformate .DXF und .SVG kannst Du, je nach Plotter und Software, direkt in deinem Programm \u00f6ffnen.<\/p>\n","protected":false},"excerpt":{"rendered":"<p>Macht ihr auch gerne Fotob\u00fccher? Entweder online oder vielleicht sogar selber, weil ihr ein Bindeger\u00e4t habt? Wir haben Vorlagen erstellt, mit denen man die B\u00fccher ganz leicht selber machen kann, einfach Papiere und Fotos auf die einzelnen Fl\u00e4chen ziehen, noch Elemente und Texte drauf und ausdrucken. Wir w\u00fcnschen euch ganz viel Spa\u00df beim Verarbeiten von [&hellip;]<\/p>\n","protected":false},"featured_media":165722,"comment_status":"open","ping_status":"closed","template":"","meta":[],"product_brand":[],"product_cat":[13],"product_tag":[741,987,839,91],"class_list":{"0":"post-165719","1":"product","2":"type-product","3":"status-publish","4":"has-post-thumbnail","6":"product_cat-plotterdateien","7":"product_tag-erinnerung","8":"product_tag-festfeiern","9":"product_tag-fotobuch","10":"product_tag-urlaub","12":"first","13":"instock","14":"taxable","15":"shipping-taxable","16":"purchasable","17":"product-type-variable","18":"has-default-attributes"},"yoast_head":"<!-- This site is optimized with the Yoast SEO plugin v26.4 - https:\/\/yoast.com\/wordpress\/plugins\/seo\/ -->\n<title>Plotterdatei &quot;Fotobuch Quadrat&quot; - kleine g\u00f6hr.e design<\/title>\n<meta name=\"description\" content=\"Wir haben Vorlagen erstellt, mit denen man die B\u00fccher ganz leicht selber machen kann, einfach Papiere und Fotos auf die einzelnen Fl\u00e4chen ziehen, noch Elemente und Texte drauf und ausdrucken. Auch f\u00fcr Ribbarahmen als Einzelseite eine ganz tolle Idee.\" \/>\n<meta name=\"robots\" content=\"index, follow, max-snippet:-1, max-image-preview:large, max-video-preview:-1\" \/>\n<link rel=\"canonical\" href=\"https:\/\/www.kleinegoehre.de\/scrap\/product\/plotterdatei-fotobuch-quadrat\/\" \/>\n<meta property=\"og:locale\" content=\"de_DE\" \/>\n<meta property=\"og:type\" content=\"article\" \/>\n<meta property=\"og:title\" content=\"Plotterdatei &quot;Fotobuch Quadrat&quot; - kleine g\u00f6hr.e design\" \/>\n<meta property=\"og:description\" content=\"Wir haben Vorlagen erstellt, mit denen man die B\u00fccher ganz leicht selber machen kann, einfach Papiere und Fotos auf die einzelnen Fl\u00e4chen ziehen, noch Elemente und Texte drauf und ausdrucken. Auch f\u00fcr Ribbarahmen als Einzelseite eine ganz tolle Idee.\" \/>\n<meta property=\"og:url\" content=\"https:\/\/www.kleinegoehre.de\/scrap\/product\/plotterdatei-fotobuch-quadrat\/\" \/>\n<meta property=\"og:site_name\" content=\"kleine g\u00f6hr.e design\" \/>\n<meta property=\"article:publisher\" content=\"https:\/\/www.facebook.com\/kleinegoehredesign\/\" \/>\n<meta property=\"article:modified_time\" content=\"2023-02-17T09:48:40+00:00\" \/>\n<meta property=\"og:image\" content=\"https:\/\/www.kleinegoehre.de\/scrap\/wp-content\/uploads\/2020\/08\/Vorschau_Fotobuch-quadrat-scaled.jpg\" \/>\n\t<meta property=\"og:image:width\" content=\"2560\" \/>\n\t<meta property=\"og:image:height\" content=\"2539\" \/>\n\t<meta property=\"og:image:type\" content=\"image\/jpeg\" \/>\n<meta name=\"twitter:card\" content=\"summary_large_image\" \/>\n<meta name=\"twitter:label1\" content=\"Gesch\u00e4tzte Lesezeit\" \/>\n\t<meta name=\"twitter:data1\" content=\"1\u00a0Minute\" \/>\n<script type=\"application\/ld+json\" class=\"yoast-schema-graph\">{\"@context\":\"https:\/\/schema.org\",\"@graph\":[{\"@type\":\"WebPage\",\"@id\":\"https:\/\/www.kleinegoehre.de\/scrap\/product\/plotterdatei-fotobuch-quadrat\/\",\"url\":\"https:\/\/www.kleinegoehre.de\/scrap\/product\/plotterdatei-fotobuch-quadrat\/\",\"name\":\"Plotterdatei \\\"Fotobuch Quadrat\\\" - kleine g\u00f6hr.e design\",\"isPartOf\":{\"@id\":\"https:\/\/www.kleinegoehre.de\/scrap\/#website\"},\"primaryImageOfPage\":{\"@id\":\"https:\/\/www.kleinegoehre.de\/scrap\/product\/plotterdatei-fotobuch-quadrat\/#primaryimage\"},\"image\":{\"@id\":\"https:\/\/www.kleinegoehre.de\/scrap\/product\/plotterdatei-fotobuch-quadrat\/#primaryimage\"},\"thumbnailUrl\":\"https:\/\/www.kleinegoehre.de\/scrap\/wp-content\/uploads\/2020\/08\/Vorschau_Fotobuch-quadrat-scaled.jpg\",\"datePublished\":\"2020-08-14T08:05:11+00:00\",\"dateModified\":\"2023-02-17T09:48:40+00:00\",\"description\":\"Wir haben Vorlagen erstellt, mit denen man die B\u00fccher ganz leicht selber machen kann, einfach Papiere und Fotos auf die einzelnen Fl\u00e4chen ziehen, noch Elemente und Texte drauf und ausdrucken. Auch f\u00fcr Ribbarahmen als Einzelseite eine ganz tolle Idee.\",\"breadcrumb\":{\"@id\":\"https:\/\/www.kleinegoehre.de\/scrap\/product\/plotterdatei-fotobuch-quadrat\/#breadcrumb\"},\"inLanguage\":\"de\",\"potentialAction\":[{\"@type\":\"ReadAction\",\"target\":[\"https:\/\/www.kleinegoehre.de\/scrap\/product\/plotterdatei-fotobuch-quadrat\/\"]}]},{\"@type\":\"ImageObject\",\"inLanguage\":\"de\",\"@id\":\"https:\/\/www.kleinegoehre.de\/scrap\/product\/plotterdatei-fotobuch-quadrat\/#primaryimage\",\"url\":\"https:\/\/www.kleinegoehre.de\/scrap\/wp-content\/uploads\/2020\/08\/Vorschau_Fotobuch-quadrat-scaled.jpg\",\"contentUrl\":\"https:\/\/www.kleinegoehre.de\/scrap\/wp-content\/uploads\/2020\/08\/Vorschau_Fotobuch-quadrat-scaled.jpg\",\"width\":2560,\"height\":2539},{\"@type\":\"BreadcrumbList\",\"@id\":\"https:\/\/www.kleinegoehre.de\/scrap\/product\/plotterdatei-fotobuch-quadrat\/#breadcrumb\",\"itemListElement\":[{\"@type\":\"ListItem\",\"position\":1,\"name\":\"Startseite\",\"item\":\"https:\/\/www.kleinegoehre.de\/scrap\/\"},{\"@type\":\"ListItem\",\"position\":2,\"name\":\"Shop\",\"item\":\"https:\/\/www.kleinegoehre.de\/scrap\/shop\/\"},{\"@type\":\"ListItem\",\"position\":3,\"name\":\"Plotterdatei &#8220;Fotobuch Quadrat&#8221;\"}]},{\"@type\":\"WebSite\",\"@id\":\"https:\/\/www.kleinegoehre.de\/scrap\/#website\",\"url\":\"https:\/\/www.kleinegoehre.de\/scrap\/\",\"name\":\"kleine g\u00f6hr.e design\",\"description\":\"In unser Shop auf kleinegoehre.de findet ihr Plotterdateien zu vielen verschiedenen Themen. Dazu bieten wir euch eine riesen Auswahl an digitalen Papieren.\",\"publisher\":{\"@id\":\"https:\/\/www.kleinegoehre.de\/scrap\/#organization\"},\"potentialAction\":[{\"@type\":\"SearchAction\",\"target\":{\"@type\":\"EntryPoint\",\"urlTemplate\":\"https:\/\/www.kleinegoehre.de\/scrap\/?s={search_term_string}\"},\"query-input\":{\"@type\":\"PropertyValueSpecification\",\"valueRequired\":true,\"valueName\":\"search_term_string\"}}],\"inLanguage\":\"de\"},{\"@type\":\"Organization\",\"@id\":\"https:\/\/www.kleinegoehre.de\/scrap\/#organization\",\"name\":\"kleine g\u00f6hre design\",\"url\":\"https:\/\/www.kleinegoehre.de\/scrap\/\",\"logo\":{\"@type\":\"ImageObject\",\"inLanguage\":\"de\",\"@id\":\"https:\/\/www.kleinegoehre.de\/scrap\/#\/schema\/logo\/image\/\",\"url\":\"https:\/\/www.kleinegoehre.de\/scrap\/wp-content\/uploads\/2018\/06\/14859829_1423290007698523_869036772071302726_o.jpg\",\"contentUrl\":\"https:\/\/www.kleinegoehre.de\/scrap\/wp-content\/uploads\/2018\/06\/14859829_1423290007698523_869036772071302726_o.jpg\",\"width\":1181,\"height\":1181,\"caption\":\"kleine g\u00f6hre design\"},\"image\":{\"@id\":\"https:\/\/www.kleinegoehre.de\/scrap\/#\/schema\/logo\/image\/\"},\"sameAs\":[\"https:\/\/www.facebook.com\/kleinegoehredesign\/\",\"https:\/\/www.youtube.com\/channel\/UCZa4qAhMHSp7-gsPt9Hoy2w\"]}]}<\/script>\n<!-- \/ Yoast SEO plugin. -->","yoast_head_json":{"title":"Plotterdatei \"Fotobuch Quadrat\" - kleine g\u00f6hr.e design","description":"Wir haben Vorlagen erstellt, mit denen man die B\u00fccher ganz leicht selber machen kann, einfach Papiere und Fotos auf die einzelnen Fl\u00e4chen ziehen, noch Elemente und Texte drauf und ausdrucken. Auch f\u00fcr Ribbarahmen als Einzelseite eine ganz tolle Idee.","robots":{"index":"index","follow":"follow","max-snippet":"max-snippet:-1","max-image-preview":"max-image-preview:large","max-video-preview":"max-video-preview:-1"},"canonical":"https:\/\/www.kleinegoehre.de\/scrap\/product\/plotterdatei-fotobuch-quadrat\/","og_locale":"de_DE","og_type":"article","og_title":"Plotterdatei \"Fotobuch Quadrat\" - kleine g\u00f6hr.e design","og_description":"Wir haben Vorlagen erstellt, mit denen man die B\u00fccher ganz leicht selber machen kann, einfach Papiere und Fotos auf die einzelnen Fl\u00e4chen ziehen, noch Elemente und Texte drauf und ausdrucken. Auch f\u00fcr Ribbarahmen als Einzelseite eine ganz tolle Idee.","og_url":"https:\/\/www.kleinegoehre.de\/scrap\/product\/plotterdatei-fotobuch-quadrat\/","og_site_name":"kleine g\u00f6hr.e design","article_publisher":"https:\/\/www.facebook.com\/kleinegoehredesign\/","article_modified_time":"2023-02-17T09:48:40+00:00","og_image":[{"width":2560,"height":2539,"url":"https:\/\/www.kleinegoehre.de\/scrap\/wp-content\/uploads\/2020\/08\/Vorschau_Fotobuch-quadrat-scaled.jpg","type":"image\/jpeg"}],"twitter_card":"summary_large_image","twitter_misc":{"Gesch\u00e4tzte Lesezeit":"1\u00a0Minute"},"schema":{"@context":"https:\/\/schema.org","@graph":[{"@type":"WebPage","@id":"https:\/\/www.kleinegoehre.de\/scrap\/product\/plotterdatei-fotobuch-quadrat\/","url":"https:\/\/www.kleinegoehre.de\/scrap\/product\/plotterdatei-fotobuch-quadrat\/","name":"Plotterdatei \"Fotobuch Quadrat\" - kleine g\u00f6hr.e design","isPartOf":{"@id":"https:\/\/www.kleinegoehre.de\/scrap\/#website"},"primaryImageOfPage":{"@id":"https:\/\/www.kleinegoehre.de\/scrap\/product\/plotterdatei-fotobuch-quadrat\/#primaryimage"},"image":{"@id":"https:\/\/www.kleinegoehre.de\/scrap\/product\/plotterdatei-fotobuch-quadrat\/#primaryimage"},"thumbnailUrl":"https:\/\/www.kleinegoehre.de\/scrap\/wp-content\/uploads\/2020\/08\/Vorschau_Fotobuch-quadrat-scaled.jpg","datePublished":"2020-08-14T08:05:11+00:00","dateModified":"2023-02-17T09:48:40+00:00","description":"Wir haben Vorlagen erstellt, mit denen man die B\u00fccher ganz leicht selber machen kann, einfach Papiere und Fotos auf die einzelnen Fl\u00e4chen ziehen, noch Elemente und Texte drauf und ausdrucken. Auch f\u00fcr Ribbarahmen als Einzelseite eine ganz tolle Idee.","breadcrumb":{"@id":"https:\/\/www.kleinegoehre.de\/scrap\/product\/plotterdatei-fotobuch-quadrat\/#breadcrumb"},"inLanguage":"de","potentialAction":[{"@type":"ReadAction","target":["https:\/\/www.kleinegoehre.de\/scrap\/product\/plotterdatei-fotobuch-quadrat\/"]}]},{"@type":"ImageObject","inLanguage":"de","@id":"https:\/\/www.kleinegoehre.de\/scrap\/product\/plotterdatei-fotobuch-quadrat\/#primaryimage","url":"https:\/\/www.kleinegoehre.de\/scrap\/wp-content\/uploads\/2020\/08\/Vorschau_Fotobuch-quadrat-scaled.jpg","contentUrl":"https:\/\/www.kleinegoehre.de\/scrap\/wp-content\/uploads\/2020\/08\/Vorschau_Fotobuch-quadrat-scaled.jpg","width":2560,"height":2539},{"@type":"BreadcrumbList","@id":"https:\/\/www.kleinegoehre.de\/scrap\/product\/plotterdatei-fotobuch-quadrat\/#breadcrumb","itemListElement":[{"@type":"ListItem","position":1,"name":"Startseite","item":"https:\/\/www.kleinegoehre.de\/scrap\/"},{"@type":"ListItem","position":2,"name":"Shop","item":"https:\/\/www.kleinegoehre.de\/scrap\/shop\/"},{"@type":"ListItem","position":3,"name":"Plotterdatei &#8220;Fotobuch Quadrat&#8221;"}]},{"@type":"WebSite","@id":"https:\/\/www.kleinegoehre.de\/scrap\/#website","url":"https:\/\/www.kleinegoehre.de\/scrap\/","name":"kleine g\u00f6hr.e design","description":"In unser Shop auf kleinegoehre.de findet ihr Plotterdateien zu vielen verschiedenen Themen. Dazu bieten wir euch eine riesen Auswahl an digitalen Papieren.","publisher":{"@id":"https:\/\/www.kleinegoehre.de\/scrap\/#organization"},"potentialAction":[{"@type":"SearchAction","target":{"@type":"EntryPoint","urlTemplate":"https:\/\/www.kleinegoehre.de\/scrap\/?s={search_term_string}"},"query-input":{"@type":"PropertyValueSpecification","valueRequired":true,"valueName":"search_term_string"}}],"inLanguage":"de"},{"@type":"Organization","@id":"https:\/\/www.kleinegoehre.de\/scrap\/#organization","name":"kleine g\u00f6hre design","url":"https:\/\/www.kleinegoehre.de\/scrap\/","logo":{"@type":"ImageObject","inLanguage":"de","@id":"https:\/\/www.kleinegoehre.de\/scrap\/#\/schema\/logo\/image\/","url":"https:\/\/www.kleinegoehre.de\/scrap\/wp-content\/uploads\/2018\/06\/14859829_1423290007698523_869036772071302726_o.jpg","contentUrl":"https:\/\/www.kleinegoehre.de\/scrap\/wp-content\/uploads\/2018\/06\/14859829_1423290007698523_869036772071302726_o.jpg","width":1181,"height":1181,"caption":"kleine g\u00f6hre design"},"image":{"@id":"https:\/\/www.kleinegoehre.de\/scrap\/#\/schema\/logo\/image\/"},"sameAs":["https:\/\/www.facebook.com\/kleinegoehredesign\/","https:\/\/www.youtube.com\/channel\/UCZa4qAhMHSp7-gsPt9Hoy2w"]}]}},"_links":{"self":[{"href":"https:\/\/www.kleinegoehre.de\/scrap\/wp-json\/wp\/v2\/product\/165719","targetHints":{"allow":["GET"]}}],"collection":[{"href":"https:\/\/www.kleinegoehre.de\/scrap\/wp-json\/wp\/v2\/product"}],"about":[{"href":"https:\/\/www.kleinegoehre.de\/scrap\/wp-json\/wp\/v2\/types\/product"}],"replies":[{"embeddable":true,"href":"https:\/\/www.kleinegoehre.de\/scrap\/wp-json\/wp\/v2\/comments?post=165719"}],"wp:featuredmedia":[{"embeddable":true,"href":"https:\/\/www.kleinegoehre.de\/scrap\/wp-json\/wp\/v2\/media\/165722"}],"wp:attachment":[{"href":"https:\/\/www.kleinegoehre.de\/scrap\/wp-json\/wp\/v2\/media?parent=165719"}],"wp:term":[{"taxonomy":"product_brand","embeddable":true,"href":"https:\/\/www.kleinegoehre.de\/scrap\/wp-json\/wp\/v2\/product_brand?post=165719"},{"taxonomy":"product_cat","embeddable":true,"href":"https:\/\/www.kleinegoehre.de\/scrap\/wp-json\/wp\/v2\/product_cat?post=165719"},{"taxonomy":"product_tag","embeddable":true,"href":"https:\/\/www.kleinegoehre.de\/scrap\/wp-json\/wp\/v2\/product_tag?post=165719"}],"curies":[{"name":"wp","href":"https:\/\/api.w.org\/{rel}","templated":true}]}}