{"id":155146,"date":"2020-04-10T09:20:30","date_gmt":"2020-04-10T07:20:30","guid":{"rendered":"https:\/\/www.kleinegoehre.de\/scrap\/?post_type=product&#038;p=155146"},"modified":"2023-02-05T10:22:21","modified_gmt":"2023-02-05T09:22:21","slug":"digitales-papier-blumenpracht","status":"publish","type":"product","link":"https:\/\/www.kleinegoehre.de\/scrap\/product\/digitales-papier-blumenpracht\/","title":{"rendered":"digitales Papier \u201eBlumenpracht&#8221;"},"content":{"rendered":"<p>Einfache Aufnahmen von Bl\u00fcten und Blumen zu farbenfrohen, knalligen und gemalten Papieren zu verwandeln, war schon eine Herausforderung. Aber da wir einige Anfragen zu solchem Papier hatten, haben wir get\u00fcftelt und probiert. Wir sind jetzt auch ganz verliebt und verzaubert, wie toll sie doch auch ganz alleine wirken. Durch die einheitliche Bearbeiting und digitale Entwicklung der Bilder konnten wir trotz ganz unterschiedlicher Ursprungsbilder ein Set erstellen, was einheitlich und harmonisch zusammenpasst. Danke an die unterschiedlichen (Hobby)Fotografen, die ihre unbearbeiteten Bilder f\u00fcr solche Zwecke zur Verf\u00fcgung stellen. Ohne sie w\u00e4re so ein umfangreiches Set gar nicht m\u00f6glich gewesen.<\/p>\n<p>Ein Set aus bunten digitalen Papieren bestehend aus:<\/p>\n<ul>\n<li>Papiere Blumenpracht 1<\/li>\n<li>Papiere Blumenpracht 2<\/li>\n<li>Papiere Blumenpracht 3<\/li>\n<li>Papiere Blumenpracht 4<\/li>\n<\/ul>\n<p>Die digitalen Papiere sind im Format 30cm*30cm (300dpi)<\/p>\n<p>&nbsp;<\/p>\n<p>&nbsp;<\/p>\n","protected":false},"excerpt":{"rendered":"<p>Einfache Aufnahmen von Bl\u00fcten und Blumen zu farbenfrohen, knalligen und gemalten Papieren zu verwandeln, war schon eine Herausforderung. Aber da wir einige Anfragen zu solchem Papier hatten, haben wir get\u00fcftelt und probiert. Wir sind jetzt auch ganz verliebt und verzaubert, wie toll sie doch auch ganz alleine wirken. Durch die einheitliche Bearbeiting und digitale Entwicklung [&hellip;]<\/p>\n","protected":false},"featured_media":155160,"comment_status":"open","ping_status":"closed","template":"","meta":[],"product_brand":[],"product_cat":[28],"product_tag":[959,56,986],"class_list":{"0":"post-155146","1":"product","2":"type-product","3":"status-publish","4":"has-post-thumbnail","6":"product_cat-digitale-papiere","7":"product_tag-blumenpracht","8":"product_tag-ostern","9":"product_tag-spring","11":"first","12":"instock","13":"taxable","14":"shipping-taxable","15":"purchasable","16":"product-type-variable","17":"has-default-attributes"},"yoast_head":"<!-- This site is optimized with the Yoast SEO plugin v26.4 - https:\/\/yoast.com\/wordpress\/plugins\/seo\/ -->\n<title>digitales Papier \u201eBlumenpracht&quot; - kleine g\u00f6hr.e design<\/title>\n<meta name=\"robots\" content=\"index, follow, max-snippet:-1, max-image-preview:large, max-video-preview:-1\" \/>\n<link rel=\"canonical\" href=\"https:\/\/www.kleinegoehre.de\/scrap\/product\/digitales-papier-blumenpracht\/\" \/>\n<meta property=\"og:locale\" content=\"de_DE\" \/>\n<meta property=\"og:type\" content=\"article\" \/>\n<meta property=\"og:title\" content=\"digitales Papier \u201eBlumenpracht&quot; - kleine g\u00f6hr.e design\" \/>\n<meta property=\"og:description\" content=\"Einfache Aufnahmen von Bl\u00fcten und Blumen zu farbenfrohen, knalligen und gemalten Papieren zu verwandeln, war schon eine Herausforderung. Aber da wir einige Anfragen zu solchem Papier hatten, haben wir get\u00fcftelt und probiert. Wir sind jetzt auch ganz verliebt und verzaubert, wie toll sie doch auch ganz alleine wirken. Durch die einheitliche Bearbeiting und digitale Entwicklung [&hellip;]\" \/>\n<meta property=\"og:url\" content=\"https:\/\/www.kleinegoehre.de\/scrap\/product\/digitales-papier-blumenpracht\/\" \/>\n<meta property=\"og:site_name\" content=\"kleine g\u00f6hr.e design\" \/>\n<meta property=\"article:publisher\" content=\"https:\/\/www.facebook.com\/kleinegoehredesign\/\" \/>\n<meta property=\"article:modified_time\" content=\"2023-02-05T09:22:21+00:00\" \/>\n<meta property=\"og:image\" content=\"https:\/\/www.kleinegoehre.de\/scrap\/wp-content\/uploads\/2020\/04\/Vorschau_Papiere_Blumenpracht1-scaled.jpg\" \/>\n\t<meta property=\"og:image:width\" content=\"2560\" \/>\n\t<meta property=\"og:image:height\" content=\"2539\" \/>\n\t<meta property=\"og:image:type\" content=\"image\/jpeg\" \/>\n<meta name=\"twitter:card\" content=\"summary_large_image\" \/>\n<meta name=\"twitter:label1\" content=\"Gesch\u00e4tzte Lesezeit\" \/>\n\t<meta name=\"twitter:data1\" content=\"1\u00a0Minute\" \/>\n<script type=\"application\/ld+json\" class=\"yoast-schema-graph\">{\"@context\":\"https:\/\/schema.org\",\"@graph\":[{\"@type\":\"WebPage\",\"@id\":\"https:\/\/www.kleinegoehre.de\/scrap\/product\/digitales-papier-blumenpracht\/\",\"url\":\"https:\/\/www.kleinegoehre.de\/scrap\/product\/digitales-papier-blumenpracht\/\",\"name\":\"digitales Papier \u201eBlumenpracht\\\" - kleine g\u00f6hr.e design\",\"isPartOf\":{\"@id\":\"https:\/\/www.kleinegoehre.de\/scrap\/#website\"},\"primaryImageOfPage\":{\"@id\":\"https:\/\/www.kleinegoehre.de\/scrap\/product\/digitales-papier-blumenpracht\/#primaryimage\"},\"image\":{\"@id\":\"https:\/\/www.kleinegoehre.de\/scrap\/product\/digitales-papier-blumenpracht\/#primaryimage\"},\"thumbnailUrl\":\"https:\/\/www.kleinegoehre.de\/scrap\/wp-content\/uploads\/2020\/04\/Vorschau_Papiere_Blumenpracht1-scaled.jpg\",\"datePublished\":\"2020-04-10T07:20:30+00:00\",\"dateModified\":\"2023-02-05T09:22:21+00:00\",\"breadcrumb\":{\"@id\":\"https:\/\/www.kleinegoehre.de\/scrap\/product\/digitales-papier-blumenpracht\/#breadcrumb\"},\"inLanguage\":\"de\",\"potentialAction\":[{\"@type\":\"ReadAction\",\"target\":[\"https:\/\/www.kleinegoehre.de\/scrap\/product\/digitales-papier-blumenpracht\/\"]}]},{\"@type\":\"ImageObject\",\"inLanguage\":\"de\",\"@id\":\"https:\/\/www.kleinegoehre.de\/scrap\/product\/digitales-papier-blumenpracht\/#primaryimage\",\"url\":\"https:\/\/www.kleinegoehre.de\/scrap\/wp-content\/uploads\/2020\/04\/Vorschau_Papiere_Blumenpracht1-scaled.jpg\",\"contentUrl\":\"https:\/\/www.kleinegoehre.de\/scrap\/wp-content\/uploads\/2020\/04\/Vorschau_Papiere_Blumenpracht1-scaled.jpg\",\"width\":2560,\"height\":2539},{\"@type\":\"BreadcrumbList\",\"@id\":\"https:\/\/www.kleinegoehre.de\/scrap\/product\/digitales-papier-blumenpracht\/#breadcrumb\",\"itemListElement\":[{\"@type\":\"ListItem\",\"position\":1,\"name\":\"Startseite\",\"item\":\"https:\/\/www.kleinegoehre.de\/scrap\/\"},{\"@type\":\"ListItem\",\"position\":2,\"name\":\"Shop\",\"item\":\"https:\/\/www.kleinegoehre.de\/scrap\/shop\/\"},{\"@type\":\"ListItem\",\"position\":3,\"name\":\"digitales Papier \u201eBlumenpracht&#8221;\"}]},{\"@type\":\"WebSite\",\"@id\":\"https:\/\/www.kleinegoehre.de\/scrap\/#website\",\"url\":\"https:\/\/www.kleinegoehre.de\/scrap\/\",\"name\":\"kleine g\u00f6hr.e design\",\"description\":\"In unser Shop auf kleinegoehre.de findet ihr Plotterdateien zu vielen verschiedenen Themen. Dazu bieten wir euch eine riesen Auswahl an digitalen Papieren.\",\"publisher\":{\"@id\":\"https:\/\/www.kleinegoehre.de\/scrap\/#organization\"},\"potentialAction\":[{\"@type\":\"SearchAction\",\"target\":{\"@type\":\"EntryPoint\",\"urlTemplate\":\"https:\/\/www.kleinegoehre.de\/scrap\/?s={search_term_string}\"},\"query-input\":{\"@type\":\"PropertyValueSpecification\",\"valueRequired\":true,\"valueName\":\"search_term_string\"}}],\"inLanguage\":\"de\"},{\"@type\":\"Organization\",\"@id\":\"https:\/\/www.kleinegoehre.de\/scrap\/#organization\",\"name\":\"kleine g\u00f6hre design\",\"url\":\"https:\/\/www.kleinegoehre.de\/scrap\/\",\"logo\":{\"@type\":\"ImageObject\",\"inLanguage\":\"de\",\"@id\":\"https:\/\/www.kleinegoehre.de\/scrap\/#\/schema\/logo\/image\/\",\"url\":\"https:\/\/www.kleinegoehre.de\/scrap\/wp-content\/uploads\/2018\/06\/14859829_1423290007698523_869036772071302726_o.jpg\",\"contentUrl\":\"https:\/\/www.kleinegoehre.de\/scrap\/wp-content\/uploads\/2018\/06\/14859829_1423290007698523_869036772071302726_o.jpg\",\"width\":1181,\"height\":1181,\"caption\":\"kleine g\u00f6hre design\"},\"image\":{\"@id\":\"https:\/\/www.kleinegoehre.de\/scrap\/#\/schema\/logo\/image\/\"},\"sameAs\":[\"https:\/\/www.facebook.com\/kleinegoehredesign\/\",\"https:\/\/www.youtube.com\/channel\/UCZa4qAhMHSp7-gsPt9Hoy2w\"]}]}<\/script>\n<!-- \/ Yoast SEO plugin. -->","yoast_head_json":{"title":"digitales Papier \u201eBlumenpracht\" - kleine g\u00f6hr.e design","robots":{"index":"index","follow":"follow","max-snippet":"max-snippet:-1","max-image-preview":"max-image-preview:large","max-video-preview":"max-video-preview:-1"},"canonical":"https:\/\/www.kleinegoehre.de\/scrap\/product\/digitales-papier-blumenpracht\/","og_locale":"de_DE","og_type":"article","og_title":"digitales Papier \u201eBlumenpracht\" - kleine g\u00f6hr.e design","og_description":"Einfache Aufnahmen von Bl\u00fcten und Blumen zu farbenfrohen, knalligen und gemalten Papieren zu verwandeln, war schon eine Herausforderung. Aber da wir einige Anfragen zu solchem Papier hatten, haben wir get\u00fcftelt und probiert. Wir sind jetzt auch ganz verliebt und verzaubert, wie toll sie doch auch ganz alleine wirken. Durch die einheitliche Bearbeiting und digitale Entwicklung [&hellip;]","og_url":"https:\/\/www.kleinegoehre.de\/scrap\/product\/digitales-papier-blumenpracht\/","og_site_name":"kleine g\u00f6hr.e design","article_publisher":"https:\/\/www.facebook.com\/kleinegoehredesign\/","article_modified_time":"2023-02-05T09:22:21+00:00","og_image":[{"width":2560,"height":2539,"url":"https:\/\/www.kleinegoehre.de\/scrap\/wp-content\/uploads\/2020\/04\/Vorschau_Papiere_Blumenpracht1-scaled.jpg","type":"image\/jpeg"}],"twitter_card":"summary_large_image","twitter_misc":{"Gesch\u00e4tzte Lesezeit":"1\u00a0Minute"},"schema":{"@context":"https:\/\/schema.org","@graph":[{"@type":"WebPage","@id":"https:\/\/www.kleinegoehre.de\/scrap\/product\/digitales-papier-blumenpracht\/","url":"https:\/\/www.kleinegoehre.de\/scrap\/product\/digitales-papier-blumenpracht\/","name":"digitales Papier \u201eBlumenpracht\" - kleine g\u00f6hr.e design","isPartOf":{"@id":"https:\/\/www.kleinegoehre.de\/scrap\/#website"},"primaryImageOfPage":{"@id":"https:\/\/www.kleinegoehre.de\/scrap\/product\/digitales-papier-blumenpracht\/#primaryimage"},"image":{"@id":"https:\/\/www.kleinegoehre.de\/scrap\/product\/digitales-papier-blumenpracht\/#primaryimage"},"thumbnailUrl":"https:\/\/www.kleinegoehre.de\/scrap\/wp-content\/uploads\/2020\/04\/Vorschau_Papiere_Blumenpracht1-scaled.jpg","datePublished":"2020-04-10T07:20:30+00:00","dateModified":"2023-02-05T09:22:21+00:00","breadcrumb":{"@id":"https:\/\/www.kleinegoehre.de\/scrap\/product\/digitales-papier-blumenpracht\/#breadcrumb"},"inLanguage":"de","potentialAction":[{"@type":"ReadAction","target":["https:\/\/www.kleinegoehre.de\/scrap\/product\/digitales-papier-blumenpracht\/"]}]},{"@type":"ImageObject","inLanguage":"de","@id":"https:\/\/www.kleinegoehre.de\/scrap\/product\/digitales-papier-blumenpracht\/#primaryimage","url":"https:\/\/www.kleinegoehre.de\/scrap\/wp-content\/uploads\/2020\/04\/Vorschau_Papiere_Blumenpracht1-scaled.jpg","contentUrl":"https:\/\/www.kleinegoehre.de\/scrap\/wp-content\/uploads\/2020\/04\/Vorschau_Papiere_Blumenpracht1-scaled.jpg","width":2560,"height":2539},{"@type":"BreadcrumbList","@id":"https:\/\/www.kleinegoehre.de\/scrap\/product\/digitales-papier-blumenpracht\/#breadcrumb","itemListElement":[{"@type":"ListItem","position":1,"name":"Startseite","item":"https:\/\/www.kleinegoehre.de\/scrap\/"},{"@type":"ListItem","position":2,"name":"Shop","item":"https:\/\/www.kleinegoehre.de\/scrap\/shop\/"},{"@type":"ListItem","position":3,"name":"digitales Papier \u201eBlumenpracht&#8221;"}]},{"@type":"WebSite","@id":"https:\/\/www.kleinegoehre.de\/scrap\/#website","url":"https:\/\/www.kleinegoehre.de\/scrap\/","name":"kleine g\u00f6hr.e design","description":"In unser Shop auf kleinegoehre.de findet ihr Plotterdateien zu vielen verschiedenen Themen. Dazu bieten wir euch eine riesen Auswahl an digitalen Papieren.","publisher":{"@id":"https:\/\/www.kleinegoehre.de\/scrap\/#organization"},"potentialAction":[{"@type":"SearchAction","target":{"@type":"EntryPoint","urlTemplate":"https:\/\/www.kleinegoehre.de\/scrap\/?s={search_term_string}"},"query-input":{"@type":"PropertyValueSpecification","valueRequired":true,"valueName":"search_term_string"}}],"inLanguage":"de"},{"@type":"Organization","@id":"https:\/\/www.kleinegoehre.de\/scrap\/#organization","name":"kleine g\u00f6hre design","url":"https:\/\/www.kleinegoehre.de\/scrap\/","logo":{"@type":"ImageObject","inLanguage":"de","@id":"https:\/\/www.kleinegoehre.de\/scrap\/#\/schema\/logo\/image\/","url":"https:\/\/www.kleinegoehre.de\/scrap\/wp-content\/uploads\/2018\/06\/14859829_1423290007698523_869036772071302726_o.jpg","contentUrl":"https:\/\/www.kleinegoehre.de\/scrap\/wp-content\/uploads\/2018\/06\/14859829_1423290007698523_869036772071302726_o.jpg","width":1181,"height":1181,"caption":"kleine g\u00f6hre design"},"image":{"@id":"https:\/\/www.kleinegoehre.de\/scrap\/#\/schema\/logo\/image\/"},"sameAs":["https:\/\/www.facebook.com\/kleinegoehredesign\/","https:\/\/www.youtube.com\/channel\/UCZa4qAhMHSp7-gsPt9Hoy2w"]}]}},"_links":{"self":[{"href":"https:\/\/www.kleinegoehre.de\/scrap\/wp-json\/wp\/v2\/product\/155146","targetHints":{"allow":["GET"]}}],"collection":[{"href":"https:\/\/www.kleinegoehre.de\/scrap\/wp-json\/wp\/v2\/product"}],"about":[{"href":"https:\/\/www.kleinegoehre.de\/scrap\/wp-json\/wp\/v2\/types\/product"}],"replies":[{"embeddable":true,"href":"https:\/\/www.kleinegoehre.de\/scrap\/wp-json\/wp\/v2\/comments?post=155146"}],"wp:featuredmedia":[{"embeddable":true,"href":"https:\/\/www.kleinegoehre.de\/scrap\/wp-json\/wp\/v2\/media\/155160"}],"wp:attachment":[{"href":"https:\/\/www.kleinegoehre.de\/scrap\/wp-json\/wp\/v2\/media?parent=155146"}],"wp:term":[{"taxonomy":"product_brand","embeddable":true,"href":"https:\/\/www.kleinegoehre.de\/scrap\/wp-json\/wp\/v2\/product_brand?post=155146"},{"taxonomy":"product_cat","embeddable":true,"href":"https:\/\/www.kleinegoehre.de\/scrap\/wp-json\/wp\/v2\/product_cat?post=155146"},{"taxonomy":"product_tag","embeddable":true,"href":"https:\/\/www.kleinegoehre.de\/scrap\/wp-json\/wp\/v2\/product_tag?post=155146"}],"curies":[{"name":"wp","href":"https:\/\/api.w.org\/{rel}","templated":true}]}}