{"id":149,"date":"2015-03-16T09:43:52","date_gmt":"2015-03-16T09:43:52","guid":{"rendered":"http:\/\/www.kleinegoehre.de\/scrap\/?post_type=product&#038;p=149"},"modified":"2016-05-06T12:39:05","modified_gmt":"2016-05-06T10:39:05","slug":"plotterdatei-schaf-hase-und-huhn","status":"publish","type":"product","link":"https:\/\/www.kleinegoehre.de\/scrap\/product\/plotterdatei-schaf-hase-und-huhn\/","title":{"rendered":"Plotterdatei &#8220;Schaf, Hase und Huhn&#8221;"},"content":{"rendered":"<p>Diese Plotterdateien sind sowohl ideal f\u00fcr eine die Dekoration zu Ostern auf Papier als auch f\u00fcr das Osterk\u00f6rbchen oder ein Schlafbody mit Sch\u00e4fchenschlaf. Vielleicht finden sie bei dir ein kreatives Zu Hause.<\/p>\n<p>Mit dem Kauf erwirbst du das Recht die Grafiken im privaten und kleingewerblichen Rahmen zu verwenden. Beim Kauf der Plotterdatei erh\u00e4ltst Du die Grafik in den Dateiformaten .DXF, .SVG, .JPG in einem .ZIP-Ordner verpackt. Die Dateiformate .DXF und .SVG kannst Du, je nach Plotter und Software, direkt in deinem Programm \u00f6ffnen.<\/p>\n","protected":false},"excerpt":{"rendered":"<p>Diese Plotterdateien sind sowohl ideal f\u00fcr eine die Dekoration zu Ostern auf Papier als auch f\u00fcr das Osterk\u00f6rbchen oder ein Schlafbody mit Sch\u00e4fchenschlaf. Vielleicht finden sie bei dir ein kreatives Zu Hause. Mit dem Kauf erwirbst du das Recht die Grafiken im privaten und kleingewerblichen Rahmen zu verwenden. Beim Kauf der Plotterdatei erh\u00e4ltst Du die [&hellip;]<\/p>\n","protected":false},"featured_media":151,"comment_status":"open","ping_status":"closed","template":"","meta":[],"product_brand":[],"product_cat":[13],"product_tag":[],"class_list":{"0":"post-149","1":"product","2":"type-product","3":"status-publish","4":"has-post-thumbnail","6":"product_cat-plotterdateien","8":"first","9":"instock","10":"downloadable","11":"virtual","12":"taxable","13":"purchasable","14":"product-type-simple"},"yoast_head":"<!-- This site is optimized with the Yoast SEO plugin v26.4 - https:\/\/yoast.com\/wordpress\/plugins\/seo\/ -->\n<title>Plotterdatei &quot;Schaf, Hase und Huhn&quot; - kleine g\u00f6hr.e design<\/title>\n<meta name=\"robots\" content=\"index, follow, max-snippet:-1, max-image-preview:large, max-video-preview:-1\" \/>\n<link rel=\"canonical\" href=\"https:\/\/www.kleinegoehre.de\/scrap\/product\/plotterdatei-schaf-hase-und-huhn\/\" \/>\n<meta property=\"og:locale\" content=\"de_DE\" \/>\n<meta property=\"og:type\" content=\"article\" \/>\n<meta property=\"og:title\" content=\"Plotterdatei &quot;Schaf, Hase und Huhn&quot; - kleine g\u00f6hr.e design\" \/>\n<meta property=\"og:description\" content=\"Diese Plotterdateien sind sowohl ideal f\u00fcr eine die Dekoration zu Ostern auf Papier als auch f\u00fcr das Osterk\u00f6rbchen oder ein Schlafbody mit Sch\u00e4fchenschlaf. Vielleicht finden sie bei dir ein kreatives Zu Hause. Mit dem Kauf erwirbst du das Recht die Grafiken im privaten und kleingewerblichen Rahmen zu verwenden. Beim Kauf der Plotterdatei erh\u00e4ltst Du die [&hellip;]\" \/>\n<meta property=\"og:url\" content=\"https:\/\/www.kleinegoehre.de\/scrap\/product\/plotterdatei-schaf-hase-und-huhn\/\" \/>\n<meta property=\"og:site_name\" content=\"kleine g\u00f6hr.e design\" \/>\n<meta property=\"article:publisher\" content=\"https:\/\/www.facebook.com\/kleinegoehredesign\/\" \/>\n<meta property=\"article:modified_time\" content=\"2016-05-06T10:39:05+00:00\" \/>\n<meta property=\"og:image\" content=\"https:\/\/www.kleinegoehre.de\/scrap\/wp-content\/uploads\/2015\/03\/SchafHaseHuhn_Vorschau.jpg\" \/>\n\t<meta property=\"og:image:width\" content=\"700\" \/>\n\t<meta property=\"og:image:height\" content=\"700\" \/>\n\t<meta property=\"og:image:type\" content=\"image\/jpeg\" \/>\n<meta name=\"twitter:card\" content=\"summary_large_image\" \/>\n<script type=\"application\/ld+json\" class=\"yoast-schema-graph\">{\"@context\":\"https:\/\/schema.org\",\"@graph\":[{\"@type\":\"WebPage\",\"@id\":\"https:\/\/www.kleinegoehre.de\/scrap\/product\/plotterdatei-schaf-hase-und-huhn\/\",\"url\":\"https:\/\/www.kleinegoehre.de\/scrap\/product\/plotterdatei-schaf-hase-und-huhn\/\",\"name\":\"Plotterdatei \\\"Schaf, Hase und Huhn\\\" - kleine g\u00f6hr.e design\",\"isPartOf\":{\"@id\":\"https:\/\/www.kleinegoehre.de\/scrap\/#website\"},\"primaryImageOfPage\":{\"@id\":\"https:\/\/www.kleinegoehre.de\/scrap\/product\/plotterdatei-schaf-hase-und-huhn\/#primaryimage\"},\"image\":{\"@id\":\"https:\/\/www.kleinegoehre.de\/scrap\/product\/plotterdatei-schaf-hase-und-huhn\/#primaryimage\"},\"thumbnailUrl\":\"https:\/\/www.kleinegoehre.de\/scrap\/wp-content\/uploads\/2015\/03\/SchafHaseHuhn_Vorschau.jpg\",\"datePublished\":\"2015-03-16T09:43:52+00:00\",\"dateModified\":\"2016-05-06T10:39:05+00:00\",\"breadcrumb\":{\"@id\":\"https:\/\/www.kleinegoehre.de\/scrap\/product\/plotterdatei-schaf-hase-und-huhn\/#breadcrumb\"},\"inLanguage\":\"de\",\"potentialAction\":[{\"@type\":\"ReadAction\",\"target\":[\"https:\/\/www.kleinegoehre.de\/scrap\/product\/plotterdatei-schaf-hase-und-huhn\/\"]}]},{\"@type\":\"ImageObject\",\"inLanguage\":\"de\",\"@id\":\"https:\/\/www.kleinegoehre.de\/scrap\/product\/plotterdatei-schaf-hase-und-huhn\/#primaryimage\",\"url\":\"https:\/\/www.kleinegoehre.de\/scrap\/wp-content\/uploads\/2015\/03\/SchafHaseHuhn_Vorschau.jpg\",\"contentUrl\":\"https:\/\/www.kleinegoehre.de\/scrap\/wp-content\/uploads\/2015\/03\/SchafHaseHuhn_Vorschau.jpg\",\"width\":700,\"height\":700},{\"@type\":\"BreadcrumbList\",\"@id\":\"https:\/\/www.kleinegoehre.de\/scrap\/product\/plotterdatei-schaf-hase-und-huhn\/#breadcrumb\",\"itemListElement\":[{\"@type\":\"ListItem\",\"position\":1,\"name\":\"Startseite\",\"item\":\"https:\/\/www.kleinegoehre.de\/scrap\/\"},{\"@type\":\"ListItem\",\"position\":2,\"name\":\"Shop\",\"item\":\"https:\/\/www.kleinegoehre.de\/scrap\/shop\/\"},{\"@type\":\"ListItem\",\"position\":3,\"name\":\"Plotterdatei &#8220;Schaf, Hase und Huhn&#8221;\"}]},{\"@type\":\"WebSite\",\"@id\":\"https:\/\/www.kleinegoehre.de\/scrap\/#website\",\"url\":\"https:\/\/www.kleinegoehre.de\/scrap\/\",\"name\":\"kleine g\u00f6hr.e design\",\"description\":\"In unser Shop auf kleinegoehre.de findet ihr Plotterdateien zu vielen verschiedenen Themen. Dazu bieten wir euch eine riesen Auswahl an digitalen Papieren.\",\"publisher\":{\"@id\":\"https:\/\/www.kleinegoehre.de\/scrap\/#organization\"},\"potentialAction\":[{\"@type\":\"SearchAction\",\"target\":{\"@type\":\"EntryPoint\",\"urlTemplate\":\"https:\/\/www.kleinegoehre.de\/scrap\/?s={search_term_string}\"},\"query-input\":{\"@type\":\"PropertyValueSpecification\",\"valueRequired\":true,\"valueName\":\"search_term_string\"}}],\"inLanguage\":\"de\"},{\"@type\":\"Organization\",\"@id\":\"https:\/\/www.kleinegoehre.de\/scrap\/#organization\",\"name\":\"kleine g\u00f6hre design\",\"url\":\"https:\/\/www.kleinegoehre.de\/scrap\/\",\"logo\":{\"@type\":\"ImageObject\",\"inLanguage\":\"de\",\"@id\":\"https:\/\/www.kleinegoehre.de\/scrap\/#\/schema\/logo\/image\/\",\"url\":\"https:\/\/www.kleinegoehre.de\/scrap\/wp-content\/uploads\/2018\/06\/14859829_1423290007698523_869036772071302726_o.jpg\",\"contentUrl\":\"https:\/\/www.kleinegoehre.de\/scrap\/wp-content\/uploads\/2018\/06\/14859829_1423290007698523_869036772071302726_o.jpg\",\"width\":1181,\"height\":1181,\"caption\":\"kleine g\u00f6hre design\"},\"image\":{\"@id\":\"https:\/\/www.kleinegoehre.de\/scrap\/#\/schema\/logo\/image\/\"},\"sameAs\":[\"https:\/\/www.facebook.com\/kleinegoehredesign\/\",\"https:\/\/www.youtube.com\/channel\/UCZa4qAhMHSp7-gsPt9Hoy2w\"]}]}<\/script>\n<!-- \/ Yoast SEO plugin. -->","yoast_head_json":{"title":"Plotterdatei \"Schaf, Hase und Huhn\" - kleine g\u00f6hr.e design","robots":{"index":"index","follow":"follow","max-snippet":"max-snippet:-1","max-image-preview":"max-image-preview:large","max-video-preview":"max-video-preview:-1"},"canonical":"https:\/\/www.kleinegoehre.de\/scrap\/product\/plotterdatei-schaf-hase-und-huhn\/","og_locale":"de_DE","og_type":"article","og_title":"Plotterdatei \"Schaf, Hase und Huhn\" - kleine g\u00f6hr.e design","og_description":"Diese Plotterdateien sind sowohl ideal f\u00fcr eine die Dekoration zu Ostern auf Papier als auch f\u00fcr das Osterk\u00f6rbchen oder ein Schlafbody mit Sch\u00e4fchenschlaf. Vielleicht finden sie bei dir ein kreatives Zu Hause. Mit dem Kauf erwirbst du das Recht die Grafiken im privaten und kleingewerblichen Rahmen zu verwenden. Beim Kauf der Plotterdatei erh\u00e4ltst Du die [&hellip;]","og_url":"https:\/\/www.kleinegoehre.de\/scrap\/product\/plotterdatei-schaf-hase-und-huhn\/","og_site_name":"kleine g\u00f6hr.e design","article_publisher":"https:\/\/www.facebook.com\/kleinegoehredesign\/","article_modified_time":"2016-05-06T10:39:05+00:00","og_image":[{"width":700,"height":700,"url":"https:\/\/www.kleinegoehre.de\/scrap\/wp-content\/uploads\/2015\/03\/SchafHaseHuhn_Vorschau.jpg","type":"image\/jpeg"}],"twitter_card":"summary_large_image","schema":{"@context":"https:\/\/schema.org","@graph":[{"@type":"WebPage","@id":"https:\/\/www.kleinegoehre.de\/scrap\/product\/plotterdatei-schaf-hase-und-huhn\/","url":"https:\/\/www.kleinegoehre.de\/scrap\/product\/plotterdatei-schaf-hase-und-huhn\/","name":"Plotterdatei \"Schaf, Hase und Huhn\" - kleine g\u00f6hr.e design","isPartOf":{"@id":"https:\/\/www.kleinegoehre.de\/scrap\/#website"},"primaryImageOfPage":{"@id":"https:\/\/www.kleinegoehre.de\/scrap\/product\/plotterdatei-schaf-hase-und-huhn\/#primaryimage"},"image":{"@id":"https:\/\/www.kleinegoehre.de\/scrap\/product\/plotterdatei-schaf-hase-und-huhn\/#primaryimage"},"thumbnailUrl":"https:\/\/www.kleinegoehre.de\/scrap\/wp-content\/uploads\/2015\/03\/SchafHaseHuhn_Vorschau.jpg","datePublished":"2015-03-16T09:43:52+00:00","dateModified":"2016-05-06T10:39:05+00:00","breadcrumb":{"@id":"https:\/\/www.kleinegoehre.de\/scrap\/product\/plotterdatei-schaf-hase-und-huhn\/#breadcrumb"},"inLanguage":"de","potentialAction":[{"@type":"ReadAction","target":["https:\/\/www.kleinegoehre.de\/scrap\/product\/plotterdatei-schaf-hase-und-huhn\/"]}]},{"@type":"ImageObject","inLanguage":"de","@id":"https:\/\/www.kleinegoehre.de\/scrap\/product\/plotterdatei-schaf-hase-und-huhn\/#primaryimage","url":"https:\/\/www.kleinegoehre.de\/scrap\/wp-content\/uploads\/2015\/03\/SchafHaseHuhn_Vorschau.jpg","contentUrl":"https:\/\/www.kleinegoehre.de\/scrap\/wp-content\/uploads\/2015\/03\/SchafHaseHuhn_Vorschau.jpg","width":700,"height":700},{"@type":"BreadcrumbList","@id":"https:\/\/www.kleinegoehre.de\/scrap\/product\/plotterdatei-schaf-hase-und-huhn\/#breadcrumb","itemListElement":[{"@type":"ListItem","position":1,"name":"Startseite","item":"https:\/\/www.kleinegoehre.de\/scrap\/"},{"@type":"ListItem","position":2,"name":"Shop","item":"https:\/\/www.kleinegoehre.de\/scrap\/shop\/"},{"@type":"ListItem","position":3,"name":"Plotterdatei &#8220;Schaf, Hase und Huhn&#8221;"}]},{"@type":"WebSite","@id":"https:\/\/www.kleinegoehre.de\/scrap\/#website","url":"https:\/\/www.kleinegoehre.de\/scrap\/","name":"kleine g\u00f6hr.e design","description":"In unser Shop auf kleinegoehre.de findet ihr Plotterdateien zu vielen verschiedenen Themen. Dazu bieten wir euch eine riesen Auswahl an digitalen Papieren.","publisher":{"@id":"https:\/\/www.kleinegoehre.de\/scrap\/#organization"},"potentialAction":[{"@type":"SearchAction","target":{"@type":"EntryPoint","urlTemplate":"https:\/\/www.kleinegoehre.de\/scrap\/?s={search_term_string}"},"query-input":{"@type":"PropertyValueSpecification","valueRequired":true,"valueName":"search_term_string"}}],"inLanguage":"de"},{"@type":"Organization","@id":"https:\/\/www.kleinegoehre.de\/scrap\/#organization","name":"kleine g\u00f6hre design","url":"https:\/\/www.kleinegoehre.de\/scrap\/","logo":{"@type":"ImageObject","inLanguage":"de","@id":"https:\/\/www.kleinegoehre.de\/scrap\/#\/schema\/logo\/image\/","url":"https:\/\/www.kleinegoehre.de\/scrap\/wp-content\/uploads\/2018\/06\/14859829_1423290007698523_869036772071302726_o.jpg","contentUrl":"https:\/\/www.kleinegoehre.de\/scrap\/wp-content\/uploads\/2018\/06\/14859829_1423290007698523_869036772071302726_o.jpg","width":1181,"height":1181,"caption":"kleine g\u00f6hre design"},"image":{"@id":"https:\/\/www.kleinegoehre.de\/scrap\/#\/schema\/logo\/image\/"},"sameAs":["https:\/\/www.facebook.com\/kleinegoehredesign\/","https:\/\/www.youtube.com\/channel\/UCZa4qAhMHSp7-gsPt9Hoy2w"]}]}},"_links":{"self":[{"href":"https:\/\/www.kleinegoehre.de\/scrap\/wp-json\/wp\/v2\/product\/149","targetHints":{"allow":["GET"]}}],"collection":[{"href":"https:\/\/www.kleinegoehre.de\/scrap\/wp-json\/wp\/v2\/product"}],"about":[{"href":"https:\/\/www.kleinegoehre.de\/scrap\/wp-json\/wp\/v2\/types\/product"}],"replies":[{"embeddable":true,"href":"https:\/\/www.kleinegoehre.de\/scrap\/wp-json\/wp\/v2\/comments?post=149"}],"wp:featuredmedia":[{"embeddable":true,"href":"https:\/\/www.kleinegoehre.de\/scrap\/wp-json\/wp\/v2\/media\/151"}],"wp:attachment":[{"href":"https:\/\/www.kleinegoehre.de\/scrap\/wp-json\/wp\/v2\/media?parent=149"}],"wp:term":[{"taxonomy":"product_brand","embeddable":true,"href":"https:\/\/www.kleinegoehre.de\/scrap\/wp-json\/wp\/v2\/product_brand?post=149"},{"taxonomy":"product_cat","embeddable":true,"href":"https:\/\/www.kleinegoehre.de\/scrap\/wp-json\/wp\/v2\/product_cat?post=149"},{"taxonomy":"product_tag","embeddable":true,"href":"https:\/\/www.kleinegoehre.de\/scrap\/wp-json\/wp\/v2\/product_tag?post=149"}],"curies":[{"name":"wp","href":"https:\/\/api.w.org\/{rel}","templated":true}]}}