{"id":138852,"date":"2019-11-29T09:31:38","date_gmt":"2019-11-29T08:31:38","guid":{"rendered":"https:\/\/www.kleinegoehre.de\/scrap\/?post_type=product&#038;p=138852"},"modified":"2021-09-03T09:52:41","modified_gmt":"2021-09-03T07:52:41","slug":"digitales-papier-winterfluestern","status":"publish","type":"product","link":"https:\/\/www.kleinegoehre.de\/scrap\/product\/digitales-papier-winterfluestern\/","title":{"rendered":"digitales Papier \u201eWinterfl\u00fcstern&#8221;"},"content":{"rendered":"<p>Einfache Landschaftsaufnahmen zu zauberhaften, eisigen und ganz unwirklich m\u00e4rchenhaften Papieren zu verwandeln, war schon eine Herausforderung. Aber da wir einige Anfragen zu solchem Papier hatten, haben wir get\u00fcftelt und probiert. Wir sind jetzt auch ganz verliebt und verzaubert, wie toll sie doch auch ganz alleine wirken. Die recht extreme farbliche Ver\u00e4nderung der Ursprungsbilder und die Reduzierung und Ver\u00e4nderung der Farben sowie die extreme Aufhellung der Mittelt\u00f6ne unterst\u00fctzen die eisige Wirkung der Bilder. Durch die einheitliche Bearbeiting und digitale Entwicklung der Bilder konnten wir trotz ganz unterschiedlicher Ursprungsbilder ein Set erstellen, was einheitlich und harmonisch zusammenpasst. Danke an die unterschiedlichen (Hobby)Fotografen, die ihre unbearbeiteten Bilder f\u00fcr solche Zwecke zur Verf\u00fcgung stellen. Ohne sie w\u00e4re so ein umfangreiches Set gar nicht m\u00f6glich gewesen.<\/p>\n<p>Ein Set aus winterlichen digitalen Papieren bestehend aus:<\/p>\n<ul>\n<li>Papiere Winterfl\u00fcstern Set 1<\/li>\n<li>Papiere Winterfl\u00fcstern Set 2<\/li>\n<li>Papiere Winterfl\u00fcstern Set 3<\/li>\n<li>Papiere Winterfl\u00fcstern Set 4<\/li>\n<\/ul>\n<p>Die digitalen Papiere sind im Format 30cm*30cm (300dpi)<\/p>\n<p>&nbsp;<\/p>\n<p>&nbsp;<\/p>\n","protected":false},"excerpt":{"rendered":"<p>Einfache Landschaftsaufnahmen zu zauberhaften, eisigen und ganz unwirklich m\u00e4rchenhaften Papieren zu verwandeln, war schon eine Herausforderung. Aber da wir einige Anfragen zu solchem Papier hatten, haben wir get\u00fcftelt und probiert. Wir sind jetzt auch ganz verliebt und verzaubert, wie toll sie doch auch ganz alleine wirken. Die recht extreme farbliche Ver\u00e4nderung der Ursprungsbilder und die [&hellip;]<\/p>\n","protected":false},"featured_media":138862,"comment_status":"open","ping_status":"closed","template":"","meta":[],"product_brand":[],"product_cat":[28],"product_tag":[959,38],"class_list":{"0":"post-138852","1":"product","2":"type-product","3":"status-publish","4":"has-post-thumbnail","6":"product_cat-digitale-papiere","7":"product_tag-blumenpracht","8":"product_tag-trauer","10":"first","11":"instock","12":"taxable","13":"shipping-taxable","14":"purchasable","15":"product-type-variable","16":"has-default-attributes"},"yoast_head":"<!-- This site is optimized with the Yoast SEO plugin v26.4 - https:\/\/yoast.com\/wordpress\/plugins\/seo\/ -->\n<title>digitales Papier \u201eWinterfl\u00fcstern&quot; - kleine g\u00f6hr.e design<\/title>\n<meta name=\"robots\" content=\"index, follow, max-snippet:-1, max-image-preview:large, max-video-preview:-1\" \/>\n<link rel=\"canonical\" href=\"https:\/\/www.kleinegoehre.de\/scrap\/product\/digitales-papier-winterfluestern\/\" \/>\n<meta property=\"og:locale\" content=\"de_DE\" \/>\n<meta property=\"og:type\" content=\"article\" \/>\n<meta property=\"og:title\" content=\"digitales Papier \u201eWinterfl\u00fcstern&quot; - kleine g\u00f6hr.e design\" \/>\n<meta property=\"og:description\" content=\"Einfache Landschaftsaufnahmen zu zauberhaften, eisigen und ganz unwirklich m\u00e4rchenhaften Papieren zu verwandeln, war schon eine Herausforderung. Aber da wir einige Anfragen zu solchem Papier hatten, haben wir get\u00fcftelt und probiert. Wir sind jetzt auch ganz verliebt und verzaubert, wie toll sie doch auch ganz alleine wirken. Die recht extreme farbliche Ver\u00e4nderung der Ursprungsbilder und die [&hellip;]\" \/>\n<meta property=\"og:url\" content=\"https:\/\/www.kleinegoehre.de\/scrap\/product\/digitales-papier-winterfluestern\/\" \/>\n<meta property=\"og:site_name\" content=\"kleine g\u00f6hr.e design\" \/>\n<meta property=\"article:publisher\" content=\"https:\/\/www.facebook.com\/kleinegoehredesign\/\" \/>\n<meta property=\"article:modified_time\" content=\"2021-09-03T07:52:41+00:00\" \/>\n<meta property=\"og:image\" content=\"https:\/\/www.kleinegoehre.de\/scrap\/wp-content\/uploads\/2019\/11\/Vorschau_Winterfl\u00fcstern_Set-1-scaled.jpg\" \/>\n\t<meta property=\"og:image:width\" content=\"2560\" \/>\n\t<meta property=\"og:image:height\" content=\"2539\" \/>\n\t<meta property=\"og:image:type\" content=\"image\/jpeg\" \/>\n<meta name=\"twitter:card\" content=\"summary_large_image\" \/>\n<meta name=\"twitter:label1\" content=\"Gesch\u00e4tzte Lesezeit\" \/>\n\t<meta name=\"twitter:data1\" content=\"1\u00a0Minute\" \/>\n<script type=\"application\/ld+json\" class=\"yoast-schema-graph\">{\"@context\":\"https:\/\/schema.org\",\"@graph\":[{\"@type\":\"WebPage\",\"@id\":\"https:\/\/www.kleinegoehre.de\/scrap\/product\/digitales-papier-winterfluestern\/\",\"url\":\"https:\/\/www.kleinegoehre.de\/scrap\/product\/digitales-papier-winterfluestern\/\",\"name\":\"digitales Papier \u201eWinterfl\u00fcstern\\\" - kleine g\u00f6hr.e design\",\"isPartOf\":{\"@id\":\"https:\/\/www.kleinegoehre.de\/scrap\/#website\"},\"primaryImageOfPage\":{\"@id\":\"https:\/\/www.kleinegoehre.de\/scrap\/product\/digitales-papier-winterfluestern\/#primaryimage\"},\"image\":{\"@id\":\"https:\/\/www.kleinegoehre.de\/scrap\/product\/digitales-papier-winterfluestern\/#primaryimage\"},\"thumbnailUrl\":\"https:\/\/www.kleinegoehre.de\/scrap\/wp-content\/uploads\/2019\/11\/Vorschau_Winterfl\u00fcstern_Set-1-scaled.jpg\",\"datePublished\":\"2019-11-29T08:31:38+00:00\",\"dateModified\":\"2021-09-03T07:52:41+00:00\",\"breadcrumb\":{\"@id\":\"https:\/\/www.kleinegoehre.de\/scrap\/product\/digitales-papier-winterfluestern\/#breadcrumb\"},\"inLanguage\":\"de\",\"potentialAction\":[{\"@type\":\"ReadAction\",\"target\":[\"https:\/\/www.kleinegoehre.de\/scrap\/product\/digitales-papier-winterfluestern\/\"]}]},{\"@type\":\"ImageObject\",\"inLanguage\":\"de\",\"@id\":\"https:\/\/www.kleinegoehre.de\/scrap\/product\/digitales-papier-winterfluestern\/#primaryimage\",\"url\":\"https:\/\/www.kleinegoehre.de\/scrap\/wp-content\/uploads\/2019\/11\/Vorschau_Winterfl\u00fcstern_Set-1-scaled.jpg\",\"contentUrl\":\"https:\/\/www.kleinegoehre.de\/scrap\/wp-content\/uploads\/2019\/11\/Vorschau_Winterfl\u00fcstern_Set-1-scaled.jpg\",\"width\":2560,\"height\":2539},{\"@type\":\"BreadcrumbList\",\"@id\":\"https:\/\/www.kleinegoehre.de\/scrap\/product\/digitales-papier-winterfluestern\/#breadcrumb\",\"itemListElement\":[{\"@type\":\"ListItem\",\"position\":1,\"name\":\"Startseite\",\"item\":\"https:\/\/www.kleinegoehre.de\/scrap\/\"},{\"@type\":\"ListItem\",\"position\":2,\"name\":\"Shop\",\"item\":\"https:\/\/www.kleinegoehre.de\/scrap\/shop\/\"},{\"@type\":\"ListItem\",\"position\":3,\"name\":\"digitales Papier \u201eWinterfl\u00fcstern&#8221;\"}]},{\"@type\":\"WebSite\",\"@id\":\"https:\/\/www.kleinegoehre.de\/scrap\/#website\",\"url\":\"https:\/\/www.kleinegoehre.de\/scrap\/\",\"name\":\"kleine g\u00f6hr.e design\",\"description\":\"In unser Shop auf kleinegoehre.de findet ihr Plotterdateien zu vielen verschiedenen Themen. Dazu bieten wir euch eine riesen Auswahl an digitalen Papieren.\",\"publisher\":{\"@id\":\"https:\/\/www.kleinegoehre.de\/scrap\/#organization\"},\"potentialAction\":[{\"@type\":\"SearchAction\",\"target\":{\"@type\":\"EntryPoint\",\"urlTemplate\":\"https:\/\/www.kleinegoehre.de\/scrap\/?s={search_term_string}\"},\"query-input\":{\"@type\":\"PropertyValueSpecification\",\"valueRequired\":true,\"valueName\":\"search_term_string\"}}],\"inLanguage\":\"de\"},{\"@type\":\"Organization\",\"@id\":\"https:\/\/www.kleinegoehre.de\/scrap\/#organization\",\"name\":\"kleine g\u00f6hre design\",\"url\":\"https:\/\/www.kleinegoehre.de\/scrap\/\",\"logo\":{\"@type\":\"ImageObject\",\"inLanguage\":\"de\",\"@id\":\"https:\/\/www.kleinegoehre.de\/scrap\/#\/schema\/logo\/image\/\",\"url\":\"https:\/\/www.kleinegoehre.de\/scrap\/wp-content\/uploads\/2018\/06\/14859829_1423290007698523_869036772071302726_o.jpg\",\"contentUrl\":\"https:\/\/www.kleinegoehre.de\/scrap\/wp-content\/uploads\/2018\/06\/14859829_1423290007698523_869036772071302726_o.jpg\",\"width\":1181,\"height\":1181,\"caption\":\"kleine g\u00f6hre design\"},\"image\":{\"@id\":\"https:\/\/www.kleinegoehre.de\/scrap\/#\/schema\/logo\/image\/\"},\"sameAs\":[\"https:\/\/www.facebook.com\/kleinegoehredesign\/\",\"https:\/\/www.youtube.com\/channel\/UCZa4qAhMHSp7-gsPt9Hoy2w\"]}]}<\/script>\n<!-- \/ Yoast SEO plugin. -->","yoast_head_json":{"title":"digitales Papier \u201eWinterfl\u00fcstern\" - kleine g\u00f6hr.e design","robots":{"index":"index","follow":"follow","max-snippet":"max-snippet:-1","max-image-preview":"max-image-preview:large","max-video-preview":"max-video-preview:-1"},"canonical":"https:\/\/www.kleinegoehre.de\/scrap\/product\/digitales-papier-winterfluestern\/","og_locale":"de_DE","og_type":"article","og_title":"digitales Papier \u201eWinterfl\u00fcstern\" - kleine g\u00f6hr.e design","og_description":"Einfache Landschaftsaufnahmen zu zauberhaften, eisigen und ganz unwirklich m\u00e4rchenhaften Papieren zu verwandeln, war schon eine Herausforderung. Aber da wir einige Anfragen zu solchem Papier hatten, haben wir get\u00fcftelt und probiert. Wir sind jetzt auch ganz verliebt und verzaubert, wie toll sie doch auch ganz alleine wirken. Die recht extreme farbliche Ver\u00e4nderung der Ursprungsbilder und die [&hellip;]","og_url":"https:\/\/www.kleinegoehre.de\/scrap\/product\/digitales-papier-winterfluestern\/","og_site_name":"kleine g\u00f6hr.e design","article_publisher":"https:\/\/www.facebook.com\/kleinegoehredesign\/","article_modified_time":"2021-09-03T07:52:41+00:00","og_image":[{"width":2560,"height":2539,"url":"https:\/\/www.kleinegoehre.de\/scrap\/wp-content\/uploads\/2019\/11\/Vorschau_Winterfl\u00fcstern_Set-1-scaled.jpg","type":"image\/jpeg"}],"twitter_card":"summary_large_image","twitter_misc":{"Gesch\u00e4tzte Lesezeit":"1\u00a0Minute"},"schema":{"@context":"https:\/\/schema.org","@graph":[{"@type":"WebPage","@id":"https:\/\/www.kleinegoehre.de\/scrap\/product\/digitales-papier-winterfluestern\/","url":"https:\/\/www.kleinegoehre.de\/scrap\/product\/digitales-papier-winterfluestern\/","name":"digitales Papier \u201eWinterfl\u00fcstern\" - kleine g\u00f6hr.e design","isPartOf":{"@id":"https:\/\/www.kleinegoehre.de\/scrap\/#website"},"primaryImageOfPage":{"@id":"https:\/\/www.kleinegoehre.de\/scrap\/product\/digitales-papier-winterfluestern\/#primaryimage"},"image":{"@id":"https:\/\/www.kleinegoehre.de\/scrap\/product\/digitales-papier-winterfluestern\/#primaryimage"},"thumbnailUrl":"https:\/\/www.kleinegoehre.de\/scrap\/wp-content\/uploads\/2019\/11\/Vorschau_Winterfl\u00fcstern_Set-1-scaled.jpg","datePublished":"2019-11-29T08:31:38+00:00","dateModified":"2021-09-03T07:52:41+00:00","breadcrumb":{"@id":"https:\/\/www.kleinegoehre.de\/scrap\/product\/digitales-papier-winterfluestern\/#breadcrumb"},"inLanguage":"de","potentialAction":[{"@type":"ReadAction","target":["https:\/\/www.kleinegoehre.de\/scrap\/product\/digitales-papier-winterfluestern\/"]}]},{"@type":"ImageObject","inLanguage":"de","@id":"https:\/\/www.kleinegoehre.de\/scrap\/product\/digitales-papier-winterfluestern\/#primaryimage","url":"https:\/\/www.kleinegoehre.de\/scrap\/wp-content\/uploads\/2019\/11\/Vorschau_Winterfl\u00fcstern_Set-1-scaled.jpg","contentUrl":"https:\/\/www.kleinegoehre.de\/scrap\/wp-content\/uploads\/2019\/11\/Vorschau_Winterfl\u00fcstern_Set-1-scaled.jpg","width":2560,"height":2539},{"@type":"BreadcrumbList","@id":"https:\/\/www.kleinegoehre.de\/scrap\/product\/digitales-papier-winterfluestern\/#breadcrumb","itemListElement":[{"@type":"ListItem","position":1,"name":"Startseite","item":"https:\/\/www.kleinegoehre.de\/scrap\/"},{"@type":"ListItem","position":2,"name":"Shop","item":"https:\/\/www.kleinegoehre.de\/scrap\/shop\/"},{"@type":"ListItem","position":3,"name":"digitales Papier \u201eWinterfl\u00fcstern&#8221;"}]},{"@type":"WebSite","@id":"https:\/\/www.kleinegoehre.de\/scrap\/#website","url":"https:\/\/www.kleinegoehre.de\/scrap\/","name":"kleine g\u00f6hr.e design","description":"In unser Shop auf kleinegoehre.de findet ihr Plotterdateien zu vielen verschiedenen Themen. Dazu bieten wir euch eine riesen Auswahl an digitalen Papieren.","publisher":{"@id":"https:\/\/www.kleinegoehre.de\/scrap\/#organization"},"potentialAction":[{"@type":"SearchAction","target":{"@type":"EntryPoint","urlTemplate":"https:\/\/www.kleinegoehre.de\/scrap\/?s={search_term_string}"},"query-input":{"@type":"PropertyValueSpecification","valueRequired":true,"valueName":"search_term_string"}}],"inLanguage":"de"},{"@type":"Organization","@id":"https:\/\/www.kleinegoehre.de\/scrap\/#organization","name":"kleine g\u00f6hre design","url":"https:\/\/www.kleinegoehre.de\/scrap\/","logo":{"@type":"ImageObject","inLanguage":"de","@id":"https:\/\/www.kleinegoehre.de\/scrap\/#\/schema\/logo\/image\/","url":"https:\/\/www.kleinegoehre.de\/scrap\/wp-content\/uploads\/2018\/06\/14859829_1423290007698523_869036772071302726_o.jpg","contentUrl":"https:\/\/www.kleinegoehre.de\/scrap\/wp-content\/uploads\/2018\/06\/14859829_1423290007698523_869036772071302726_o.jpg","width":1181,"height":1181,"caption":"kleine g\u00f6hre design"},"image":{"@id":"https:\/\/www.kleinegoehre.de\/scrap\/#\/schema\/logo\/image\/"},"sameAs":["https:\/\/www.facebook.com\/kleinegoehredesign\/","https:\/\/www.youtube.com\/channel\/UCZa4qAhMHSp7-gsPt9Hoy2w"]}]}},"_links":{"self":[{"href":"https:\/\/www.kleinegoehre.de\/scrap\/wp-json\/wp\/v2\/product\/138852","targetHints":{"allow":["GET"]}}],"collection":[{"href":"https:\/\/www.kleinegoehre.de\/scrap\/wp-json\/wp\/v2\/product"}],"about":[{"href":"https:\/\/www.kleinegoehre.de\/scrap\/wp-json\/wp\/v2\/types\/product"}],"replies":[{"embeddable":true,"href":"https:\/\/www.kleinegoehre.de\/scrap\/wp-json\/wp\/v2\/comments?post=138852"}],"wp:featuredmedia":[{"embeddable":true,"href":"https:\/\/www.kleinegoehre.de\/scrap\/wp-json\/wp\/v2\/media\/138862"}],"wp:attachment":[{"href":"https:\/\/www.kleinegoehre.de\/scrap\/wp-json\/wp\/v2\/media?parent=138852"}],"wp:term":[{"taxonomy":"product_brand","embeddable":true,"href":"https:\/\/www.kleinegoehre.de\/scrap\/wp-json\/wp\/v2\/product_brand?post=138852"},{"taxonomy":"product_cat","embeddable":true,"href":"https:\/\/www.kleinegoehre.de\/scrap\/wp-json\/wp\/v2\/product_cat?post=138852"},{"taxonomy":"product_tag","embeddable":true,"href":"https:\/\/www.kleinegoehre.de\/scrap\/wp-json\/wp\/v2\/product_tag?post=138852"}],"curies":[{"name":"wp","href":"https:\/\/api.w.org\/{rel}","templated":true}]}}