{"id":128571,"date":"2019-08-30T11:59:49","date_gmt":"2019-08-30T09:59:49","guid":{"rendered":"https:\/\/www.kleinegoehre.de\/scrap\/?post_type=product&#038;p=128571"},"modified":"2023-02-19T10:46:18","modified_gmt":"2023-02-19T09:46:18","slug":"digitale-papiere-mosaik-farbexplosion","status":"publish","type":"product","link":"https:\/\/www.kleinegoehre.de\/scrap\/product\/digitale-papiere-mosaik-farbexplosion\/","title":{"rendered":"digitale Papiere &#8220;Mosaik Farbexplosion&#8221;"},"content":{"rendered":"<p>Dieses Papierset ist eine echte Farbexplosion. Es wurden f\u00fcr dieses Set echte &#8220;Alcohol Inks&#8221; und Alkohol Stifte auf spezielem Papier und mit verschiedenen Werkzeugen aufgetragen und anschlie\u00dfend digitalisiert und digital entwickelt. Die Papiere wirken f\u00fcr sich oder k\u00f6nnen mit allen m\u00f6glichen Elementen kombiniert werden.<\/p>\n<p style=\"text-align: left\">Die digitalen Papiere sind im Format .JPG (30cmx30cm in 300dpi).<\/p>\n<p>&nbsp;<\/p>\n","protected":false},"excerpt":{"rendered":"<p>Dieses Papierset ist eine echte Farbexplosion. Es wurden f\u00fcr dieses Set echte &#8220;Alcohol Inks&#8221; und Alkohol Stifte auf spezielem Papier und mit verschiedenen Werkzeugen aufgetragen und anschlie\u00dfend digitalisiert und digital entwickelt. Die Papiere wirken f\u00fcr sich oder k\u00f6nnen mit allen m\u00f6glichen Elementen kombiniert werden. Die digitalen Papiere sind im Format .JPG (30cmx30cm in 300dpi). &nbsp;<\/p>\n","protected":false},"featured_media":128580,"comment_status":"open","ping_status":"closed","template":"","meta":[],"product_brand":[],"product_cat":[13,28],"product_tag":[],"class_list":{"0":"post-128571","1":"product","2":"type-product","3":"status-publish","4":"has-post-thumbnail","6":"product_cat-plotterdateien","7":"product_cat-digitale-papiere","9":"first","10":"instock","11":"taxable","12":"shipping-taxable","13":"purchasable","14":"product-type-variable","15":"has-default-attributes"},"yoast_head":"<!-- This site is optimized with the Yoast SEO plugin v26.4 - https:\/\/yoast.com\/wordpress\/plugins\/seo\/ -->\n<title>digitale Papiere &quot;Mosaik Farbexplosion&quot; - kleine g\u00f6hr.e design<\/title>\n<meta name=\"robots\" content=\"index, follow, max-snippet:-1, max-image-preview:large, max-video-preview:-1\" \/>\n<link rel=\"canonical\" href=\"https:\/\/www.kleinegoehre.de\/scrap\/product\/digitale-papiere-mosaik-farbexplosion\/\" \/>\n<meta property=\"og:locale\" content=\"de_DE\" \/>\n<meta property=\"og:type\" content=\"article\" \/>\n<meta property=\"og:title\" content=\"digitale Papiere &quot;Mosaik Farbexplosion&quot; - kleine g\u00f6hr.e design\" \/>\n<meta property=\"og:description\" content=\"Dieses Papierset ist eine echte Farbexplosion. Es wurden f\u00fcr dieses Set echte &#8220;Alcohol Inks&#8221; und Alkohol Stifte auf spezielem Papier und mit verschiedenen Werkzeugen aufgetragen und anschlie\u00dfend digitalisiert und digital entwickelt. Die Papiere wirken f\u00fcr sich oder k\u00f6nnen mit allen m\u00f6glichen Elementen kombiniert werden. Die digitalen Papiere sind im Format .JPG (30cmx30cm in 300dpi). &nbsp;\" \/>\n<meta property=\"og:url\" content=\"https:\/\/www.kleinegoehre.de\/scrap\/product\/digitale-papiere-mosaik-farbexplosion\/\" \/>\n<meta property=\"og:site_name\" content=\"kleine g\u00f6hr.e design\" \/>\n<meta property=\"article:publisher\" content=\"https:\/\/www.facebook.com\/kleinegoehredesign\/\" \/>\n<meta property=\"article:modified_time\" content=\"2023-02-19T09:46:18+00:00\" \/>\n<meta property=\"og:image\" content=\"https:\/\/www.kleinegoehre.de\/scrap\/wp-content\/uploads\/2019\/08\/Vorschau_Papiere_Mosaik-Farbexplosion-1-scaled.jpg\" \/>\n\t<meta property=\"og:image:width\" content=\"2560\" \/>\n\t<meta property=\"og:image:height\" content=\"2539\" \/>\n\t<meta property=\"og:image:type\" content=\"image\/jpeg\" \/>\n<meta name=\"twitter:card\" content=\"summary_large_image\" \/>\n<script type=\"application\/ld+json\" class=\"yoast-schema-graph\">{\"@context\":\"https:\/\/schema.org\",\"@graph\":[{\"@type\":\"WebPage\",\"@id\":\"https:\/\/www.kleinegoehre.de\/scrap\/product\/digitale-papiere-mosaik-farbexplosion\/\",\"url\":\"https:\/\/www.kleinegoehre.de\/scrap\/product\/digitale-papiere-mosaik-farbexplosion\/\",\"name\":\"digitale Papiere \\\"Mosaik Farbexplosion\\\" - kleine g\u00f6hr.e design\",\"isPartOf\":{\"@id\":\"https:\/\/www.kleinegoehre.de\/scrap\/#website\"},\"primaryImageOfPage\":{\"@id\":\"https:\/\/www.kleinegoehre.de\/scrap\/product\/digitale-papiere-mosaik-farbexplosion\/#primaryimage\"},\"image\":{\"@id\":\"https:\/\/www.kleinegoehre.de\/scrap\/product\/digitale-papiere-mosaik-farbexplosion\/#primaryimage\"},\"thumbnailUrl\":\"https:\/\/www.kleinegoehre.de\/scrap\/wp-content\/uploads\/2019\/08\/Vorschau_Papiere_Mosaik-Farbexplosion-1-scaled.jpg\",\"datePublished\":\"2019-08-30T09:59:49+00:00\",\"dateModified\":\"2023-02-19T09:46:18+00:00\",\"breadcrumb\":{\"@id\":\"https:\/\/www.kleinegoehre.de\/scrap\/product\/digitale-papiere-mosaik-farbexplosion\/#breadcrumb\"},\"inLanguage\":\"de\",\"potentialAction\":[{\"@type\":\"ReadAction\",\"target\":[\"https:\/\/www.kleinegoehre.de\/scrap\/product\/digitale-papiere-mosaik-farbexplosion\/\"]}]},{\"@type\":\"ImageObject\",\"inLanguage\":\"de\",\"@id\":\"https:\/\/www.kleinegoehre.de\/scrap\/product\/digitale-papiere-mosaik-farbexplosion\/#primaryimage\",\"url\":\"https:\/\/www.kleinegoehre.de\/scrap\/wp-content\/uploads\/2019\/08\/Vorschau_Papiere_Mosaik-Farbexplosion-1-scaled.jpg\",\"contentUrl\":\"https:\/\/www.kleinegoehre.de\/scrap\/wp-content\/uploads\/2019\/08\/Vorschau_Papiere_Mosaik-Farbexplosion-1-scaled.jpg\",\"width\":2560,\"height\":2539},{\"@type\":\"BreadcrumbList\",\"@id\":\"https:\/\/www.kleinegoehre.de\/scrap\/product\/digitale-papiere-mosaik-farbexplosion\/#breadcrumb\",\"itemListElement\":[{\"@type\":\"ListItem\",\"position\":1,\"name\":\"Startseite\",\"item\":\"https:\/\/www.kleinegoehre.de\/scrap\/\"},{\"@type\":\"ListItem\",\"position\":2,\"name\":\"Shop\",\"item\":\"https:\/\/www.kleinegoehre.de\/scrap\/shop\/\"},{\"@type\":\"ListItem\",\"position\":3,\"name\":\"digitale Papiere &#8220;Mosaik Farbexplosion&#8221;\"}]},{\"@type\":\"WebSite\",\"@id\":\"https:\/\/www.kleinegoehre.de\/scrap\/#website\",\"url\":\"https:\/\/www.kleinegoehre.de\/scrap\/\",\"name\":\"kleine g\u00f6hr.e design\",\"description\":\"In unser Shop auf kleinegoehre.de findet ihr Plotterdateien zu vielen verschiedenen Themen. Dazu bieten wir euch eine riesen Auswahl an digitalen Papieren.\",\"publisher\":{\"@id\":\"https:\/\/www.kleinegoehre.de\/scrap\/#organization\"},\"potentialAction\":[{\"@type\":\"SearchAction\",\"target\":{\"@type\":\"EntryPoint\",\"urlTemplate\":\"https:\/\/www.kleinegoehre.de\/scrap\/?s={search_term_string}\"},\"query-input\":{\"@type\":\"PropertyValueSpecification\",\"valueRequired\":true,\"valueName\":\"search_term_string\"}}],\"inLanguage\":\"de\"},{\"@type\":\"Organization\",\"@id\":\"https:\/\/www.kleinegoehre.de\/scrap\/#organization\",\"name\":\"kleine g\u00f6hre design\",\"url\":\"https:\/\/www.kleinegoehre.de\/scrap\/\",\"logo\":{\"@type\":\"ImageObject\",\"inLanguage\":\"de\",\"@id\":\"https:\/\/www.kleinegoehre.de\/scrap\/#\/schema\/logo\/image\/\",\"url\":\"https:\/\/www.kleinegoehre.de\/scrap\/wp-content\/uploads\/2018\/06\/14859829_1423290007698523_869036772071302726_o.jpg\",\"contentUrl\":\"https:\/\/www.kleinegoehre.de\/scrap\/wp-content\/uploads\/2018\/06\/14859829_1423290007698523_869036772071302726_o.jpg\",\"width\":1181,\"height\":1181,\"caption\":\"kleine g\u00f6hre design\"},\"image\":{\"@id\":\"https:\/\/www.kleinegoehre.de\/scrap\/#\/schema\/logo\/image\/\"},\"sameAs\":[\"https:\/\/www.facebook.com\/kleinegoehredesign\/\",\"https:\/\/www.youtube.com\/channel\/UCZa4qAhMHSp7-gsPt9Hoy2w\"]}]}<\/script>\n<!-- \/ Yoast SEO plugin. -->","yoast_head_json":{"title":"digitale Papiere \"Mosaik Farbexplosion\" - kleine g\u00f6hr.e design","robots":{"index":"index","follow":"follow","max-snippet":"max-snippet:-1","max-image-preview":"max-image-preview:large","max-video-preview":"max-video-preview:-1"},"canonical":"https:\/\/www.kleinegoehre.de\/scrap\/product\/digitale-papiere-mosaik-farbexplosion\/","og_locale":"de_DE","og_type":"article","og_title":"digitale Papiere \"Mosaik Farbexplosion\" - kleine g\u00f6hr.e design","og_description":"Dieses Papierset ist eine echte Farbexplosion. Es wurden f\u00fcr dieses Set echte &#8220;Alcohol Inks&#8221; und Alkohol Stifte auf spezielem Papier und mit verschiedenen Werkzeugen aufgetragen und anschlie\u00dfend digitalisiert und digital entwickelt. Die Papiere wirken f\u00fcr sich oder k\u00f6nnen mit allen m\u00f6glichen Elementen kombiniert werden. Die digitalen Papiere sind im Format .JPG (30cmx30cm in 300dpi). &nbsp;","og_url":"https:\/\/www.kleinegoehre.de\/scrap\/product\/digitale-papiere-mosaik-farbexplosion\/","og_site_name":"kleine g\u00f6hr.e design","article_publisher":"https:\/\/www.facebook.com\/kleinegoehredesign\/","article_modified_time":"2023-02-19T09:46:18+00:00","og_image":[{"width":2560,"height":2539,"url":"https:\/\/www.kleinegoehre.de\/scrap\/wp-content\/uploads\/2019\/08\/Vorschau_Papiere_Mosaik-Farbexplosion-1-scaled.jpg","type":"image\/jpeg"}],"twitter_card":"summary_large_image","schema":{"@context":"https:\/\/schema.org","@graph":[{"@type":"WebPage","@id":"https:\/\/www.kleinegoehre.de\/scrap\/product\/digitale-papiere-mosaik-farbexplosion\/","url":"https:\/\/www.kleinegoehre.de\/scrap\/product\/digitale-papiere-mosaik-farbexplosion\/","name":"digitale Papiere \"Mosaik Farbexplosion\" - kleine g\u00f6hr.e design","isPartOf":{"@id":"https:\/\/www.kleinegoehre.de\/scrap\/#website"},"primaryImageOfPage":{"@id":"https:\/\/www.kleinegoehre.de\/scrap\/product\/digitale-papiere-mosaik-farbexplosion\/#primaryimage"},"image":{"@id":"https:\/\/www.kleinegoehre.de\/scrap\/product\/digitale-papiere-mosaik-farbexplosion\/#primaryimage"},"thumbnailUrl":"https:\/\/www.kleinegoehre.de\/scrap\/wp-content\/uploads\/2019\/08\/Vorschau_Papiere_Mosaik-Farbexplosion-1-scaled.jpg","datePublished":"2019-08-30T09:59:49+00:00","dateModified":"2023-02-19T09:46:18+00:00","breadcrumb":{"@id":"https:\/\/www.kleinegoehre.de\/scrap\/product\/digitale-papiere-mosaik-farbexplosion\/#breadcrumb"},"inLanguage":"de","potentialAction":[{"@type":"ReadAction","target":["https:\/\/www.kleinegoehre.de\/scrap\/product\/digitale-papiere-mosaik-farbexplosion\/"]}]},{"@type":"ImageObject","inLanguage":"de","@id":"https:\/\/www.kleinegoehre.de\/scrap\/product\/digitale-papiere-mosaik-farbexplosion\/#primaryimage","url":"https:\/\/www.kleinegoehre.de\/scrap\/wp-content\/uploads\/2019\/08\/Vorschau_Papiere_Mosaik-Farbexplosion-1-scaled.jpg","contentUrl":"https:\/\/www.kleinegoehre.de\/scrap\/wp-content\/uploads\/2019\/08\/Vorschau_Papiere_Mosaik-Farbexplosion-1-scaled.jpg","width":2560,"height":2539},{"@type":"BreadcrumbList","@id":"https:\/\/www.kleinegoehre.de\/scrap\/product\/digitale-papiere-mosaik-farbexplosion\/#breadcrumb","itemListElement":[{"@type":"ListItem","position":1,"name":"Startseite","item":"https:\/\/www.kleinegoehre.de\/scrap\/"},{"@type":"ListItem","position":2,"name":"Shop","item":"https:\/\/www.kleinegoehre.de\/scrap\/shop\/"},{"@type":"ListItem","position":3,"name":"digitale Papiere &#8220;Mosaik Farbexplosion&#8221;"}]},{"@type":"WebSite","@id":"https:\/\/www.kleinegoehre.de\/scrap\/#website","url":"https:\/\/www.kleinegoehre.de\/scrap\/","name":"kleine g\u00f6hr.e design","description":"In unser Shop auf kleinegoehre.de findet ihr Plotterdateien zu vielen verschiedenen Themen. Dazu bieten wir euch eine riesen Auswahl an digitalen Papieren.","publisher":{"@id":"https:\/\/www.kleinegoehre.de\/scrap\/#organization"},"potentialAction":[{"@type":"SearchAction","target":{"@type":"EntryPoint","urlTemplate":"https:\/\/www.kleinegoehre.de\/scrap\/?s={search_term_string}"},"query-input":{"@type":"PropertyValueSpecification","valueRequired":true,"valueName":"search_term_string"}}],"inLanguage":"de"},{"@type":"Organization","@id":"https:\/\/www.kleinegoehre.de\/scrap\/#organization","name":"kleine g\u00f6hre design","url":"https:\/\/www.kleinegoehre.de\/scrap\/","logo":{"@type":"ImageObject","inLanguage":"de","@id":"https:\/\/www.kleinegoehre.de\/scrap\/#\/schema\/logo\/image\/","url":"https:\/\/www.kleinegoehre.de\/scrap\/wp-content\/uploads\/2018\/06\/14859829_1423290007698523_869036772071302726_o.jpg","contentUrl":"https:\/\/www.kleinegoehre.de\/scrap\/wp-content\/uploads\/2018\/06\/14859829_1423290007698523_869036772071302726_o.jpg","width":1181,"height":1181,"caption":"kleine g\u00f6hre design"},"image":{"@id":"https:\/\/www.kleinegoehre.de\/scrap\/#\/schema\/logo\/image\/"},"sameAs":["https:\/\/www.facebook.com\/kleinegoehredesign\/","https:\/\/www.youtube.com\/channel\/UCZa4qAhMHSp7-gsPt9Hoy2w"]}]}},"_links":{"self":[{"href":"https:\/\/www.kleinegoehre.de\/scrap\/wp-json\/wp\/v2\/product\/128571","targetHints":{"allow":["GET"]}}],"collection":[{"href":"https:\/\/www.kleinegoehre.de\/scrap\/wp-json\/wp\/v2\/product"}],"about":[{"href":"https:\/\/www.kleinegoehre.de\/scrap\/wp-json\/wp\/v2\/types\/product"}],"replies":[{"embeddable":true,"href":"https:\/\/www.kleinegoehre.de\/scrap\/wp-json\/wp\/v2\/comments?post=128571"}],"wp:featuredmedia":[{"embeddable":true,"href":"https:\/\/www.kleinegoehre.de\/scrap\/wp-json\/wp\/v2\/media\/128580"}],"wp:attachment":[{"href":"https:\/\/www.kleinegoehre.de\/scrap\/wp-json\/wp\/v2\/media?parent=128571"}],"wp:term":[{"taxonomy":"product_brand","embeddable":true,"href":"https:\/\/www.kleinegoehre.de\/scrap\/wp-json\/wp\/v2\/product_brand?post=128571"},{"taxonomy":"product_cat","embeddable":true,"href":"https:\/\/www.kleinegoehre.de\/scrap\/wp-json\/wp\/v2\/product_cat?post=128571"},{"taxonomy":"product_tag","embeddable":true,"href":"https:\/\/www.kleinegoehre.de\/scrap\/wp-json\/wp\/v2\/product_tag?post=128571"}],"curies":[{"name":"wp","href":"https:\/\/api.w.org\/{rel}","templated":true}]}}