{"id":116315,"date":"2019-05-17T09:30:18","date_gmt":"2019-05-17T07:30:18","guid":{"rendered":"https:\/\/www.kleinegoehre.de\/scrap\/?post_type=product&#038;p=116315"},"modified":"2023-05-10T19:27:21","modified_gmt":"2023-05-10T17:27:21","slug":"plotterdatei-formen-digitale-stempel","status":"publish","type":"product","link":"https:\/\/www.kleinegoehre.de\/scrap\/product\/plotterdatei-formen-digitale-stempel\/","title":{"rendered":"Plotterdatei &#8220;Formen &amp; Digitale Stempel&#8221;"},"content":{"rendered":"<p>Ganz schnell kann man unkompliziert ein pers\u00f6nliches Geschenk, eine passende Karte etc. basteln. Heute geht es um Formen und Spr\u00fcche. Als Formen gibt es zum Gestalten von individuellen Karten und Geschenken zb. Abrisskanten, Washitape\/Tesafilm, Pfeile, Buttons, Reiter, Sprechblasen, Wimpel, Flecken, Wellen und und und &#8230; Ihr k\u00f6nnt diese Elemente einfach mit Papier f\u00fcllen oder mit der Pipette die Passende Farbe ausw\u00e4hlen.<br \/>\nUnd irgendwie fehlt auch gerade auf die Schnelle immer der richtige Spruch. Wir haben die Texte so gestaltet, dass sie einfach zu allen anderen Texten passten.<br \/>\nIn diesem Set habt ihr alles zusammen und k\u00f6nnt die Seiten einfach komplett im Studio \u00f6ffnen und immer das passende aussuchen.<\/p>\n<p>Die Elemente k\u00f6nnen\u00a0beliebig vergr\u00f6\u00dfert und verkleinert werden.<\/p>\n<p>Beim Kauf der Plotterdatei erh\u00e4ltst Du die Grafik in den Dateiformaten .DXF, .SVG, .PNG\u00a0in einem .ZIP-Ordner verpackt. Die Dateiformate .DXF und .SVG kannst Du, je nach Plotter und Software, direkt in deinem Programm \u00f6ffnen.<\/p>\n","protected":false},"excerpt":{"rendered":"<p>Ganz schnell kann man unkompliziert ein pers\u00f6nliches Geschenk, eine passende Karte etc. basteln. Heute geht es um Formen und Spr\u00fcche. Als Formen gibt es zum Gestalten von individuellen Karten und Geschenken zb. Abrisskanten, Washitape\/Tesafilm, Pfeile, Buttons, Reiter, Sprechblasen, Wimpel, Flecken, Wellen und und und &#8230; Ihr k\u00f6nnt diese Elemente einfach mit Papier f\u00fcllen oder mit [&hellip;]<\/p>\n","protected":false},"featured_media":116322,"comment_status":"open","ping_status":"closed","template":"","meta":[],"product_brand":[],"product_cat":[13,176],"product_tag":[119,705,153,134,993,71,36,52,704,490,706,53,512,707,519,560],"class_list":{"0":"post-116315","1":"product","2":"type-product","3":"status-publish","4":"has-post-thumbnail","6":"product_cat-plotterdateien","7":"product_cat-schnittdateien","8":"product_tag-baby","9":"product_tag-beileid","10":"product_tag-buttons","11":"product_tag-einladung","12":"product_tag-etikettendrucker","13":"product_tag-geburt","14":"product_tag-geburtstag","15":"product_tag-glueck","16":"product_tag-hurra","17":"product_tag-karte","18":"product_tag-knorke","19":"product_tag-liebe","20":"product_tag-sprueche","21":"product_tag-tag","22":"product_tag-traeume","23":"product_tag-wuensche","25":"first","26":"instock","27":"taxable","28":"shipping-taxable","29":"purchasable","30":"product-type-variable","31":"has-default-attributes"},"yoast_head":"<!-- This site is optimized with the Yoast SEO plugin v26.4 - https:\/\/yoast.com\/wordpress\/plugins\/seo\/ -->\n<title>Plotterdatei &quot;Formen &amp; Digitale Stempel&quot; - kleine g\u00f6hr.e design<\/title>\n<meta name=\"description\" content=\"Melonen haben einfach von Natur aus ein so sch\u00f6nes Farbschema. Definitiv geh\u00f6rt die Melone zu den sch\u00f6nsten Fr\u00fcchten und schmecken tun sie auch noch toll. Was will man mehr? Na klar, das Ganze zum Basteln\" \/>\n<meta name=\"robots\" content=\"index, follow, max-snippet:-1, max-image-preview:large, max-video-preview:-1\" \/>\n<link rel=\"canonical\" href=\"https:\/\/www.kleinegoehre.de\/scrap\/product\/plotterdatei-formen-digitale-stempel\/\" \/>\n<meta property=\"og:locale\" content=\"de_DE\" \/>\n<meta property=\"og:type\" content=\"article\" \/>\n<meta property=\"og:title\" content=\"Plotterdatei &quot;Formen &amp; Digitale Stempel&quot; - kleine g\u00f6hr.e design\" \/>\n<meta property=\"og:description\" content=\"Melonen haben einfach von Natur aus ein so sch\u00f6nes Farbschema. Definitiv geh\u00f6rt die Melone zu den sch\u00f6nsten Fr\u00fcchten und schmecken tun sie auch noch toll. Was will man mehr? Na klar, das Ganze zum Basteln\" \/>\n<meta property=\"og:url\" content=\"https:\/\/www.kleinegoehre.de\/scrap\/product\/plotterdatei-formen-digitale-stempel\/\" \/>\n<meta property=\"og:site_name\" content=\"kleine g\u00f6hr.e design\" \/>\n<meta property=\"article:publisher\" content=\"https:\/\/www.facebook.com\/kleinegoehredesign\/\" \/>\n<meta property=\"article:modified_time\" content=\"2023-05-10T17:27:21+00:00\" \/>\n<meta property=\"og:image\" content=\"https:\/\/www.kleinegoehre.de\/scrap\/wp-content\/uploads\/2019\/05\/Vorschau_Formen.jpg\" \/>\n\t<meta property=\"og:image:width\" content=\"1067\" \/>\n\t<meta property=\"og:image:height\" content=\"1115\" \/>\n\t<meta property=\"og:image:type\" content=\"image\/jpeg\" \/>\n<meta name=\"twitter:card\" content=\"summary_large_image\" \/>\n<meta name=\"twitter:label1\" content=\"Gesch\u00e4tzte Lesezeit\" \/>\n\t<meta name=\"twitter:data1\" content=\"1\u00a0Minute\" \/>\n<script type=\"application\/ld+json\" class=\"yoast-schema-graph\">{\"@context\":\"https:\/\/schema.org\",\"@graph\":[{\"@type\":\"WebPage\",\"@id\":\"https:\/\/www.kleinegoehre.de\/scrap\/product\/plotterdatei-formen-digitale-stempel\/\",\"url\":\"https:\/\/www.kleinegoehre.de\/scrap\/product\/plotterdatei-formen-digitale-stempel\/\",\"name\":\"Plotterdatei \\\"Formen &amp; Digitale Stempel\\\" - kleine g\u00f6hr.e design\",\"isPartOf\":{\"@id\":\"https:\/\/www.kleinegoehre.de\/scrap\/#website\"},\"primaryImageOfPage\":{\"@id\":\"https:\/\/www.kleinegoehre.de\/scrap\/product\/plotterdatei-formen-digitale-stempel\/#primaryimage\"},\"image\":{\"@id\":\"https:\/\/www.kleinegoehre.de\/scrap\/product\/plotterdatei-formen-digitale-stempel\/#primaryimage\"},\"thumbnailUrl\":\"https:\/\/www.kleinegoehre.de\/scrap\/wp-content\/uploads\/2019\/05\/Vorschau_Formen.jpg\",\"datePublished\":\"2019-05-17T07:30:18+00:00\",\"dateModified\":\"2023-05-10T17:27:21+00:00\",\"description\":\"Melonen haben einfach von Natur aus ein so sch\u00f6nes Farbschema. Definitiv geh\u00f6rt die Melone zu den sch\u00f6nsten Fr\u00fcchten und schmecken tun sie auch noch toll. Was will man mehr? Na klar, das Ganze zum Basteln\",\"breadcrumb\":{\"@id\":\"https:\/\/www.kleinegoehre.de\/scrap\/product\/plotterdatei-formen-digitale-stempel\/#breadcrumb\"},\"inLanguage\":\"de\",\"potentialAction\":[{\"@type\":\"ReadAction\",\"target\":[\"https:\/\/www.kleinegoehre.de\/scrap\/product\/plotterdatei-formen-digitale-stempel\/\"]}]},{\"@type\":\"ImageObject\",\"inLanguage\":\"de\",\"@id\":\"https:\/\/www.kleinegoehre.de\/scrap\/product\/plotterdatei-formen-digitale-stempel\/#primaryimage\",\"url\":\"https:\/\/www.kleinegoehre.de\/scrap\/wp-content\/uploads\/2019\/05\/Vorschau_Formen.jpg\",\"contentUrl\":\"https:\/\/www.kleinegoehre.de\/scrap\/wp-content\/uploads\/2019\/05\/Vorschau_Formen.jpg\",\"width\":1067,\"height\":1115},{\"@type\":\"BreadcrumbList\",\"@id\":\"https:\/\/www.kleinegoehre.de\/scrap\/product\/plotterdatei-formen-digitale-stempel\/#breadcrumb\",\"itemListElement\":[{\"@type\":\"ListItem\",\"position\":1,\"name\":\"Startseite\",\"item\":\"https:\/\/www.kleinegoehre.de\/scrap\/\"},{\"@type\":\"ListItem\",\"position\":2,\"name\":\"Shop\",\"item\":\"https:\/\/www.kleinegoehre.de\/scrap\/shop\/\"},{\"@type\":\"ListItem\",\"position\":3,\"name\":\"Plotterdatei &#8220;Formen &amp; Digitale Stempel&#8221;\"}]},{\"@type\":\"WebSite\",\"@id\":\"https:\/\/www.kleinegoehre.de\/scrap\/#website\",\"url\":\"https:\/\/www.kleinegoehre.de\/scrap\/\",\"name\":\"kleine g\u00f6hr.e design\",\"description\":\"In unser Shop auf kleinegoehre.de findet ihr Plotterdateien zu vielen verschiedenen Themen. Dazu bieten wir euch eine riesen Auswahl an digitalen Papieren.\",\"publisher\":{\"@id\":\"https:\/\/www.kleinegoehre.de\/scrap\/#organization\"},\"potentialAction\":[{\"@type\":\"SearchAction\",\"target\":{\"@type\":\"EntryPoint\",\"urlTemplate\":\"https:\/\/www.kleinegoehre.de\/scrap\/?s={search_term_string}\"},\"query-input\":{\"@type\":\"PropertyValueSpecification\",\"valueRequired\":true,\"valueName\":\"search_term_string\"}}],\"inLanguage\":\"de\"},{\"@type\":\"Organization\",\"@id\":\"https:\/\/www.kleinegoehre.de\/scrap\/#organization\",\"name\":\"kleine g\u00f6hre design\",\"url\":\"https:\/\/www.kleinegoehre.de\/scrap\/\",\"logo\":{\"@type\":\"ImageObject\",\"inLanguage\":\"de\",\"@id\":\"https:\/\/www.kleinegoehre.de\/scrap\/#\/schema\/logo\/image\/\",\"url\":\"https:\/\/www.kleinegoehre.de\/scrap\/wp-content\/uploads\/2018\/06\/14859829_1423290007698523_869036772071302726_o.jpg\",\"contentUrl\":\"https:\/\/www.kleinegoehre.de\/scrap\/wp-content\/uploads\/2018\/06\/14859829_1423290007698523_869036772071302726_o.jpg\",\"width\":1181,\"height\":1181,\"caption\":\"kleine g\u00f6hre design\"},\"image\":{\"@id\":\"https:\/\/www.kleinegoehre.de\/scrap\/#\/schema\/logo\/image\/\"},\"sameAs\":[\"https:\/\/www.facebook.com\/kleinegoehredesign\/\",\"https:\/\/www.youtube.com\/channel\/UCZa4qAhMHSp7-gsPt9Hoy2w\"]}]}<\/script>\n<!-- \/ Yoast SEO plugin. -->","yoast_head_json":{"title":"Plotterdatei \"Formen &amp; Digitale Stempel\" - kleine g\u00f6hr.e design","description":"Melonen haben einfach von Natur aus ein so sch\u00f6nes Farbschema. Definitiv geh\u00f6rt die Melone zu den sch\u00f6nsten Fr\u00fcchten und schmecken tun sie auch noch toll. Was will man mehr? Na klar, das Ganze zum Basteln","robots":{"index":"index","follow":"follow","max-snippet":"max-snippet:-1","max-image-preview":"max-image-preview:large","max-video-preview":"max-video-preview:-1"},"canonical":"https:\/\/www.kleinegoehre.de\/scrap\/product\/plotterdatei-formen-digitale-stempel\/","og_locale":"de_DE","og_type":"article","og_title":"Plotterdatei \"Formen &amp; Digitale Stempel\" - kleine g\u00f6hr.e design","og_description":"Melonen haben einfach von Natur aus ein so sch\u00f6nes Farbschema. Definitiv geh\u00f6rt die Melone zu den sch\u00f6nsten Fr\u00fcchten und schmecken tun sie auch noch toll. Was will man mehr? Na klar, das Ganze zum Basteln","og_url":"https:\/\/www.kleinegoehre.de\/scrap\/product\/plotterdatei-formen-digitale-stempel\/","og_site_name":"kleine g\u00f6hr.e design","article_publisher":"https:\/\/www.facebook.com\/kleinegoehredesign\/","article_modified_time":"2023-05-10T17:27:21+00:00","og_image":[{"width":1067,"height":1115,"url":"https:\/\/www.kleinegoehre.de\/scrap\/wp-content\/uploads\/2019\/05\/Vorschau_Formen.jpg","type":"image\/jpeg"}],"twitter_card":"summary_large_image","twitter_misc":{"Gesch\u00e4tzte Lesezeit":"1\u00a0Minute"},"schema":{"@context":"https:\/\/schema.org","@graph":[{"@type":"WebPage","@id":"https:\/\/www.kleinegoehre.de\/scrap\/product\/plotterdatei-formen-digitale-stempel\/","url":"https:\/\/www.kleinegoehre.de\/scrap\/product\/plotterdatei-formen-digitale-stempel\/","name":"Plotterdatei \"Formen &amp; Digitale Stempel\" - kleine g\u00f6hr.e design","isPartOf":{"@id":"https:\/\/www.kleinegoehre.de\/scrap\/#website"},"primaryImageOfPage":{"@id":"https:\/\/www.kleinegoehre.de\/scrap\/product\/plotterdatei-formen-digitale-stempel\/#primaryimage"},"image":{"@id":"https:\/\/www.kleinegoehre.de\/scrap\/product\/plotterdatei-formen-digitale-stempel\/#primaryimage"},"thumbnailUrl":"https:\/\/www.kleinegoehre.de\/scrap\/wp-content\/uploads\/2019\/05\/Vorschau_Formen.jpg","datePublished":"2019-05-17T07:30:18+00:00","dateModified":"2023-05-10T17:27:21+00:00","description":"Melonen haben einfach von Natur aus ein so sch\u00f6nes Farbschema. Definitiv geh\u00f6rt die Melone zu den sch\u00f6nsten Fr\u00fcchten und schmecken tun sie auch noch toll. Was will man mehr? Na klar, das Ganze zum Basteln","breadcrumb":{"@id":"https:\/\/www.kleinegoehre.de\/scrap\/product\/plotterdatei-formen-digitale-stempel\/#breadcrumb"},"inLanguage":"de","potentialAction":[{"@type":"ReadAction","target":["https:\/\/www.kleinegoehre.de\/scrap\/product\/plotterdatei-formen-digitale-stempel\/"]}]},{"@type":"ImageObject","inLanguage":"de","@id":"https:\/\/www.kleinegoehre.de\/scrap\/product\/plotterdatei-formen-digitale-stempel\/#primaryimage","url":"https:\/\/www.kleinegoehre.de\/scrap\/wp-content\/uploads\/2019\/05\/Vorschau_Formen.jpg","contentUrl":"https:\/\/www.kleinegoehre.de\/scrap\/wp-content\/uploads\/2019\/05\/Vorschau_Formen.jpg","width":1067,"height":1115},{"@type":"BreadcrumbList","@id":"https:\/\/www.kleinegoehre.de\/scrap\/product\/plotterdatei-formen-digitale-stempel\/#breadcrumb","itemListElement":[{"@type":"ListItem","position":1,"name":"Startseite","item":"https:\/\/www.kleinegoehre.de\/scrap\/"},{"@type":"ListItem","position":2,"name":"Shop","item":"https:\/\/www.kleinegoehre.de\/scrap\/shop\/"},{"@type":"ListItem","position":3,"name":"Plotterdatei &#8220;Formen &amp; Digitale Stempel&#8221;"}]},{"@type":"WebSite","@id":"https:\/\/www.kleinegoehre.de\/scrap\/#website","url":"https:\/\/www.kleinegoehre.de\/scrap\/","name":"kleine g\u00f6hr.e design","description":"In unser Shop auf kleinegoehre.de findet ihr Plotterdateien zu vielen verschiedenen Themen. Dazu bieten wir euch eine riesen Auswahl an digitalen Papieren.","publisher":{"@id":"https:\/\/www.kleinegoehre.de\/scrap\/#organization"},"potentialAction":[{"@type":"SearchAction","target":{"@type":"EntryPoint","urlTemplate":"https:\/\/www.kleinegoehre.de\/scrap\/?s={search_term_string}"},"query-input":{"@type":"PropertyValueSpecification","valueRequired":true,"valueName":"search_term_string"}}],"inLanguage":"de"},{"@type":"Organization","@id":"https:\/\/www.kleinegoehre.de\/scrap\/#organization","name":"kleine g\u00f6hre design","url":"https:\/\/www.kleinegoehre.de\/scrap\/","logo":{"@type":"ImageObject","inLanguage":"de","@id":"https:\/\/www.kleinegoehre.de\/scrap\/#\/schema\/logo\/image\/","url":"https:\/\/www.kleinegoehre.de\/scrap\/wp-content\/uploads\/2018\/06\/14859829_1423290007698523_869036772071302726_o.jpg","contentUrl":"https:\/\/www.kleinegoehre.de\/scrap\/wp-content\/uploads\/2018\/06\/14859829_1423290007698523_869036772071302726_o.jpg","width":1181,"height":1181,"caption":"kleine g\u00f6hre design"},"image":{"@id":"https:\/\/www.kleinegoehre.de\/scrap\/#\/schema\/logo\/image\/"},"sameAs":["https:\/\/www.facebook.com\/kleinegoehredesign\/","https:\/\/www.youtube.com\/channel\/UCZa4qAhMHSp7-gsPt9Hoy2w"]}]}},"_links":{"self":[{"href":"https:\/\/www.kleinegoehre.de\/scrap\/wp-json\/wp\/v2\/product\/116315","targetHints":{"allow":["GET"]}}],"collection":[{"href":"https:\/\/www.kleinegoehre.de\/scrap\/wp-json\/wp\/v2\/product"}],"about":[{"href":"https:\/\/www.kleinegoehre.de\/scrap\/wp-json\/wp\/v2\/types\/product"}],"replies":[{"embeddable":true,"href":"https:\/\/www.kleinegoehre.de\/scrap\/wp-json\/wp\/v2\/comments?post=116315"}],"wp:featuredmedia":[{"embeddable":true,"href":"https:\/\/www.kleinegoehre.de\/scrap\/wp-json\/wp\/v2\/media\/116322"}],"wp:attachment":[{"href":"https:\/\/www.kleinegoehre.de\/scrap\/wp-json\/wp\/v2\/media?parent=116315"}],"wp:term":[{"taxonomy":"product_brand","embeddable":true,"href":"https:\/\/www.kleinegoehre.de\/scrap\/wp-json\/wp\/v2\/product_brand?post=116315"},{"taxonomy":"product_cat","embeddable":true,"href":"https:\/\/www.kleinegoehre.de\/scrap\/wp-json\/wp\/v2\/product_cat?post=116315"},{"taxonomy":"product_tag","embeddable":true,"href":"https:\/\/www.kleinegoehre.de\/scrap\/wp-json\/wp\/v2\/product_tag?post=116315"}],"curies":[{"name":"wp","href":"https:\/\/api.w.org\/{rel}","templated":true}]}}