{"id":105516,"date":"2020-01-19T18:39:42","date_gmt":"2020-01-19T17:39:42","guid":{"rendered":"https:\/\/www.kleinegoehre.de\/scrap\/?post_type=product&#038;p=105516"},"modified":"2023-02-17T10:50:20","modified_gmt":"2023-02-17T09:50:20","slug":"plotterdatei-sprueche-konfirmation-heute-rosa-papiere","status":"publish","type":"product","link":"https:\/\/www.kleinegoehre.de\/scrap\/product\/plotterdatei-sprueche-konfirmation-heute-rosa-papiere\/","title":{"rendered":"Plotterdatei &#8220;Konfirmation \/ Jugendweihe Heute rosa&#8221; + Papiere"},"content":{"rendered":"<p style=\"text-align: left\">Das Spr\u00fccheset enth\u00e4lt\u00a0viele sch\u00f6ne Spr\u00fcche und Elemente f\u00fcr\u00a0alles, was f\u00fcr eine Konfirmation und Jungendweihe ben\u00f6tigt wird. Angefangen bei den Einladungskarten, \u00fcber die Kerzen und Gastgeschenken, bis hin zur Tischdekoration. Mit dabei sind folgende digitale Papiere in 30 x 30 cm ( 300dpi).<\/p>\n<ul>\n<li style=\"text-align: left\">Papiere_Muster1_Lila rosa<\/li>\n<li>Papiere_Muster2_Lila rosa<\/li>\n<li>Papiere_Punkte_Lila rosa<\/li>\n<li>Papiere_Streifen_Lila rosa<\/li>\n<\/ul>\n<p>Die Elemente k\u00f6nnen\u00a0beliebig vergr\u00f6\u00dfert und verkleinert werden.<\/p>\n<p>Beim Kauf der Plotterdatei erh\u00e4ltst Du die Grafik in den Dateiformaten .DXF, .SVG, .PNG\u00a0in einem .ZIP-Ordner verpackt. Die Dateiformate .DXF und .SVG kannst Du, je nach Plotter und Software, direkt in deinem Programm \u00f6ffnen.<\/p>\n","protected":false},"excerpt":{"rendered":"<p>Das Spr\u00fccheset enth\u00e4lt\u00a0viele sch\u00f6ne Spr\u00fcche und Elemente f\u00fcr\u00a0alles, was f\u00fcr eine Konfirmation und Jungendweihe ben\u00f6tigt wird. Angefangen bei den Einladungskarten, \u00fcber die Kerzen und Gastgeschenken, bis hin zur Tischdekoration. Mit dabei sind folgende digitale Papiere in 30 x 30 cm ( 300dpi). Papiere_Muster1_Lila rosa Papiere_Muster2_Lila rosa Papiere_Punkte_Lila rosa Papiere_Streifen_Lila rosa Die Elemente k\u00f6nnen\u00a0beliebig vergr\u00f6\u00dfert und [&hellip;]<\/p>\n","protected":false},"featured_media":105584,"comment_status":"open","ping_status":"closed","template":"","meta":[],"product_brand":[],"product_cat":[13],"product_tag":[97,987,98,96,917,968],"class_list":{"0":"post-105516","1":"product","2":"type-product","3":"status-publish","4":"has-post-thumbnail","6":"product_cat-plotterdateien","7":"product_tag-fest","8":"product_tag-festfeiern","9":"product_tag-gott","10":"product_tag-kirche","11":"product_tag-kirchenfest","12":"product_tag-konfirmationkommunion","14":"first","15":"instock","16":"taxable","17":"shipping-taxable","18":"purchasable","19":"product-type-variable","20":"has-default-attributes"},"yoast_head":"<!-- This site is optimized with the Yoast SEO plugin v26.4 - https:\/\/yoast.com\/wordpress\/plugins\/seo\/ -->\n<title>Plotterdatei &quot;Konfirmation \/ Jugendweihe Heute rosa&quot; + Papiere - kleine g\u00f6hr.e design<\/title>\n<meta name=\"robots\" content=\"index, follow, max-snippet:-1, max-image-preview:large, max-video-preview:-1\" \/>\n<link rel=\"canonical\" href=\"https:\/\/www.kleinegoehre.de\/scrap\/product\/plotterdatei-sprueche-konfirmation-heute-rosa-papiere\/\" \/>\n<meta property=\"og:locale\" content=\"de_DE\" \/>\n<meta property=\"og:type\" content=\"article\" \/>\n<meta property=\"og:title\" content=\"Plotterdatei &quot;Konfirmation \/ Jugendweihe Heute rosa&quot; + Papiere - kleine g\u00f6hr.e design\" \/>\n<meta property=\"og:description\" content=\"Das Spr\u00fccheset enth\u00e4lt\u00a0viele sch\u00f6ne Spr\u00fcche und Elemente f\u00fcr\u00a0alles, was f\u00fcr eine Konfirmation und Jungendweihe ben\u00f6tigt wird. Angefangen bei den Einladungskarten, \u00fcber die Kerzen und Gastgeschenken, bis hin zur Tischdekoration. Mit dabei sind folgende digitale Papiere in 30 x 30 cm ( 300dpi). Papiere_Muster1_Lila rosa Papiere_Muster2_Lila rosa Papiere_Punkte_Lila rosa Papiere_Streifen_Lila rosa Die Elemente k\u00f6nnen\u00a0beliebig vergr\u00f6\u00dfert und [&hellip;]\" \/>\n<meta property=\"og:url\" content=\"https:\/\/www.kleinegoehre.de\/scrap\/product\/plotterdatei-sprueche-konfirmation-heute-rosa-papiere\/\" \/>\n<meta property=\"og:site_name\" content=\"kleine g\u00f6hr.e design\" \/>\n<meta property=\"article:publisher\" content=\"https:\/\/www.facebook.com\/kleinegoehredesign\/\" \/>\n<meta property=\"article:modified_time\" content=\"2023-02-17T09:50:20+00:00\" \/>\n<meta property=\"og:image\" content=\"https:\/\/www.kleinegoehre.de\/scrap\/wp-content\/uploads\/2019\/02\/Vorschau_Konfirmation-Jugendweihe-LR.jpg\" \/>\n\t<meta property=\"og:image:width\" content=\"1067\" \/>\n\t<meta property=\"og:image:height\" content=\"1115\" \/>\n\t<meta property=\"og:image:type\" content=\"image\/jpeg\" \/>\n<meta name=\"twitter:card\" content=\"summary_large_image\" \/>\n<meta name=\"twitter:label1\" content=\"Gesch\u00e4tzte Lesezeit\" \/>\n\t<meta name=\"twitter:data1\" content=\"1\u00a0Minute\" \/>\n<script type=\"application\/ld+json\" class=\"yoast-schema-graph\">{\"@context\":\"https:\/\/schema.org\",\"@graph\":[{\"@type\":\"WebPage\",\"@id\":\"https:\/\/www.kleinegoehre.de\/scrap\/product\/plotterdatei-sprueche-konfirmation-heute-rosa-papiere\/\",\"url\":\"https:\/\/www.kleinegoehre.de\/scrap\/product\/plotterdatei-sprueche-konfirmation-heute-rosa-papiere\/\",\"name\":\"Plotterdatei \\\"Konfirmation \/ Jugendweihe Heute rosa\\\" + Papiere - kleine g\u00f6hr.e design\",\"isPartOf\":{\"@id\":\"https:\/\/www.kleinegoehre.de\/scrap\/#website\"},\"primaryImageOfPage\":{\"@id\":\"https:\/\/www.kleinegoehre.de\/scrap\/product\/plotterdatei-sprueche-konfirmation-heute-rosa-papiere\/#primaryimage\"},\"image\":{\"@id\":\"https:\/\/www.kleinegoehre.de\/scrap\/product\/plotterdatei-sprueche-konfirmation-heute-rosa-papiere\/#primaryimage\"},\"thumbnailUrl\":\"https:\/\/www.kleinegoehre.de\/scrap\/wp-content\/uploads\/2019\/02\/Vorschau_Konfirmation-Jugendweihe-LR.jpg\",\"datePublished\":\"2020-01-19T17:39:42+00:00\",\"dateModified\":\"2023-02-17T09:50:20+00:00\",\"breadcrumb\":{\"@id\":\"https:\/\/www.kleinegoehre.de\/scrap\/product\/plotterdatei-sprueche-konfirmation-heute-rosa-papiere\/#breadcrumb\"},\"inLanguage\":\"de\",\"potentialAction\":[{\"@type\":\"ReadAction\",\"target\":[\"https:\/\/www.kleinegoehre.de\/scrap\/product\/plotterdatei-sprueche-konfirmation-heute-rosa-papiere\/\"]}]},{\"@type\":\"ImageObject\",\"inLanguage\":\"de\",\"@id\":\"https:\/\/www.kleinegoehre.de\/scrap\/product\/plotterdatei-sprueche-konfirmation-heute-rosa-papiere\/#primaryimage\",\"url\":\"https:\/\/www.kleinegoehre.de\/scrap\/wp-content\/uploads\/2019\/02\/Vorschau_Konfirmation-Jugendweihe-LR.jpg\",\"contentUrl\":\"https:\/\/www.kleinegoehre.de\/scrap\/wp-content\/uploads\/2019\/02\/Vorschau_Konfirmation-Jugendweihe-LR.jpg\",\"width\":1067,\"height\":1115},{\"@type\":\"BreadcrumbList\",\"@id\":\"https:\/\/www.kleinegoehre.de\/scrap\/product\/plotterdatei-sprueche-konfirmation-heute-rosa-papiere\/#breadcrumb\",\"itemListElement\":[{\"@type\":\"ListItem\",\"position\":1,\"name\":\"Startseite\",\"item\":\"https:\/\/www.kleinegoehre.de\/scrap\/\"},{\"@type\":\"ListItem\",\"position\":2,\"name\":\"Shop\",\"item\":\"https:\/\/www.kleinegoehre.de\/scrap\/shop\/\"},{\"@type\":\"ListItem\",\"position\":3,\"name\":\"Plotterdatei &#8220;Konfirmation \/ Jugendweihe Heute rosa&#8221; + Papiere\"}]},{\"@type\":\"WebSite\",\"@id\":\"https:\/\/www.kleinegoehre.de\/scrap\/#website\",\"url\":\"https:\/\/www.kleinegoehre.de\/scrap\/\",\"name\":\"kleine g\u00f6hr.e design\",\"description\":\"In unser Shop auf kleinegoehre.de findet ihr Plotterdateien zu vielen verschiedenen Themen. Dazu bieten wir euch eine riesen Auswahl an digitalen Papieren.\",\"publisher\":{\"@id\":\"https:\/\/www.kleinegoehre.de\/scrap\/#organization\"},\"potentialAction\":[{\"@type\":\"SearchAction\",\"target\":{\"@type\":\"EntryPoint\",\"urlTemplate\":\"https:\/\/www.kleinegoehre.de\/scrap\/?s={search_term_string}\"},\"query-input\":{\"@type\":\"PropertyValueSpecification\",\"valueRequired\":true,\"valueName\":\"search_term_string\"}}],\"inLanguage\":\"de\"},{\"@type\":\"Organization\",\"@id\":\"https:\/\/www.kleinegoehre.de\/scrap\/#organization\",\"name\":\"kleine g\u00f6hre design\",\"url\":\"https:\/\/www.kleinegoehre.de\/scrap\/\",\"logo\":{\"@type\":\"ImageObject\",\"inLanguage\":\"de\",\"@id\":\"https:\/\/www.kleinegoehre.de\/scrap\/#\/schema\/logo\/image\/\",\"url\":\"https:\/\/www.kleinegoehre.de\/scrap\/wp-content\/uploads\/2018\/06\/14859829_1423290007698523_869036772071302726_o.jpg\",\"contentUrl\":\"https:\/\/www.kleinegoehre.de\/scrap\/wp-content\/uploads\/2018\/06\/14859829_1423290007698523_869036772071302726_o.jpg\",\"width\":1181,\"height\":1181,\"caption\":\"kleine g\u00f6hre design\"},\"image\":{\"@id\":\"https:\/\/www.kleinegoehre.de\/scrap\/#\/schema\/logo\/image\/\"},\"sameAs\":[\"https:\/\/www.facebook.com\/kleinegoehredesign\/\",\"https:\/\/www.youtube.com\/channel\/UCZa4qAhMHSp7-gsPt9Hoy2w\"]}]}<\/script>\n<!-- \/ Yoast SEO plugin. -->","yoast_head_json":{"title":"Plotterdatei \"Konfirmation \/ Jugendweihe Heute rosa\" + Papiere - kleine g\u00f6hr.e design","robots":{"index":"index","follow":"follow","max-snippet":"max-snippet:-1","max-image-preview":"max-image-preview:large","max-video-preview":"max-video-preview:-1"},"canonical":"https:\/\/www.kleinegoehre.de\/scrap\/product\/plotterdatei-sprueche-konfirmation-heute-rosa-papiere\/","og_locale":"de_DE","og_type":"article","og_title":"Plotterdatei \"Konfirmation \/ Jugendweihe Heute rosa\" + Papiere - kleine g\u00f6hr.e design","og_description":"Das Spr\u00fccheset enth\u00e4lt\u00a0viele sch\u00f6ne Spr\u00fcche und Elemente f\u00fcr\u00a0alles, was f\u00fcr eine Konfirmation und Jungendweihe ben\u00f6tigt wird. Angefangen bei den Einladungskarten, \u00fcber die Kerzen und Gastgeschenken, bis hin zur Tischdekoration. Mit dabei sind folgende digitale Papiere in 30 x 30 cm ( 300dpi). Papiere_Muster1_Lila rosa Papiere_Muster2_Lila rosa Papiere_Punkte_Lila rosa Papiere_Streifen_Lila rosa Die Elemente k\u00f6nnen\u00a0beliebig vergr\u00f6\u00dfert und [&hellip;]","og_url":"https:\/\/www.kleinegoehre.de\/scrap\/product\/plotterdatei-sprueche-konfirmation-heute-rosa-papiere\/","og_site_name":"kleine g\u00f6hr.e design","article_publisher":"https:\/\/www.facebook.com\/kleinegoehredesign\/","article_modified_time":"2023-02-17T09:50:20+00:00","og_image":[{"width":1067,"height":1115,"url":"https:\/\/www.kleinegoehre.de\/scrap\/wp-content\/uploads\/2019\/02\/Vorschau_Konfirmation-Jugendweihe-LR.jpg","type":"image\/jpeg"}],"twitter_card":"summary_large_image","twitter_misc":{"Gesch\u00e4tzte Lesezeit":"1\u00a0Minute"},"schema":{"@context":"https:\/\/schema.org","@graph":[{"@type":"WebPage","@id":"https:\/\/www.kleinegoehre.de\/scrap\/product\/plotterdatei-sprueche-konfirmation-heute-rosa-papiere\/","url":"https:\/\/www.kleinegoehre.de\/scrap\/product\/plotterdatei-sprueche-konfirmation-heute-rosa-papiere\/","name":"Plotterdatei \"Konfirmation \/ Jugendweihe Heute rosa\" + Papiere - kleine g\u00f6hr.e design","isPartOf":{"@id":"https:\/\/www.kleinegoehre.de\/scrap\/#website"},"primaryImageOfPage":{"@id":"https:\/\/www.kleinegoehre.de\/scrap\/product\/plotterdatei-sprueche-konfirmation-heute-rosa-papiere\/#primaryimage"},"image":{"@id":"https:\/\/www.kleinegoehre.de\/scrap\/product\/plotterdatei-sprueche-konfirmation-heute-rosa-papiere\/#primaryimage"},"thumbnailUrl":"https:\/\/www.kleinegoehre.de\/scrap\/wp-content\/uploads\/2019\/02\/Vorschau_Konfirmation-Jugendweihe-LR.jpg","datePublished":"2020-01-19T17:39:42+00:00","dateModified":"2023-02-17T09:50:20+00:00","breadcrumb":{"@id":"https:\/\/www.kleinegoehre.de\/scrap\/product\/plotterdatei-sprueche-konfirmation-heute-rosa-papiere\/#breadcrumb"},"inLanguage":"de","potentialAction":[{"@type":"ReadAction","target":["https:\/\/www.kleinegoehre.de\/scrap\/product\/plotterdatei-sprueche-konfirmation-heute-rosa-papiere\/"]}]},{"@type":"ImageObject","inLanguage":"de","@id":"https:\/\/www.kleinegoehre.de\/scrap\/product\/plotterdatei-sprueche-konfirmation-heute-rosa-papiere\/#primaryimage","url":"https:\/\/www.kleinegoehre.de\/scrap\/wp-content\/uploads\/2019\/02\/Vorschau_Konfirmation-Jugendweihe-LR.jpg","contentUrl":"https:\/\/www.kleinegoehre.de\/scrap\/wp-content\/uploads\/2019\/02\/Vorschau_Konfirmation-Jugendweihe-LR.jpg","width":1067,"height":1115},{"@type":"BreadcrumbList","@id":"https:\/\/www.kleinegoehre.de\/scrap\/product\/plotterdatei-sprueche-konfirmation-heute-rosa-papiere\/#breadcrumb","itemListElement":[{"@type":"ListItem","position":1,"name":"Startseite","item":"https:\/\/www.kleinegoehre.de\/scrap\/"},{"@type":"ListItem","position":2,"name":"Shop","item":"https:\/\/www.kleinegoehre.de\/scrap\/shop\/"},{"@type":"ListItem","position":3,"name":"Plotterdatei &#8220;Konfirmation \/ Jugendweihe Heute rosa&#8221; + Papiere"}]},{"@type":"WebSite","@id":"https:\/\/www.kleinegoehre.de\/scrap\/#website","url":"https:\/\/www.kleinegoehre.de\/scrap\/","name":"kleine g\u00f6hr.e design","description":"In unser Shop auf kleinegoehre.de findet ihr Plotterdateien zu vielen verschiedenen Themen. Dazu bieten wir euch eine riesen Auswahl an digitalen Papieren.","publisher":{"@id":"https:\/\/www.kleinegoehre.de\/scrap\/#organization"},"potentialAction":[{"@type":"SearchAction","target":{"@type":"EntryPoint","urlTemplate":"https:\/\/www.kleinegoehre.de\/scrap\/?s={search_term_string}"},"query-input":{"@type":"PropertyValueSpecification","valueRequired":true,"valueName":"search_term_string"}}],"inLanguage":"de"},{"@type":"Organization","@id":"https:\/\/www.kleinegoehre.de\/scrap\/#organization","name":"kleine g\u00f6hre design","url":"https:\/\/www.kleinegoehre.de\/scrap\/","logo":{"@type":"ImageObject","inLanguage":"de","@id":"https:\/\/www.kleinegoehre.de\/scrap\/#\/schema\/logo\/image\/","url":"https:\/\/www.kleinegoehre.de\/scrap\/wp-content\/uploads\/2018\/06\/14859829_1423290007698523_869036772071302726_o.jpg","contentUrl":"https:\/\/www.kleinegoehre.de\/scrap\/wp-content\/uploads\/2018\/06\/14859829_1423290007698523_869036772071302726_o.jpg","width":1181,"height":1181,"caption":"kleine g\u00f6hre design"},"image":{"@id":"https:\/\/www.kleinegoehre.de\/scrap\/#\/schema\/logo\/image\/"},"sameAs":["https:\/\/www.facebook.com\/kleinegoehredesign\/","https:\/\/www.youtube.com\/channel\/UCZa4qAhMHSp7-gsPt9Hoy2w"]}]}},"_links":{"self":[{"href":"https:\/\/www.kleinegoehre.de\/scrap\/wp-json\/wp\/v2\/product\/105516","targetHints":{"allow":["GET"]}}],"collection":[{"href":"https:\/\/www.kleinegoehre.de\/scrap\/wp-json\/wp\/v2\/product"}],"about":[{"href":"https:\/\/www.kleinegoehre.de\/scrap\/wp-json\/wp\/v2\/types\/product"}],"replies":[{"embeddable":true,"href":"https:\/\/www.kleinegoehre.de\/scrap\/wp-json\/wp\/v2\/comments?post=105516"}],"wp:featuredmedia":[{"embeddable":true,"href":"https:\/\/www.kleinegoehre.de\/scrap\/wp-json\/wp\/v2\/media\/105584"}],"wp:attachment":[{"href":"https:\/\/www.kleinegoehre.de\/scrap\/wp-json\/wp\/v2\/media?parent=105516"}],"wp:term":[{"taxonomy":"product_brand","embeddable":true,"href":"https:\/\/www.kleinegoehre.de\/scrap\/wp-json\/wp\/v2\/product_brand?post=105516"},{"taxonomy":"product_cat","embeddable":true,"href":"https:\/\/www.kleinegoehre.de\/scrap\/wp-json\/wp\/v2\/product_cat?post=105516"},{"taxonomy":"product_tag","embeddable":true,"href":"https:\/\/www.kleinegoehre.de\/scrap\/wp-json\/wp\/v2\/product_tag?post=105516"}],"curies":[{"name":"wp","href":"https:\/\/api.w.org\/{rel}","templated":true}]}}