{"id":100432,"date":"2019-01-04T10:35:37","date_gmt":"2019-01-04T09:35:37","guid":{"rendered":"https:\/\/www.kleinegoehre.de\/scrap\/?post_type=product&#038;p=100432"},"modified":"2019-01-04T12:07:19","modified_gmt":"2019-01-04T11:07:19","slug":"plotterdatei-sprueche-mach-es","status":"publish","type":"product","link":"https:\/\/www.kleinegoehre.de\/scrap\/product\/plotterdatei-sprueche-mach-es\/","title":{"rendered":"Plotterdatei &#8220;Spr\u00fcche Mach es&#8221;"},"content":{"rendered":"<p>Das neue Jahr hat begonnen und wir haben uns viel f\u00fcr das kommende Jahr vorgenommen. Damit wir auch am Ball bleiben, kommen die Spr\u00fcche Mach es genau richtig zur Motivation. Die Schrift eignet sich super f\u00fcr Taschen, T-Shirts oder auch als Aufdruck f\u00fcr Tassen, Motivationskarten, etc. Ihr d\u00fcrft wie immer plotten, drucken, applizieren, sublimieren und was euch noch so einf\u00e4llt! Also macht, was ihr wollt, aber macht es ??\u2764<\/p>\n<p>Die Elemente k\u00f6nnen\u00a0beliebig vergr\u00f6\u00dfert und verkleinert werden.<\/p>\n<p>Beim Kauf der Plotterdatei erh\u00e4ltst Du die Grafik in den Dateiformaten .DXF, .SVG, .PNG in einem .ZIP-Ordner verpackt. Die Dateiformate .DXF und .SVG kannst Du, je nach Plotter und Software, direkt in deinem Programm \u00f6ffnen.<\/p>\n","protected":false},"excerpt":{"rendered":"<p>Das neue Jahr hat begonnen und wir haben uns viel f\u00fcr das kommende Jahr vorgenommen. Damit wir auch am Ball bleiben, kommen die Spr\u00fcche Mach es genau richtig zur Motivation. Die Schrift eignet sich super f\u00fcr Taschen, T-Shirts oder auch als Aufdruck f\u00fcr Tassen, Motivationskarten, etc. Ihr d\u00fcrft wie immer plotten, drucken, applizieren, sublimieren und [&hellip;]<\/p>\n","protected":false},"featured_media":100435,"comment_status":"open","ping_status":"closed","template":"","meta":[],"product_brand":[],"product_cat":[13],"product_tag":[631,630,122,632],"class_list":{"0":"post-100432","1":"product","2":"type-product","3":"status-publish","4":"has-post-thumbnail","6":"product_cat-plotterdateien","7":"product_tag-ausrede","8":"product_tag-gute-vorsaetze","9":"product_tag-motivation","10":"product_tag-neujahr","12":"first","13":"instock","14":"taxable","15":"shipping-taxable","16":"purchasable","17":"product-type-variable","18":"has-default-attributes"},"yoast_head":"<!-- This site is optimized with the Yoast SEO plugin v26.4 - https:\/\/yoast.com\/wordpress\/plugins\/seo\/ -->\n<title>Plotterdatei &quot;Spr\u00fcche Mach es&quot; - kleine g\u00f6hr.e design<\/title>\n<meta name=\"robots\" content=\"index, follow, max-snippet:-1, max-image-preview:large, max-video-preview:-1\" \/>\n<link rel=\"canonical\" href=\"https:\/\/www.kleinegoehre.de\/scrap\/product\/plotterdatei-sprueche-mach-es\/\" \/>\n<meta property=\"og:locale\" content=\"de_DE\" \/>\n<meta property=\"og:type\" content=\"article\" \/>\n<meta property=\"og:title\" content=\"Plotterdatei &quot;Spr\u00fcche Mach es&quot; - kleine g\u00f6hr.e design\" \/>\n<meta property=\"og:description\" content=\"Das neue Jahr hat begonnen und wir haben uns viel f\u00fcr das kommende Jahr vorgenommen. Damit wir auch am Ball bleiben, kommen die Spr\u00fcche Mach es genau richtig zur Motivation. Die Schrift eignet sich super f\u00fcr Taschen, T-Shirts oder auch als Aufdruck f\u00fcr Tassen, Motivationskarten, etc. Ihr d\u00fcrft wie immer plotten, drucken, applizieren, sublimieren und [&hellip;]\" \/>\n<meta property=\"og:url\" content=\"https:\/\/www.kleinegoehre.de\/scrap\/product\/plotterdatei-sprueche-mach-es\/\" \/>\n<meta property=\"og:site_name\" content=\"kleine g\u00f6hr.e design\" \/>\n<meta property=\"article:publisher\" content=\"https:\/\/www.facebook.com\/kleinegoehredesign\/\" \/>\n<meta property=\"article:modified_time\" content=\"2019-01-04T11:07:19+00:00\" \/>\n<meta property=\"og:image\" content=\"https:\/\/www.kleinegoehre.de\/scrap\/wp-content\/uploads\/2019\/01\/Vorschau-Mach-es.jpg\" \/>\n\t<meta property=\"og:image:width\" content=\"800\" \/>\n\t<meta property=\"og:image:height\" content=\"836\" \/>\n\t<meta property=\"og:image:type\" content=\"image\/jpeg\" \/>\n<meta name=\"twitter:card\" content=\"summary_large_image\" \/>\n<meta name=\"twitter:label1\" content=\"Gesch\u00e4tzte Lesezeit\" \/>\n\t<meta name=\"twitter:data1\" content=\"1\u00a0Minute\" \/>\n<script type=\"application\/ld+json\" class=\"yoast-schema-graph\">{\"@context\":\"https:\/\/schema.org\",\"@graph\":[{\"@type\":\"WebPage\",\"@id\":\"https:\/\/www.kleinegoehre.de\/scrap\/product\/plotterdatei-sprueche-mach-es\/\",\"url\":\"https:\/\/www.kleinegoehre.de\/scrap\/product\/plotterdatei-sprueche-mach-es\/\",\"name\":\"Plotterdatei \\\"Spr\u00fcche Mach es\\\" - kleine g\u00f6hr.e design\",\"isPartOf\":{\"@id\":\"https:\/\/www.kleinegoehre.de\/scrap\/#website\"},\"primaryImageOfPage\":{\"@id\":\"https:\/\/www.kleinegoehre.de\/scrap\/product\/plotterdatei-sprueche-mach-es\/#primaryimage\"},\"image\":{\"@id\":\"https:\/\/www.kleinegoehre.de\/scrap\/product\/plotterdatei-sprueche-mach-es\/#primaryimage\"},\"thumbnailUrl\":\"https:\/\/www.kleinegoehre.de\/scrap\/wp-content\/uploads\/2019\/01\/Vorschau-Mach-es.jpg\",\"datePublished\":\"2019-01-04T09:35:37+00:00\",\"dateModified\":\"2019-01-04T11:07:19+00:00\",\"breadcrumb\":{\"@id\":\"https:\/\/www.kleinegoehre.de\/scrap\/product\/plotterdatei-sprueche-mach-es\/#breadcrumb\"},\"inLanguage\":\"de\",\"potentialAction\":[{\"@type\":\"ReadAction\",\"target\":[\"https:\/\/www.kleinegoehre.de\/scrap\/product\/plotterdatei-sprueche-mach-es\/\"]}]},{\"@type\":\"ImageObject\",\"inLanguage\":\"de\",\"@id\":\"https:\/\/www.kleinegoehre.de\/scrap\/product\/plotterdatei-sprueche-mach-es\/#primaryimage\",\"url\":\"https:\/\/www.kleinegoehre.de\/scrap\/wp-content\/uploads\/2019\/01\/Vorschau-Mach-es.jpg\",\"contentUrl\":\"https:\/\/www.kleinegoehre.de\/scrap\/wp-content\/uploads\/2019\/01\/Vorschau-Mach-es.jpg\",\"width\":800,\"height\":836},{\"@type\":\"BreadcrumbList\",\"@id\":\"https:\/\/www.kleinegoehre.de\/scrap\/product\/plotterdatei-sprueche-mach-es\/#breadcrumb\",\"itemListElement\":[{\"@type\":\"ListItem\",\"position\":1,\"name\":\"Startseite\",\"item\":\"https:\/\/www.kleinegoehre.de\/scrap\/\"},{\"@type\":\"ListItem\",\"position\":2,\"name\":\"Shop\",\"item\":\"https:\/\/www.kleinegoehre.de\/scrap\/shop\/\"},{\"@type\":\"ListItem\",\"position\":3,\"name\":\"Plotterdatei &#8220;Spr\u00fcche Mach es&#8221;\"}]},{\"@type\":\"WebSite\",\"@id\":\"https:\/\/www.kleinegoehre.de\/scrap\/#website\",\"url\":\"https:\/\/www.kleinegoehre.de\/scrap\/\",\"name\":\"kleine g\u00f6hr.e design\",\"description\":\"In unser Shop auf kleinegoehre.de findet ihr Plotterdateien zu vielen verschiedenen Themen. Dazu bieten wir euch eine riesen Auswahl an digitalen Papieren.\",\"publisher\":{\"@id\":\"https:\/\/www.kleinegoehre.de\/scrap\/#organization\"},\"potentialAction\":[{\"@type\":\"SearchAction\",\"target\":{\"@type\":\"EntryPoint\",\"urlTemplate\":\"https:\/\/www.kleinegoehre.de\/scrap\/?s={search_term_string}\"},\"query-input\":{\"@type\":\"PropertyValueSpecification\",\"valueRequired\":true,\"valueName\":\"search_term_string\"}}],\"inLanguage\":\"de\"},{\"@type\":\"Organization\",\"@id\":\"https:\/\/www.kleinegoehre.de\/scrap\/#organization\",\"name\":\"kleine g\u00f6hre design\",\"url\":\"https:\/\/www.kleinegoehre.de\/scrap\/\",\"logo\":{\"@type\":\"ImageObject\",\"inLanguage\":\"de\",\"@id\":\"https:\/\/www.kleinegoehre.de\/scrap\/#\/schema\/logo\/image\/\",\"url\":\"https:\/\/www.kleinegoehre.de\/scrap\/wp-content\/uploads\/2018\/06\/14859829_1423290007698523_869036772071302726_o.jpg\",\"contentUrl\":\"https:\/\/www.kleinegoehre.de\/scrap\/wp-content\/uploads\/2018\/06\/14859829_1423290007698523_869036772071302726_o.jpg\",\"width\":1181,\"height\":1181,\"caption\":\"kleine g\u00f6hre design\"},\"image\":{\"@id\":\"https:\/\/www.kleinegoehre.de\/scrap\/#\/schema\/logo\/image\/\"},\"sameAs\":[\"https:\/\/www.facebook.com\/kleinegoehredesign\/\",\"https:\/\/www.youtube.com\/channel\/UCZa4qAhMHSp7-gsPt9Hoy2w\"]}]}<\/script>\n<!-- \/ Yoast SEO plugin. -->","yoast_head_json":{"title":"Plotterdatei \"Spr\u00fcche Mach es\" - kleine g\u00f6hr.e design","robots":{"index":"index","follow":"follow","max-snippet":"max-snippet:-1","max-image-preview":"max-image-preview:large","max-video-preview":"max-video-preview:-1"},"canonical":"https:\/\/www.kleinegoehre.de\/scrap\/product\/plotterdatei-sprueche-mach-es\/","og_locale":"de_DE","og_type":"article","og_title":"Plotterdatei \"Spr\u00fcche Mach es\" - kleine g\u00f6hr.e design","og_description":"Das neue Jahr hat begonnen und wir haben uns viel f\u00fcr das kommende Jahr vorgenommen. Damit wir auch am Ball bleiben, kommen die Spr\u00fcche Mach es genau richtig zur Motivation. Die Schrift eignet sich super f\u00fcr Taschen, T-Shirts oder auch als Aufdruck f\u00fcr Tassen, Motivationskarten, etc. Ihr d\u00fcrft wie immer plotten, drucken, applizieren, sublimieren und [&hellip;]","og_url":"https:\/\/www.kleinegoehre.de\/scrap\/product\/plotterdatei-sprueche-mach-es\/","og_site_name":"kleine g\u00f6hr.e design","article_publisher":"https:\/\/www.facebook.com\/kleinegoehredesign\/","article_modified_time":"2019-01-04T11:07:19+00:00","og_image":[{"width":800,"height":836,"url":"https:\/\/www.kleinegoehre.de\/scrap\/wp-content\/uploads\/2019\/01\/Vorschau-Mach-es.jpg","type":"image\/jpeg"}],"twitter_card":"summary_large_image","twitter_misc":{"Gesch\u00e4tzte Lesezeit":"1\u00a0Minute"},"schema":{"@context":"https:\/\/schema.org","@graph":[{"@type":"WebPage","@id":"https:\/\/www.kleinegoehre.de\/scrap\/product\/plotterdatei-sprueche-mach-es\/","url":"https:\/\/www.kleinegoehre.de\/scrap\/product\/plotterdatei-sprueche-mach-es\/","name":"Plotterdatei \"Spr\u00fcche Mach es\" - kleine g\u00f6hr.e design","isPartOf":{"@id":"https:\/\/www.kleinegoehre.de\/scrap\/#website"},"primaryImageOfPage":{"@id":"https:\/\/www.kleinegoehre.de\/scrap\/product\/plotterdatei-sprueche-mach-es\/#primaryimage"},"image":{"@id":"https:\/\/www.kleinegoehre.de\/scrap\/product\/plotterdatei-sprueche-mach-es\/#primaryimage"},"thumbnailUrl":"https:\/\/www.kleinegoehre.de\/scrap\/wp-content\/uploads\/2019\/01\/Vorschau-Mach-es.jpg","datePublished":"2019-01-04T09:35:37+00:00","dateModified":"2019-01-04T11:07:19+00:00","breadcrumb":{"@id":"https:\/\/www.kleinegoehre.de\/scrap\/product\/plotterdatei-sprueche-mach-es\/#breadcrumb"},"inLanguage":"de","potentialAction":[{"@type":"ReadAction","target":["https:\/\/www.kleinegoehre.de\/scrap\/product\/plotterdatei-sprueche-mach-es\/"]}]},{"@type":"ImageObject","inLanguage":"de","@id":"https:\/\/www.kleinegoehre.de\/scrap\/product\/plotterdatei-sprueche-mach-es\/#primaryimage","url":"https:\/\/www.kleinegoehre.de\/scrap\/wp-content\/uploads\/2019\/01\/Vorschau-Mach-es.jpg","contentUrl":"https:\/\/www.kleinegoehre.de\/scrap\/wp-content\/uploads\/2019\/01\/Vorschau-Mach-es.jpg","width":800,"height":836},{"@type":"BreadcrumbList","@id":"https:\/\/www.kleinegoehre.de\/scrap\/product\/plotterdatei-sprueche-mach-es\/#breadcrumb","itemListElement":[{"@type":"ListItem","position":1,"name":"Startseite","item":"https:\/\/www.kleinegoehre.de\/scrap\/"},{"@type":"ListItem","position":2,"name":"Shop","item":"https:\/\/www.kleinegoehre.de\/scrap\/shop\/"},{"@type":"ListItem","position":3,"name":"Plotterdatei &#8220;Spr\u00fcche Mach es&#8221;"}]},{"@type":"WebSite","@id":"https:\/\/www.kleinegoehre.de\/scrap\/#website","url":"https:\/\/www.kleinegoehre.de\/scrap\/","name":"kleine g\u00f6hr.e design","description":"In unser Shop auf kleinegoehre.de findet ihr Plotterdateien zu vielen verschiedenen Themen. Dazu bieten wir euch eine riesen Auswahl an digitalen Papieren.","publisher":{"@id":"https:\/\/www.kleinegoehre.de\/scrap\/#organization"},"potentialAction":[{"@type":"SearchAction","target":{"@type":"EntryPoint","urlTemplate":"https:\/\/www.kleinegoehre.de\/scrap\/?s={search_term_string}"},"query-input":{"@type":"PropertyValueSpecification","valueRequired":true,"valueName":"search_term_string"}}],"inLanguage":"de"},{"@type":"Organization","@id":"https:\/\/www.kleinegoehre.de\/scrap\/#organization","name":"kleine g\u00f6hre design","url":"https:\/\/www.kleinegoehre.de\/scrap\/","logo":{"@type":"ImageObject","inLanguage":"de","@id":"https:\/\/www.kleinegoehre.de\/scrap\/#\/schema\/logo\/image\/","url":"https:\/\/www.kleinegoehre.de\/scrap\/wp-content\/uploads\/2018\/06\/14859829_1423290007698523_869036772071302726_o.jpg","contentUrl":"https:\/\/www.kleinegoehre.de\/scrap\/wp-content\/uploads\/2018\/06\/14859829_1423290007698523_869036772071302726_o.jpg","width":1181,"height":1181,"caption":"kleine g\u00f6hre design"},"image":{"@id":"https:\/\/www.kleinegoehre.de\/scrap\/#\/schema\/logo\/image\/"},"sameAs":["https:\/\/www.facebook.com\/kleinegoehredesign\/","https:\/\/www.youtube.com\/channel\/UCZa4qAhMHSp7-gsPt9Hoy2w"]}]}},"_links":{"self":[{"href":"https:\/\/www.kleinegoehre.de\/scrap\/wp-json\/wp\/v2\/product\/100432","targetHints":{"allow":["GET"]}}],"collection":[{"href":"https:\/\/www.kleinegoehre.de\/scrap\/wp-json\/wp\/v2\/product"}],"about":[{"href":"https:\/\/www.kleinegoehre.de\/scrap\/wp-json\/wp\/v2\/types\/product"}],"replies":[{"embeddable":true,"href":"https:\/\/www.kleinegoehre.de\/scrap\/wp-json\/wp\/v2\/comments?post=100432"}],"wp:featuredmedia":[{"embeddable":true,"href":"https:\/\/www.kleinegoehre.de\/scrap\/wp-json\/wp\/v2\/media\/100435"}],"wp:attachment":[{"href":"https:\/\/www.kleinegoehre.de\/scrap\/wp-json\/wp\/v2\/media?parent=100432"}],"wp:term":[{"taxonomy":"product_brand","embeddable":true,"href":"https:\/\/www.kleinegoehre.de\/scrap\/wp-json\/wp\/v2\/product_brand?post=100432"},{"taxonomy":"product_cat","embeddable":true,"href":"https:\/\/www.kleinegoehre.de\/scrap\/wp-json\/wp\/v2\/product_cat?post=100432"},{"taxonomy":"product_tag","embeddable":true,"href":"https:\/\/www.kleinegoehre.de\/scrap\/wp-json\/wp\/v2\/product_tag?post=100432"}],"curies":[{"name":"wp","href":"https:\/\/api.w.org\/{rel}","templated":true}]}}