{"id":7588,"date":"2015-08-10T08:27:34","date_gmt":"2015-08-10T06:27:34","guid":{"rendered":"http:\/\/www.kleinegoehre.de\/scrap\/?page_id=7588"},"modified":"2025-01-16T20:23:39","modified_gmt":"2025-01-16T19:23:39","slug":"lizenzbedingungen","status":"publish","type":"page","link":"https:\/\/www.kleinegoehre.de\/scrap\/lizenzbedingungen\/","title":{"rendered":"Lizenzinformation"},"content":{"rendered":"<div class=\"small-12 column\">\n<div class=\"small-12 column\"><\/div>\n<\/div>\n<h1><span style=\"color: #c40009;\">Lizenzbedingungen<\/span><\/h1>\n<h2><span style=\"color: #c40009;\">Lizenz privat<\/span><\/h2>\n<p><span style=\"color: #000000;\">Diese Lizenz erlaubt eine unbegrenzte Nutzung der Vorlagen zur Erstellung von<br \/>\nProdukten f\u00fcr den privaten Gebrauch. Eine Ver\u00e4u\u00dferung dieser Produkte ist nicht gestattet. Alle Rechte am Design bleiben unver\u00e4ndert bei \u201ekleinegoehre.de\u201c &#8211; vertreten durch Ingmar G\u00f6hr. Das Kopieren, Weitergeben und Ver\u00e4u\u00dfern der Daten oder Teilen davon ist nicht gestattet.<\/span><\/p>\n<h2><span style=\"color: #c40009;\">Lizenz kleingewerblich<\/span><\/h2>\n<div>\n<p>Diese Lizenz erlaubt eine Nutzung der Vorlagen zur Erstellung von Produkten f\u00fcr den gewerblichen Gebrauch, einschlie\u00dflich der Nutzung zu Werbezwecken. Es ist ausdr\u00fccklich erlaubt gefertigte Einzelst\u00fccke zu ver\u00e4u\u00dfern. Ab einer verkauften Menge von 25 aus den gleichen Ausgangsdaten, muss eine weitere Lizenz erworben werden oder es bedarf einer schriftlichen Genehmigung. Pro Lizenz d\u00fcrfen also 25 Produkte erstellt werden. Zus\u00e4tzlich darf ein identisches Endprodukt insgesamt, ohne zus\u00e4tzliche Genehmigung durch uns, nur 100 Mal gefertigt werden. Eine industrielle Fertigung und Massenproduktion ist somit ausdr\u00fccklich untersagt. Alle Rechte am Design bleiben unver\u00e4ndert bei \u201ekleinegoehre.de\u201c \u2013 vertreten durch Ingmar G\u00f6hr.<\/p>\n<p>Das Kopieren, Weitergeben und Ver\u00e4u\u00dfern der Daten oder Teilen davon ist nicht gestattet. Der Verkauf von B\u00fcgelbildern, Stoffen, Wandtattoos, Aufklebern, Stempeln und vergleichbaren Produkten ist nicht gestattet. Die Nutzung der Daten zu Werbezwecken (z.B. in Katalogen, Flyern auf Social Media oder Websites) z\u00e4hlt ebenfalls als gewerbliche Nutzung und ist nur im Rahmen dieser Lizenz gestattet. Der Lizenznehmer muss bei der Erstellung von Waren sicherstellen, dass kein markenrechtlicher Schutz durch Dritte f\u00fcr die erstellten Waren besteht.<\/p>\n<\/div>\n<h2><span style=\"color: #c40009;\">Projektlizenz<\/span><\/h2>\n<p>Diese Lizenz erlaubt eine Nutzung der Vorlagen zur Erstellung von Produkten f\u00fcr den gewerblichen Gebrauch. Die Nutzung beschr\u00e4nkt sich auf ein Projekt\u00a0f\u00fcr <strong>EINEN<\/strong> privaten Kunden. Die Menge ist dabei nicht limitiert. Eine industrielle Fertigung und Massenproduktion ist somit ausdr\u00fccklich untersagt. Alle Rechte am Design bleiben unver\u00e4ndert bei \u201ekleinegoehre.de\u201c &#8211; vertreten durch Ingmar G\u00f6hr.<br \/>\nDas Kopieren, Weitergeben und Ver\u00e4u\u00dfern der Daten oder Teilen davon ist nicht gestattet. Das Erstellen von B\u00fcgelbildern, Stoffen, Wandtattoos, Aufklebern etc. ist nicht gestattet.\u00a0Der Lizenznehmer muss bei der Erstellung von Waren sicherstellen, das kein markenrechtlicher Schutz durch Dritte f\u00fcr die erstellten Waren besteht.<\/p>\n<h2><span style=\"color: #c40009;\">Stempellizenz<\/span><\/h2>\n<div>\n<p>Mit einer Stempellizenz ist es gestattet <strong>einen<\/strong> Stempel von &#8220;Nakno &#8211; Handwerk aus Leidenschaft&#8221; im gewerblichen Rahmen dauerhaft einzusetzen. F\u00fcr jeden gewerblich genutzten Stempel wird eine eigene Stempellizenz ben\u00f6tigt. Der Verkauf von Stempeln ist nicht gestattet.<\/p>\n<p>Sollte keine besondere Lizenzform ausgewiesen sein, handelt es ich immer um eine Privatlizenz. Dies gilt sowohl f\u00fcr k\u00e4uflich erworbene Dateien als auch f\u00fcr Freebies.<\/p>\n<\/div>\n<h2><span style=\"color: #c40009;\">Weitergabe von Bildmaterial zu Werbezwecken<\/span><\/h2>\n<p>Die Weitergabe von Produkten oder Produktbildern an Dritte zu Werbezwecken ist ausschlie\u00dflich mit vorheriger schriftlicher Genehmigung durch kleinegoehre.de zul\u00e4ssig. Dies gilt unabh\u00e4ngig von der Art der erworbenen Lizenz, einschlie\u00dflich der F\u00e4lle, in denen die Bilder im Rahmen eines Probeplottens an Dritte weitergegeben werden.<\/p>\n<p>Bei Fragen zu den Lizenzen melde dich einfach unter<br \/>\n<a href=\"mailto:info@kleinegoehre.de\">support@kleinegoehre.de<\/a><\/p>\n<p>Stand: 01.01.2025<\/p>\n","protected":false},"excerpt":{"rendered":"<p>Lizenzbedingungen Lizenz privat Diese Lizenz erlaubt eine unbegrenzte Nutzung der Vorlagen zur Erstellung von Produkten f\u00fcr den privaten Gebrauch. Eine Ver\u00e4u\u00dferung dieser Produkte ist nicht gestattet. Alle Rechte am Design bleiben unver\u00e4ndert bei \u201ekleinegoehre.de\u201c &#8211; vertreten durch Ingmar G\u00f6hr. Das Kopieren, Weitergeben und Ver\u00e4u\u00dfern der Daten oder Teilen davon ist nicht gestattet. Lizenz kleingewerblich Diese [&hellip;]<\/p>\n","protected":false},"author":1,"featured_media":0,"parent":0,"menu_order":0,"comment_status":"closed","ping_status":"closed","template":"","meta":{"footnotes":""},"class_list":["post-7588","page","type-page","status-publish","hentry"],"yoast_head":"<!-- This site is optimized with the Yoast SEO plugin v26.4 - https:\/\/yoast.com\/wordpress\/plugins\/seo\/ -->\n<title>Lizenzinformation - kleine g\u00f6hr.e design<\/title>\n<meta name=\"robots\" content=\"index, follow, max-snippet:-1, max-image-preview:large, max-video-preview:-1\" \/>\n<link rel=\"canonical\" href=\"https:\/\/www.kleinegoehre.de\/scrap\/lizenzbedingungen\/\" \/>\n<meta property=\"og:locale\" content=\"de_DE\" \/>\n<meta property=\"og:type\" content=\"article\" \/>\n<meta property=\"og:title\" content=\"Lizenzinformation - kleine g\u00f6hr.e design\" \/>\n<meta property=\"og:description\" content=\"Lizenzbedingungen Lizenz privat Diese Lizenz erlaubt eine unbegrenzte Nutzung der Vorlagen zur Erstellung von Produkten f\u00fcr den privaten Gebrauch. Eine Ver\u00e4u\u00dferung dieser Produkte ist nicht gestattet. Alle Rechte am Design bleiben unver\u00e4ndert bei \u201ekleinegoehre.de\u201c &#8211; vertreten durch Ingmar G\u00f6hr. Das Kopieren, Weitergeben und Ver\u00e4u\u00dfern der Daten oder Teilen davon ist nicht gestattet. Lizenz kleingewerblich Diese [&hellip;]\" \/>\n<meta property=\"og:url\" content=\"https:\/\/www.kleinegoehre.de\/scrap\/lizenzbedingungen\/\" \/>\n<meta property=\"og:site_name\" content=\"kleine g\u00f6hr.e design\" \/>\n<meta property=\"article:publisher\" content=\"https:\/\/www.facebook.com\/kleinegoehredesign\/\" \/>\n<meta property=\"article:modified_time\" content=\"2025-01-16T19:23:39+00:00\" \/>\n<meta name=\"twitter:card\" content=\"summary_large_image\" \/>\n<meta name=\"twitter:label1\" content=\"Gesch\u00e4tzte Lesezeit\" \/>\n\t<meta name=\"twitter:data1\" content=\"3\u00a0Minuten\" \/>\n<script type=\"application\/ld+json\" class=\"yoast-schema-graph\">{\"@context\":\"https:\/\/schema.org\",\"@graph\":[{\"@type\":\"WebPage\",\"@id\":\"https:\/\/www.kleinegoehre.de\/scrap\/lizenzbedingungen\/\",\"url\":\"https:\/\/www.kleinegoehre.de\/scrap\/lizenzbedingungen\/\",\"name\":\"Lizenzinformation - kleine g\u00f6hr.e design\",\"isPartOf\":{\"@id\":\"https:\/\/www.kleinegoehre.de\/scrap\/#website\"},\"datePublished\":\"2015-08-10T06:27:34+00:00\",\"dateModified\":\"2025-01-16T19:23:39+00:00\",\"breadcrumb\":{\"@id\":\"https:\/\/www.kleinegoehre.de\/scrap\/lizenzbedingungen\/#breadcrumb\"},\"inLanguage\":\"de\",\"potentialAction\":[{\"@type\":\"ReadAction\",\"target\":[\"https:\/\/www.kleinegoehre.de\/scrap\/lizenzbedingungen\/\"]}]},{\"@type\":\"BreadcrumbList\",\"@id\":\"https:\/\/www.kleinegoehre.de\/scrap\/lizenzbedingungen\/#breadcrumb\",\"itemListElement\":[{\"@type\":\"ListItem\",\"position\":1,\"name\":\"Startseite\",\"item\":\"https:\/\/www.kleinegoehre.de\/scrap\/\"},{\"@type\":\"ListItem\",\"position\":2,\"name\":\"Lizenzinformation\"}]},{\"@type\":\"WebSite\",\"@id\":\"https:\/\/www.kleinegoehre.de\/scrap\/#website\",\"url\":\"https:\/\/www.kleinegoehre.de\/scrap\/\",\"name\":\"kleine g\u00f6hr.e design\",\"description\":\"In unser Shop auf kleinegoehre.de findet ihr Plotterdateien zu vielen verschiedenen Themen. Dazu bieten wir euch eine riesen Auswahl an digitalen Papieren.\",\"publisher\":{\"@id\":\"https:\/\/www.kleinegoehre.de\/scrap\/#organization\"},\"potentialAction\":[{\"@type\":\"SearchAction\",\"target\":{\"@type\":\"EntryPoint\",\"urlTemplate\":\"https:\/\/www.kleinegoehre.de\/scrap\/?s={search_term_string}\"},\"query-input\":{\"@type\":\"PropertyValueSpecification\",\"valueRequired\":true,\"valueName\":\"search_term_string\"}}],\"inLanguage\":\"de\"},{\"@type\":\"Organization\",\"@id\":\"https:\/\/www.kleinegoehre.de\/scrap\/#organization\",\"name\":\"kleine g\u00f6hre design\",\"url\":\"https:\/\/www.kleinegoehre.de\/scrap\/\",\"logo\":{\"@type\":\"ImageObject\",\"inLanguage\":\"de\",\"@id\":\"https:\/\/www.kleinegoehre.de\/scrap\/#\/schema\/logo\/image\/\",\"url\":\"https:\/\/www.kleinegoehre.de\/scrap\/wp-content\/uploads\/2018\/06\/14859829_1423290007698523_869036772071302726_o.jpg\",\"contentUrl\":\"https:\/\/www.kleinegoehre.de\/scrap\/wp-content\/uploads\/2018\/06\/14859829_1423290007698523_869036772071302726_o.jpg\",\"width\":1181,\"height\":1181,\"caption\":\"kleine g\u00f6hre design\"},\"image\":{\"@id\":\"https:\/\/www.kleinegoehre.de\/scrap\/#\/schema\/logo\/image\/\"},\"sameAs\":[\"https:\/\/www.facebook.com\/kleinegoehredesign\/\",\"https:\/\/www.youtube.com\/channel\/UCZa4qAhMHSp7-gsPt9Hoy2w\"]}]}<\/script>\n<!-- \/ Yoast SEO plugin. -->","yoast_head_json":{"title":"Lizenzinformation - kleine g\u00f6hr.e design","robots":{"index":"index","follow":"follow","max-snippet":"max-snippet:-1","max-image-preview":"max-image-preview:large","max-video-preview":"max-video-preview:-1"},"canonical":"https:\/\/www.kleinegoehre.de\/scrap\/lizenzbedingungen\/","og_locale":"de_DE","og_type":"article","og_title":"Lizenzinformation - kleine g\u00f6hr.e design","og_description":"Lizenzbedingungen Lizenz privat Diese Lizenz erlaubt eine unbegrenzte Nutzung der Vorlagen zur Erstellung von Produkten f\u00fcr den privaten Gebrauch. Eine Ver\u00e4u\u00dferung dieser Produkte ist nicht gestattet. Alle Rechte am Design bleiben unver\u00e4ndert bei \u201ekleinegoehre.de\u201c &#8211; vertreten durch Ingmar G\u00f6hr. Das Kopieren, Weitergeben und Ver\u00e4u\u00dfern der Daten oder Teilen davon ist nicht gestattet. Lizenz kleingewerblich Diese [&hellip;]","og_url":"https:\/\/www.kleinegoehre.de\/scrap\/lizenzbedingungen\/","og_site_name":"kleine g\u00f6hr.e design","article_publisher":"https:\/\/www.facebook.com\/kleinegoehredesign\/","article_modified_time":"2025-01-16T19:23:39+00:00","twitter_card":"summary_large_image","twitter_misc":{"Gesch\u00e4tzte Lesezeit":"3\u00a0Minuten"},"schema":{"@context":"https:\/\/schema.org","@graph":[{"@type":"WebPage","@id":"https:\/\/www.kleinegoehre.de\/scrap\/lizenzbedingungen\/","url":"https:\/\/www.kleinegoehre.de\/scrap\/lizenzbedingungen\/","name":"Lizenzinformation - kleine g\u00f6hr.e design","isPartOf":{"@id":"https:\/\/www.kleinegoehre.de\/scrap\/#website"},"datePublished":"2015-08-10T06:27:34+00:00","dateModified":"2025-01-16T19:23:39+00:00","breadcrumb":{"@id":"https:\/\/www.kleinegoehre.de\/scrap\/lizenzbedingungen\/#breadcrumb"},"inLanguage":"de","potentialAction":[{"@type":"ReadAction","target":["https:\/\/www.kleinegoehre.de\/scrap\/lizenzbedingungen\/"]}]},{"@type":"BreadcrumbList","@id":"https:\/\/www.kleinegoehre.de\/scrap\/lizenzbedingungen\/#breadcrumb","itemListElement":[{"@type":"ListItem","position":1,"name":"Startseite","item":"https:\/\/www.kleinegoehre.de\/scrap\/"},{"@type":"ListItem","position":2,"name":"Lizenzinformation"}]},{"@type":"WebSite","@id":"https:\/\/www.kleinegoehre.de\/scrap\/#website","url":"https:\/\/www.kleinegoehre.de\/scrap\/","name":"kleine g\u00f6hr.e design","description":"In unser Shop auf kleinegoehre.de findet ihr Plotterdateien zu vielen verschiedenen Themen. Dazu bieten wir euch eine riesen Auswahl an digitalen Papieren.","publisher":{"@id":"https:\/\/www.kleinegoehre.de\/scrap\/#organization"},"potentialAction":[{"@type":"SearchAction","target":{"@type":"EntryPoint","urlTemplate":"https:\/\/www.kleinegoehre.de\/scrap\/?s={search_term_string}"},"query-input":{"@type":"PropertyValueSpecification","valueRequired":true,"valueName":"search_term_string"}}],"inLanguage":"de"},{"@type":"Organization","@id":"https:\/\/www.kleinegoehre.de\/scrap\/#organization","name":"kleine g\u00f6hre design","url":"https:\/\/www.kleinegoehre.de\/scrap\/","logo":{"@type":"ImageObject","inLanguage":"de","@id":"https:\/\/www.kleinegoehre.de\/scrap\/#\/schema\/logo\/image\/","url":"https:\/\/www.kleinegoehre.de\/scrap\/wp-content\/uploads\/2018\/06\/14859829_1423290007698523_869036772071302726_o.jpg","contentUrl":"https:\/\/www.kleinegoehre.de\/scrap\/wp-content\/uploads\/2018\/06\/14859829_1423290007698523_869036772071302726_o.jpg","width":1181,"height":1181,"caption":"kleine g\u00f6hre design"},"image":{"@id":"https:\/\/www.kleinegoehre.de\/scrap\/#\/schema\/logo\/image\/"},"sameAs":["https:\/\/www.facebook.com\/kleinegoehredesign\/","https:\/\/www.youtube.com\/channel\/UCZa4qAhMHSp7-gsPt9Hoy2w"]}]}},"_links":{"self":[{"href":"https:\/\/www.kleinegoehre.de\/scrap\/wp-json\/wp\/v2\/pages\/7588","targetHints":{"allow":["GET"]}}],"collection":[{"href":"https:\/\/www.kleinegoehre.de\/scrap\/wp-json\/wp\/v2\/pages"}],"about":[{"href":"https:\/\/www.kleinegoehre.de\/scrap\/wp-json\/wp\/v2\/types\/page"}],"author":[{"embeddable":true,"href":"https:\/\/www.kleinegoehre.de\/scrap\/wp-json\/wp\/v2\/users\/1"}],"replies":[{"embeddable":true,"href":"https:\/\/www.kleinegoehre.de\/scrap\/wp-json\/wp\/v2\/comments?post=7588"}],"version-history":[{"count":24,"href":"https:\/\/www.kleinegoehre.de\/scrap\/wp-json\/wp\/v2\/pages\/7588\/revisions"}],"predecessor-version":[{"id":414143,"href":"https:\/\/www.kleinegoehre.de\/scrap\/wp-json\/wp\/v2\/pages\/7588\/revisions\/414143"}],"wp:attachment":[{"href":"https:\/\/www.kleinegoehre.de\/scrap\/wp-json\/wp\/v2\/media?parent=7588"}],"curies":[{"name":"wp","href":"https:\/\/api.w.org\/{rel}","templated":true}]}}