{"id":62762,"date":"2017-11-30T15:22:23","date_gmt":"2017-11-30T14:22:23","guid":{"rendered":"https:\/\/www.kleinegoehre.de\/scrap\/allgemeine_geschaeftsbedingungen\/"},"modified":"2017-11-30T15:23:45","modified_gmt":"2017-11-30T14:23:45","slug":"allgemeine_geschaeftsbedingungen","status":"publish","type":"page","link":"https:\/\/www.kleinegoehre.de\/scrap\/allgemeine_geschaeftsbedingungen\/","title":{"rendered":"Allgemeine Gesch\u00e4ftsbedingungen"},"content":{"rendered":"<h1><span style=\"color: #c40009;\"><strong>Allgemeine Gesch\u00e4ftsbedingungen mit Kundeninformationen<\/strong><\/span><\/h1>\n<p>1. Geltungsbereich<br \/>\n2. Angebote und Leistungsbeschreibungen<br \/>\n3. Bestellvorgang und Vertragsabschluss<br \/>\n4. Preise und Versandkosten<br \/>\n5. Lieferung, Warenverf\u00fcgbarkeit<br \/>\n6. Zahlungsmodalit\u00e4ten<br \/>\n7. Eigentumsvorbehalt<br \/>\n8. Sachm\u00e4ngelgew\u00e4hrleistung und Garantie<br \/>\n9. Haftung<br \/>\n10. Speicherung des Vertragstextes<br \/>\n11. Lizenzbedingungen<br \/>\n12. Gerichtsstand, Anwendbares Recht, Vertragssprache<\/p>\n<p><em>1. Geltungsbereich<\/em><br \/>\n1.1. F\u00fcr die Gesch\u00e4ftsbeziehung zwischen kleineg\u00f6hre, Inhaber: Ingmar G\u00f6hr Wielandstr. 150, 59077 Hamm (nachfolgend \u201eVerk\u00e4ufer\u201c) und dem Kunden (nachfolgend \u201eKunde\u201c) gelten ausschlie\u00dflich die nachfolgenden Allgemeinen Gesch\u00e4ftsbedingungen in ihrer zum Zeitpunkt der Bestellung g\u00fcltigen Fassung.<br \/>\n1.2. Sie erreichen unseren Kundendienst f\u00fcr Fragen, Reklamationen und Beanstandungen per E-Mail unter info@kleinegoehre.de.<br \/>\n1.3. Verbraucher im Sinne dieser AGB ist jede nat\u00fcrliche Person, die ein Rechtsgesch\u00e4ft zu einem Zwecke abschlie\u00dft, der \u00fcberwiegend weder ihrer gewerblichen noch ihrer selbstst\u00e4ndigen beruflichen T\u00e4tigkeit zugerechnet werden kann (\u00a7 13 BGB).<br \/>\n1.4. Abweichende Bedingungen des Kunden werden nicht anerkannt, es sei denn, der Verk\u00e4ufer stimmt ihrer Geltung ausdr\u00fccklich zu.<\/p>\n<p><em>2. Angebote und Leistungsbeschreibungen<\/em><br \/>\n2.1.Die Darstellung des Sortiments von kleinegoehre.de stellt kein Angebot i.S.d. \u00a7\u00a7 145 ff BGB dar, sondern eine unverbindliche Aufforderung an den Kunden die digitalen Inhalte (im Folgenden: Downloads) zu bestellen. Leistungsbeschreibungen in Katalogen sowie auf den Websites des Verk\u00e4ufers haben nicht den Charakter einer Zusicherung oder Garantie.<\/p>\n<p><em>3. Bestellvorgang und Vertragsabschluss<\/em><br \/>\n3.1. Der Kunde kann aus dem Sortiment des Verk\u00e4ufers Produkte unverbindlich ausw\u00e4hlen und diese \u00fcber die Schaltfl\u00e4che &#8220;in den Warenkorb&#8221; in einem so genannten Warenkorb sammeln. Innerhalb des Warenkorbes kann die Produktauswahl ver\u00e4ndert, z.B. gel\u00f6scht werden. Anschlie\u00dfend kann der Kunde innerhalb des Warenkorbs \u00fcber die Schaltfl\u00e4che &#8220;Weiter zur Kasse&#8221; zum Abschluss des Bestellvorgangs schreiten.<br \/>\n3.2. \u00dcber die Schaltfl\u00e4che\u00a0&#8220;Jetzt Kaufen&#8221; gibt der Kunde einen verbindlichen Antrag zum Kauf der im Warenkorb befindlichen Waren ab. Vor Abschicken der Bestellung kann der Kunde die Daten jederzeit \u00e4ndern und einsehen sowie mithilfe der Browserfunktion &#8220;zur\u00fcck&#8221; zum Warenkorb zur\u00fcckgehen oder den Bestellvorgang insgesamt abbrechen. Notwendige Angaben sind mit einem Sternchen (*) gekennzeichnet.<br \/>\n3.3. Der Verk\u00e4ufer schickt daraufhin dem Kunden eine automatische Empfangsbest\u00e4tigung per E-Mail zu, in welcher die Bestellung des Kunden nochmals aufgef\u00fchrt wird und die der Kunde \u00fcber die Funktion \u201eDrucken\u201c ausdrucken kann (Bestellbest\u00e4tigung). Die automatische Empfangsbest\u00e4tigung dokumentiert lediglich, dass die Bestellung des Kunden beim Verk\u00e4ufer eingegangen ist und stellt keine Annahme des Antrags dar. Der Kaufvertrag kommt erst dann zustande, wenn der Verk\u00e4ufer das bestellte Produkt innerhalb von 2 Tagen an den Kunden versendet, \u00fcbergeben oder den Versand an den Kunden innerhalb von 2 Tagen mit einer zweiten E-Mail, ausdr\u00fccklicher Auftragsbest\u00e4tigung oder Zusendung der Rechnung best\u00e4tigt hat.<br \/>\n3.4. Sollte der Verk\u00e4ufer eine Vorkassezahlung erm\u00f6glichen, kommt der Vertrag mit der Bereitstellung der Bankdaten und Zahlungsaufforderung zustande. Wenn die Zahlung trotz F\u00e4lligkeit auch nach erneuter Aufforderung nicht bis zu einem Zeitpunkt von 10 Kalendertagen nach Absendung der Bestellbest\u00e4tigung beim Verk\u00e4ufer eingegangen ist, tritt der Verk\u00e4ufer vom Vertrag zur\u00fcck mit der Folge, dass die Bestellung hinf\u00e4llig ist und den Verk\u00e4ufer keine Lieferpflicht trifft. Die Bestellung ist dann f\u00fcr den K\u00e4ufer und Verk\u00e4ufer ohne weitere Folgen erledigt. Eine Reservierung des Artikels bei Vorkassezahlungen erfolgt daher l\u00e4ngstens f\u00fcr 10 Kalendertage.<\/p>\n<p><em>4. Preise und Versandkosten<\/em><br \/>\n4.1. Alle Preise, die auf der Website des Verk\u00e4ufers angegeben sind, verstehen sich einschlie\u00dflich der jeweils g\u00fcltigen gesetzlichen Umsatzsteuer.<br \/>\n4.2. Bei digitalen Produkten fallen keine Versandkosten an.<\/p>\n<p><em>5. Lieferung,<\/em><br \/>\n5.1. Soweit Vorkasse vereinbart ist, erfolgt die Lieferung nach Eingang des Rechnungsbetrages.<\/p>\n<p><em>6. Zahlungsmodalit\u00e4ten<\/em><br \/>\n6.1. Der Kunde kann im Rahmen und vor Abschluss des Bestellvorgangs aus den zur Verf\u00fcgung stehenden Zahlungsarten w\u00e4hlen. Kunden werden \u00fcber die zur Verf\u00fcgung stehenden Zahlungsmittel auf einer gesonderten Informationsseite unterrichtet.<br \/>\n6.2. Ist die Bezahlung per Rechnung m\u00f6glich, hat die Zahlung innerhalb von 30 Tagen nach Erhalt der Ware und der Rechnung zu erfolgen. Bei allen anderen Zahlweisen hat die Zahlung im Voraus ohne Abzug zu erfolgen.<br \/>\n6.3. Werden Drittanbieter mit der Zahlungsabwicklung beauftragt, z.B. Paypal gelten deren Allgemeine Gesch\u00e4ftsbedingungen.<br \/>\n6.4. Ist die F\u00e4lligkeit der Zahlung nach dem Kalender bestimmt, so kommt der Kunde bereits durch Vers\u00e4umung des Termins in Verzug. In diesem Fall hat der Kunde die gesetzlichen Verzugszinsen zu zahlen.<br \/>\n6.5. Die Verpflichtung des Kunden zur Zahlung von Verzugszinsen schlie\u00dft die Geltendmachung weiterer Verzugssch\u00e4den durch den Verk\u00e4ufer nicht aus.<br \/>\n6.6. Ein Recht zur Aufrechnung steht dem Kunden nur zu, wenn seine Gegenanspr\u00fcche rechtskr\u00e4ftig festgestellt oder von dem Verk\u00e4ufer anerkannt sind. Der Kunde kann ein Zur\u00fcckbehaltungsrecht nur aus\u00fcben, soweit die Anspr\u00fcche aus dem gleichen Vertragsverh\u00e4ltnis resultieren.<\/p>\n<p><em>7. Eigentumsvorbehalt<\/em><br \/>\nBis zur vollst\u00e4ndigen Bezahlung verbleiben die gelieferten Waren im Eigentum des Verk\u00e4ufers.<\/p>\n<p><em>8. Sachm\u00e4ngelgew\u00e4hrleistung und Garantie<\/em><br \/>\n8.1. Die Gew\u00e4hrleistung bestimmt sich nach gesetzlichen Vorschriften.<\/p>\n<p><em>9. Haftung<\/em><br \/>\n9.1. F\u00fcr eine Haftung des Verk\u00e4ufers auf Schadensersatz gelten unbeschadet der sonstigen gesetzlichen Anspruchsvoraussetzungen folgende Haftungsausschl\u00fcsse und -begrenzungen.<br \/>\n9.2. Der Verk\u00e4ufer haftet unbeschr\u00e4nkt, soweit die Schadensursache auf Vorsatz oder grober Fahrl\u00e4ssigkeit beruht.<br \/>\n9.3. Ferner haftet der Verk\u00e4ufer f\u00fcr die leicht fahrl\u00e4ssige Verletzung von wesentlichen Pflichten, deren Verletzung die Erreichung des Vertragszwecks gef\u00e4hrdet, oder f\u00fcr die Verletzung von Pflichten, deren Erf\u00fcllung die ordnungsgem\u00e4\u00dfe Durchf\u00fchrung des Vertrages \u00fcberhaupt erst erm\u00f6glicht und auf deren Einhaltung der Kunde regelm\u00e4\u00dfig vertraut. In diesem Fall haftet der Verk\u00e4ufer jedoch nur f\u00fcr den vorhersehbaren, vertragstypischen Schaden. Der Verk\u00e4ufer haftet nicht f\u00fcr die leicht fahrl\u00e4ssige Verletzung anderer als der in den vorstehenden S\u00e4tzen genannten Pflichten.<br \/>\n9.4. Die vorstehenden Haftungsbeschr\u00e4nkungen gelten nicht bei Verletzung von Leben, K\u00f6rper und Gesundheit, f\u00fcr einen Mangel nach \u00dcbernahme einer Garantie f\u00fcr die Beschaffenheit des Produktes und bei arglistig verschwiegenen M\u00e4ngeln. Die Haftung nach dem Produkthaftungsgesetz bleibt unber\u00fchrt.<br \/>\n9.5. Soweit die Haftung des Verk\u00e4ufers ausgeschlossen oder beschr\u00e4nkt ist, gilt dies auch f\u00fcr die pers\u00f6nliche Haftung von Arbeitnehmern, Vertretern und Erf\u00fcllungsgehilfen.<\/p>\n<p><em>10. Speicherung des Vertragstextes<\/em><br \/>\n10.1. Der Kunde kann den Vertragstext vor der Abgabe der Bestellung an den Verk\u00e4ufer ausdrucken, indem er im letzten Schritt der Bestellung die Druckfunktion seines Browsers nutzt.<br \/>\n10.2. Der Verk\u00e4ufer sendet dem Kunden au\u00dferdem eine Bestellbest\u00e4tigung mit allen Bestelldaten an die von Ihm angegebene E-Mail-Adresse zu. Mit der Bestellbest\u00e4tigung erh\u00e4lt der Kunde ferner eine Kopie der AGB nebst Widerrufsbelehrung und den Hinweisen zu Versandkosten sowie Liefer- und Zahlungsbedingungen. Sofern Sie sich in unserem Shop registriert haben sollten, k\u00f6nnen Sie in Ihrem Profilbereich Ihre aufgegebenen Bestellungen einsehen. Dar\u00fcber hinaus speichern wir den Vertragstext, machen ihn jedoch im Internet nicht zug\u00e4nglich.<\/p>\n<p><em>11. Lizenzbedingungen<\/em><br \/>\n11.1. Lizenz privat &#8211; Diese Lizenz erlaubt eine unbegrenzte Nutzung der Vorlagen zur Erstellung von<br \/>\nProdukten f\u00fcr den privaten Gebrauch. Eine Ver\u00e4u\u00dferung dieser Produkte ist nicht gestattet. Alle Rechte am Design bleiben unver\u00e4ndert beim Verk\u00e4ufer. Das Kopieren, Weitergeben und Ver\u00e4u\u00dfern der Daten oder Teilen davon ist nicht gestattet.<br \/>\n11.2. Lizenz kleingewerblich &#8211; Diese Lizenz erlaubt eine Nutzung der Vorlagen zur Erstellung von Produkten f\u00fcr den gewerblichen Gebrauch. Es ist ausdr\u00fccklich erlaubt gefertigte Einzelst\u00fccke zu ver\u00e4u\u00dfern. Ab einer verkauften Menge von 25 aus den gleichen Ausgangsdaten muss eine weitere Lizenz erworben werden oder es bedarf einer schriftlichen Genehmigung. Pro Lizenz d\u00fcrfen also 25 Produkte erstellt werden. Eine industrielle Fertigung und Massenproduktion ist somit ausdr\u00fccklich untersagt. Alle Rechte am Design bleiben unver\u00e4ndert beim Verk\u00e4ufer. Das Kopieren, Weitergeben und Ver\u00e4u\u00dfern der Daten oder Teilen davon ist nicht gestattet. Das Erstellen von B\u00fcgelbildern, Stoffen, Wandtattoos etc. ist nicht gestattet. Der Lizenznehmer muss bei der Erstellung von Waren sicherstellen, das kein markenrechtlicher Schutz durch Dritte f\u00fcr die erstellten Waren besteht.<br \/>\n11.3. Projektlizenz &#8211; Diese Lizenz erlaubt eine Nutzung der Vorlagen zur Erstellung von Produkten f\u00fcr den gewerblichen Gebrauch. Die Nutzung beschr\u00e4nkt sich auf ein Projekt f\u00fcr EINEN privaten Kunden. Die Menge ist dabei nicht limitiert. Eine industrielle Fertigung und Massenproduktion ist somit ausdr\u00fccklich untersagt. Alle Rechte am Design bleiben unver\u00e4ndert beim Verk\u00e4ufer. Das Kopieren, Weitergeben und Ver\u00e4u\u00dfern der Daten oder Teilen davon ist nicht gestattet. Das Erstellen von B\u00fcgelbildern, Stoffen, Wandtattoos etc. ist nicht gestattet. Der Lizenznehmer muss bei der Erstellung von Waren sicherstellen, das kein markenrechtlicher Schutz durch Dritte f\u00fcr die erstellten Waren besteht.<\/p>\n<p><em>12. Schlussbestimmungen<\/em><br \/>\n11.1. Gerichtstand und Erf\u00fcllungsort ist der Sitz des Verk\u00e4ufers, wenn der Kunde Kaufmann, juristische Person des \u00f6ffentlichen Rechts oder \u00f6ffentlich-rechtliches Sonderverm\u00f6gen ist.<br \/>\n11.2. Vertragssprache ist deutsch.<br \/>\n11.3. Plattform der Europ\u00e4ischen Kommission zur Online-Streitbeilegung (OS) f\u00fcr Verbraucher: http:\/\/ec.europa.eu\/consumers\/odr\/. Wir sind nicht bereit und nicht verpflichtet an einem Streitbeilegungsverfahren vor einer Verbraucherschlichtungsstelle teilzunehmen.<\/p>\n","protected":false},"excerpt":{"rendered":"<p>Allgemeine Gesch\u00e4ftsbedingungen mit Kundeninformationen 1. Geltungsbereich 2. Angebote und Leistungsbeschreibungen 3. Bestellvorgang und Vertragsabschluss 4. Preise und Versandkosten 5. Lieferung, Warenverf\u00fcgbarkeit 6. Zahlungsmodalit\u00e4ten 7. Eigentumsvorbehalt 8. Sachm\u00e4ngelgew\u00e4hrleistung und Garantie 9. Haftung 10. Speicherung des Vertragstextes 11. Lizenzbedingungen 12. Gerichtsstand, Anwendbares Recht, Vertragssprache 1. Geltungsbereich 1.1. F\u00fcr die Gesch\u00e4ftsbeziehung zwischen kleineg\u00f6hre, Inhaber: Ingmar G\u00f6hr Wielandstr. 150, [&hellip;]<\/p>\n","protected":false},"author":1,"featured_media":0,"parent":0,"menu_order":0,"comment_status":"closed","ping_status":"closed","template":"","meta":{"footnotes":""},"class_list":["post-62762","page","type-page","status-publish","hentry"],"yoast_head":"<!-- This site is optimized with the Yoast SEO plugin v26.4 - https:\/\/yoast.com\/wordpress\/plugins\/seo\/ -->\n<title>Allgemeine Gesch\u00e4ftsbedingungen - kleine g\u00f6hr.e design<\/title>\n<meta name=\"robots\" content=\"index, follow, max-snippet:-1, max-image-preview:large, max-video-preview:-1\" \/>\n<link rel=\"canonical\" href=\"https:\/\/www.kleinegoehre.de\/scrap\/allgemeine_geschaeftsbedingungen\/\" \/>\n<meta property=\"og:locale\" content=\"de_DE\" \/>\n<meta property=\"og:type\" content=\"article\" \/>\n<meta property=\"og:title\" content=\"Allgemeine Gesch\u00e4ftsbedingungen - kleine g\u00f6hr.e design\" \/>\n<meta property=\"og:description\" content=\"Allgemeine Gesch\u00e4ftsbedingungen mit Kundeninformationen 1. Geltungsbereich 2. Angebote und Leistungsbeschreibungen 3. Bestellvorgang und Vertragsabschluss 4. Preise und Versandkosten 5. Lieferung, Warenverf\u00fcgbarkeit 6. Zahlungsmodalit\u00e4ten 7. Eigentumsvorbehalt 8. Sachm\u00e4ngelgew\u00e4hrleistung und Garantie 9. Haftung 10. Speicherung des Vertragstextes 11. Lizenzbedingungen 12. Gerichtsstand, Anwendbares Recht, Vertragssprache 1. Geltungsbereich 1.1. F\u00fcr die Gesch\u00e4ftsbeziehung zwischen kleineg\u00f6hre, Inhaber: Ingmar G\u00f6hr Wielandstr. 150, [&hellip;]\" \/>\n<meta property=\"og:url\" content=\"https:\/\/www.kleinegoehre.de\/scrap\/allgemeine_geschaeftsbedingungen\/\" \/>\n<meta property=\"og:site_name\" content=\"kleine g\u00f6hr.e design\" \/>\n<meta property=\"article:publisher\" content=\"https:\/\/www.facebook.com\/kleinegoehredesign\/\" \/>\n<meta property=\"article:modified_time\" content=\"2017-11-30T14:23:45+00:00\" \/>\n<meta name=\"twitter:card\" content=\"summary_large_image\" \/>\n<meta name=\"twitter:label1\" content=\"Gesch\u00e4tzte Lesezeit\" \/>\n\t<meta name=\"twitter:data1\" content=\"7\u00a0Minuten\" \/>\n<script type=\"application\/ld+json\" class=\"yoast-schema-graph\">{\"@context\":\"https:\/\/schema.org\",\"@graph\":[{\"@type\":\"WebPage\",\"@id\":\"https:\/\/www.kleinegoehre.de\/scrap\/allgemeine_geschaeftsbedingungen\/\",\"url\":\"https:\/\/www.kleinegoehre.de\/scrap\/allgemeine_geschaeftsbedingungen\/\",\"name\":\"Allgemeine Gesch\u00e4ftsbedingungen - kleine g\u00f6hr.e design\",\"isPartOf\":{\"@id\":\"https:\/\/www.kleinegoehre.de\/scrap\/#website\"},\"datePublished\":\"2017-11-30T14:22:23+00:00\",\"dateModified\":\"2017-11-30T14:23:45+00:00\",\"breadcrumb\":{\"@id\":\"https:\/\/www.kleinegoehre.de\/scrap\/allgemeine_geschaeftsbedingungen\/#breadcrumb\"},\"inLanguage\":\"de\",\"potentialAction\":[{\"@type\":\"ReadAction\",\"target\":[\"https:\/\/www.kleinegoehre.de\/scrap\/allgemeine_geschaeftsbedingungen\/\"]}]},{\"@type\":\"BreadcrumbList\",\"@id\":\"https:\/\/www.kleinegoehre.de\/scrap\/allgemeine_geschaeftsbedingungen\/#breadcrumb\",\"itemListElement\":[{\"@type\":\"ListItem\",\"position\":1,\"name\":\"Startseite\",\"item\":\"https:\/\/www.kleinegoehre.de\/scrap\/\"},{\"@type\":\"ListItem\",\"position\":2,\"name\":\"Allgemeine Gesch\u00e4ftsbedingungen\"}]},{\"@type\":\"WebSite\",\"@id\":\"https:\/\/www.kleinegoehre.de\/scrap\/#website\",\"url\":\"https:\/\/www.kleinegoehre.de\/scrap\/\",\"name\":\"kleine g\u00f6hr.e design\",\"description\":\"In unser Shop auf kleinegoehre.de findet ihr Plotterdateien zu vielen verschiedenen Themen. Dazu bieten wir euch eine riesen Auswahl an digitalen Papieren.\",\"publisher\":{\"@id\":\"https:\/\/www.kleinegoehre.de\/scrap\/#organization\"},\"potentialAction\":[{\"@type\":\"SearchAction\",\"target\":{\"@type\":\"EntryPoint\",\"urlTemplate\":\"https:\/\/www.kleinegoehre.de\/scrap\/?s={search_term_string}\"},\"query-input\":{\"@type\":\"PropertyValueSpecification\",\"valueRequired\":true,\"valueName\":\"search_term_string\"}}],\"inLanguage\":\"de\"},{\"@type\":\"Organization\",\"@id\":\"https:\/\/www.kleinegoehre.de\/scrap\/#organization\",\"name\":\"kleine g\u00f6hre design\",\"url\":\"https:\/\/www.kleinegoehre.de\/scrap\/\",\"logo\":{\"@type\":\"ImageObject\",\"inLanguage\":\"de\",\"@id\":\"https:\/\/www.kleinegoehre.de\/scrap\/#\/schema\/logo\/image\/\",\"url\":\"https:\/\/www.kleinegoehre.de\/scrap\/wp-content\/uploads\/2018\/06\/14859829_1423290007698523_869036772071302726_o.jpg\",\"contentUrl\":\"https:\/\/www.kleinegoehre.de\/scrap\/wp-content\/uploads\/2018\/06\/14859829_1423290007698523_869036772071302726_o.jpg\",\"width\":1181,\"height\":1181,\"caption\":\"kleine g\u00f6hre design\"},\"image\":{\"@id\":\"https:\/\/www.kleinegoehre.de\/scrap\/#\/schema\/logo\/image\/\"},\"sameAs\":[\"https:\/\/www.facebook.com\/kleinegoehredesign\/\",\"https:\/\/www.youtube.com\/channel\/UCZa4qAhMHSp7-gsPt9Hoy2w\"]}]}<\/script>\n<!-- \/ Yoast SEO plugin. -->","yoast_head_json":{"title":"Allgemeine Gesch\u00e4ftsbedingungen - kleine g\u00f6hr.e design","robots":{"index":"index","follow":"follow","max-snippet":"max-snippet:-1","max-image-preview":"max-image-preview:large","max-video-preview":"max-video-preview:-1"},"canonical":"https:\/\/www.kleinegoehre.de\/scrap\/allgemeine_geschaeftsbedingungen\/","og_locale":"de_DE","og_type":"article","og_title":"Allgemeine Gesch\u00e4ftsbedingungen - kleine g\u00f6hr.e design","og_description":"Allgemeine Gesch\u00e4ftsbedingungen mit Kundeninformationen 1. Geltungsbereich 2. Angebote und Leistungsbeschreibungen 3. Bestellvorgang und Vertragsabschluss 4. Preise und Versandkosten 5. Lieferung, Warenverf\u00fcgbarkeit 6. Zahlungsmodalit\u00e4ten 7. Eigentumsvorbehalt 8. Sachm\u00e4ngelgew\u00e4hrleistung und Garantie 9. Haftung 10. Speicherung des Vertragstextes 11. Lizenzbedingungen 12. Gerichtsstand, Anwendbares Recht, Vertragssprache 1. Geltungsbereich 1.1. F\u00fcr die Gesch\u00e4ftsbeziehung zwischen kleineg\u00f6hre, Inhaber: Ingmar G\u00f6hr Wielandstr. 150, [&hellip;]","og_url":"https:\/\/www.kleinegoehre.de\/scrap\/allgemeine_geschaeftsbedingungen\/","og_site_name":"kleine g\u00f6hr.e design","article_publisher":"https:\/\/www.facebook.com\/kleinegoehredesign\/","article_modified_time":"2017-11-30T14:23:45+00:00","twitter_card":"summary_large_image","twitter_misc":{"Gesch\u00e4tzte Lesezeit":"7\u00a0Minuten"},"schema":{"@context":"https:\/\/schema.org","@graph":[{"@type":"WebPage","@id":"https:\/\/www.kleinegoehre.de\/scrap\/allgemeine_geschaeftsbedingungen\/","url":"https:\/\/www.kleinegoehre.de\/scrap\/allgemeine_geschaeftsbedingungen\/","name":"Allgemeine Gesch\u00e4ftsbedingungen - kleine g\u00f6hr.e design","isPartOf":{"@id":"https:\/\/www.kleinegoehre.de\/scrap\/#website"},"datePublished":"2017-11-30T14:22:23+00:00","dateModified":"2017-11-30T14:23:45+00:00","breadcrumb":{"@id":"https:\/\/www.kleinegoehre.de\/scrap\/allgemeine_geschaeftsbedingungen\/#breadcrumb"},"inLanguage":"de","potentialAction":[{"@type":"ReadAction","target":["https:\/\/www.kleinegoehre.de\/scrap\/allgemeine_geschaeftsbedingungen\/"]}]},{"@type":"BreadcrumbList","@id":"https:\/\/www.kleinegoehre.de\/scrap\/allgemeine_geschaeftsbedingungen\/#breadcrumb","itemListElement":[{"@type":"ListItem","position":1,"name":"Startseite","item":"https:\/\/www.kleinegoehre.de\/scrap\/"},{"@type":"ListItem","position":2,"name":"Allgemeine Gesch\u00e4ftsbedingungen"}]},{"@type":"WebSite","@id":"https:\/\/www.kleinegoehre.de\/scrap\/#website","url":"https:\/\/www.kleinegoehre.de\/scrap\/","name":"kleine g\u00f6hr.e design","description":"In unser Shop auf kleinegoehre.de findet ihr Plotterdateien zu vielen verschiedenen Themen. Dazu bieten wir euch eine riesen Auswahl an digitalen Papieren.","publisher":{"@id":"https:\/\/www.kleinegoehre.de\/scrap\/#organization"},"potentialAction":[{"@type":"SearchAction","target":{"@type":"EntryPoint","urlTemplate":"https:\/\/www.kleinegoehre.de\/scrap\/?s={search_term_string}"},"query-input":{"@type":"PropertyValueSpecification","valueRequired":true,"valueName":"search_term_string"}}],"inLanguage":"de"},{"@type":"Organization","@id":"https:\/\/www.kleinegoehre.de\/scrap\/#organization","name":"kleine g\u00f6hre design","url":"https:\/\/www.kleinegoehre.de\/scrap\/","logo":{"@type":"ImageObject","inLanguage":"de","@id":"https:\/\/www.kleinegoehre.de\/scrap\/#\/schema\/logo\/image\/","url":"https:\/\/www.kleinegoehre.de\/scrap\/wp-content\/uploads\/2018\/06\/14859829_1423290007698523_869036772071302726_o.jpg","contentUrl":"https:\/\/www.kleinegoehre.de\/scrap\/wp-content\/uploads\/2018\/06\/14859829_1423290007698523_869036772071302726_o.jpg","width":1181,"height":1181,"caption":"kleine g\u00f6hre design"},"image":{"@id":"https:\/\/www.kleinegoehre.de\/scrap\/#\/schema\/logo\/image\/"},"sameAs":["https:\/\/www.facebook.com\/kleinegoehredesign\/","https:\/\/www.youtube.com\/channel\/UCZa4qAhMHSp7-gsPt9Hoy2w"]}]}},"_links":{"self":[{"href":"https:\/\/www.kleinegoehre.de\/scrap\/wp-json\/wp\/v2\/pages\/62762","targetHints":{"allow":["GET"]}}],"collection":[{"href":"https:\/\/www.kleinegoehre.de\/scrap\/wp-json\/wp\/v2\/pages"}],"about":[{"href":"https:\/\/www.kleinegoehre.de\/scrap\/wp-json\/wp\/v2\/types\/page"}],"author":[{"embeddable":true,"href":"https:\/\/www.kleinegoehre.de\/scrap\/wp-json\/wp\/v2\/users\/1"}],"replies":[{"embeddable":true,"href":"https:\/\/www.kleinegoehre.de\/scrap\/wp-json\/wp\/v2\/comments?post=62762"}],"version-history":[{"count":2,"href":"https:\/\/www.kleinegoehre.de\/scrap\/wp-json\/wp\/v2\/pages\/62762\/revisions"}],"predecessor-version":[{"id":275921,"href":"https:\/\/www.kleinegoehre.de\/scrap\/wp-json\/wp\/v2\/pages\/62762\/revisions\/275921"}],"wp:attachment":[{"href":"https:\/\/www.kleinegoehre.de\/scrap\/wp-json\/wp\/v2\/media?parent=62762"}],"curies":[{"name":"wp","href":"https:\/\/api.w.org\/{rel}","templated":true}]}}