{"id":62757,"date":"2017-11-30T15:22:23","date_gmt":"2017-11-30T14:22:23","guid":{"rendered":"https:\/\/www.kleinegoehre.de\/scrap\/widerruf\/"},"modified":"2017-11-30T15:24:09","modified_gmt":"2017-11-30T14:24:09","slug":"widerruf","status":"publish","type":"page","link":"https:\/\/www.kleinegoehre.de\/scrap\/widerruf\/","title":{"rendered":"Widerruf"},"content":{"rendered":"<h1><span style=\"color: #c40009;\">Widerrufsbelehrung<\/span><\/h1>\n<p>1. Digitale Downloads<br \/>\nDie digitalen Downloads (z.B. digitale Printvorlagen, Printables) sind als digitales Gut vom Umtausch ausgeschlossen,\u00a0da diese zur R\u00fccksendung nicht geeignet sind (\u00a7 312d Abs.4 BGB)<\/p>\n<p>2. Sonstige zur R\u00fccksendung geeignete Artikel<br \/>\nF\u00fcr alle anderen angebotenen Produkte k\u00f6nnen Sie den Kauf innerhalb von 14 Tagen ohne Angabe von Gr\u00fcnden widerrufen. Die Frist beginnt ab Erhalt der Ware.<\/p>\n<p>3. Folgen des Widerrufs<br \/>\nNach fristgerechter Erkl\u00e4rung des Widerrufs erstatten wir Ihnen den Kaufpreis zur\u00fcck. Die R\u00fccksendekosten bei einem Artikelwert unter 40 EUR hat der K\u00e4ufer zu tragen.<\/p>\n","protected":false},"excerpt":{"rendered":"<p>Widerrufsbelehrung 1. Digitale Downloads Die digitalen Downloads (z.B. digitale Printvorlagen, Printables) sind als digitales Gut vom Umtausch ausgeschlossen,\u00a0da diese zur R\u00fccksendung nicht geeignet sind (\u00a7 312d Abs.4 BGB) 2. Sonstige zur R\u00fccksendung geeignete Artikel F\u00fcr alle anderen angebotenen Produkte k\u00f6nnen Sie den Kauf innerhalb von 14 Tagen ohne Angabe von Gr\u00fcnden widerrufen. Die Frist beginnt [&hellip;]<\/p>\n","protected":false},"author":1,"featured_media":0,"parent":0,"menu_order":0,"comment_status":"closed","ping_status":"closed","template":"","meta":{"footnotes":""},"class_list":["post-62757","page","type-page","status-publish","hentry"],"yoast_head":"<!-- This site is optimized with the Yoast SEO plugin v26.4 - https:\/\/yoast.com\/wordpress\/plugins\/seo\/ -->\n<title>Widerruf - kleine g\u00f6hr.e design<\/title>\n<meta name=\"robots\" content=\"index, follow, max-snippet:-1, max-image-preview:large, max-video-preview:-1\" \/>\n<link rel=\"canonical\" href=\"https:\/\/www.kleinegoehre.de\/scrap\/widerruf\/\" \/>\n<meta property=\"og:locale\" content=\"de_DE\" \/>\n<meta property=\"og:type\" content=\"article\" \/>\n<meta property=\"og:title\" content=\"Widerruf - kleine g\u00f6hr.e design\" \/>\n<meta property=\"og:description\" content=\"Widerrufsbelehrung 1. Digitale Downloads Die digitalen Downloads (z.B. digitale Printvorlagen, Printables) sind als digitales Gut vom Umtausch ausgeschlossen,\u00a0da diese zur R\u00fccksendung nicht geeignet sind (\u00a7 312d Abs.4 BGB) 2. Sonstige zur R\u00fccksendung geeignete Artikel F\u00fcr alle anderen angebotenen Produkte k\u00f6nnen Sie den Kauf innerhalb von 14 Tagen ohne Angabe von Gr\u00fcnden widerrufen. Die Frist beginnt [&hellip;]\" \/>\n<meta property=\"og:url\" content=\"https:\/\/www.kleinegoehre.de\/scrap\/widerruf\/\" \/>\n<meta property=\"og:site_name\" content=\"kleine g\u00f6hr.e design\" \/>\n<meta property=\"article:publisher\" content=\"https:\/\/www.facebook.com\/kleinegoehredesign\/\" \/>\n<meta property=\"article:modified_time\" content=\"2017-11-30T14:24:09+00:00\" \/>\n<meta name=\"twitter:card\" content=\"summary_large_image\" \/>\n<script type=\"application\/ld+json\" class=\"yoast-schema-graph\">{\"@context\":\"https:\/\/schema.org\",\"@graph\":[{\"@type\":\"WebPage\",\"@id\":\"https:\/\/www.kleinegoehre.de\/scrap\/widerruf\/\",\"url\":\"https:\/\/www.kleinegoehre.de\/scrap\/widerruf\/\",\"name\":\"Widerruf - kleine g\u00f6hr.e design\",\"isPartOf\":{\"@id\":\"https:\/\/www.kleinegoehre.de\/scrap\/#website\"},\"datePublished\":\"2017-11-30T14:22:23+00:00\",\"dateModified\":\"2017-11-30T14:24:09+00:00\",\"breadcrumb\":{\"@id\":\"https:\/\/www.kleinegoehre.de\/scrap\/widerruf\/#breadcrumb\"},\"inLanguage\":\"de\",\"potentialAction\":[{\"@type\":\"ReadAction\",\"target\":[\"https:\/\/www.kleinegoehre.de\/scrap\/widerruf\/\"]}]},{\"@type\":\"BreadcrumbList\",\"@id\":\"https:\/\/www.kleinegoehre.de\/scrap\/widerruf\/#breadcrumb\",\"itemListElement\":[{\"@type\":\"ListItem\",\"position\":1,\"name\":\"Startseite\",\"item\":\"https:\/\/www.kleinegoehre.de\/scrap\/\"},{\"@type\":\"ListItem\",\"position\":2,\"name\":\"Widerruf\"}]},{\"@type\":\"WebSite\",\"@id\":\"https:\/\/www.kleinegoehre.de\/scrap\/#website\",\"url\":\"https:\/\/www.kleinegoehre.de\/scrap\/\",\"name\":\"kleine g\u00f6hr.e design\",\"description\":\"In unser Shop auf kleinegoehre.de findet ihr Plotterdateien zu vielen verschiedenen Themen. Dazu bieten wir euch eine riesen Auswahl an digitalen Papieren.\",\"publisher\":{\"@id\":\"https:\/\/www.kleinegoehre.de\/scrap\/#organization\"},\"potentialAction\":[{\"@type\":\"SearchAction\",\"target\":{\"@type\":\"EntryPoint\",\"urlTemplate\":\"https:\/\/www.kleinegoehre.de\/scrap\/?s={search_term_string}\"},\"query-input\":{\"@type\":\"PropertyValueSpecification\",\"valueRequired\":true,\"valueName\":\"search_term_string\"}}],\"inLanguage\":\"de\"},{\"@type\":\"Organization\",\"@id\":\"https:\/\/www.kleinegoehre.de\/scrap\/#organization\",\"name\":\"kleine g\u00f6hre design\",\"url\":\"https:\/\/www.kleinegoehre.de\/scrap\/\",\"logo\":{\"@type\":\"ImageObject\",\"inLanguage\":\"de\",\"@id\":\"https:\/\/www.kleinegoehre.de\/scrap\/#\/schema\/logo\/image\/\",\"url\":\"https:\/\/www.kleinegoehre.de\/scrap\/wp-content\/uploads\/2018\/06\/14859829_1423290007698523_869036772071302726_o.jpg\",\"contentUrl\":\"https:\/\/www.kleinegoehre.de\/scrap\/wp-content\/uploads\/2018\/06\/14859829_1423290007698523_869036772071302726_o.jpg\",\"width\":1181,\"height\":1181,\"caption\":\"kleine g\u00f6hre design\"},\"image\":{\"@id\":\"https:\/\/www.kleinegoehre.de\/scrap\/#\/schema\/logo\/image\/\"},\"sameAs\":[\"https:\/\/www.facebook.com\/kleinegoehredesign\/\",\"https:\/\/www.youtube.com\/channel\/UCZa4qAhMHSp7-gsPt9Hoy2w\"]}]}<\/script>\n<!-- \/ Yoast SEO plugin. -->","yoast_head_json":{"title":"Widerruf - kleine g\u00f6hr.e design","robots":{"index":"index","follow":"follow","max-snippet":"max-snippet:-1","max-image-preview":"max-image-preview:large","max-video-preview":"max-video-preview:-1"},"canonical":"https:\/\/www.kleinegoehre.de\/scrap\/widerruf\/","og_locale":"de_DE","og_type":"article","og_title":"Widerruf - kleine g\u00f6hr.e design","og_description":"Widerrufsbelehrung 1. Digitale Downloads Die digitalen Downloads (z.B. digitale Printvorlagen, Printables) sind als digitales Gut vom Umtausch ausgeschlossen,\u00a0da diese zur R\u00fccksendung nicht geeignet sind (\u00a7 312d Abs.4 BGB) 2. Sonstige zur R\u00fccksendung geeignete Artikel F\u00fcr alle anderen angebotenen Produkte k\u00f6nnen Sie den Kauf innerhalb von 14 Tagen ohne Angabe von Gr\u00fcnden widerrufen. Die Frist beginnt [&hellip;]","og_url":"https:\/\/www.kleinegoehre.de\/scrap\/widerruf\/","og_site_name":"kleine g\u00f6hr.e design","article_publisher":"https:\/\/www.facebook.com\/kleinegoehredesign\/","article_modified_time":"2017-11-30T14:24:09+00:00","twitter_card":"summary_large_image","schema":{"@context":"https:\/\/schema.org","@graph":[{"@type":"WebPage","@id":"https:\/\/www.kleinegoehre.de\/scrap\/widerruf\/","url":"https:\/\/www.kleinegoehre.de\/scrap\/widerruf\/","name":"Widerruf - kleine g\u00f6hr.e design","isPartOf":{"@id":"https:\/\/www.kleinegoehre.de\/scrap\/#website"},"datePublished":"2017-11-30T14:22:23+00:00","dateModified":"2017-11-30T14:24:09+00:00","breadcrumb":{"@id":"https:\/\/www.kleinegoehre.de\/scrap\/widerruf\/#breadcrumb"},"inLanguage":"de","potentialAction":[{"@type":"ReadAction","target":["https:\/\/www.kleinegoehre.de\/scrap\/widerruf\/"]}]},{"@type":"BreadcrumbList","@id":"https:\/\/www.kleinegoehre.de\/scrap\/widerruf\/#breadcrumb","itemListElement":[{"@type":"ListItem","position":1,"name":"Startseite","item":"https:\/\/www.kleinegoehre.de\/scrap\/"},{"@type":"ListItem","position":2,"name":"Widerruf"}]},{"@type":"WebSite","@id":"https:\/\/www.kleinegoehre.de\/scrap\/#website","url":"https:\/\/www.kleinegoehre.de\/scrap\/","name":"kleine g\u00f6hr.e design","description":"In unser Shop auf kleinegoehre.de findet ihr Plotterdateien zu vielen verschiedenen Themen. Dazu bieten wir euch eine riesen Auswahl an digitalen Papieren.","publisher":{"@id":"https:\/\/www.kleinegoehre.de\/scrap\/#organization"},"potentialAction":[{"@type":"SearchAction","target":{"@type":"EntryPoint","urlTemplate":"https:\/\/www.kleinegoehre.de\/scrap\/?s={search_term_string}"},"query-input":{"@type":"PropertyValueSpecification","valueRequired":true,"valueName":"search_term_string"}}],"inLanguage":"de"},{"@type":"Organization","@id":"https:\/\/www.kleinegoehre.de\/scrap\/#organization","name":"kleine g\u00f6hre design","url":"https:\/\/www.kleinegoehre.de\/scrap\/","logo":{"@type":"ImageObject","inLanguage":"de","@id":"https:\/\/www.kleinegoehre.de\/scrap\/#\/schema\/logo\/image\/","url":"https:\/\/www.kleinegoehre.de\/scrap\/wp-content\/uploads\/2018\/06\/14859829_1423290007698523_869036772071302726_o.jpg","contentUrl":"https:\/\/www.kleinegoehre.de\/scrap\/wp-content\/uploads\/2018\/06\/14859829_1423290007698523_869036772071302726_o.jpg","width":1181,"height":1181,"caption":"kleine g\u00f6hre design"},"image":{"@id":"https:\/\/www.kleinegoehre.de\/scrap\/#\/schema\/logo\/image\/"},"sameAs":["https:\/\/www.facebook.com\/kleinegoehredesign\/","https:\/\/www.youtube.com\/channel\/UCZa4qAhMHSp7-gsPt9Hoy2w"]}]}},"_links":{"self":[{"href":"https:\/\/www.kleinegoehre.de\/scrap\/wp-json\/wp\/v2\/pages\/62757","targetHints":{"allow":["GET"]}}],"collection":[{"href":"https:\/\/www.kleinegoehre.de\/scrap\/wp-json\/wp\/v2\/pages"}],"about":[{"href":"https:\/\/www.kleinegoehre.de\/scrap\/wp-json\/wp\/v2\/types\/page"}],"author":[{"embeddable":true,"href":"https:\/\/www.kleinegoehre.de\/scrap\/wp-json\/wp\/v2\/users\/1"}],"replies":[{"embeddable":true,"href":"https:\/\/www.kleinegoehre.de\/scrap\/wp-json\/wp\/v2\/comments?post=62757"}],"version-history":[{"count":1,"href":"https:\/\/www.kleinegoehre.de\/scrap\/wp-json\/wp\/v2\/pages\/62757\/revisions"}],"predecessor-version":[{"id":62764,"href":"https:\/\/www.kleinegoehre.de\/scrap\/wp-json\/wp\/v2\/pages\/62757\/revisions\/62764"}],"wp:attachment":[{"href":"https:\/\/www.kleinegoehre.de\/scrap\/wp-json\/wp\/v2\/media?parent=62757"}],"curies":[{"name":"wp","href":"https:\/\/api.w.org\/{rel}","templated":true}]}}