{"id":424742,"date":"2025-03-07T08:16:48","date_gmt":"2025-03-07T07:16:48","guid":{"rendered":"https:\/\/www.kleinegoehre.de\/scrap\/?page_id=424742"},"modified":"2025-03-07T15:25:13","modified_gmt":"2025-03-07T14:25:13","slug":"teilnahmebedingungen-fuer-gewinnspiele","status":"publish","type":"page","link":"https:\/\/www.kleinegoehre.de\/scrap\/teilnahmebedingungen-fuer-gewinnspiele\/","title":{"rendered":"Teilnahmebedingungen f\u00fcr Gewinnspiele"},"content":{"rendered":"\n<p><strong>Teilnahmebedingungen f\u00fcr Gewinnspiele<\/strong><\/p>\n\n\n\n<p>1.&nbsp;<strong>Veranstalter<\/strong><\/p>\n\n\n\n<p>Das Gewinnspiel wird von&nbsp;<em>kleine g\u00f6hr.e design<\/em>&nbsp;veranstaltet. Es steht in keiner Verbindung zu Meta, Instagram oder anderen Plattformen, auf denen es ver\u00f6ffentlicht wird.<\/p>\n\n\n\n<p>2.&nbsp;<strong>Teilnahmezeitraum<\/strong><\/p>\n\n\n\n<p>Das Gewinnspiel l\u00e4uft im jeweils angegebenen Zeitraum. Nach Ablauf der Frist werden die Gewinner ermittelt und bekannt gegeben.<\/p>\n\n\n\n<p>3.&nbsp;<strong>Teilnahmeberechtigung<\/strong><\/p>\n\n\n\n<p>Teilnehmen k\u00f6nnen alle nat\u00fcrlichen und gesch\u00e4ftsf\u00e4higen Personen ab 18 Jahren. Mitarbeiter von&nbsp;<em>kleine g\u00f6hr.e design<\/em>&nbsp;sowie deren direkte Angeh\u00f6rige und Projektpartner sind von der Teilnahme ausgeschlossen.<\/p>\n\n\n\n<p>4.&nbsp;<strong>Gewinnerermittlung und Benachrichtigung<\/strong><\/p>\n\n\n\n<p>Die Gewinner werden per Zufallsprinzip ermittelt auf der jeweiligen Plattform bekannt gegeben. Der Gewinn muss innerhalb von sieben Tagen nach Bekanntgabe eingefordert werden. Andernfalls verf\u00e4llt der Gewinn.<\/p>\n\n\n\n<p>5.&nbsp;<strong>Gewinn und \u00dcbertragung<\/strong><\/p>\n\n\n\n<p>Der Gewinn ist nicht \u00fcbertragbar und kann nicht in bar ausgezahlt oder umgetauscht werden. Sollte der Gewinner den Gewinn nicht annehmen, verf\u00e4llt dieser ersatzlos.<\/p>\n\n\n\n<p>6.&nbsp;<strong>Datenschutz<\/strong><\/p>\n\n\n\n<p>Die f\u00fcr das Gewinnspiel erhobenen personenbezogenen Daten werden ausschlie\u00dflich f\u00fcr die Durchf\u00fchrung des Gewinnspiels genutzt und nicht an Dritte weitergegeben. Weitere Informationen findest du in unserer <a href=\"https:\/\/www.kleinegoehre.de\/scrap\/datenschutz\/\">Datenschutzerkl\u00e4rung<\/a>.<\/p>\n\n\n\n<p>7.&nbsp;<strong>Haftungsausschluss<\/strong><\/p>\n\n\n\n<p><em>kleine g\u00f6hr.e design<\/em>&nbsp;\u00fcbernimmt keine Haftung f\u00fcr technische St\u00f6rungen, Verz\u00f6gerungen oder Ausf\u00e4lle, die die Teilnahme oder die Gewinnerermittlung beeinflussen k\u00f6nnten.<\/p>\n\n\n\n<p>8.&nbsp;<strong>Rechtsweg &amp; \u00c4nderungen<\/strong><\/p>\n\n\n\n<p>Der Rechtsweg ist ausgeschlossen.&nbsp;<em>kleine g\u00f6hr.e design<\/em>&nbsp;beh\u00e4lt sich das Recht vor, das Gewinnspiel zu \u00e4ndern, zu unterbrechen oder zu beenden, wenn unvorhersehbare Umst\u00e4nde dies erfordern.<\/p>\n\n\n\n<p><strong>9.\u2060 \u2060Teilnahmehinweis<\/strong><br>Durch die Teilnahme am Gewinnspiel werden die Teilnahmebedingungen akzeptiert, einschlie\u00dflich der Zustimmung zur \u00f6ffentlichen Nennung im Gewinnfall.<\/p>\n","protected":false},"excerpt":{"rendered":"<p>Teilnahmebedingungen f\u00fcr Gewinnspiele 1.&nbsp;Veranstalter Das Gewinnspiel wird von&nbsp;kleine g\u00f6hr.e design&nbsp;veranstaltet. Es steht in keiner Verbindung zu Meta, Instagram oder anderen Plattformen, auf denen es ver\u00f6ffentlicht wird. 2.&nbsp;Teilnahmezeitraum Das Gewinnspiel l\u00e4uft im jeweils angegebenen Zeitraum. Nach Ablauf der Frist werden die Gewinner ermittelt und bekannt gegeben. 3.&nbsp;Teilnahmeberechtigung Teilnehmen k\u00f6nnen alle nat\u00fcrlichen und gesch\u00e4ftsf\u00e4higen Personen ab 18 [&hellip;]<\/p>\n","protected":false},"author":1,"featured_media":0,"parent":0,"menu_order":0,"comment_status":"closed","ping_status":"closed","template":"","meta":{"footnotes":""},"class_list":["post-424742","page","type-page","status-publish","hentry"],"yoast_head":"<!-- This site is optimized with the Yoast SEO plugin v26.4 - https:\/\/yoast.com\/wordpress\/plugins\/seo\/ -->\n<title>Teilnahmebedingungen f\u00fcr Gewinnspiele - kleine g\u00f6hr.e design<\/title>\n<meta name=\"robots\" content=\"index, follow, max-snippet:-1, max-image-preview:large, max-video-preview:-1\" \/>\n<link rel=\"canonical\" href=\"https:\/\/www.kleinegoehre.de\/scrap\/teilnahmebedingungen-fuer-gewinnspiele\/\" \/>\n<meta property=\"og:locale\" content=\"de_DE\" \/>\n<meta property=\"og:type\" content=\"article\" \/>\n<meta property=\"og:title\" content=\"Teilnahmebedingungen f\u00fcr Gewinnspiele - kleine g\u00f6hr.e design\" \/>\n<meta property=\"og:description\" content=\"Teilnahmebedingungen f\u00fcr Gewinnspiele 1.&nbsp;Veranstalter Das Gewinnspiel wird von&nbsp;kleine g\u00f6hr.e design&nbsp;veranstaltet. Es steht in keiner Verbindung zu Meta, Instagram oder anderen Plattformen, auf denen es ver\u00f6ffentlicht wird. 2.&nbsp;Teilnahmezeitraum Das Gewinnspiel l\u00e4uft im jeweils angegebenen Zeitraum. Nach Ablauf der Frist werden die Gewinner ermittelt und bekannt gegeben. 3.&nbsp;Teilnahmeberechtigung Teilnehmen k\u00f6nnen alle nat\u00fcrlichen und gesch\u00e4ftsf\u00e4higen Personen ab 18 [&hellip;]\" \/>\n<meta property=\"og:url\" content=\"https:\/\/www.kleinegoehre.de\/scrap\/teilnahmebedingungen-fuer-gewinnspiele\/\" \/>\n<meta property=\"og:site_name\" content=\"kleine g\u00f6hr.e design\" \/>\n<meta property=\"article:publisher\" content=\"https:\/\/www.facebook.com\/kleinegoehredesign\/\" \/>\n<meta property=\"article:modified_time\" content=\"2025-03-07T14:25:13+00:00\" \/>\n<meta name=\"twitter:card\" content=\"summary_large_image\" \/>\n<meta name=\"twitter:label1\" content=\"Gesch\u00e4tzte Lesezeit\" \/>\n\t<meta name=\"twitter:data1\" content=\"2\u00a0Minuten\" \/>\n<script type=\"application\/ld+json\" class=\"yoast-schema-graph\">{\"@context\":\"https:\/\/schema.org\",\"@graph\":[{\"@type\":\"WebPage\",\"@id\":\"https:\/\/www.kleinegoehre.de\/scrap\/teilnahmebedingungen-fuer-gewinnspiele\/\",\"url\":\"https:\/\/www.kleinegoehre.de\/scrap\/teilnahmebedingungen-fuer-gewinnspiele\/\",\"name\":\"Teilnahmebedingungen f\u00fcr Gewinnspiele - kleine g\u00f6hr.e design\",\"isPartOf\":{\"@id\":\"https:\/\/www.kleinegoehre.de\/scrap\/#website\"},\"datePublished\":\"2025-03-07T07:16:48+00:00\",\"dateModified\":\"2025-03-07T14:25:13+00:00\",\"breadcrumb\":{\"@id\":\"https:\/\/www.kleinegoehre.de\/scrap\/teilnahmebedingungen-fuer-gewinnspiele\/#breadcrumb\"},\"inLanguage\":\"de\",\"potentialAction\":[{\"@type\":\"ReadAction\",\"target\":[\"https:\/\/www.kleinegoehre.de\/scrap\/teilnahmebedingungen-fuer-gewinnspiele\/\"]}]},{\"@type\":\"BreadcrumbList\",\"@id\":\"https:\/\/www.kleinegoehre.de\/scrap\/teilnahmebedingungen-fuer-gewinnspiele\/#breadcrumb\",\"itemListElement\":[{\"@type\":\"ListItem\",\"position\":1,\"name\":\"Startseite\",\"item\":\"https:\/\/www.kleinegoehre.de\/scrap\/\"},{\"@type\":\"ListItem\",\"position\":2,\"name\":\"Teilnahmebedingungen f\u00fcr Gewinnspiele\"}]},{\"@type\":\"WebSite\",\"@id\":\"https:\/\/www.kleinegoehre.de\/scrap\/#website\",\"url\":\"https:\/\/www.kleinegoehre.de\/scrap\/\",\"name\":\"kleine g\u00f6hr.e design\",\"description\":\"In unser Shop auf kleinegoehre.de findet ihr Plotterdateien zu vielen verschiedenen Themen. Dazu bieten wir euch eine riesen Auswahl an digitalen Papieren.\",\"publisher\":{\"@id\":\"https:\/\/www.kleinegoehre.de\/scrap\/#organization\"},\"potentialAction\":[{\"@type\":\"SearchAction\",\"target\":{\"@type\":\"EntryPoint\",\"urlTemplate\":\"https:\/\/www.kleinegoehre.de\/scrap\/?s={search_term_string}\"},\"query-input\":{\"@type\":\"PropertyValueSpecification\",\"valueRequired\":true,\"valueName\":\"search_term_string\"}}],\"inLanguage\":\"de\"},{\"@type\":\"Organization\",\"@id\":\"https:\/\/www.kleinegoehre.de\/scrap\/#organization\",\"name\":\"kleine g\u00f6hre design\",\"url\":\"https:\/\/www.kleinegoehre.de\/scrap\/\",\"logo\":{\"@type\":\"ImageObject\",\"inLanguage\":\"de\",\"@id\":\"https:\/\/www.kleinegoehre.de\/scrap\/#\/schema\/logo\/image\/\",\"url\":\"https:\/\/www.kleinegoehre.de\/scrap\/wp-content\/uploads\/2018\/06\/14859829_1423290007698523_869036772071302726_o.jpg\",\"contentUrl\":\"https:\/\/www.kleinegoehre.de\/scrap\/wp-content\/uploads\/2018\/06\/14859829_1423290007698523_869036772071302726_o.jpg\",\"width\":1181,\"height\":1181,\"caption\":\"kleine g\u00f6hre design\"},\"image\":{\"@id\":\"https:\/\/www.kleinegoehre.de\/scrap\/#\/schema\/logo\/image\/\"},\"sameAs\":[\"https:\/\/www.facebook.com\/kleinegoehredesign\/\",\"https:\/\/www.youtube.com\/channel\/UCZa4qAhMHSp7-gsPt9Hoy2w\"]}]}<\/script>\n<!-- \/ Yoast SEO plugin. -->","yoast_head_json":{"title":"Teilnahmebedingungen f\u00fcr Gewinnspiele - kleine g\u00f6hr.e design","robots":{"index":"index","follow":"follow","max-snippet":"max-snippet:-1","max-image-preview":"max-image-preview:large","max-video-preview":"max-video-preview:-1"},"canonical":"https:\/\/www.kleinegoehre.de\/scrap\/teilnahmebedingungen-fuer-gewinnspiele\/","og_locale":"de_DE","og_type":"article","og_title":"Teilnahmebedingungen f\u00fcr Gewinnspiele - kleine g\u00f6hr.e design","og_description":"Teilnahmebedingungen f\u00fcr Gewinnspiele 1.&nbsp;Veranstalter Das Gewinnspiel wird von&nbsp;kleine g\u00f6hr.e design&nbsp;veranstaltet. Es steht in keiner Verbindung zu Meta, Instagram oder anderen Plattformen, auf denen es ver\u00f6ffentlicht wird. 2.&nbsp;Teilnahmezeitraum Das Gewinnspiel l\u00e4uft im jeweils angegebenen Zeitraum. Nach Ablauf der Frist werden die Gewinner ermittelt und bekannt gegeben. 3.&nbsp;Teilnahmeberechtigung Teilnehmen k\u00f6nnen alle nat\u00fcrlichen und gesch\u00e4ftsf\u00e4higen Personen ab 18 [&hellip;]","og_url":"https:\/\/www.kleinegoehre.de\/scrap\/teilnahmebedingungen-fuer-gewinnspiele\/","og_site_name":"kleine g\u00f6hr.e design","article_publisher":"https:\/\/www.facebook.com\/kleinegoehredesign\/","article_modified_time":"2025-03-07T14:25:13+00:00","twitter_card":"summary_large_image","twitter_misc":{"Gesch\u00e4tzte Lesezeit":"2\u00a0Minuten"},"schema":{"@context":"https:\/\/schema.org","@graph":[{"@type":"WebPage","@id":"https:\/\/www.kleinegoehre.de\/scrap\/teilnahmebedingungen-fuer-gewinnspiele\/","url":"https:\/\/www.kleinegoehre.de\/scrap\/teilnahmebedingungen-fuer-gewinnspiele\/","name":"Teilnahmebedingungen f\u00fcr Gewinnspiele - kleine g\u00f6hr.e design","isPartOf":{"@id":"https:\/\/www.kleinegoehre.de\/scrap\/#website"},"datePublished":"2025-03-07T07:16:48+00:00","dateModified":"2025-03-07T14:25:13+00:00","breadcrumb":{"@id":"https:\/\/www.kleinegoehre.de\/scrap\/teilnahmebedingungen-fuer-gewinnspiele\/#breadcrumb"},"inLanguage":"de","potentialAction":[{"@type":"ReadAction","target":["https:\/\/www.kleinegoehre.de\/scrap\/teilnahmebedingungen-fuer-gewinnspiele\/"]}]},{"@type":"BreadcrumbList","@id":"https:\/\/www.kleinegoehre.de\/scrap\/teilnahmebedingungen-fuer-gewinnspiele\/#breadcrumb","itemListElement":[{"@type":"ListItem","position":1,"name":"Startseite","item":"https:\/\/www.kleinegoehre.de\/scrap\/"},{"@type":"ListItem","position":2,"name":"Teilnahmebedingungen f\u00fcr Gewinnspiele"}]},{"@type":"WebSite","@id":"https:\/\/www.kleinegoehre.de\/scrap\/#website","url":"https:\/\/www.kleinegoehre.de\/scrap\/","name":"kleine g\u00f6hr.e design","description":"In unser Shop auf kleinegoehre.de findet ihr Plotterdateien zu vielen verschiedenen Themen. Dazu bieten wir euch eine riesen Auswahl an digitalen Papieren.","publisher":{"@id":"https:\/\/www.kleinegoehre.de\/scrap\/#organization"},"potentialAction":[{"@type":"SearchAction","target":{"@type":"EntryPoint","urlTemplate":"https:\/\/www.kleinegoehre.de\/scrap\/?s={search_term_string}"},"query-input":{"@type":"PropertyValueSpecification","valueRequired":true,"valueName":"search_term_string"}}],"inLanguage":"de"},{"@type":"Organization","@id":"https:\/\/www.kleinegoehre.de\/scrap\/#organization","name":"kleine g\u00f6hre design","url":"https:\/\/www.kleinegoehre.de\/scrap\/","logo":{"@type":"ImageObject","inLanguage":"de","@id":"https:\/\/www.kleinegoehre.de\/scrap\/#\/schema\/logo\/image\/","url":"https:\/\/www.kleinegoehre.de\/scrap\/wp-content\/uploads\/2018\/06\/14859829_1423290007698523_869036772071302726_o.jpg","contentUrl":"https:\/\/www.kleinegoehre.de\/scrap\/wp-content\/uploads\/2018\/06\/14859829_1423290007698523_869036772071302726_o.jpg","width":1181,"height":1181,"caption":"kleine g\u00f6hre design"},"image":{"@id":"https:\/\/www.kleinegoehre.de\/scrap\/#\/schema\/logo\/image\/"},"sameAs":["https:\/\/www.facebook.com\/kleinegoehredesign\/","https:\/\/www.youtube.com\/channel\/UCZa4qAhMHSp7-gsPt9Hoy2w"]}]}},"_links":{"self":[{"href":"https:\/\/www.kleinegoehre.de\/scrap\/wp-json\/wp\/v2\/pages\/424742","targetHints":{"allow":["GET"]}}],"collection":[{"href":"https:\/\/www.kleinegoehre.de\/scrap\/wp-json\/wp\/v2\/pages"}],"about":[{"href":"https:\/\/www.kleinegoehre.de\/scrap\/wp-json\/wp\/v2\/types\/page"}],"author":[{"embeddable":true,"href":"https:\/\/www.kleinegoehre.de\/scrap\/wp-json\/wp\/v2\/users\/1"}],"replies":[{"embeddable":true,"href":"https:\/\/www.kleinegoehre.de\/scrap\/wp-json\/wp\/v2\/comments?post=424742"}],"version-history":[{"count":3,"href":"https:\/\/www.kleinegoehre.de\/scrap\/wp-json\/wp\/v2\/pages\/424742\/revisions"}],"predecessor-version":[{"id":425018,"href":"https:\/\/www.kleinegoehre.de\/scrap\/wp-json\/wp\/v2\/pages\/424742\/revisions\/425018"}],"wp:attachment":[{"href":"https:\/\/www.kleinegoehre.de\/scrap\/wp-json\/wp\/v2\/media?parent=424742"}],"curies":[{"name":"wp","href":"https:\/\/api.w.org\/{rel}","templated":true}]}}