{"id":271124,"date":"2022-01-16T16:31:53","date_gmt":"2022-01-16T15:31:53","guid":{"rendered":"https:\/\/www.kleinegoehre.de\/scrap\/?page_id=271124"},"modified":"2025-09-18T16:22:01","modified_gmt":"2025-09-18T14:22:01","slug":"designteam","status":"publish","type":"page","link":"https:\/\/www.kleinegoehre.de\/scrap\/designteam\/","title":{"rendered":"Designteam"},"content":{"rendered":"\n<h2>Wer sind wir, wer ist kleine g\u00f6hr.e design?<\/h2>\n<p>Hier wollen wir euch unser fantastisches Team hinter kleine g\u00f6hr.e vorstellen. Die, die kleine g\u00f6hr.e zu dem machen, was es ist. Sie helfen uns nicht nur, alle Dateien auf Herz und Nieren zu testen, sie hauchen mit ihren wundervollen Beispielen dem Ganzen erst Leben ein. Dazu kommen die vielen Ideen und nach und nach w\u00e4chst ein Set zu einem Ganzen, das perfekt aufeinander abgestimmt ist und einfach rundum passt. Wir sind von Woche zu Woche jedesmal wieder begeistert, welche wundervollen Sachen dabei entstehen und wie aus ein paar digitalen Pixeln kleine Kunstwerke mit ganz viel Liebe und Kreativit\u00e4t entstehen. Die ganzen unterschiedlichen Beispiele, die so vielen eine tolle Inspiration sind. Egal, ob mit Schere oder professionellem Plotter, ob mit Brennkolben oder Laser, mit Pinsel und Farbe oder Profidrucker, mit Nadel und Faden oder Stick- und N\u00e4hmaschine, von ganz einfach und schnell bis hin zu aufwendigen Projekten. Jeder macht so individuelle und einzigartige Sachen, genau das macht unser Team aus. F\u00fcr jeden Geschmack ist was dabei, f\u00fcr jede Bastelart \u2026 ohne sie w\u00e4re kleine goehr.e nicht kleine g\u00f6hr.e \ud83e\udd70\ud83e\udd70\ud83e\udd70 \n<br><br>\nLange Rede, kurzer Sinn \u2026 Wir hier sind kleine g\u00f6hr.e design:<\/p><br>\n\n<h1 style=\"text-align: center;\">Der kreative Kopf von kleine g\u00f6hr.e design<\/h1>\n<div class=\"dt_back\" style=\"width:590px;height:417px;background-image: url('https:\/\/www.kleinegoehre.de\/scrap\/wp-content\/uploads\/2022\/08\/Eva.jpg');position: relative\">\n    <div id=\"dt_btm\" style=\"width:170px;height:50px;position: absolute;bottom:25px;left:120px\">\n        <a href=\"https:\/\/www.instagram.com\/kleine_goehr.e\/\" target=\"_blank\" rel=\"noopener\"><img decoding=\"async\" src=\"https:\/\/www.kleinegoehre.de\/scrap\/wp-content\/uploads\/2022\/01\/insta.png\" alt=\"Instagram\" border=\"0\" style=\"margin-right:10px;\"><\/a>\n        <a href=\"https:\/\/www.facebook.com\/kleinegoehredesign\/\" target=\"_blank\" rel=\"noopener\"><img decoding=\"async\" src=\"https:\/\/www.kleinegoehre.de\/scrap\/wp-content\/uploads\/2022\/01\/fb.png\" alt=\"Facebook\" border=\"0\" style=\"margin-right:10px;\"><\/a>\n        <a href=\"https:\/\/www.kleinegoehre.de\" target=\"_blank\" rel=\"noopener\"><img decoding=\"async\" src=\"https:\/\/www.kleinegoehre.de\/scrap\/wp-content\/uploads\/2022\/01\/www.png\" border=\"0\" alt=\"Website\" style=\"margin-right:10px;\"><\/a>\n    <\/div>\n<\/div>\n<br>\n<h1 style=\"text-align: center;\">Die Technik hinter kleine g\u00f6hr.e design<\/h1>\n<div class=\"dt_back\" style=\"width:590px;height:417px;background-image: url('https:\/\/www.kleinegoehre.de\/scrap\/wp-content\/uploads\/2022\/08\/Ingmar.jpg');position: relative\">\n    <div id=\"dt_btm\" style=\"width:170px;height:50px;position: absolute;bottom:25px;left:120px\">\n        <a href=\"https:\/\/www.instagram.com\/kleine_goehr.e\/\" target=\"_blank\" rel=\"noopener\"><img decoding=\"async\" src=\"https:\/\/www.kleinegoehre.de\/scrap\/wp-content\/uploads\/2022\/01\/insta.png\" alt=\"Instagram\" border=\"0\" style=\"margin-right:10px;\"><\/a>\n        <a href=\"https:\/\/www.facebook.com\/kleinegoehredesign\/\" target=\"_blank\" rel=\"noopener\"><img decoding=\"async\" src=\"https:\/\/www.kleinegoehre.de\/scrap\/wp-content\/uploads\/2022\/01\/fb.png\" alt=\"Facebook\" border=\"0\" style=\"margin-right:10px;\"><\/a>\n        <a href=\"https:\/\/www.kleinegoehre.de\" target=\"_blank\" rel=\"noopener\"><img decoding=\"async\" src=\"https:\/\/www.kleinegoehre.de\/scrap\/wp-content\/uploads\/2022\/01\/www.png\" border=\"0\" alt=\"Website\" style=\"margin-right:10px;\"><\/a>\n    <\/div>\n<\/div>\n<br>\n<h1 style=\"text-align: center;\">Support und Assistenz von kleine g\u00f6hr.e design<\/h1>\n<div class=\"dt_back\" style=\"width:590px;height:417px;background-image: url('https:\/\/www.kleinegoehre.de\/scrap\/wp-content\/uploads\/2025\/09\/Michi-neu-neu_scaled.png');position: relative\">\n    <div id=\"dt_btm\" style=\"width:170px;height:50px;position: absolute;bottom:25px;left:120px\">\n        <a href=\"https:\/\/www.instagram.com\/kleine_goehr.e\/\" target=\"_blank\" rel=\"noopener\"><img decoding=\"async\" src=\"https:\/\/www.kleinegoehre.de\/scrap\/wp-content\/uploads\/2022\/01\/insta.png\" alt=\"Instagram\" border=\"0\" style=\"margin-right:10px;\"><\/a>\n        <a href=\"https:\/\/www.facebook.com\/kleinegoehredesign\/\" target=\"_blank\" rel=\"noopener\"><img decoding=\"async\" src=\"https:\/\/www.kleinegoehre.de\/scrap\/wp-content\/uploads\/2022\/01\/fb.png\" alt=\"Facebook\" border=\"0\" style=\"margin-right:10px;\"><\/a>\n        <a href=\"https:\/\/www.kleinegoehre.de\" target=\"_blank\" rel=\"noopener\"><img decoding=\"async\" src=\"https:\/\/www.kleinegoehre.de\/scrap\/wp-content\/uploads\/2022\/01\/www.png\" border=\"0\" alt=\"Website\" style=\"margin-right:10px;\"><\/a>\n    <\/div>\n<\/div>\n<br>\n<div class=\"dt_back\" style=\"width:590px;height:417px;background-image: url('https:\/\/www.kleinegoehre.de\/scrap\/wp-content\/uploads\/2022\/08\/Anke.jpg');position: relative\">\n    <div id=\"dt_btm\" style=\"width:170px;height:50px;position: absolute;bottom:25px;left:120px\">\n        <a href=\"https:\/\/www.instagram.com\/ankekrueger2707\/\" target=\"_blank\" rel=\"noopener\"><img decoding=\"async\" src=\"https:\/\/www.kleinegoehre.de\/scrap\/wp-content\/uploads\/2022\/01\/insta.png\" alt=\"Instagram\" border=\"0\" style=\"margin-right:10px;\"><\/a>\n        <a href=\"https:\/\/www.etsy.com\/de\/shop\/AnkeskreativeSuite\" target=\"_blank\" rel=\"noopener\"><img decoding=\"async\" src=\"https:\/\/www.kleinegoehre.de\/scrap\/wp-content\/uploads\/2022\/01\/www.png\" border=\"0\" alt=\"Website\" style=\"margin-right:10px;\"><\/a>\n    <\/div>\n<\/div>\n<br>\n<div class=\"dt_back\" style=\"width:590px;height:417px;background-image: url('https:\/\/www.kleinegoehre.de\/scrap\/wp-content\/uploads\/2025\/06\/Claudia-1.jpg');position: relative\">\n    <div id=\"dt_btm\" style=\"width:170px;height:50px;position: absolute;bottom:25px;left:120px\">\n        <a href=\"https:\/\/www.instagram.com\/claudisbastelblog_\/\" target=\"_blank\" rel=\"noopener\"><img decoding=\"async\" src=\"https:\/\/www.kleinegoehre.de\/scrap\/wp-content\/uploads\/2022\/01\/insta.png\" alt=\"Instagram\" border=\"0\" style=\"margin-right:10px;\"><\/a>\n        <a href=\"https:\/\/www.facebook.com\/profile.php?id=100011096194907&#038;mibextid=wwXIfr\" target=\"_blank\" rel=\"noopener\"><img decoding=\"async\" src=\"https:\/\/www.kleinegoehre.de\/scrap\/wp-content\/uploads\/2022\/01\/fb.png\" border=\"0\" alt=\"Website\" style=\"margin-right:10px;\"><\/a>\n    <\/div>\n<\/div>\n<br>\n<div class=\"dt_back\" style=\"width:590px;height:417px;background-image: url('https:\/\/www.kleinegoehre.de\/scrap\/wp-content\/uploads\/2022\/08\/Ilaria.jpg');position: relative\">\n    <div id=\"dt_btm\" style=\"width:170px;height:50px;position: absolute;bottom:25px;left:120px\">\n        <a href=\"https:\/\/www.instagram.com\/s_plotter_chischtli\/\" target=\"_blank\" rel=\"noopener\"><img decoding=\"async\" src=\"https:\/\/www.kleinegoehre.de\/scrap\/wp-content\/uploads\/2022\/01\/insta.png\" alt=\"Instagram\" border=\"0\" style=\"margin-right:10px;\"><\/a>\n        <a href=\"https:\/\/www.facebook.com\/PlotterChischtli\" target=\"_blank\" rel=\"noopener\"><img decoding=\"async\" src=\"https:\/\/www.kleinegoehre.de\/scrap\/wp-content\/uploads\/2022\/01\/fb.png\" alt=\"Facebook\" border=\"0\" style=\"margin-right:10px;\"><\/a>\n     <\/div>\n<\/div>\n<br>\n<div class=\"dt_back\" style=\"width:590px;height:417px;background-image: url('https:\/\/www.kleinegoehre.de\/scrap\/wp-content\/uploads\/2022\/08\/Isa.jpg');position: relative\">\n    <div id=\"dt_btm\" style=\"width:170px;height:50px;position: absolute;bottom:25px;left:120px\">\n         <a href=\"https:\/\/www.instagram.com\/isaBisi80\" target=\"_blank\" rel=\"noopener\"><img decoding=\"async\" src=\"https:\/\/www.kleinegoehre.de\/scrap\/wp-content\/uploads\/2022\/01\/insta.png\" alt=\"Instagram\" border=\"0\" style=\"margin-right:10px;\"><\/a>\n    <\/div>\n<\/div>\n<br>\n<div class=\"dt_back\" style=\"width:590px;height:417px;background-image: url('https:\/\/www.kleinegoehre.de\/scrap\/wp-content\/uploads\/2022\/08\/Iva.jpg');position: relative\">\n    <div id=\"dt_btm\" style=\"width:170px;height:50px;position: absolute;bottom:25px;left:120px\">\n        <a href=\"https:\/\/www.instagram.com\/dashaeuschen.iva.ganster\/\" target=\"_blank\" rel=\"noopener\"><img decoding=\"async\" src=\"https:\/\/www.kleinegoehre.de\/scrap\/wp-content\/uploads\/2022\/01\/insta.png\" alt=\"Instagram\" border=\"0\" style=\"margin-right:10px;\"><\/a>\n        <a href=\"https:\/\/www.facebook.com\/dasHaeuschen.Iva.Ganster\" target=\"_blank\" rel=\"noopener\"><img decoding=\"async\" src=\"https:\/\/www.kleinegoehre.de\/scrap\/wp-content\/uploads\/2022\/01\/fb.png\" alt=\"Facebook\" border=\"0\" style=\"margin-right:10px;\"><\/a>\n    <\/div>\n<\/div>\n<br>\n<div class=\"dt_back\" style=\"width:590px;height:417px;background-image: url('https:\/\/www.kleinegoehre.de\/scrap\/wp-content\/uploads\/2022\/08\/Janet.jpg');position: relative\">\n    <div id=\"dt_btm\" style=\"width:170px;height:50px;position: absolute;bottom:25px;left:120px\">\n        <a href=\"https:\/\/www.instagram.com\/jamaswelt\" target=\"_blank\" rel=\"noopener\"><img decoding=\"async\" src=\"https:\/\/www.kleinegoehre.de\/scrap\/wp-content\/uploads\/2022\/01\/insta.png\" alt=\"Instagram\" border=\"0\" style=\"margin-right:10px;\"><\/a>\n    <\/div>\n<\/div>\n<br>\n<div class=\"dt_back\" style=\"width:590px;height:417px;background-image: url('https:\/\/www.kleinegoehre.de\/scrap\/wp-content\/uploads\/2022\/08\/Katharina.jpg');position: relative\">\n    <div id=\"dt_btm\" style=\"width:170px;height:50px;position: absolute;bottom:25px;left:120px\">\n        <a href=\"https:\/\/www.facebook.com\/fleimaxx\" target=\"_blank\" rel=\"noopener\"><img decoding=\"async\" src=\"https:\/\/www.kleinegoehre.de\/scrap\/wp-content\/uploads\/2022\/01\/fb.png\" alt=\"Facebook\" border=\"0\" style=\"margin-right:10px;\"><\/a>\n    <\/div>\n<\/div>\n<br>\n<div class=\"dt_back\" style=\"width:590px;height:417px;background-image: url('https:\/\/www.kleinegoehre.de\/scrap\/wp-content\/uploads\/2022\/08\/Maren.jpg');position: relative\">\n    <div id=\"dt_btm\" style=\"width:170px;height:50px;position: absolute;bottom:25px;left:120px\">\n    <\/div>\n<\/div>\n<br>\n<div class=\"dt_back\" style=\"width:590px;height:417px;background-image: url('https:\/\/www.kleinegoehre.de\/scrap\/wp-content\/uploads\/2025\/06\/Michi-neu-1.jpg');position: relative\">\n    <div id=\"dt_btm\" style=\"width:170px;height:50px;position: absolute;bottom:25px;left:120px\">\n        <a href=\"https:\/\/www.instagram.com\/michis_bastelharmonie\/\" target=\"_blank\" rel=\"noopener\"><img decoding=\"async\" src=\"https:\/\/www.kleinegoehre.de\/scrap\/wp-content\/uploads\/2022\/01\/insta.png\" alt=\"Instagram\" border=\"0\" style=\"margin-right:10px;\"><\/a>\n        <a href=\"https:\/\/www.facebook.com\/MichisBastelharmonie\/\" target=\"_blank\" rel=\"noopener\"><img decoding=\"async\" src=\"https:\/\/www.kleinegoehre.de\/scrap\/wp-content\/uploads\/2022\/01\/fb.png\" alt=\"Facebook\" border=\"0\" style=\"margin-right:10px;\"><\/a>\n        <a href=\"https:\/\/www.facebook.com\/MichisBastelharmonie\/\" target=\"_blank\" rel=\"noopener\"><img decoding=\"async\" src=\"https:\/\/www.kleinegoehre.de\/scrap\/wp-content\/uploads\/2022\/01\/www.png\" border=\"0\" alt=\"Website\" style=\"margin-right:10px;\"><\/a>\n    <\/div>\n<\/div>\n<br>\n<div class=\"dt_back\" style=\"width:590px;height:417px;background-image: url('https:\/\/www.kleinegoehre.de\/scrap\/wp-content\/uploads\/2022\/08\/Steffi.jpg');position: relative\">\n    <div id=\"dt_btm\" style=\"width:170px;height:50px;position: absolute;bottom:25px;left:120px\">\n        <a href=\"https:\/\/www.instagram.com\/manufaktur_kostbar\/\" target=\"_blank\" rel=\"noopener\"><img decoding=\"async\" src=\"https:\/\/www.kleinegoehre.de\/scrap\/wp-content\/uploads\/2022\/01\/insta.png\" alt=\"Instagram\" border=\"0\" style=\"margin-right:10px;\"><\/a>\n        <a href=\"https:\/\/www.facebook.com\/manufakturkostbar\" target=\"_blank\" rel=\"noopener\"><img decoding=\"async\" src=\"https:\/\/www.kleinegoehre.de\/scrap\/wp-content\/uploads\/2022\/01\/fb.png\" alt=\"Facebook\" border=\"0\" style=\"margin-right:10px;\"><\/a>\n        <a href=\"https:\/\/www.manufaktur-kostbar.de\" target=\"_blank\" rel=\"noopener\"><img decoding=\"async\" src=\"https:\/\/www.kleinegoehre.de\/scrap\/wp-content\/uploads\/2022\/01\/www.png\" border=\"0\" alt=\"Website\" style=\"margin-right:10px;\"><\/a>\n<\/div>\t \n<\/div>\t \n<br>\n<div class=\"dt_back\" style=\"width:590px;height:417px;background-image: url('https:\/\/www.kleinegoehre.de\/scrap\/wp-content\/uploads\/2022\/08\/Steffi3.jpg');position: relative\">\n    <div id=\"dt_btm\" style=\"width:170px;height:50px;position: absolute;bottom:25px;left:120px\">\n        <a href=\"https:\/\/www.facebook.com\/profile.php?id=100063084256442\" target=\"_blank\" rel=\"noopener\"><img decoding=\"async\" src=\"https:\/\/www.kleinegoehre.de\/scrap\/wp-content\/uploads\/2022\/01\/fb.png\" alt=\"Facebook\" border=\"0\" style=\"margin-right:10px;\"><\/a>\n    <\/div>\n<\/div>\n<br>\n\n<\/div>\n\n\n\n<p><\/p>\n","protected":false},"excerpt":{"rendered":"<p>Wer sind wir, wer ist kleine g\u00f6hr.e design? Hier wollen wir euch unser fantastisches Team hinter kleine g\u00f6hr.e vorstellen. Die, die kleine g\u00f6hr.e zu dem machen, was es ist. Sie helfen uns nicht nur, alle Dateien auf Herz und Nieren zu testen, sie hauchen mit ihren wundervollen Beispielen dem Ganzen erst Leben ein. Dazu kommen [&hellip;]<\/p>\n","protected":false},"author":1,"featured_media":0,"parent":0,"menu_order":0,"comment_status":"closed","ping_status":"closed","template":"","meta":{"footnotes":""},"class_list":["post-271124","page","type-page","status-publish","hentry"],"yoast_head":"<!-- This site is optimized with the Yoast SEO plugin v26.4 - https:\/\/yoast.com\/wordpress\/plugins\/seo\/ -->\n<title>Designteam - kleine g\u00f6hr.e design<\/title>\n<meta name=\"robots\" content=\"index, follow, max-snippet:-1, max-image-preview:large, max-video-preview:-1\" \/>\n<link rel=\"canonical\" href=\"https:\/\/www.kleinegoehre.de\/scrap\/designteam\/\" \/>\n<meta property=\"og:locale\" content=\"de_DE\" \/>\n<meta property=\"og:type\" content=\"article\" \/>\n<meta property=\"og:title\" content=\"Designteam - kleine g\u00f6hr.e design\" \/>\n<meta property=\"og:description\" content=\"Wer sind wir, wer ist kleine g\u00f6hr.e design? Hier wollen wir euch unser fantastisches Team hinter kleine g\u00f6hr.e vorstellen. Die, die kleine g\u00f6hr.e zu dem machen, was es ist. Sie helfen uns nicht nur, alle Dateien auf Herz und Nieren zu testen, sie hauchen mit ihren wundervollen Beispielen dem Ganzen erst Leben ein. Dazu kommen [&hellip;]\" \/>\n<meta property=\"og:url\" content=\"https:\/\/www.kleinegoehre.de\/scrap\/designteam\/\" \/>\n<meta property=\"og:site_name\" content=\"kleine g\u00f6hr.e design\" \/>\n<meta property=\"article:publisher\" content=\"https:\/\/www.facebook.com\/kleinegoehredesign\/\" \/>\n<meta property=\"article:modified_time\" content=\"2025-09-18T14:22:01+00:00\" \/>\n<meta property=\"og:image\" content=\"https:\/\/www.kleinegoehre.de\/scrap\/wp-content\/uploads\/2022\/01\/insta.png\" \/>\n<meta name=\"twitter:card\" content=\"summary_large_image\" \/>\n<meta name=\"twitter:label1\" content=\"Gesch\u00e4tzte Lesezeit\" \/>\n\t<meta name=\"twitter:data1\" content=\"7\u00a0Minuten\" \/>\n<script type=\"application\/ld+json\" class=\"yoast-schema-graph\">{\"@context\":\"https:\/\/schema.org\",\"@graph\":[{\"@type\":\"WebPage\",\"@id\":\"https:\/\/www.kleinegoehre.de\/scrap\/designteam\/\",\"url\":\"https:\/\/www.kleinegoehre.de\/scrap\/designteam\/\",\"name\":\"Designteam - kleine g\u00f6hr.e design\",\"isPartOf\":{\"@id\":\"https:\/\/www.kleinegoehre.de\/scrap\/#website\"},\"primaryImageOfPage\":{\"@id\":\"https:\/\/www.kleinegoehre.de\/scrap\/designteam\/#primaryimage\"},\"image\":{\"@id\":\"https:\/\/www.kleinegoehre.de\/scrap\/designteam\/#primaryimage\"},\"thumbnailUrl\":\"https:\/\/www.kleinegoehre.de\/scrap\/wp-content\/uploads\/2022\/01\/insta.png\",\"datePublished\":\"2022-01-16T15:31:53+00:00\",\"dateModified\":\"2025-09-18T14:22:01+00:00\",\"breadcrumb\":{\"@id\":\"https:\/\/www.kleinegoehre.de\/scrap\/designteam\/#breadcrumb\"},\"inLanguage\":\"de\",\"potentialAction\":[{\"@type\":\"ReadAction\",\"target\":[\"https:\/\/www.kleinegoehre.de\/scrap\/designteam\/\"]}]},{\"@type\":\"ImageObject\",\"inLanguage\":\"de\",\"@id\":\"https:\/\/www.kleinegoehre.de\/scrap\/designteam\/#primaryimage\",\"url\":\"https:\/\/www.kleinegoehre.de\/scrap\/wp-content\/uploads\/2022\/01\/insta.png\",\"contentUrl\":\"https:\/\/www.kleinegoehre.de\/scrap\/wp-content\/uploads\/2022\/01\/insta.png\",\"width\":40,\"height\":40},{\"@type\":\"BreadcrumbList\",\"@id\":\"https:\/\/www.kleinegoehre.de\/scrap\/designteam\/#breadcrumb\",\"itemListElement\":[{\"@type\":\"ListItem\",\"position\":1,\"name\":\"Startseite\",\"item\":\"https:\/\/www.kleinegoehre.de\/scrap\/\"},{\"@type\":\"ListItem\",\"position\":2,\"name\":\"Designteam\"}]},{\"@type\":\"WebSite\",\"@id\":\"https:\/\/www.kleinegoehre.de\/scrap\/#website\",\"url\":\"https:\/\/www.kleinegoehre.de\/scrap\/\",\"name\":\"kleine g\u00f6hr.e design\",\"description\":\"In unser Shop auf kleinegoehre.de findet ihr Plotterdateien zu vielen verschiedenen Themen. Dazu bieten wir euch eine riesen Auswahl an digitalen Papieren.\",\"publisher\":{\"@id\":\"https:\/\/www.kleinegoehre.de\/scrap\/#organization\"},\"potentialAction\":[{\"@type\":\"SearchAction\",\"target\":{\"@type\":\"EntryPoint\",\"urlTemplate\":\"https:\/\/www.kleinegoehre.de\/scrap\/?s={search_term_string}\"},\"query-input\":{\"@type\":\"PropertyValueSpecification\",\"valueRequired\":true,\"valueName\":\"search_term_string\"}}],\"inLanguage\":\"de\"},{\"@type\":\"Organization\",\"@id\":\"https:\/\/www.kleinegoehre.de\/scrap\/#organization\",\"name\":\"kleine g\u00f6hre design\",\"url\":\"https:\/\/www.kleinegoehre.de\/scrap\/\",\"logo\":{\"@type\":\"ImageObject\",\"inLanguage\":\"de\",\"@id\":\"https:\/\/www.kleinegoehre.de\/scrap\/#\/schema\/logo\/image\/\",\"url\":\"https:\/\/www.kleinegoehre.de\/scrap\/wp-content\/uploads\/2018\/06\/14859829_1423290007698523_869036772071302726_o.jpg\",\"contentUrl\":\"https:\/\/www.kleinegoehre.de\/scrap\/wp-content\/uploads\/2018\/06\/14859829_1423290007698523_869036772071302726_o.jpg\",\"width\":1181,\"height\":1181,\"caption\":\"kleine g\u00f6hre design\"},\"image\":{\"@id\":\"https:\/\/www.kleinegoehre.de\/scrap\/#\/schema\/logo\/image\/\"},\"sameAs\":[\"https:\/\/www.facebook.com\/kleinegoehredesign\/\",\"https:\/\/www.youtube.com\/channel\/UCZa4qAhMHSp7-gsPt9Hoy2w\"]}]}<\/script>\n<!-- \/ Yoast SEO plugin. -->","yoast_head_json":{"title":"Designteam - kleine g\u00f6hr.e design","robots":{"index":"index","follow":"follow","max-snippet":"max-snippet:-1","max-image-preview":"max-image-preview:large","max-video-preview":"max-video-preview:-1"},"canonical":"https:\/\/www.kleinegoehre.de\/scrap\/designteam\/","og_locale":"de_DE","og_type":"article","og_title":"Designteam - kleine g\u00f6hr.e design","og_description":"Wer sind wir, wer ist kleine g\u00f6hr.e design? Hier wollen wir euch unser fantastisches Team hinter kleine g\u00f6hr.e vorstellen. Die, die kleine g\u00f6hr.e zu dem machen, was es ist. Sie helfen uns nicht nur, alle Dateien auf Herz und Nieren zu testen, sie hauchen mit ihren wundervollen Beispielen dem Ganzen erst Leben ein. Dazu kommen [&hellip;]","og_url":"https:\/\/www.kleinegoehre.de\/scrap\/designteam\/","og_site_name":"kleine g\u00f6hr.e design","article_publisher":"https:\/\/www.facebook.com\/kleinegoehredesign\/","article_modified_time":"2025-09-18T14:22:01+00:00","og_image":[{"url":"https:\/\/www.kleinegoehre.de\/scrap\/wp-content\/uploads\/2022\/01\/insta.png","type":"","width":"","height":""}],"twitter_card":"summary_large_image","twitter_misc":{"Gesch\u00e4tzte Lesezeit":"7\u00a0Minuten"},"schema":{"@context":"https:\/\/schema.org","@graph":[{"@type":"WebPage","@id":"https:\/\/www.kleinegoehre.de\/scrap\/designteam\/","url":"https:\/\/www.kleinegoehre.de\/scrap\/designteam\/","name":"Designteam - kleine g\u00f6hr.e design","isPartOf":{"@id":"https:\/\/www.kleinegoehre.de\/scrap\/#website"},"primaryImageOfPage":{"@id":"https:\/\/www.kleinegoehre.de\/scrap\/designteam\/#primaryimage"},"image":{"@id":"https:\/\/www.kleinegoehre.de\/scrap\/designteam\/#primaryimage"},"thumbnailUrl":"https:\/\/www.kleinegoehre.de\/scrap\/wp-content\/uploads\/2022\/01\/insta.png","datePublished":"2022-01-16T15:31:53+00:00","dateModified":"2025-09-18T14:22:01+00:00","breadcrumb":{"@id":"https:\/\/www.kleinegoehre.de\/scrap\/designteam\/#breadcrumb"},"inLanguage":"de","potentialAction":[{"@type":"ReadAction","target":["https:\/\/www.kleinegoehre.de\/scrap\/designteam\/"]}]},{"@type":"ImageObject","inLanguage":"de","@id":"https:\/\/www.kleinegoehre.de\/scrap\/designteam\/#primaryimage","url":"https:\/\/www.kleinegoehre.de\/scrap\/wp-content\/uploads\/2022\/01\/insta.png","contentUrl":"https:\/\/www.kleinegoehre.de\/scrap\/wp-content\/uploads\/2022\/01\/insta.png","width":40,"height":40},{"@type":"BreadcrumbList","@id":"https:\/\/www.kleinegoehre.de\/scrap\/designteam\/#breadcrumb","itemListElement":[{"@type":"ListItem","position":1,"name":"Startseite","item":"https:\/\/www.kleinegoehre.de\/scrap\/"},{"@type":"ListItem","position":2,"name":"Designteam"}]},{"@type":"WebSite","@id":"https:\/\/www.kleinegoehre.de\/scrap\/#website","url":"https:\/\/www.kleinegoehre.de\/scrap\/","name":"kleine g\u00f6hr.e design","description":"In unser Shop auf kleinegoehre.de findet ihr Plotterdateien zu vielen verschiedenen Themen. Dazu bieten wir euch eine riesen Auswahl an digitalen Papieren.","publisher":{"@id":"https:\/\/www.kleinegoehre.de\/scrap\/#organization"},"potentialAction":[{"@type":"SearchAction","target":{"@type":"EntryPoint","urlTemplate":"https:\/\/www.kleinegoehre.de\/scrap\/?s={search_term_string}"},"query-input":{"@type":"PropertyValueSpecification","valueRequired":true,"valueName":"search_term_string"}}],"inLanguage":"de"},{"@type":"Organization","@id":"https:\/\/www.kleinegoehre.de\/scrap\/#organization","name":"kleine g\u00f6hre design","url":"https:\/\/www.kleinegoehre.de\/scrap\/","logo":{"@type":"ImageObject","inLanguage":"de","@id":"https:\/\/www.kleinegoehre.de\/scrap\/#\/schema\/logo\/image\/","url":"https:\/\/www.kleinegoehre.de\/scrap\/wp-content\/uploads\/2018\/06\/14859829_1423290007698523_869036772071302726_o.jpg","contentUrl":"https:\/\/www.kleinegoehre.de\/scrap\/wp-content\/uploads\/2018\/06\/14859829_1423290007698523_869036772071302726_o.jpg","width":1181,"height":1181,"caption":"kleine g\u00f6hre design"},"image":{"@id":"https:\/\/www.kleinegoehre.de\/scrap\/#\/schema\/logo\/image\/"},"sameAs":["https:\/\/www.facebook.com\/kleinegoehredesign\/","https:\/\/www.youtube.com\/channel\/UCZa4qAhMHSp7-gsPt9Hoy2w"]}]}},"_links":{"self":[{"href":"https:\/\/www.kleinegoehre.de\/scrap\/wp-json\/wp\/v2\/pages\/271124","targetHints":{"allow":["GET"]}}],"collection":[{"href":"https:\/\/www.kleinegoehre.de\/scrap\/wp-json\/wp\/v2\/pages"}],"about":[{"href":"https:\/\/www.kleinegoehre.de\/scrap\/wp-json\/wp\/v2\/types\/page"}],"author":[{"embeddable":true,"href":"https:\/\/www.kleinegoehre.de\/scrap\/wp-json\/wp\/v2\/users\/1"}],"replies":[{"embeddable":true,"href":"https:\/\/www.kleinegoehre.de\/scrap\/wp-json\/wp\/v2\/comments?post=271124"}],"version-history":[{"count":68,"href":"https:\/\/www.kleinegoehre.de\/scrap\/wp-json\/wp\/v2\/pages\/271124\/revisions"}],"predecessor-version":[{"id":451703,"href":"https:\/\/www.kleinegoehre.de\/scrap\/wp-json\/wp\/v2\/pages\/271124\/revisions\/451703"}],"wp:attachment":[{"href":"https:\/\/www.kleinegoehre.de\/scrap\/wp-json\/wp\/v2\/media?parent=271124"}],"curies":[{"name":"wp","href":"https:\/\/api.w.org\/{rel}","templated":true}]}}